{"id":65579,"date":"1950-06-02T15:00:43","date_gmt":"1950-06-02T15:00:43","guid":{"rendered":"https:\/\/nivelsystem.com\/?post_type=product&#038;p=65579"},"modified":"2025-09-18T10:12:43","modified_gmt":"2025-09-18T10:12:43","slug":"nl-br500","status":"publish","type":"product","link":"https:\/\/nivelsystem.com\/sk\/produkt\/nl-br500\/","title":{"rendered":"Dr\u017eiak pre laserov\u00fd senzor NL-BR500"},"content":{"rendered":"<h2 class=\"description-1__title\">Nivel System NL-BR500<\/h2>\n<div class=\"description-1__content cms\">\n<div class=\"text-justify\">\n<p><strong>DR\u017dIAK LASEROV\u00c9HO SENZORA (NL-BR500):<\/strong><\/p>\n<ul>\n<li>Dr\u017eiak ur\u010den\u00fd pre laserov\u00e9 senzory (<a href=\"https:\/\/nivelsystem.com\/sk\/produkt\/rd500r-digital\/\">RD500R<\/a>\/<a href=\"https:\/\/nivelsystem.com\/sk\/produkt\/rd500g-digital\/\">RD500G Digital)<\/a><\/li>\n<\/ul>\n<\/div>\n<\/div>\n","protected":false},"excerpt":{"rendered":"<div class=\"woocommerce-product-details__short-description\">\n<ul>\n<li><strong>Robustn\u00e1 kon\u0161trukcia<\/strong><\/li>\n<li><strong>Dr\u017eiak prij\u00edma\u010dov rady<\/strong> RD500R\/RD500G Digital<\/li>\n<\/ul>\n<\/div>\n","protected":false},"featured_media":116735,"template":"","meta":{"_acf_changed":false},"product_brand":[],"product_cat":[290],"product_tag":[],"branze":[],"class_list":{"0":"post-65579","1":"product","2":"type-product","3":"status-publish","4":"has-post-thumbnail","6":"product_cat-laserove-snimace-a-drziaky","8":"first","9":"instock","10":"shipping-taxable","11":"product-type-simple"},"acf":[],"_links":{"self":[{"href":"https:\/\/nivelsystem.com\/sk\/wp-json\/wp\/v2\/product\/65579","targetHints":{"allow":["GET"]}}],"collection":[{"href":"https:\/\/nivelsystem.com\/sk\/wp-json\/wp\/v2\/product"}],"about":[{"href":"https:\/\/nivelsystem.com\/sk\/wp-json\/wp\/v2\/types\/product"}],"version-history":[{"count":1,"href":"https:\/\/nivelsystem.com\/sk\/wp-json\/wp\/v2\/product\/65579\/revisions"}],"predecessor-version":[{"id":116759,"href":"https:\/\/nivelsystem.com\/sk\/wp-json\/wp\/v2\/product\/65579\/revisions\/116759"}],"wp:featuredmedia":[{"embeddable":true,"href":"https:\/\/nivelsystem.com\/sk\/wp-json\/wp\/v2\/media\/116735"}],"wp:attachment":[{"href":"https:\/\/nivelsystem.com\/sk\/wp-json\/wp\/v2\/media?parent=65579"}],"wp:term":[{"taxonomy":"product_brand","embeddable":true,"href":"https:\/\/nivelsystem.com\/sk\/wp-json\/wp\/v2\/product_brand?post=65579"},{"taxonomy":"product_cat","embeddable":true,"href":"https:\/\/nivelsystem.com\/sk\/wp-json\/wp\/v2\/product_cat?post=65579"},{"taxonomy":"product_tag","embeddable":true,"href":"https:\/\/nivelsystem.com\/sk\/wp-json\/wp\/v2\/product_tag?post=65579"},{"taxonomy":"branze","embeddable":true,"href":"https:\/\/nivelsystem.com\/sk\/wp-json\/wp\/v2\/branze?post=65579"}],"curies":[{"name":"wp","href":"https:\/\/api.w.org\/{rel}","templated":true}]}}