{"id":46230,"date":"2020-06-12T15:00:38","date_gmt":"2020-06-12T15:00:38","guid":{"rendered":"https:\/\/nivelsystem.com\/?post_type=product&#038;p=46230"},"modified":"2025-03-24T10:39:28","modified_gmt":"2025-03-24T10:39:28","slug":"cl1g-2","status":"publish","type":"product","link":"https:\/\/nivelsystem.com\/sk\/produkt\/cl1g-2\/","title":{"rendered":"Rovinn\u00fd laser CL1G"},"content":{"rendered":"<h2>Jednoplo\u0161n\u00fd laser <strong>CL1G<\/strong> m\u00e1 jednu 360\u00b0 laserov\u00fa hlavu<\/h2>\n<p>Zariadenie vyzna\u010d\u00ed na povrchu dokonale vyrovnan\u00fa referen\u010dn\u00fa \u010diaru (vodorovn\u00fa). Laser je ur\u010den\u00fd na klasick\u00fa nivel\u00e1ciu, na horizont\u00e1lnu pr\u00e1cuZamykanie kompenz\u00e1tora umo\u017e\u0148uje nakloni\u0165 pr\u00edstroj a pou\u017e\u00edva\u0165 \u0161ikm\u00e9 \u010diary. Zabudovan\u00fd stat\u00edvov\u00fd z\u00e1vit umo\u017e\u0148uje bezpe\u010dn\u00e9 a stabiln\u00e9 upevnenie pr\u00edstroja na laserov\u00fa policu, stat\u00edv alebo adapt\u00e9r. Zosilnen\u00e9 komponenty krytu chr\u00e1nia laser pred n\u00e1razmi a otrasmi.<\/p>\n<ul>\n<li><strong>presnos\u0165 a spo\u013eahlivos\u0165<\/strong> &#8211;\u00a0 &#8211; jasne vidite\u013en\u00fd \u010derven\u00fd laserov\u00fd l\u00fa\u010d, zariadenie umo\u017e\u0148uje pr\u00e1cu s presnos\u0165ou \u00b12 mm\/10 m<\/li>\n<li><strong>v\u0161estrannos\u0165<\/strong> \u2013 1 laserova rovina (360\u00b0), ovl\u00e1danie stavebn\u00fdch pr\u00e1c v rozsahu dvoch os\u00ed, spodn\u00fd laserov\u00fd l\u00fa\u010d u\u017e na \u00farovni 19 mm umo\u017e\u0148uje vyrovn\u00e1vanie podl\u00e1h, polo\u017eenie dla\u017eby<\/li>\n<li><strong>digit\u00e1lne indik\u00e1cie \u2013 schopnos\u0165 pracova\u0165 s prij\u00edma\u010dom RD800 DIGITAL, na ktorom je v\u00fd\u0161kov\u00fd rozdiel prezentovan\u00fd v milimetroch <\/strong><\/li>\n<li><strong>r\u00fdchle vyrovn\u00e1vanie<\/strong> \u2013\u00a0 modern\u00fd syst\u00e9m\u00a0 kompenz\u00e1cie magnetick\u00fdch vibr\u00e1ci\u00ed zais\u0165uje r\u00fdchlu pr\u00edpravu pr\u00edstroja na prev\u00e1dzku, laser stabilne ur\u010duje l\u00fa\u010d aj na nestabilnej z\u00e1kladni a po uzamknut\u00ed v\u00e1m umo\u017e\u0148uje pracova\u0165 so sklonmi<\/li>\n<li><strong>e\u0161te v\u00e4\u010d\u0161\u00ed dosah<\/strong> \u2013 pulzn\u00e1 funkcia umo\u017e\u0148uje pracova\u0165 s laserov\u00fdm prij\u00edma\u010dom mimo budov na dlh\u00e9 vzdialenosti (pracovn\u00fd priemer 140m)<\/li>\n<li><strong>intuit\u00edvne ovl\u00e1danie<\/strong> \u2013 jednoduch\u00fd a r\u00fdchly ovl\u00e1dac\u00ed panel s aplik\u00e1ciou pre mobiln\u00e9 zariadenia (Bluetooth)<\/li>\n<li><strong>laserov\u00fd adapt\u00e9r<\/strong> \u2013 bezpe\u010dn\u00e9 upevnenie aj v n\u00e1ro\u010dn\u00fdch podmienkach na stavenisku, navy\u0161e mo\u017enos\u0165 nastavenia v\u00fd\u0161ky<\/li>\n<li><strong>efekt\u00edvne nap\u00e1janie<\/strong> \u2013 akumulator Li-ion (4000mAh) bez pam\u00e4\u0165ov\u00e9ho efektu, mo\u017enos\u0165 nab\u00edjania po\u010das prev\u00e1dzky<\/li>\n<li><strong>odoln\u00fd vo\u010di po\u0161kodeniu, odoln\u00e9 vybavenie<\/strong> \u2013 vystu\u017een\u00fd kovov\u00fdm krytom, kovov\u00e9 kryty laserov\u00fdch hl\u00e1v, gumov\u00e9 rohy tlmiace a chr\u00e1niace laser pred po\u0161koden\u00edm a n\u00e1razmi, odolnos\u0165 vo\u010di prachu a vode (IP54)<\/li>\n<\/ul>\n<h2><strong>Jednoduch\u00e9 a r\u00fdchle merania<\/strong><\/h2>\n<p>Po\u00a0 zapnut\u00ed\u00a0 sa laser CL1G automaticky vyrovn\u00e1 a je\u00a0 okam\u017eite pripraven\u00fd na pr\u00e1cu. Generovan\u00fd zelen\u00fd laserov\u00fd\u00a0 l\u00fa\u010d je 4-kr\u00e1t vidite\u013enej\u0161\u00ed ako \u010derven\u00fd l\u00fa\u010d a ten\u0161\u00ed v porovnan\u00ed so zelen\u00fdm l\u00fa\u010dom.<\/p>\n<h2><strong>Univerz\u00e1lna aplik\u00e1cia<\/strong><\/h2>\n<p>Zariadenie umo\u017e\u0148uje prev\u00e1dzku s horizont\u00e1lnym l\u00fa\u010dom.<\/p>\n<h2><strong>Spo\u013eahlivos\u0165 na stavenisku<\/strong><\/h2>\n<p>Pr\u00edstroj je odoln\u00fd vo\u010di prachu a vode (IP54). Telo lasera je vystu\u017een\u00e9 kovov\u00fdmi prvkami. \u00a0V\u010faka \u010domu je vhodn\u00fd do drsn\u00fdch podmienok na stavenisku.<\/p>\n<h2><strong>Intuit\u00edvne ovl\u00e1danie<\/strong><\/h2>\n<p>CL1G m\u00e1 intuit\u00edvny ovl\u00e1dac\u00ed panel. Riadenie funkci\u00ed sa vykon\u00e1va r\u00fdchlo a efekt\u00edvne. V\u010faka zabudovan\u00e9mu modulu Bluetooth a aplik\u00e1cii je mo\u017en\u00e9 \u00a0dia\u013ekovo ovl\u00e1da\u0165 funkcie laseru.<\/p>\n<h1>Pohodln\u00e9 pou\u017e\u00edvanie<\/h1>\n<p>CL1G m\u00e1 intuit\u00edvny ovl\u00e1dac\u00ed panel. Obsluha funkci\u00ed vr\u00e1tane presn\u00e9ho nastavenia l\u00fa\u010da je efekt\u00edvna a \u00fa\u010dinn\u00e1. V\u010faka modulu Bluetooth m\u00f4\u017ee pou\u017e\u00edvate\u013e ovl\u00e1da\u0165 funkcie lasera pomocou mobiln\u00fdch zariaden\u00ed. V\u010faka \u0161ikovn\u00e9mu prepravn\u00e9mu kufr\u00edku a \u0161tandardnej v\u00fdbave je laser ve\u013emi efekt\u00edvny, \u013eahko sa pren\u00e1\u0161a a in\u0161taluje v ter\u00e9ne.<\/p>\n<h2>Stiahnite si APP<\/h2>\n<p><a href=\"https:\/\/play.google.com\/store\/apps\/details?id=com.pairlink.futian.cl4d&amp;hl=pl&amp;gl=US\" target=\"_blank\" rel=\"noopener\"><img decoding=\"async\" class=\"alignnone wp-image-32587\" src=\"https:\/\/nivelsystem.com\/wp-content\/uploads\/2020\/06\/GP_button-300x97.jpg\" alt=\"\" width=\"100\" height=\"32\" title=\"\" srcset=\"https:\/\/nivelsystem.com\/wp-content\/uploads\/2020\/06\/GP_button-300x97.jpg 300w, https:\/\/nivelsystem.com\/wp-content\/uploads\/2020\/06\/GP_button-768x248.jpg 768w, https:\/\/nivelsystem.com\/wp-content\/uploads\/2020\/06\/GP_button-150x49.jpg 150w, https:\/\/nivelsystem.com\/wp-content\/uploads\/2020\/06\/GP_button.jpg 986w\" sizes=\"(max-width: 100px) 100vw, 100px\" \/><\/a> <a href=\"https:\/\/apps.apple.com\/pl\/app\/cl4d\/id1550265610?l=pl\" target=\"_blank\" rel=\"noopener\"><img decoding=\"async\" class=\"alignnone wp-image-32583\" src=\"https:\/\/nivelsystem.com\/wp-content\/uploads\/2020\/06\/Apple_button-300x97.jpg\" alt=\"\" width=\"100\" height=\"32\" title=\"\" srcset=\"https:\/\/nivelsystem.com\/wp-content\/uploads\/2020\/06\/Apple_button-300x97.jpg 300w, https:\/\/nivelsystem.com\/wp-content\/uploads\/2020\/06\/Apple_button-768x248.jpg 768w, https:\/\/nivelsystem.com\/wp-content\/uploads\/2020\/06\/Apple_button-150x48.jpg 150w, https:\/\/nivelsystem.com\/wp-content\/uploads\/2020\/06\/Apple_button.jpg 989w\" sizes=\"(max-width: 100px) 100vw, 100px\" \/><\/a><\/p>\n<h2>Navrhnut\u00e9 v Eur\u00f3pe<\/h2>\n<p><a href=\"https:\/\/nivelsystem.com\/sk\/novinky\/navrhnuty-v-europe\/\"><img decoding=\"async\" class=\"alignleft wp-image-42662\" src=\"https:\/\/nivelsystem.com\/wp-content\/uploads\/2020\/06\/logo_EU_projecy-300x192.png\" alt=\"\" width=\"156\" height=\"100\" title=\"\" srcset=\"https:\/\/nivelsystem.com\/wp-content\/uploads\/2020\/06\/logo_EU_projecy-300x192.png 300w, https:\/\/nivelsystem.com\/wp-content\/uploads\/2020\/06\/logo_EU_projecy-150x96.png 150w, https:\/\/nivelsystem.com\/wp-content\/uploads\/2020\/06\/logo_EU_projecy.png 364w\" sizes=\"(max-width: 156px) 100vw, 156px\" \/><\/a><\/p>\n<p><strong>Najcennej\u0161ia sk\u00fasenos\u0165 &#8211; myslenie mimo r\u00e1mca!<\/strong><\/p>\n<p>Najnov\u0161ia s\u00e9ria kr\u00ed\u017eov\u00fdch laserov CL 1\/2\/3\/4 a rota\u010dn\u00fdch laserov NL700 boli vyvinut\u00e9 a navrhnut\u00e9 v Po\u013esku. Dizajn je v\u00fdsledkom sk\u00fasenost\u00ed s v\u00fdvojom meracej techniky a z\u00e1rove\u0148 schopnosti myslie\u0165 mimo r\u00e1mca.<\/p>\n","protected":false},"excerpt":{"rendered":"<div class=\"woocommerce-product-details__short-description\">\n<ul>\n<li><strong>inovat\u00edvny stavebn\u00fd laser so zelen\u00fdm l\u00fa\u010dom<\/strong> \u2013 1 x 360\u00b0 rovina\u00a0 (1 x horizont\u00e1lna)<\/li>\n<li><strong>ve\u013emi dobre vidite\u013en\u00fd, jasn\u00fd l\u00fa\u010d<\/strong>\u00a0\u2013 presn\u00e9 merania (2,0 mm\/10m)<\/li>\n<li><strong>univerz\u00e1lne uplatnenie\u00a0<\/strong>\u2013 pr\u00e1ca v interi\u00e9ri aj exteri\u00e9ri (do 140m v priemere s prij\u00edma\u010dom), tie\u017e so \u0161ikmou rovinou<\/li>\n<li><strong>bezpe\u010dn\u00e9 pou\u017e\u00edvanie po cel\u00e9 roky<\/strong>, spo\u013eahliv\u00fd, osved\u010den\u00fd dizajn (IP54)<\/li>\n<\/ul>\n<\/div>\n[html_block id=\"30167\"]\n","protected":false},"featured_media":45886,"template":"","meta":{"_acf_changed":false},"product_brand":[],"product_cat":[282],"product_tag":[],"branze":[],"class_list":{"0":"post-46230","1":"product","2":"type-product","3":"status-publish","4":"has-post-thumbnail","6":"product_cat-krizove-lasery","8":"first","9":"instock","10":"shipping-taxable","11":"product-type-simple"},"acf":[],"_links":{"self":[{"href":"https:\/\/nivelsystem.com\/sk\/wp-json\/wp\/v2\/product\/46230","targetHints":{"allow":["GET"]}}],"collection":[{"href":"https:\/\/nivelsystem.com\/sk\/wp-json\/wp\/v2\/product"}],"about":[{"href":"https:\/\/nivelsystem.com\/sk\/wp-json\/wp\/v2\/types\/product"}],"version-history":[{"count":2,"href":"https:\/\/nivelsystem.com\/sk\/wp-json\/wp\/v2\/product\/46230\/revisions"}],"predecessor-version":[{"id":114362,"href":"https:\/\/nivelsystem.com\/sk\/wp-json\/wp\/v2\/product\/46230\/revisions\/114362"}],"wp:featuredmedia":[{"embeddable":true,"href":"https:\/\/nivelsystem.com\/sk\/wp-json\/wp\/v2\/media\/45886"}],"wp:attachment":[{"href":"https:\/\/nivelsystem.com\/sk\/wp-json\/wp\/v2\/media?parent=46230"}],"wp:term":[{"taxonomy":"product_brand","embeddable":true,"href":"https:\/\/nivelsystem.com\/sk\/wp-json\/wp\/v2\/product_brand?post=46230"},{"taxonomy":"product_cat","embeddable":true,"href":"https:\/\/nivelsystem.com\/sk\/wp-json\/wp\/v2\/product_cat?post=46230"},{"taxonomy":"product_tag","embeddable":true,"href":"https:\/\/nivelsystem.com\/sk\/wp-json\/wp\/v2\/product_tag?post=46230"},{"taxonomy":"branze","embeddable":true,"href":"https:\/\/nivelsystem.com\/sk\/wp-json\/wp\/v2\/branze?post=46230"}],"curies":[{"name":"wp","href":"https:\/\/api.w.org\/{rel}","templated":true}]}}