{"id":30754,"date":"2020-06-01T18:26:17","date_gmt":"2020-06-01T18:26:17","guid":{"rendered":"https:\/\/nivelsystem.com\/produkt\/cl4-b\/"},"modified":"2025-03-24T11:25:23","modified_gmt":"2025-03-24T11:25:23","slug":"cl4-b","status":"publish","type":"product","link":"https:\/\/nivelsystem.com\/sk\/produkt\/cl4-b\/","title":{"rendered":"Kr\u00ed\u017eov\u00fd laser CL4B"},"content":{"rendered":"<h2><strong>Kr\u00ed\u017eov\u00fd laser 4\u00d7360\u00b0 s modr\u00fdm l\u00fa\u010dom Nivel System CL4B<\/strong><\/h2>\n<p>Nivel System\u00a0<strong>CL4B<\/strong> je viac\u00fa\u010delov\u00fd 4D kr\u00ed\u017eov\u00fd laser. Pr\u00edstroj ur\u010duje referen\u010dn\u00e9 \u010diary na stenu\u00a0 (horizont\u00e1lne a vertik\u00e1lne), ktor\u00e9 podporuj\u00fa v\u0161etky dokon\u010dovacie a v\u0161eobecn\u00e9 stavebn\u00e9 pr\u00e1ce. Laser m\u00e1 dve laserov\u00e9 hlavy, v\u010faka ktor\u00fdm m\u00e1 pou\u017e\u00edvate\u013e mo\u017enos\u0165 pracova\u0165 s dvoma laserov\u00fdmi rovinami \u2013 ka\u017ed\u00e1 v rozsahu 360\u00b0. Zobrazenie t\u00fdchto rov\u00edn s\u00fa\u010dasne v\u00e1m umo\u017e\u0148uje ur\u010di\u0165 prav\u00e9 uhly. T\u00e1to mo\u017enos\u0165 je u\u017eito\u010dn\u00e1 pri stavebn\u00fdch a dokon\u010dovac\u00edch pr\u00e1cach. Uzamknutie kompenz\u00e1tora umo\u017e\u0148uje pr\u00e1cu so \u0161ikm\u00fdmi rovinami. Vstavan\u00fd z\u00e1vit stat\u00edvu umo\u017en\u00ed spo\u013eahliv\u00fa a stabiln\u00fa fix\u00e1ciu pr\u00edstroja na stat\u00edv, alebo adapt\u00e9r. Zosilnen\u00e9 komponenty laserov\u00e9ho krytu chr\u00e1nia pr\u00edstroj pred po\u0161koden\u00edm a n\u00e1razmi.<\/p>\n<ul>\n<li><strong>presnos\u0165 a spo\u013eahlivos\u0165<\/strong>\u00a0\u2013\u00a0 ve\u013emi dobre vidite\u013en\u00fd l\u00fa\u010d modr\u00e9ho lasera zaru\u010duje pohodln\u00fa pr\u00e1cu za ka\u017ed\u00fdch podmienok (l\u00fa\u010d je \u010d\u00edry a neza\u0165a\u017euje o\u010di), pr\u00edstroj v\u00e1m umo\u017e\u0148uje pracova\u0165 s presnos\u0165ou \u00b12 mm \/ 10 m<\/li>\n<li><strong>v\u0161estrannos\u0165<\/strong>\u00a0\u2013 4 laserov\u00e9 roviny (360\u00b0), ovl\u00e1danie stavebn\u00fdch pr\u00e1c v rozsahu dvoch os\u00ed, spodn\u00fd laserov\u00fd l\u00fa\u010d u\u017e na \u00farovni 19 mm umo\u017e\u0148uje vyrovn\u00e1vanie podl\u00e1h, polo\u017eenie dla\u017eby<\/li>\n<li><strong>digit\u00e1lne indik\u00e1cie \u2013 schopnos\u0165 pracova\u0165 s prij\u00edma\u010dom RD800 DIGITAL, na ktorom je v\u00fd\u0161kov\u00fd rozdiel prezentovan\u00fd v milimetroch<\/strong><\/li>\n<li><strong>r\u00fdchle vyrovn\u00e1vanie<\/strong> \u2013\u00a0 modern\u00fd syst\u00e9m kompenz\u00e1cie magnetick\u00fdch vibr\u00e1ci\u00ed zais\u0165uje r\u00fdchlu pr\u00edpravu pr\u00edstroja na prev\u00e1dzku, laser stabilne ur\u010duje l\u00fa\u010d aj na nestabilnej z\u00e1kladni a po uzamknut\u00ed v\u00e1m umo\u017e\u0148uje pracova\u0165 so sklonmi<\/li>\n<li><strong>e\u0161te v\u00e4\u010d\u0161\u00ed dosah<\/strong> \u2013 pulzn\u00e1 funkcia umo\u017e\u0148uje pracova\u0165 s prij\u00edma\u010dom mimo budov na dlh\u00e9 vzdialenosti (pracovn\u00fd priemer 140m)<\/li>\n<li><strong>intuit\u00edvne ovl\u00e1danie<\/strong>\u00a0\u2013 jednoduch\u00fd a r\u00fdchly ovl\u00e1dac\u00ed panel s aplik\u00e1ciou pre mobiln\u00e9 zariadenia (Bluetooth)<\/li>\n<li><strong>laserov\u00fd adapt\u00e9r<\/strong>\u00a0\u2013 bezpe\u010dn\u00e9 upevnenie aj v n\u00e1ro\u010dn\u00fdch podmienkach na stavenisku, navy\u0161e mo\u017enos\u0165 nastavenia v\u00fd\u0161ky<\/li>\n<li><strong>efekt\u00edvne nap\u00e1janie<\/strong> \u2013 akumul\u00e1tor Li-ion (4000mAh) bez pam\u00e4\u0165ov\u00e9ho efektu, mo\u017enos\u0165 nab\u00edjania po\u010das prev\u00e1dzky<\/li>\n<li><strong>odoln\u00fd vo\u010di po\u0161kodeniu, odoln\u00e9 vybavenie<\/strong> \u2013 vystu\u017een\u00fd kovov\u00fdm krytom, kovov\u00e9 kryty laserov\u00fdch hl\u00e1v, gumov\u00e9 rohy tlmia a chr\u00e1nia laser pred po\u0161koden\u00edm a n\u00e1razmi, odolnos\u0165 vo\u010di prachu a vode (IP54)<\/li>\n<\/ul>\n<h2><strong>Jednoduch\u00e9 a r\u00fdchle merania<\/strong><\/h2>\n<p>Po zapnut\u00ed sa laser CL4B automaticky vyrovn\u00e1 a je okam\u017eite pripraven\u00fd na pr\u00e1cu. Generovan\u00fd modr\u00fd laserov\u00fd l\u00fa\u010d je 4-kr\u00e1t vidite\u013enej\u0161\u00ed ako \u010derven\u00fd l\u00fa\u010d a ten\u0161\u00ed v porovnan\u00ed so zelen\u00fdm l\u00fa\u010dom. Modr\u00fd l\u00fa\u010d je jasnej\u0161\u00ed, \u010do zlep\u0161uje komfort pr\u00e1ce v mal\u00fdch miestnostiach. T\u00e1to laserov\u00e1 farba je \u0161etrn\u00e1 k zraku a pou\u017e\u00edvate\u013e m\u00f4\u017ee pracova\u0165 aj v slne\u010dn\u00fdch miestnostiach.<\/p>\n<h2><strong>Univerz\u00e1lna aplik\u00e1cia<\/strong><\/h2>\n<p>Pr\u00edstroj v\u00e1m umo\u017e\u0148uje pracova\u0165 s horizont\u00e1lnymi aj vertik\u00e1lnymi rovinami. Naraz je mo\u017en\u00e9 zobrazi\u0165 \u0161tyri roviny.<\/p>\n<h2><strong>Spo\u013eahlivos\u0165 na stavenisku<\/strong><\/h2>\n<p>Pr\u00edstroj je odoln\u00fd vo\u010di prachu a vode (IP54). Telo lasera je vystu\u017een\u00e9 kovov\u00fdmi prvkami. V\u010faka \u010domu je vhodn\u00fd do drsn\u00fdch podmienok na stavenisku.<\/p>\n<h2><strong>Intuit\u00edvne ovl\u00e1danie<\/strong><\/h2>\n<p>CL4B m\u00e1 intuit\u00edvny ovl\u00e1dac\u00ed panel. Riadenie funkci\u00ed sa vykon\u00e1va r\u00fdchlo a efekt\u00edvne. V\u010faka zabudovan\u00e9mu modulu Bluetooth a aplik\u00e1cii je mo\u017en\u00e9 dia\u013ekovo ovl\u00e1da\u0165 funkcie laseru.<\/p>\n<h2>Pohodln\u00e9 pou\u017e\u00edvanie<\/h2>\n<p>CL4B m\u00e1 intuit\u00edvny ovl\u00e1dac\u00ed panel. Obsluha funkci\u00ed vr\u00e1tane presn\u00e9ho nastavenia l\u00fa\u010da je efekt\u00edvna a \u00fa\u010dinn\u00e1. V\u010faka modulu Bluetooth m\u00f4\u017ee pou\u017e\u00edvate\u013e ovl\u00e1da\u0165 funkcie lasera pomocou svojho mobiln\u00e9ho zariadenia. V\u010faka \u0161ikovn\u00e9mu prepravn\u00e9mu kufr\u00edku a \u0161tandardnej v\u00fdbave je laser ve\u013emi efekt\u00edvny, \u013eahko sa pren\u00e1\u0161a a in\u0161taluje v ter\u00e9ne.<\/p>\n<h2>MODR\u00dd vs. ZELEN\u00dd LASEROV\u00dd L\u00da\u010c<\/h2>\n<p>Modr\u00fd laserov\u00fd l\u00fa\u010d m\u00e1 podobn\u00fa farbu ako zelen\u00fd l\u00fa\u010d &#8211; je to sp\u00f4soben\u00e9 miernymi rozdielmi vo vlnovej d\u013a\u017eke svetla (modr\u00e1 farba m\u00e1 505 nm a zelen\u00e1 515 nm) &#8211; \u010do zaru\u010duje porovnate\u013en\u00fa vidite\u013enos\u0165.<\/p>\n<p>Modr\u00fd l\u00fa\u010d m\u00e1 tie\u017e ve\u013emi dobre rezan\u00e9 okraje &#8211; je o nie\u010do ten\u0161\u00ed ako zelen\u00fd. L\u00fa\u010d je jasnej\u0161\u00ed a nie je presvetlen\u00fd, \u010do priamo ovplyv\u0148uje komfort pr\u00e1ce. Modr\u00e9 lasery (505 nm) sa odpor\u00fa\u010daj\u00fa na v\u0161etky pr\u00e1ce vy\u017eaduj\u00face vysok\u00fa presnos\u0165.<\/p>\n<p><img decoding=\"async\" class=\"alignnone size-full wp-image-105346\" src=\"https:\/\/nivelsystem.com\/wp-content\/uploads\/2024\/05\/wiazka_laserowa.jpg\" alt=\"wi\u0105zka zielona vs. niebieska\" width=\"225\" height=\"217\" title=\"\" srcset=\"https:\/\/nivelsystem.com\/wp-content\/uploads\/2024\/05\/wiazka_laserowa.jpg 225w, https:\/\/nivelsystem.com\/wp-content\/uploads\/2024\/05\/wiazka_laserowa-150x145.jpg 150w\" sizes=\"(max-width: 225px) 100vw, 225px\" \/><\/p>\n<h2>Stiahnite si APP<\/h2>\n<p><a href=\"https:\/\/play.google.com\/store\/apps\/details?id=com.pairlink.futian.cl4d&amp;hl=pl&amp;gl=US\" target=\"_blank\" rel=\"noopener\"><img decoding=\"async\" class=\"alignnone wp-image-32587\" src=\"https:\/\/nivelsystem.com\/wp-content\/uploads\/2020\/06\/GP_button-300x97.jpg\" alt=\"\" width=\"100\" height=\"32\" title=\"\" srcset=\"https:\/\/nivelsystem.com\/wp-content\/uploads\/2020\/06\/GP_button-300x97.jpg 300w, https:\/\/nivelsystem.com\/wp-content\/uploads\/2020\/06\/GP_button-768x248.jpg 768w, https:\/\/nivelsystem.com\/wp-content\/uploads\/2020\/06\/GP_button-150x49.jpg 150w, https:\/\/nivelsystem.com\/wp-content\/uploads\/2020\/06\/GP_button.jpg 986w\" sizes=\"(max-width: 100px) 100vw, 100px\" \/><\/a> <a href=\"https:\/\/apps.apple.com\/pl\/app\/cl4d\/id1550265610?l=pl\" target=\"_blank\" rel=\"noopener\"><img decoding=\"async\" class=\"alignnone wp-image-32583\" src=\"https:\/\/nivelsystem.com\/wp-content\/uploads\/2020\/06\/Apple_button-300x97.jpg\" alt=\"\" width=\"100\" height=\"32\" title=\"\" srcset=\"https:\/\/nivelsystem.com\/wp-content\/uploads\/2020\/06\/Apple_button-300x97.jpg 300w, https:\/\/nivelsystem.com\/wp-content\/uploads\/2020\/06\/Apple_button-768x248.jpg 768w, https:\/\/nivelsystem.com\/wp-content\/uploads\/2020\/06\/Apple_button-150x48.jpg 150w, https:\/\/nivelsystem.com\/wp-content\/uploads\/2020\/06\/Apple_button.jpg 989w\" sizes=\"(max-width: 100px) 100vw, 100px\" \/><\/a><\/p>\n<h2>Navrhnut\u00e9 v Eur\u00f3pe<\/h2>\n<p><a href=\"https:\/\/nivelsystem.com\/sk\/novinky\/navrhnuty-v-europe\/\"><img loading=\"lazy\" decoding=\"async\" class=\"alignleft wp-image-42662\" src=\"https:\/\/nivelsystem.com\/wp-content\/uploads\/2020\/06\/logo_EU_projecy-300x192.png\" alt=\"\" width=\"156\" height=\"100\" title=\"\" srcset=\"https:\/\/nivelsystem.com\/wp-content\/uploads\/2020\/06\/logo_EU_projecy-300x192.png 300w, https:\/\/nivelsystem.com\/wp-content\/uploads\/2020\/06\/logo_EU_projecy-150x96.png 150w, https:\/\/nivelsystem.com\/wp-content\/uploads\/2020\/06\/logo_EU_projecy.png 364w\" sizes=\"(max-width: 156px) 100vw, 156px\" \/><\/a><\/p>\n<p><strong>Najcennej\u0161ia sk\u00fasenos\u0165 &#8211; myslenie mimo r\u00e1mca!<\/strong><\/p>\n<p>Najnov\u0161ia s\u00e9ria kr\u00ed\u017eov\u00fdch laserov CL1\/2\/3\/4 a rota\u010dn\u00fdch laserov NL700 boli vyvinut\u00e9 a navrhnut\u00e9 v Po\u013esku. Dizajn je v\u00fdsledkom sk\u00fasenost\u00ed s v\u00fdvojom meracej techniky a z\u00e1rove\u0148 schopnosti myslie\u0165 mimo r\u00e1mca.<\/p>\n","protected":false},"excerpt":{"rendered":"<div class=\"woocommerce-product-details__short-description\">\n<ul>\n<li><strong>inovat\u00edvny stavebn\u00fd laser s modr\u00fdm l\u00fa\u010dom<\/strong> \u2013 4 x 360\u00b0 rovina\u00a0 (2 x vertik\u00e1lna, 2 x horizont\u00e1lna)<\/li>\n<li><strong>ve\u013emi dobre vidite\u013en\u00fd a jasn\u00fd l\u00fa\u010d<\/strong>\u00a0\u2013 presn\u00e9 merania (2,0 mm\/10m)<\/li>\n<li><strong>univerz\u00e1lne uplatnenie\u00a0<\/strong>\u2013 pr\u00e1ca v interi\u00e9ri aj exteri\u00e9ri (do 140m v priemere s prij\u00edma\u010dom), tie\u017e so \u0161ikmou rovinou<\/li>\n<li><strong>bezpe\u010dn\u00e9 pou\u017e\u00edvanie po cel\u00e9 roky<\/strong>, spo\u013eahliv\u00fd, osved\u010den\u00fd dizajn (IP54)<\/li>\n<\/ul>\n<\/div>\n[html_block id=\"30167\"]\n","protected":false},"featured_media":27987,"template":"","meta":{"_acf_changed":false},"product_brand":[],"product_cat":[282],"product_tag":[],"branze":[],"class_list":{"0":"post-30754","1":"product","2":"type-product","3":"status-publish","4":"has-post-thumbnail","6":"product_cat-krizove-lasery","8":"first","9":"instock","10":"shipping-taxable","11":"product-type-simple"},"acf":[],"_links":{"self":[{"href":"https:\/\/nivelsystem.com\/sk\/wp-json\/wp\/v2\/product\/30754","targetHints":{"allow":["GET"]}}],"collection":[{"href":"https:\/\/nivelsystem.com\/sk\/wp-json\/wp\/v2\/product"}],"about":[{"href":"https:\/\/nivelsystem.com\/sk\/wp-json\/wp\/v2\/types\/product"}],"version-history":[{"count":2,"href":"https:\/\/nivelsystem.com\/sk\/wp-json\/wp\/v2\/product\/30754\/revisions"}],"predecessor-version":[{"id":114406,"href":"https:\/\/nivelsystem.com\/sk\/wp-json\/wp\/v2\/product\/30754\/revisions\/114406"}],"wp:featuredmedia":[{"embeddable":true,"href":"https:\/\/nivelsystem.com\/sk\/wp-json\/wp\/v2\/media\/27987"}],"wp:attachment":[{"href":"https:\/\/nivelsystem.com\/sk\/wp-json\/wp\/v2\/media?parent=30754"}],"wp:term":[{"taxonomy":"product_brand","embeddable":true,"href":"https:\/\/nivelsystem.com\/sk\/wp-json\/wp\/v2\/product_brand?post=30754"},{"taxonomy":"product_cat","embeddable":true,"href":"https:\/\/nivelsystem.com\/sk\/wp-json\/wp\/v2\/product_cat?post=30754"},{"taxonomy":"product_tag","embeddable":true,"href":"https:\/\/nivelsystem.com\/sk\/wp-json\/wp\/v2\/product_tag?post=30754"},{"taxonomy":"branze","embeddable":true,"href":"https:\/\/nivelsystem.com\/sk\/wp-json\/wp\/v2\/branze?post=30754"}],"curies":[{"name":"wp","href":"https:\/\/api.w.org\/{rel}","templated":true}]}}