{"id":30707,"date":"1950-06-03T15:53:06","date_gmt":"1950-06-03T15:53:06","guid":{"rendered":"https:\/\/nivelsystem.com\/produkt\/rd800-digital\/"},"modified":"2024-07-03T10:31:31","modified_gmt":"2024-07-03T10:31:31","slug":"rd800-digital","status":"publish","type":"product","link":"https:\/\/nivelsystem.com\/sk\/produkt\/rd800-digital\/","title":{"rendered":"Prij\u00edma\u010d RD800 Digital"},"content":{"rendered":"<div data-id=\"87eacf6\" data-element_type=\"widget\" data-widget_type=\"heading.default\">\n<h2>Prij\u00edma\u010d Nivel System RD800 Digital<\/h2>\n<\/div>\n<div data-id=\"3c1a4a3\" data-element_type=\"widget\" data-widget_type=\"heading.default\">\n<p><strong>Prij\u00edma\u010d pre kr\u00ed\u017eov\u00e9 a rota\u010dn\u00e9 lasery s milimetrovou stupnicou pre ud\u00e1vanie v\u00fd\u0161ky<\/strong><\/p>\n<\/div>\n<ul>\n<li><strong>univerz\u00e1lnos\u0165\u00a0<\/strong>\u2013 spolupr\u00e1ca s kr\u00ed\u017eov\u00fdmi aj rota\u010dn\u00fdmi lasermi pre l\u00fa\u010de: \u010derven\u00fd, zelen\u00fd, modr\u00fd a fialov\u00fd<\/li>\n<li><strong>rozsah pr\u00edjmu laserov\u00e9ho l\u00fa\u010da<\/strong>\u00a0\u2013 60 mm rozsah detekcie l\u00fa\u010da<\/li>\n<li><strong>vysok\u00e1 presnos\u0165<\/strong> \u2013 nastavite\u013en\u00e1 presnos\u0165 (1mm, 2mm, 5mm)<\/li>\n<li><strong>e\u0161te lep\u0161ia kontrola vykonanej pr\u00e1ce<\/strong>\u00a0\u2013 prij\u00edma\u010d vypo\u010d\u00edta a zobraz\u00ed \u0161pecifick\u00e9 hodnoty meranej v\u00fd\u0161ky v milimetroch [mm]<\/li>\n<li><strong>mo\u017enos\u0165 zmeny pracovnej jednotky<\/strong>\u00a0(mm, cm, palec)<\/li>\n<li><strong>v\u0161etko v<\/strong>\u00a0doh\u013eade \u2013 ve\u013ek\u00fd \u010ditate\u013en\u00fd LCD displej (druh\u00fd displej na zadnej strane prij\u00edma\u010da), pr\u00eddavn\u00fd LED displej na \u010d\u00edtanie z v\u00e4\u010d\u0161\u00edch vzdialenost\u00ed (napr. pri \u010d\u00edtan\u00ed z kab\u00edny stroja)<\/li>\n<li><strong>zvukov\u00e9 sign\u00e1ly<\/strong>\u00a0v\u00fd\u0161kov\u00fdch rozdielov (r\u00f4zne \u00farovne hlasitosti)<\/li>\n<li><strong>automatick\u00e9 vypnutie<\/strong>\u00a0po 30 min\u00fatach ne\u010dinnosti<\/li>\n<li><strong>robustn\u00e1 kon\u0161trukcia \u2013<\/strong>\u00a0pevn\u00fd dr\u017eiak na meraciu latu (dod\u00e1van\u00e9 s dr\u017eiakom)<\/li>\n<li><strong>vysok\u00e1<\/strong>\u00a0odolnos\u0165 vo\u010di vode a prachu, potvrden\u00e1 stup\u0148om odolnosti IP67<\/li>\n<\/ul>\n","protected":false},"excerpt":{"rendered":"<div class=\"woocommerce-product-details__short-description\">\n<ul>\n<li><strong>Robustn\u00e1 kon\u0161trukcia<\/strong><\/li>\n<li><strong>Zvukov\u00e1 signaliz\u00e1cia roviny<\/strong><\/li>\n<li><strong>Univerz\u00e1lne vyu\u017eitie\u00a0<\/strong>pre rota\u010dn\u00e9 aj kr\u00ed\u017eov\u00e9 lasery pre l\u00fa\u010de: \u010derven\u00fd, zelen\u00fd, modr\u00fd a fialov\u00fd<\/li>\n<li><strong>Milimetrov\u00e1 indik\u00e1cia v\u00fd\u0161kov\u00fdch rozdielov<\/strong><\/li>\n<\/ul>\n<\/div>\n[html_block id=\"30167\"]\n","protected":false},"featured_media":95207,"template":"","meta":{"_acf_changed":false},"product_brand":[],"product_cat":[290],"product_tag":[],"branze":[],"class_list":{"0":"post-30707","1":"product","2":"type-product","3":"status-publish","4":"has-post-thumbnail","6":"product_cat-laserove-snimace-a-drziaky","8":"first","9":"instock","10":"shipping-taxable","11":"product-type-simple"},"acf":[],"_links":{"self":[{"href":"https:\/\/nivelsystem.com\/sk\/wp-json\/wp\/v2\/product\/30707","targetHints":{"allow":["GET"]}}],"collection":[{"href":"https:\/\/nivelsystem.com\/sk\/wp-json\/wp\/v2\/product"}],"about":[{"href":"https:\/\/nivelsystem.com\/sk\/wp-json\/wp\/v2\/types\/product"}],"version-history":[{"count":0,"href":"https:\/\/nivelsystem.com\/sk\/wp-json\/wp\/v2\/product\/30707\/revisions"}],"wp:featuredmedia":[{"embeddable":true,"href":"https:\/\/nivelsystem.com\/sk\/wp-json\/wp\/v2\/media\/95207"}],"wp:attachment":[{"href":"https:\/\/nivelsystem.com\/sk\/wp-json\/wp\/v2\/media?parent=30707"}],"wp:term":[{"taxonomy":"product_brand","embeddable":true,"href":"https:\/\/nivelsystem.com\/sk\/wp-json\/wp\/v2\/product_brand?post=30707"},{"taxonomy":"product_cat","embeddable":true,"href":"https:\/\/nivelsystem.com\/sk\/wp-json\/wp\/v2\/product_cat?post=30707"},{"taxonomy":"product_tag","embeddable":true,"href":"https:\/\/nivelsystem.com\/sk\/wp-json\/wp\/v2\/product_tag?post=30707"},{"taxonomy":"branze","embeddable":true,"href":"https:\/\/nivelsystem.com\/sk\/wp-json\/wp\/v2\/branze?post=30707"}],"curies":[{"name":"wp","href":"https:\/\/api.w.org\/{rel}","templated":true}]}}