{"id":30696,"date":"1950-06-06T15:35:33","date_gmt":"1950-06-06T15:35:33","guid":{"rendered":"https:\/\/nivelsystem.com\/produkt\/rd500r-digital\/"},"modified":"2025-09-18T09:50:25","modified_gmt":"2025-09-18T09:50:25","slug":"rd500r-digital","status":"publish","type":"product","link":"https:\/\/nivelsystem.com\/sk\/produkt\/rd500r-digital\/","title":{"rendered":"Prij\u00edma\u010d RD500R Digital"},"content":{"rendered":"<ul>\n<li><strong>prisp\u00f4soben\u00fd va\u0161im potreb\u00e1m<\/strong> \u2013 spolupr\u00e1ca s rota\u010dn\u00fdmi lasermi NL720R\/740R s \u010derven\u00fdm laserov\u00fdm l\u00fa\u010dom<\/li>\n<li><strong>rozsah pr\u00edjmu laserov\u00e9ho l\u00fa\u010da<\/strong> &#8211; 125 mm rozsah detekcie l\u00fa\u010da<\/li>\n<li><strong>vysok\u00e1 presnos\u0165 <\/strong>&#8211; presnos\u0165 nastavite\u013en\u00e1 pod\u013ea potrieb (1mm, 5mm, 10mm)<\/li>\n<li><strong>funkcia automatick\u00e9ho prisp\u00f4sobenia <\/strong>\u00a0\u2013 r\u00e1diov\u00e1 komunik\u00e1cia (2,4 GHz) s\u00a0rota\u010dn\u00fdm laserom (sp\u00e1dy a h\u013eadanie smeru vo vzdialenosti do 50m)<\/li>\n<li><strong>e\u0161te lep\u0161ia kontrola vykonanej pr\u00e1ce<\/strong> \u2013 prij\u00edma\u010d vypo\u010d\u00edta a zobraz\u00ed \u0161pecifick\u00e9 hodnoty rozdielu roviny v milimetroch [mm]<\/li>\n<li><strong>mo\u017enos\u0165 zmeny pracovnej jednotky<\/strong> (mm, cm, palec)<\/li>\n<li><strong>v\u0161etko v doh\u013eade<\/strong> \u2013 ve\u013ek\u00fd, \u010ditate\u013en\u00fd, podsvieten\u00fd LCD displej (druh\u00fd displej na zadnej strane prij\u00edma\u010da), pr\u00eddavn\u00fd LED displej na \u010d\u00edtanie z v\u00e4\u010d\u0161\u00edch vzdialenost\u00ed (napr. pri \u010d\u00edtan\u00ed z kab\u00edny stroja)<\/li>\n<li><strong>zvukov\u00e9 sign\u00e1ly<\/strong> v\u00fd\u0161kov\u00fdch rozdielov (r\u00f4zne \u00farovne hlasitosti)<\/li>\n<li><strong>robustn\u00e1 kon\u0161trukcia dr\u017eiaku<\/strong> na meraciu latu (je dod\u00e1van\u00fd s prij\u00edma\u010dom)<\/li>\n<li><strong>Vysok\u00e1<\/strong> odolnos\u0165 vo\u010di vode a\u00a0prachu<\/li>\n<\/ul>\n","protected":false},"excerpt":{"rendered":"<ul>\n<li><strong>odoln\u00e1 kon\u0161trukcia<\/strong><\/li>\n<li><strong>\u010d\u00edseln\u00e1 indik\u00e1cia v\u00fd\u0161kov\u00fdch rozdielov<\/strong><\/li>\n<li><strong>funkcia automatick\u00e9ho <\/strong>prisp\u00f4sobenia \u2013 r\u00e1diov\u00e1 komunik\u00e1cia<\/li>\n<\/ul>\n[html_block id=\"30167\"]\n","protected":false},"featured_media":116707,"template":"","meta":{"_acf_changed":false},"product_brand":[],"product_cat":[290],"product_tag":[],"branze":[],"class_list":{"0":"post-30696","1":"product","2":"type-product","3":"status-publish","4":"has-post-thumbnail","6":"product_cat-laserove-snimace-a-drziaky","8":"first","9":"instock","10":"shipping-taxable","11":"product-type-simple"},"acf":[],"_links":{"self":[{"href":"https:\/\/nivelsystem.com\/sk\/wp-json\/wp\/v2\/product\/30696","targetHints":{"allow":["GET"]}}],"collection":[{"href":"https:\/\/nivelsystem.com\/sk\/wp-json\/wp\/v2\/product"}],"about":[{"href":"https:\/\/nivelsystem.com\/sk\/wp-json\/wp\/v2\/types\/product"}],"version-history":[{"count":2,"href":"https:\/\/nivelsystem.com\/sk\/wp-json\/wp\/v2\/product\/30696\/revisions"}],"predecessor-version":[{"id":116747,"href":"https:\/\/nivelsystem.com\/sk\/wp-json\/wp\/v2\/product\/30696\/revisions\/116747"}],"wp:featuredmedia":[{"embeddable":true,"href":"https:\/\/nivelsystem.com\/sk\/wp-json\/wp\/v2\/media\/116707"}],"wp:attachment":[{"href":"https:\/\/nivelsystem.com\/sk\/wp-json\/wp\/v2\/media?parent=30696"}],"wp:term":[{"taxonomy":"product_brand","embeddable":true,"href":"https:\/\/nivelsystem.com\/sk\/wp-json\/wp\/v2\/product_brand?post=30696"},{"taxonomy":"product_cat","embeddable":true,"href":"https:\/\/nivelsystem.com\/sk\/wp-json\/wp\/v2\/product_cat?post=30696"},{"taxonomy":"product_tag","embeddable":true,"href":"https:\/\/nivelsystem.com\/sk\/wp-json\/wp\/v2\/product_tag?post=30696"},{"taxonomy":"branze","embeddable":true,"href":"https:\/\/nivelsystem.com\/sk\/wp-json\/wp\/v2\/branze?post=30696"}],"curies":[{"name":"wp","href":"https:\/\/api.w.org\/{rel}","templated":true}]}}