{"id":30575,"date":"1960-04-01T12:28:03","date_gmt":"1960-04-01T12:28:03","guid":{"rendered":"https:\/\/nivelsystem.com\/produkt\/m100-digital\/"},"modified":"2024-07-04T11:29:06","modified_gmt":"2024-07-04T11:29:06","slug":"m100-digital","status":"publish","type":"product","link":"https:\/\/nivelsystem.com\/sk\/produkt\/m100-digital\/","title":{"rendered":"Digit\u00e1lne meracie koliesko M100 Digital"},"content":{"rendered":"<div class=\"elementor-element elementor-element-87eacf6 elementor-widget elementor-widget-heading\" data-id=\"87eacf6\" data-element_type=\"widget\" data-widget_type=\"heading.default\">\n<div class=\"elementor-widget-container\">\n<h2 class=\"elementor-heading-title elementor-size-default\">Nivel System M100 Digital<\/h2>\n<\/div>\n<\/div>\n<div class=\"elementor-element elementor-element-a87d091 elementor-widget elementor-widget-text-editor\" data-id=\"a87d091\" data-element_type=\"widget\" data-widget_type=\"text-editor.default\">\n<div class=\"elementor-widget-container\">\n<p>Digit\u00e1lne meracie koliesko M100 DIGITAL je mimoriadne r\u00fdchle a presn\u00e9 zariadenie na meranie vzdialenost\u00ed. Displej umiestnen\u00fd na rukov\u00e4ti umo\u017e\u0148uje aktu\u00e1lnu kontrolu v\u00fdsledkov bez potreby zastavenia. Panel obsahuje okrem resetovania aj tla\u010didlo: zapnutie \/ vypnutie, nastavenie jasu displeja, prep\u00ednanie medzi mern\u00fdmi jednotkami, pam\u00e4\u0165 (5 meran\u00ed), zastavenie merania.<\/p>\n<ul>\n<li>pevn\u00e1 hlin\u00edkov\u00e1 a plastov\u00e1 kon\u0161trukcia<\/li>\n<li>stabiln\u00e1 vykl\u00e1pacia noha<\/li>\n<li>koleso vo v\u00fdstra\u017enej \u017eltej farbe<\/li>\n<li>\u010ditate\u013en\u00e1 obrazovka podsvieten\u00e9ho displeja<\/li>\n<li>\u013eahk\u00e9 vynulovanie (reset)<\/li>\n<li>meranie aj pri pohybu dozadu<\/li>\n<li>meranie vzdialenosti do 9 999,99 m<\/li>\n<li>je skladacie<\/li>\n<li>odoln\u00fd prepravn\u00fd vak (chr\u00e1ni pr\u00edstroj po\u010das prepravy)<\/li>\n<\/ul>\n<\/div>\n<\/div>\n","protected":false},"excerpt":{"rendered":"<ul>\n<li><strong>Odoln\u00e9, r\u00fdchlo pou\u017eite\u013en\u00e9<\/strong><\/li>\n<li><strong>V ter\u00e9nnych pr\u00e1cach nenahradite\u013en\u00e9<\/strong><\/li>\n<\/ul>\n","protected":false},"featured_media":26934,"template":"","meta":{"_acf_changed":false},"product_brand":[],"product_cat":[312],"product_tag":[],"branze":[],"class_list":{"0":"post-30575","1":"product","2":"type-product","3":"status-publish","4":"has-post-thumbnail","6":"product_cat-pasky-pocitadla-kilometrov","8":"first","9":"instock","10":"shipping-taxable","11":"product-type-simple"},"acf":[],"_links":{"self":[{"href":"https:\/\/nivelsystem.com\/sk\/wp-json\/wp\/v2\/product\/30575","targetHints":{"allow":["GET"]}}],"collection":[{"href":"https:\/\/nivelsystem.com\/sk\/wp-json\/wp\/v2\/product"}],"about":[{"href":"https:\/\/nivelsystem.com\/sk\/wp-json\/wp\/v2\/types\/product"}],"version-history":[{"count":0,"href":"https:\/\/nivelsystem.com\/sk\/wp-json\/wp\/v2\/product\/30575\/revisions"}],"wp:featuredmedia":[{"embeddable":true,"href":"https:\/\/nivelsystem.com\/sk\/wp-json\/wp\/v2\/media\/26934"}],"wp:attachment":[{"href":"https:\/\/nivelsystem.com\/sk\/wp-json\/wp\/v2\/media?parent=30575"}],"wp:term":[{"taxonomy":"product_brand","embeddable":true,"href":"https:\/\/nivelsystem.com\/sk\/wp-json\/wp\/v2\/product_brand?post=30575"},{"taxonomy":"product_cat","embeddable":true,"href":"https:\/\/nivelsystem.com\/sk\/wp-json\/wp\/v2\/product_cat?post=30575"},{"taxonomy":"product_tag","embeddable":true,"href":"https:\/\/nivelsystem.com\/sk\/wp-json\/wp\/v2\/product_tag?post=30575"},{"taxonomy":"branze","embeddable":true,"href":"https:\/\/nivelsystem.com\/sk\/wp-json\/wp\/v2\/branze?post=30575"}],"curies":[{"name":"wp","href":"https:\/\/api.w.org\/{rel}","templated":true}]}}