{"id":30565,"date":"1960-04-03T12:13:39","date_gmt":"1960-04-03T12:13:39","guid":{"rendered":"https:\/\/nivelsystem.com\/produkt\/m10\/"},"modified":"2024-07-04T11:27:42","modified_gmt":"2024-07-04T11:27:42","slug":"m10","status":"publish","type":"product","link":"https:\/\/nivelsystem.com\/sk\/produkt\/m10\/","title":{"rendered":"Digit\u00e1lne meracie koliesko M10"},"content":{"rendered":"<div data-id=\"87eacf6\" data-element_type=\"widget\" data-widget_type=\"heading.default\">\n<div>\n<h2>Meracie koliesko Nivel System M10<\/h2>\n<\/div>\n<\/div>\n<div class=\"elementor-element elementor-element-a87d091 elementor-widget elementor-widget-text-editor\" data-id=\"a87d091\" data-element_type=\"widget\" data-widget_type=\"text-editor.default\">\n<div class=\"elementor-widget-container\">\n<p>Meracie koliesko Nivel System M10 je univerz\u00e1lny merac\u00ed n\u00e1stroj, ktor\u00fd be\u017ene pou\u017e\u00edvaj\u00fa stavb\u00e1ri, po\u013enohospod\u00e1ri, realitn\u00e9 kancel\u00e1rie a pol\u00edcia. Vyzna\u010duje sa intuit\u00edvnou, jednoduchou obsluhou a \u013eahk\u00fd dizajn u\u013eah\u010duje jeho prepravu. Nivel System M10 poskytuje merania na vzdialenosti do 9999,9 m. Ve\u013ek\u00e9 \u010ditate\u013en\u00e9 \u010d\u00edsla zvy\u0161uj\u00fa pohodlie pri \u010d\u00edtan\u00ed vzdialenosti a skladacia rukov\u00e4\u0165 umo\u017e\u0148uje zlo\u017eenie kolieska, \u010do zni\u017euje jeho ve\u013ekos\u0165 na uskladnenie alebo manipul\u00e1ciu.<\/p>\n<ul>\n<li>odoln\u00e1 hlin\u00edkovo-plastov\u00e1 kon\u0161trukcia<\/li>\n<li>brzda<\/li>\n<li>mo\u017enos\u0165 skladania<\/li>\n<li>pohodln\u00e1 rukov\u00e4\u0165<\/li>\n<li>\u010d\u00edsla zrete\u013ene vidite\u013en\u00e9, umiestnen\u00e9 nad rukov\u00e4\u0165ou<\/li>\n<li>\u013eahk\u00e9 vynulovanie pomocou jedin\u00e9ho pohybu p\u00e1ky<\/li>\n<li>meria aj pri smere dozadu<\/li>\n<li>vr\u00e1tane prepravnej ta\u0161ky<\/li>\n<\/ul>\n<\/div>\n<\/div>\n","protected":false},"excerpt":{"rendered":"<div class=\"woocommerce-product-details__short-description\">\n<ul>\n<li><strong>Odoln\u00e9, r\u00fdchle pou\u017eitie<\/strong><\/li>\n<li><strong>Presn\u00e1 a komfortn\u00e1 pr\u00e1ca<\/strong><\/li>\n<li><strong>V ter\u00e9nnych pr\u00e1cach nenahradite\u013en\u00e9<\/strong><\/li>\n<\/ul>\n<\/div>\n","protected":false},"featured_media":28296,"template":"","meta":{"_acf_changed":false},"product_brand":[],"product_cat":[312],"product_tag":[],"branze":[],"class_list":{"0":"post-30565","1":"product","2":"type-product","3":"status-publish","4":"has-post-thumbnail","6":"product_cat-pasky-pocitadla-kilometrov","8":"first","9":"instock","10":"shipping-taxable","11":"product-type-simple"},"acf":[],"_links":{"self":[{"href":"https:\/\/nivelsystem.com\/sk\/wp-json\/wp\/v2\/product\/30565","targetHints":{"allow":["GET"]}}],"collection":[{"href":"https:\/\/nivelsystem.com\/sk\/wp-json\/wp\/v2\/product"}],"about":[{"href":"https:\/\/nivelsystem.com\/sk\/wp-json\/wp\/v2\/types\/product"}],"version-history":[{"count":0,"href":"https:\/\/nivelsystem.com\/sk\/wp-json\/wp\/v2\/product\/30565\/revisions"}],"wp:featuredmedia":[{"embeddable":true,"href":"https:\/\/nivelsystem.com\/sk\/wp-json\/wp\/v2\/media\/28296"}],"wp:attachment":[{"href":"https:\/\/nivelsystem.com\/sk\/wp-json\/wp\/v2\/media?parent=30565"}],"wp:term":[{"taxonomy":"product_brand","embeddable":true,"href":"https:\/\/nivelsystem.com\/sk\/wp-json\/wp\/v2\/product_brand?post=30565"},{"taxonomy":"product_cat","embeddable":true,"href":"https:\/\/nivelsystem.com\/sk\/wp-json\/wp\/v2\/product_cat?post=30565"},{"taxonomy":"product_tag","embeddable":true,"href":"https:\/\/nivelsystem.com\/sk\/wp-json\/wp\/v2\/product_tag?post=30565"},{"taxonomy":"branze","embeddable":true,"href":"https:\/\/nivelsystem.com\/sk\/wp-json\/wp\/v2\/branze?post=30565"}],"curies":[{"name":"wp","href":"https:\/\/api.w.org\/{rel}","templated":true}]}}