{"id":30546,"date":"1960-06-07T11:35:55","date_gmt":"1960-06-07T11:35:55","guid":{"rendered":"https:\/\/nivelsystem.com\/produkt\/st-30a\/"},"modified":"2024-07-04T11:15:30","modified_gmt":"2024-07-04T11:15:30","slug":"st-30a","status":"publish","type":"product","link":"https:\/\/nivelsystem.com\/sk\/produkt\/st-30a\/","title":{"rendered":"Meracie p\u00e1smo ST-30A"},"content":{"rendered":"<div class=\"elementor-element elementor-element-87eacf6 elementor-widget elementor-widget-heading\" data-id=\"87eacf6\" data-element_type=\"widget\" data-widget_type=\"heading.default\">\n<div class=\"elementor-widget-container\">\n<h2 class=\"elementor-heading-title elementor-size-default\">Nivel system ST-30A<\/h2>\n<\/div>\n<\/div>\n<div class=\"elementor-element elementor-element-a87d091 elementor-widget elementor-widget-text-editor\" data-id=\"a87d091\" data-element_type=\"widget\" data-widget_type=\"text-editor.default\">\n<div class=\"elementor-widget-container\">Majster na stavenisku alebo geodet v ter\u00e9ne m\u00e1 jednu spolo\u010dn\u00fa vec \u2013 s\u00fa vybaven\u00ed jednoduch\u00fdm, ale \u00fa\u010dinn\u00fdm pr\u00edslu\u0161enstvom ako je meracie\u00a0p\u00e1smo. Tieto klasick\u00e9 meracie n\u00e1stroje s\u00fa s nami u\u017e mnoho rokov, s\u00fa \u013eahko a r\u00fdchlo pou\u017eite\u013en\u00e9 \u2013 funguj\u00fa perfektne vo v\u0161etk\u00fdch podmienkach a poskytuj\u00fa r\u00fdchle a presn\u00e9 merania.\u00a0\u00a0S\u00e9rie oce\u013eov\u00fdch merac\u00edch p\u00e1siem Nivel System s\u00fa odoln\u00e9, presn\u00e9 a \u0161ikovn\u00e9 meracie n\u00e1stroje pre ka\u017ed\u00e9ho, kto h\u013ead\u00e1 kvalitn\u00fd produkt za primeran\u00fa cenu. S\u00fa odoln\u00e9 vo\u010di oderu a hrdzi, s\u00fa vybaven\u00e9 praktick\u00fdm h\u00e1\u010dikom a o\u010dkom na u\u013eah\u010denie merania. Zvl\u00e1\u0161\u0165 odpor\u00fa\u010dan\u00e9 pre v\u0161etky stavebn\u00e9 a geodetick\u00e9 pr\u00e1ce s\u00fa k dispoz\u00edcii aj s 10 cm odsaden\u00edm (ST-30A, ST-50A). Presnos\u0165 merania II. trieda odoln\u00e1, pevn\u00e1 a praktick\u00e1 kon\u0161trukcia.<\/div>\n<\/div>\n","protected":false},"excerpt":{"rendered":"<ul>\n<li><strong>Oce\u013eov\u00e9 meracie pasmo na\u00a0<\/strong>\u2013 30m<\/li>\n<li><strong>Odoln\u00e1 a zrete\u013ene vidite\u013en\u00e1 tla\u010d<\/strong><\/li>\n<li><strong>Odsadenie \u2013 10cm<\/strong><\/li>\n<\/ul>\n","protected":false},"featured_media":26916,"template":"","meta":{"_acf_changed":false},"product_brand":[],"product_cat":[312],"product_tag":[],"branze":[],"class_list":{"0":"post-30546","1":"product","2":"type-product","3":"status-publish","4":"has-post-thumbnail","6":"product_cat-pasky-pocitadla-kilometrov","8":"first","9":"instock","10":"shipping-taxable","11":"product-type-simple"},"acf":[],"_links":{"self":[{"href":"https:\/\/nivelsystem.com\/sk\/wp-json\/wp\/v2\/product\/30546","targetHints":{"allow":["GET"]}}],"collection":[{"href":"https:\/\/nivelsystem.com\/sk\/wp-json\/wp\/v2\/product"}],"about":[{"href":"https:\/\/nivelsystem.com\/sk\/wp-json\/wp\/v2\/types\/product"}],"version-history":[{"count":0,"href":"https:\/\/nivelsystem.com\/sk\/wp-json\/wp\/v2\/product\/30546\/revisions"}],"wp:featuredmedia":[{"embeddable":true,"href":"https:\/\/nivelsystem.com\/sk\/wp-json\/wp\/v2\/media\/26916"}],"wp:attachment":[{"href":"https:\/\/nivelsystem.com\/sk\/wp-json\/wp\/v2\/media?parent=30546"}],"wp:term":[{"taxonomy":"product_brand","embeddable":true,"href":"https:\/\/nivelsystem.com\/sk\/wp-json\/wp\/v2\/product_brand?post=30546"},{"taxonomy":"product_cat","embeddable":true,"href":"https:\/\/nivelsystem.com\/sk\/wp-json\/wp\/v2\/product_cat?post=30546"},{"taxonomy":"product_tag","embeddable":true,"href":"https:\/\/nivelsystem.com\/sk\/wp-json\/wp\/v2\/product_tag?post=30546"},{"taxonomy":"branze","embeddable":true,"href":"https:\/\/nivelsystem.com\/sk\/wp-json\/wp\/v2\/branze?post=30546"}],"curies":[{"name":"wp","href":"https:\/\/api.w.org\/{rel}","templated":true}]}}