{"id":30522,"date":"1990-04-02T15:06:16","date_gmt":"1990-04-02T15:06:16","guid":{"rendered":"https:\/\/nivelsystem.com\/produkt\/dt-2l\/"},"modified":"2024-07-02T07:56:08","modified_gmt":"2024-07-02T07:56:08","slug":"dt-2l","status":"publish","type":"product","link":"https:\/\/nivelsystem.com\/sk\/produkt\/dt-2l\/","title":{"rendered":"Digit\u00e1lny teodolit DT-2L"},"content":{"rendered":"<div class=\"elementor-element elementor-element-87eacf6 elementor-widget elementor-widget-heading\" data-id=\"87eacf6\" data-element_type=\"widget\" data-widget_type=\"heading.default\">\n<div class=\"elementor-widget-container\">\n<h2 class=\"elementor-heading-title elementor-size-default\">Nivel System DT-2L<\/h2>\n<\/div>\n<\/div>\n<div class=\"elementor-element elementor-element-a87d091 elementor-widget elementor-widget-text-editor\" data-id=\"a87d091\" data-element_type=\"widget\" data-widget_type=\"text-editor.default\">\n<div class=\"elementor-widget-container\">\n<p>Elektronick\u00fd teodolit Nivel System DT-2L je presn\u00fd 2-sekundov\u00fd merac\u00ed pr\u00edstroj s laserov\u00fdm bodom, v\u010faka ktor\u00e9mu je mo\u017en\u00e9 \u013eahko a r\u00fdchlo ur\u010di\u0165 smer, uhol alebo sklon. Je to jeden z najd\u00f4le\u017eitej\u0161\u00edch merac\u00edch pr\u00edstrojov na stavenisku, ktor\u00fd disponuje pomerne robustnou kon\u0161trukciou. DT-2L sa m\u00f4\u017ee p\u00fd\u0161i\u0165 dvoma displejmi, ktor\u00e9 zvy\u0161uj\u00fa komfort pr\u00e1ce a jednoosov\u00fdm kompenz\u00e1torom, umo\u017e\u0148uj\u00facim pr\u00e1cu na nestabilnom ter\u00e9ne bez nutnosti st\u00e1lej kontroly presnosti nivel\u00e1cie laserovej olovnice. V\u010faka laserov\u00e9mu bodu pr\u00edstroj \u013eahko a r\u00fdchlo ur\u010d\u00ed smer, uhol alebo sklon. Teodolit DT-2L je tie\u017e odoln\u00fd vo\u010di obtia\u017enym pracovn\u00fdm podmienkam (IPX6), v\u010faka \u010domu m\u00f4\u017ee pracova\u0165 aj za siln\u00e9ho da\u017e\u010fa. Jeho v\u00fdkonn\u00fd a \u0161etrn\u00fd akumul\u00e1tor je pripraven\u00fd na dlhodob\u00e9 meranie v ter\u00e9ne.<\/p>\n<ul>\n<li><strong>presnos\u0165 merania<\/strong>\u00a0\u2013 modern\u00fd syst\u00e9m \u010d\u00edtania horizont\u00e1lneho kruhu umo\u017e\u0148uje pou\u017eitie teodolitu ihne\u010f po vybrat\u00ed z kufr\u00edku a bo\u010dn\u00e1 libela u\u013eah\u010duje presn\u00fa nivel\u00e1ciu teodolitu<\/li>\n<li><strong>bez ob\u00e1v z vibr\u00e1ci\u00ed a otrasov<\/strong>\u00a0\u2013 kompenz\u00e1tor horizont\u00e1lneho kruhu umo\u017e\u0148uje teodolitu pracova\u0165 v prostred\u00ed \u0165a\u017ek\u00fdch strojov sp\u00f4sobuj\u00facich vibr\u00e1ciu vo svojom okol\u00ed<\/li>\n<li><strong>uvid\u00edte na prv\u00fd poh\u013ead<\/strong>\u00a0\u2013 laserov\u00fd bod umo\u017e\u0148uje meranie uhlov a vyty\u010dovanie bez nutnosti pou\u017eitia v\u00fdty\u010dky<\/li>\n<li><strong>presnos\u0165 merania<\/strong>\u00a0\u2013 modern\u00fd syst\u00e9m \u010d\u00edtania horizont\u00e1lneho kruhu umo\u017e\u0148uje pou\u017eitie teodolitu ihne\u010f po vybrat\u00ed z kufr\u00edku a bo\u010dn\u00e1 libela u\u013eah\u010duje presn\u00fa nivel\u00e1ciu teodolitu<\/li>\n<li><strong>bez ob\u00e1v z vibr\u00e1ci\u00ed a otrasov<\/strong>\u00a0\u2013 kompenz\u00e1tor horizont\u00e1lneho kruhu umo\u017e\u0148uje teodolitu pracova\u0165 v prostred\u00ed \u0165a\u017ek\u00fdch strojov sp\u00f4sobuj\u00facich vibr\u00e1ciu vo svojom okol\u00ed<\/li>\n<\/ul>\n<p><strong>Zna\u010dkov\u00e9 zariadenie za dostupn\u00fa cenu<\/strong> Nivel System je zna\u010dka merac\u00edch pr\u00edstrojov pre stavebn\u00edctvo a geod\u00e9ziu. Produkty Nivel System s\u00fa ur\u010den\u00e9 \u0161irokej \u0161k\u00e1le z\u00e1kazn\u00edkov, pre ktor\u00fdch je jedn\u00fdm zo z\u00e1kladn\u00fdch krit\u00e9ri\u00ed v\u00fdberu prijate\u013en\u00e1 cena so z\u00e1rukou primeranej kvality, ktor\u00e1 zabezpe\u010d\u00ed mo\u017enos\u0165 v\u0161estrann\u00e9ho pou\u017eitia profesion\u00e1lnej meracej techniky za ni\u017e\u0161iu cenu ne\u017e doteraz. Pr\u00edstroje Nivel System sa vyzna\u010duj\u00fa origin\u00e1lnym dizajnom a farbami, v\u010faka ktor\u00fdm je jednoduch\u00e9 t\u00fato zna\u010dku rozpozna\u0165. Nivel System \u2013 to je istota bezpe\u010dnej a pohodlnej pr\u00e1ce. Pr\u00edstroje Nivel System sp\u013a\u0148aj\u00fa medzin\u00e1rodn\u00fa normu \u0161tandardu odolnosti IP. Elektronick\u00fd teodolit Nivel System DT-2L sa vyzna\u010duje predov\u0161etk\u00fdm svojou jednoduchos\u0165ou pou\u017eitia. Nepotrebujete ma\u0165 \u017eiadne odborn\u00e9 vedomosti na jeho pou\u017eitie, sta\u010d\u00ed V\u00e1m kr\u00e1tke \u0161kolenie. Pr\u00edstroj disponuje displejom po oboch stran\u00e1ch, ktor\u00e9 zobrazuj\u00fa pr\u00e1ve meran\u00e9 horizont\u00e1lne a vertik\u00e1lne uhly. Libela V\u00e1m umo\u017en\u00ed pr\u00edstroj presne vyrovna\u0165 nad bodom merania. V\u010faka praktickej laserovej olovnici je mo\u017en\u00e9 pr\u00edstroj r\u00fdchlo postavi\u0165 nad bodom a presn\u00fd kompenz\u00e1tor udr\u017e\u00ed pr\u00edstroj v spr\u00e1vnej polohe dokonca aj pri pr\u00e1ci na nerovnom povrchu. Optika najvy\u0161\u0161ej kvality garantuje vysok\u00fa presnos\u0165 merania. Nepochybnou v\u00fdhodou teodolitu je tie\u017e jeho syst\u00e9m nap\u00e1jania (akumul\u00e1tor) a vysok\u00e1 odolnos\u0165 vo\u010di vode a prachu (IPX6) Typick\u00e9 pou\u017eitia DT-2L: v stavebn\u00edctve a v geod\u00e9zii, pre meranie uhlov, vyty\u010dovanie, vyzna\u010denie poklesov a sklonov a pre ak\u00e9ko\u013evek pr\u00e1ce spojen\u00e9 s ur\u010dovan\u00edm smerov a rov\u00edn.<\/p>\n<\/div>\n<\/div>\n<div class=\"elementor-element elementor-element-bd3a840 elementor-widget elementor-widget-heading\" data-id=\"bd3a840\" data-element_type=\"widget\" data-widget_type=\"heading.default\">\n<div class=\"elementor-widget-container\">\n<h3 class=\"elementor-heading-title elementor-size-default\">Vyu\u017eitie:<\/h3>\n<\/div>\n<\/div>\n<div class=\"elementor-element elementor-element-54b235a elementor-widget elementor-widget-text-editor\" data-id=\"54b235a\" data-element_type=\"widget\" data-widget_type=\"text-editor.default\">\n<div class=\"elementor-widget-container\">\n<ul>\n<li><strong>vymeriavacie refere\u010dn\u00e9 pr\u00e1ce<\/strong>\u00a0\u2013 nastavenie zvisl\u00edc a uhlov<\/li>\n<li><strong>zemn\u00e9 pr\u00e1ce, stavba ciest<\/strong><\/li>\n<li><strong>vod\u00e1rske a kanaliza\u010dn\u00e9 pr\u00e1ce<\/strong>\u00a0\u2013 nastavenie a riadenie smeru<\/li>\n<li><strong>stavebn\u00e9 a mont\u00e1\u017ene pr\u00e1ce<\/strong><\/li>\n<\/ul>\n<\/div>\n<\/div>\n","protected":false},"excerpt":{"rendered":"<div class=\"elementor-element elementor-element-c25813a elementor-widget elementor-widget-text-editor\" data-id=\"c25813a\" data-element_type=\"widget\" data-widget_type=\"text-editor.default\">\n<div class=\"elementor-widget-container\">\n<div class=\"text-sm leading-normal text-excerpt mt-6\">\n<ul>\n<li><strong>Digit\u00e1ln\u00fd teodolit najvy\u0161\u0161ej kvality,\u00a0<\/strong>30 n\u00e1sobn\u00e9 zv\u00e4\u010d\u0161enie<\/li>\n<li><strong>Vysok\u00e1 presnos\u0165 merania, 2\u2033<\/strong><\/li>\n<li><strong>Pohodln\u00e1 pr\u00e1ca,<\/strong>\u00a0podsvieten\u00fd LCD na oboch stran\u00e1ch, laserov\u00fd bod<\/li>\n<li><strong>Bezpe\u010dn\u00e9 pou\u017e\u00edvanie po cel\u00e9 roky,\u00a0<\/strong>spo\u013eahliv\u00fd, preveren\u00fd dizajn (IPX6)<\/li>\n<\/ul>\n[html_block id=\"30167\"]\n<\/div>\n<\/div>\n<\/div>\n","protected":false},"featured_media":27645,"template":"","meta":{"_acf_changed":false},"product_brand":[],"product_cat":[307],"product_tag":[],"branze":[],"class_list":{"0":"post-30522","1":"product","2":"type-product","3":"status-publish","4":"has-post-thumbnail","6":"product_cat-opticke-nivelacne-pristroje-teodolity","8":"first","9":"instock","10":"shipping-taxable","11":"product-type-simple"},"acf":[],"_links":{"self":[{"href":"https:\/\/nivelsystem.com\/sk\/wp-json\/wp\/v2\/product\/30522","targetHints":{"allow":["GET"]}}],"collection":[{"href":"https:\/\/nivelsystem.com\/sk\/wp-json\/wp\/v2\/product"}],"about":[{"href":"https:\/\/nivelsystem.com\/sk\/wp-json\/wp\/v2\/types\/product"}],"version-history":[{"count":0,"href":"https:\/\/nivelsystem.com\/sk\/wp-json\/wp\/v2\/product\/30522\/revisions"}],"wp:featuredmedia":[{"embeddable":true,"href":"https:\/\/nivelsystem.com\/sk\/wp-json\/wp\/v2\/media\/27645"}],"wp:attachment":[{"href":"https:\/\/nivelsystem.com\/sk\/wp-json\/wp\/v2\/media?parent=30522"}],"wp:term":[{"taxonomy":"product_brand","embeddable":true,"href":"https:\/\/nivelsystem.com\/sk\/wp-json\/wp\/v2\/product_brand?post=30522"},{"taxonomy":"product_cat","embeddable":true,"href":"https:\/\/nivelsystem.com\/sk\/wp-json\/wp\/v2\/product_cat?post=30522"},{"taxonomy":"product_tag","embeddable":true,"href":"https:\/\/nivelsystem.com\/sk\/wp-json\/wp\/v2\/product_tag?post=30522"},{"taxonomy":"branze","embeddable":true,"href":"https:\/\/nivelsystem.com\/sk\/wp-json\/wp\/v2\/branze?post=30522"}],"curies":[{"name":"wp","href":"https:\/\/api.w.org\/{rel}","templated":true}]}}