{"id":30509,"date":"1990-06-01T18:33:14","date_gmt":"1990-06-01T18:33:14","guid":{"rendered":"https:\/\/nivelsystem.com\/produkt\/n32x\/"},"modified":"2026-05-12T10:20:05","modified_gmt":"2026-05-12T10:20:05","slug":"n32x","status":"publish","type":"product","link":"https:\/\/nivelsystem.com\/sk\/produkt\/n32x\/","title":{"rendered":"N32x"},"content":{"rendered":"<div id=\"tab-content-description\" class=\"tab-content tab-content-description active\" tabindex=\"0\" role=\"tabpanel\" data-tab=\"1\" aria-labelledby=\"tab-title-description\" aria-expanded=\"true\">\n<div class=\"tab-content-wrapper\">\n<h2>Optick\u00fd nivela\u010dn\u00fd pr\u00edstroj Nivel System N32x<\/h2>\n<p><strong>Optick\u00fd nivela\u010dn\u00fd pr\u00edstroj<\/strong> Nivel System N32x je pr\u00edstroj pre ve\u013emi presn\u00e9 meranie v\u00fd\u0161kov\u00fdch rozdielov. Nivela\u010dn\u00fd pr\u00edstroj je vybaven\u00fd vysoko kvalitnou optikou, ktor\u00e1 zaru\u010duje ve\u013emi dobr\u00fa kvalitu obrazu (ostr\u00fd obraz). Magnetick\u00fd kompenz\u00e1tor umo\u017e\u0148uje meranie na nestabiln\u00fdch ter\u00e9noch, kde m\u00f4\u017ee by\u0165 stat\u00edv s nivela\u010dn\u00fdm pr\u00edstrojom vystaven\u00fd neust\u00e1lym vibr\u00e1ci\u00e1m. Pr\u00edstroj je odoln\u00fd vo\u010di prachu a vode, a preto ho mo\u017eno pou\u017e\u00edva\u0165 v n\u00e1ro\u010dn\u00fdch pracovn\u00fdch podmienkach \u2013 za da\u017e\u010fa alebo vo ve\u013emi pra\u0161nom prostred\u00ed. Nivela\u010dn\u00fd pr\u00edstroj je ur\u010den\u00fd pre geodetov, cest\u00e1rov, stavb\u00e1rov, archeol\u00f3gov, skr\u00e1tka pre v\u0161etk\u00fdch odborn\u00edkov, ktor\u00ed vy\u017eaduj\u00fa najvy\u0161\u0161iu presnos\u0165 a spo\u013eahlivos\u0165 meracieho pr\u00edstroja.<\/p>\n<h2>NAJVY\u0160\u0160IA PRESNOS\u0164 MERANIA<\/h2>\n<p>V\u010faka vysokej kvalite optick\u00e9ho syst\u00e9mu (so zv\u00e4\u010d\u0161en\u00edm 32x) zais\u0165uje nivela\u010dn\u00fd pr\u00edstroj presnos\u0165 1,5 mm na 1 km dvojit\u00e9ho nivela\u010dn\u00e9ho \u0165ahu a m\u00f4\u017ee by\u0165 pou\u017eit\u00fd pre stavebn\u00e9 \u00falohy aj pri n\u00e1ro\u010dn\u00fdch geodetick\u00fdch meraniach. Obraz, ktor\u00fd vid\u00edte cez okul\u00e1r je jasn\u00fd a zrete\u013en\u00fd.<\/p>\n<h2>ODOLN\u00dd V N\u00c1RO\u010cN\u00ddCH PRACOVN\u00ddCH PODMIENKACH A VO\u010cI VIBR\u00c1CIAM A OTRASOM<\/h2>\n<p>Zabudovan\u00fd magnetick\u00fd kompenz\u00e1tor pr\u00edstroj automaticky vyrovn\u00e1va a u\u013eah\u010duje tak pr\u00e1cu na miestach s nestabiln\u00fdm a vibruj\u00facim podlo\u017e\u00edm (napr. na stavenisku alebo v bl\u00edzkosti \u0165a\u017ek\u00fdch strojov). Pr\u00edstroj je tie\u017e vodotesn\u00fd a odoln\u00fd vo\u010di prachu pod\u013ea \u0161tandardu normy IP66.<\/p>\n<h2>V MINIM\u00c1LNEJ VZDIALENOSTI OD NIVELA\u010cNEJ LATY<\/h2>\n<p>Pr\u00edstroj je prisp\u00f4soben\u00fd na pr\u00e1cu s minim\u00e1lnou vzdialenos\u0165ou cie\u013ea 0.3 m, \u010do umo\u017e\u0148uje nivel\u00e1ciu v bl\u00edzkosti za\u010diato\u010dn\u00e9ho bodu, ak by bolo nutn\u00e9 ho zmeni\u0165.<\/p>\n<h2>KOMFORTN\u00c9 OVL\u00c1DANIE<\/h2>\n<p>Zameriavacia skrutka umo\u017e\u0148uje presne nato\u010di\u0165 pr\u00edstroj na nivela\u010dn\u00fa latu a libela so zrkadlom zase umo\u017e\u0148uje jednoduch\u00e9 a r\u00fdchle vyrovnanie pr\u00edstroja.<\/p>\n<h3>Vyu\u017eitie:<\/h3>\n<ul>\n<li><strong>klasick\u00e1 nivel\u00e1cia<\/strong> \u2013 ur\u010denie v\u00fd\u0161kov\u00e9ho rozdielu<\/li>\n<li><strong>zemn\u00e9 pr\u00e1ce<\/strong>\u00a0\u2013 vyrovnanie ter\u00e9nu, v\u00fdkopy<\/li>\n<li><strong>stavba ciest<\/strong><\/li>\n<li><strong>dla\u017eobn\u00e9 pr\u00e1ce<\/strong>\u00a0\u2013 v\u00fdstavba parkov\u00edsk, pr\u00edjazdov\u00fdch ciest, ter\u00e1s<\/li>\n<li><strong>vod\u00e1rske a kanaliza\u010dn\u00e9 pr\u00e1ce<\/strong>\u00a0\u2013 kontrola h\u013abky v\u00fdkopu a polo\u017een\u00e9ho potrubia<\/li>\n<li><strong>z\u00e1hradn\u00edctvo a po\u013enohospod\u00e1rstvo<\/strong><\/li>\n<\/ul>\n<\/div>\n<\/div>\n<div id=\"tab-content-specifikacie\" class=\"tab-content tab-content-specifikacie\" tabindex=\"0\" role=\"tabpanel\" hidden=\"\" data-tab=\"2\" aria-labelledby=\"tab-title-specifikacie\" aria-expanded=\"false\">\n<div class=\"tab-content-wrapper\">\n<table class=\"woocommerce-product-attributes shop_attributes\">\n<tbody>\n<tr class=\"woocommerce-product-attributes-item woocommerce-product-attributes-item--attribute_pa_dokladnosc\">\n<th class=\"woocommerce-product-attributes-item__label\">Presnos\u0165<\/th>\n<td class=\"woocommerce-product-attributes-item__value\">1,5mm\/1km<\/td>\n<\/tr>\n<tr class=\"woocommerce-product-attributes-item woocommerce-product-attributes-item--attribute_pa_dlugosc-lunety\">\n<th class=\"woocommerce-product-attributes-item__label\">D\u013a\u017eka okul\u00e1ra<\/th>\n<td class=\"woocommerce-product-attributes-item__value\">215 mm<\/td>\n<\/tr>\n<tr class=\"woocommerce-product-attributes-item woocommerce-product-attributes-item--attribute_pa_obraz\">\n<th class=\"woocommerce-product-attributes-item__label\">Obraz<\/th>\n<td class=\"woocommerce-product-attributes-item__value\">zrete\u013en\u00fd<\/td>\n<\/tr>\n<tr class=\"woocommerce-product-attributes-item woocommerce-product-attributes-item--attribute_pa_powiekszenie\">\n<th class=\"woocommerce-product-attributes-item__label\">Okul\u00e1r \u2013 zv\u00e4\u010d\u0161enie<\/th>\n<td class=\"woocommerce-product-attributes-item__value\">32x<\/td>\n<\/tr>\n<tr class=\"woocommerce-product-attributes-item woocommerce-product-attributes-item--attribute_pa_srednica-obiektywu\">\n<th class=\"woocommerce-product-attributes-item__label\">Priemer objekt\u00edvu<\/th>\n<td class=\"woocommerce-product-attributes-item__value\">42 mm<\/td>\n<\/tr>\n<tr class=\"woocommerce-product-attributes-item woocommerce-product-attributes-item--attribute_pa_pole-widzenia\">\n<th class=\"woocommerce-product-attributes-item__label\">Zorn\u00e9 pole<\/th>\n<td class=\"woocommerce-product-attributes-item__value\">1\u00b020\u2032 (2,3 m)<\/td>\n<\/tr>\n<tr class=\"woocommerce-product-attributes-item woocommerce-product-attributes-item--attribute_pa_zdolnosc-rozdzielcza\">\n<th class=\"woocommerce-product-attributes-item__label\">Rozli\u0161ovacia sila<\/th>\n<td class=\"woocommerce-product-attributes-item__value\">3,5\u2033<\/td>\n<\/tr>\n<tr class=\"woocommerce-product-attributes-item woocommerce-product-attributes-item--attribute_pa_minimalna-ogniskowa\">\n<th class=\"woocommerce-product-attributes-item__label\">Minim\u00e1lne zaostrenie<\/th>\n<td class=\"woocommerce-product-attributes-item__value\">0,3 m<\/td>\n<\/tr>\n<tr class=\"woocommerce-product-attributes-item woocommerce-product-attributes-item--attribute_pa_zakres-temperatury-pracy\">\n<th class=\"woocommerce-product-attributes-item__label\">Prev\u00e1dzkov\u00e1 teplota<\/th>\n<td class=\"woocommerce-product-attributes-item__value\">-20\u00b0C ~ +50\u00b0C<\/td>\n<\/tr>\n<tr class=\"woocommerce-product-attributes-item woocommerce-product-attributes-item--attribute_pa_klasa-odpornosci\">\n<th class=\"woocommerce-product-attributes-item__label\">Trieda odolnosti<\/th>\n<td class=\"woocommerce-product-attributes-item__value\">IP66<\/td>\n<\/tr>\n<tr class=\"woocommerce-product-attributes-item woocommerce-product-attributes-item--attribute_pa_wymiary\">\n<th class=\"woocommerce-product-attributes-item__label\">Rozmery<\/th>\n<td class=\"woocommerce-product-attributes-item__value\">130 x 215 x 140 mm<\/td>\n<\/tr>\n<tr class=\"woocommerce-product-attributes-item woocommerce-product-attributes-item--attribute_pa_waga\">\n<th class=\"woocommerce-product-attributes-item__label\">Hmotnos\u0165<\/th>\n<td class=\"woocommerce-product-attributes-item__value\">1,75 kg<\/td>\n<\/tr>\n<\/tbody>\n<\/table>\n<\/div>\n<\/div>\n<div id=\"tab-content-obsah-balenia\" class=\"tab-content tab-content-obsah-balenia\" tabindex=\"0\" role=\"tabpanel\" hidden=\"\" data-tab=\"3\" aria-labelledby=\"tab-title-obsah-balenia\" aria-expanded=\"false\">\n<div class=\"tab-content-wrapper\">\n<p><img fetchpriority=\"high\" decoding=\"async\" class=\"size-medium wp-image-20789 alignright\" src=\"https:\/\/nivelsystem.com\/wp-content\/uploads\/1990\/10\/N32_zestaw-300x300.jpg\" alt=\"\" width=\"300\" height=\"300\" title=\"\" srcset=\"https:\/\/nivelsystem.com\/wp-content\/uploads\/1990\/10\/N32_zestaw-300x300.jpg 300w, https:\/\/nivelsystem.com\/wp-content\/uploads\/1990\/10\/N32_zestaw-1024x1024.jpg 1024w, https:\/\/nivelsystem.com\/wp-content\/uploads\/1990\/10\/N32_zestaw-150x150.jpg 150w, https:\/\/nivelsystem.com\/wp-content\/uploads\/1990\/10\/N32_zestaw-768x768.jpg 768w, https:\/\/nivelsystem.com\/wp-content\/uploads\/1990\/10\/N32_zestaw-400x400.jpg 400w, https:\/\/nivelsystem.com\/wp-content\/uploads\/1990\/10\/N32_zestaw-600x600.jpg 600w, https:\/\/nivelsystem.com\/wp-content\/uploads\/1990\/10\/N32_zestaw.jpg 1080w\" sizes=\"(max-width: 300px) 100vw, 300px\" \/><\/p>\n<ul>\n<li><strong>Optick\u00fd nivela\u010dn\u00ed pr\u00edstroj \u2013 1 ks<\/strong><\/li>\n<li><strong>Clona okul\u00e1ra \u2013 1 ks<\/strong><\/li>\n<li><strong>Rektifika\u010dn\u00e1 ihla \u2013 1 ks<\/strong><\/li>\n<li><strong>Olovnica \u2013 1 ks<\/strong><\/li>\n<li><strong>Prepravn\u00fd kufr\u00edk \u2013 1 ks<\/strong><\/li>\n<li><strong>Manu\u00e1l \u2013 1 ks<\/strong><\/li>\n<\/ul>\n<\/div>\n<\/div>\n<div id=\"tab-content-0\" class=\"tab-content tab-content-0\" tabindex=\"0\" role=\"tabpanel\" hidden=\"\" data-tab=\"4\" aria-labelledby=\"tab-title-0\" aria-expanded=\"false\">\n<div class=\"tab-content-wrapper\">\n<div class=\"product-brand-tab-list\">\n<div class=\"product-brand-item\">\n<div class=\"product-brand-logo-wrap\">\n<div class=\"product-brand-logo\"><img decoding=\"async\" class=\"ll-image ll-init ll-loadstarted ll-loaded\" src=\"https:\/\/3gonshop.sk\/wp-content\/uploads\/2022\/11\/nivel.svg\" alt=\"nivel\" data-src=\"https:\/\/3gonshop.sk\/wp-content\/uploads\/2022\/11\/nivel.svg\" data- title=\"\"><\/div>\n<p><a class=\"product-brand-archive-link\" href=\"https:\/\/3gonshop.sk\/product-brand\/nivel-system\/\" target=\"_blank\" rel=\"noopener\"> Viac produktov <\/a><\/p>\n<\/div>\n<div class=\"product-brand-info\">\n<h4 class=\"product-brand-name\">Nivel System<\/h4>\n<div class=\"product-brand-description\">NIVEL SYSTEM &#8211;\u00a0 je glob\u00e1lna zna\u010dka poskytuj\u00faca profesion\u00e1lne rie\u0161enia merania v stavebn\u00edctve, zalo\u017een\u00e1 v Po\u013esku. Na\u0161a \u010dinnos\u0165 je zalo\u017een\u00e1 na mnohoro\u010dn\u00fdch sk\u00fasenostiach v oblasti dod\u00e1vok a servisu zariaden\u00ed do tak\u00fdch odvetv\u00ed, ako s\u00fa stavebn\u00edctvo, architekt\u00fara, geod\u00e9zia, priemysel, po\u013enohospod\u00e1rstvo a in\u00e9.<\/div>\n<\/div>\n<\/div>\n<\/div>\n<\/div>\n<\/div>\n<div id=\"tab-content-reviews\" class=\"tab-content tab-content-reviews\" tabindex=\"0\" role=\"tabpanel\" hidden=\"\" data-tab=\"5\" aria-labelledby=\"tab-title-reviews\" aria-expanded=\"false\">\n<div class=\"tab-content-wrapper\">\n<div id=\"reviews\" class=\"woocommerce-Reviews\">\n<div id=\"comments\">\n<div class=\"review-rating-template-wrapper no-reviews\">\n<div class=\"product-reviews-summary-bar\">\n<h4 class=\"heading\">Hodnotenie a recenzie<\/h4>\n<div class=\"product-reviews-summary-bar-info\">\n<div class=\"product-reviews-summary-bar-details\">\n<div class=\"tm-star-rating style-01\"><\/div>\n<\/div>\n<\/div>\n<\/div>\n<\/div>\n<\/div>\n<\/div>\n<\/div>\n<\/div>\n<div id=\"tab-content-reviews\" class=\"tab-content tab-content-reviews\" tabindex=\"0\" role=\"tabpanel\" hidden=\"\" data-tab=\"5\" aria-labelledby=\"tab-title-reviews\" aria-expanded=\"false\">\n<div class=\"tab-content-wrapper\">\n<div id=\"reviews\" class=\"woocommerce-Reviews\">\n<div id=\"comments\">\n<div class=\"review-rating-template-wrapper no-reviews\">\n<div class=\"reviews-content\">\n<div id=\"review_form_wrapper\"><\/div>\n<p class=\"woocommerce-noreviews\">Zatia\u013e nie s\u00fa \u017eiadne recenzie.<\/p>\n<\/div>\n<\/div>\n<\/div>\n<div class=\"clear\"><\/div>\n<\/div>\n<\/div>\n<\/div>\n<div id=\"tab-content-questions\" class=\"tab-content tab-content-questions\" tabindex=\"0\" role=\"tabpanel\" hidden=\"\" data-tab=\"6\" aria-labelledby=\"tab-title-questions\" aria-expanded=\"false\">\n<div class=\"tab-content-wrapper\">\n<div id=\"minimog-wc-question\" class=\"minimog-wc-question woocommerce-question\">\n<div class=\"minimog-wc-question__wrapper\">\n<div class=\"product-reviews-summary-bar\">\n<h4 class=\"heading\">Ot\u00e1zky a odpovede<\/h4>\n<div class=\"product-reviews-summary-bar-info\">\n<div class=\"product-reviews-summary-bar-details\">\n<div class=\"reviews-count\"><\/div>\n<\/div>\n<div class=\"tm-button-wrapper\"><\/div>\n<\/div>\n<\/div>\n<\/div>\n<\/div>\n<\/div>\n<\/div>\n<div class=\"woocommerce-tabs woocommerce-main-tabs\">\n<div class=\"container-broad\">\n<div class=\"minimog-tabs minimog-tabs--horizontal minimog-tabs--title-graphic-align-center initialized\">\n<div class=\"minimog-tabs__content\">\n<div id=\"tab-content-questions\" class=\"tab-content tab-content-questions\" tabindex=\"0\" role=\"tabpanel\" hidden=\"\" data-tab=\"6\" aria-labelledby=\"tab-title-questions\" aria-expanded=\"false\">\n<div class=\"tab-content-wrapper\">\n<div id=\"minimog-wc-question\" class=\"minimog-wc-question woocommerce-question\">\n<div class=\"minimog-wc-question__wrapper\">\n<div class=\"question-list-container no-question\">\n<div class=\"question-toolbar\"><\/div>\n<div class=\"question-list-wrapper\">\n<ol id=\"question-list\" class=\"comment-list product-comment-list question-list\">\n<li class=\"woocommerce-noreviews\">Neexistuj\u00fa \u017eiadne ot\u00e1zky.<\/li>\n<\/ol>\n<\/div>\n<\/div>\n<\/div>\n<\/div>\n<\/div>\n<\/div>\n<\/div>\n<\/div>\n<\/div>\n<\/div>\n<div class=\"related products entry-product-section\">\n<div class=\"container-broad\"><\/div>\n<\/div>\n","protected":false},"excerpt":{"rendered":"<div class=\"elementor-element elementor-element-c25813a elementor-widget elementor-widget-text-editor\" data-id=\"c25813a\" data-element_type=\"widget\" data-widget_type=\"text-editor.default\">\n<div class=\"elementor-widget-container\">\n<div class=\"text-sm leading-normal text-excerpt mt-6\">\n<div class=\"woocommerce-product-details__short-description\">\n<ul>\n<li><strong>Optick\u00fd nivela\u010dn\u00fd pr\u00edstroj,<\/strong>\u00a032 n\u00e1sobn\u00e9 zv\u00e4\u010d\u0161enie<\/li>\n<li><strong>Vysok\u00e1 presnos\u0165 merania,<\/strong>\u00a01,5 mm \/ 1 km<\/li>\n<li><strong>\u00da\u010dinn\u00e1 kompenz\u00e1cia vibr\u00e1ci\u00ed,<\/strong>\u00a0magnetick\u00fd kompenz\u00e1tor<\/li>\n<li>Bezpe\u010dn\u00e9 pou\u017e\u00edvanie po cel\u00e9 roky, spo\u013eahliv\u00e1 kovov\u00e1 kon\u0161trukcia \u2013\u00a0<strong>IPX6 <\/strong><\/li>\n<li><strong>5 rokov z\u00e1ruka<\/strong><\/li>\n<\/ul>\n<\/div>\n[html_block id=\"30167\"]\n<\/div>\n<\/div>\n<\/div>\n","protected":false},"featured_media":27360,"template":"","meta":{"_acf_changed":false},"product_brand":[],"product_cat":[307],"product_tag":[],"branze":[],"class_list":{"0":"post-30509","1":"product","2":"type-product","3":"status-publish","4":"has-post-thumbnail","6":"product_cat-opticke-nivelacne-pristroje-teodolity","8":"first","9":"instock","10":"shipping-taxable","11":"product-type-simple"},"acf":[],"_links":{"self":[{"href":"https:\/\/nivelsystem.com\/sk\/wp-json\/wp\/v2\/product\/30509","targetHints":{"allow":["GET"]}}],"collection":[{"href":"https:\/\/nivelsystem.com\/sk\/wp-json\/wp\/v2\/product"}],"about":[{"href":"https:\/\/nivelsystem.com\/sk\/wp-json\/wp\/v2\/types\/product"}],"version-history":[{"count":3,"href":"https:\/\/nivelsystem.com\/sk\/wp-json\/wp\/v2\/product\/30509\/revisions"}],"predecessor-version":[{"id":118990,"href":"https:\/\/nivelsystem.com\/sk\/wp-json\/wp\/v2\/product\/30509\/revisions\/118990"}],"wp:featuredmedia":[{"embeddable":true,"href":"https:\/\/nivelsystem.com\/sk\/wp-json\/wp\/v2\/media\/27360"}],"wp:attachment":[{"href":"https:\/\/nivelsystem.com\/sk\/wp-json\/wp\/v2\/media?parent=30509"}],"wp:term":[{"taxonomy":"product_brand","embeddable":true,"href":"https:\/\/nivelsystem.com\/sk\/wp-json\/wp\/v2\/product_brand?post=30509"},{"taxonomy":"product_cat","embeddable":true,"href":"https:\/\/nivelsystem.com\/sk\/wp-json\/wp\/v2\/product_cat?post=30509"},{"taxonomy":"product_tag","embeddable":true,"href":"https:\/\/nivelsystem.com\/sk\/wp-json\/wp\/v2\/product_tag?post=30509"},{"taxonomy":"branze","embeddable":true,"href":"https:\/\/nivelsystem.com\/sk\/wp-json\/wp\/v2\/branze?post=30509"}],"curies":[{"name":"wp","href":"https:\/\/api.w.org\/{rel}","templated":true}]}}