{"id":30502,"date":"1990-06-02T18:12:28","date_gmt":"1990-06-02T18:12:28","guid":{"rendered":"https:\/\/nivelsystem.com\/produkt\/n24x\/"},"modified":"2025-05-16T09:27:21","modified_gmt":"2025-05-16T09:27:21","slug":"n24x","status":"publish","type":"product","link":"https:\/\/nivelsystem.com\/sk\/produkt\/n24x\/","title":{"rendered":"Optick\u00fd nivela\u010dn\u00fd pr\u00edstroj N24x"},"content":{"rendered":"<div data-id=\"87eacf6\" data-element_type=\"widget\" data-widget_type=\"heading.default\">\n<div>\n<h2>Optick\u00fd nivela\u010dn\u00fd pr\u00edstroj Nivel System N24x<\/h2>\n<\/div>\n<\/div>\n<div class=\"elementor-element elementor-element-a87d091 elementor-widget elementor-widget-text-editor\" data-id=\"a87d091\" data-element_type=\"widget\" data-widget_type=\"text-editor.default\">\n<div class=\"elementor-widget-container\"><strong>Optick\u00fd nivela\u010dn\u00fd pr\u00edstroj<\/strong> Nivel System N24x je pr\u00edstroj pre ve\u013emi presn\u00e9 meranie v\u00fd\u0161kov\u00fdch rozdielov. Nivela\u010dn\u00fd pr\u00edstroj je vybaven\u00fd vysoko kvalitnou optikou, ktor\u00e1 zaru\u010duje ve\u013emi dobr\u00fa kvalitu obrazu (ostr\u00fd obraz). Magnetick\u00fd kompenz\u00e1tor umo\u017e\u0148uje meranie na nestabiln\u00fdch ter\u00e9noch, kde m\u00f4\u017ee by\u0165 stat\u00edv s nivela\u010dn\u00fdm pr\u00edstrojom vystaven\u00fd neust\u00e1lym vibr\u00e1ci\u00e1m. Pr\u00edstroj je odoln\u00fd vo\u010di prachu a vode, a preto ho mo\u017eno pou\u017e\u00edva\u0165 v n\u00e1ro\u010dn\u00fdch pracovn\u00fdch podmienkach \u2013 za da\u017e\u010fa alebo vo ve\u013emi pra\u0161nom prostred\u00ed. Nivela\u010dn\u00fd pr\u00edstroj je ur\u010den\u00fd pre geodetov, cest\u00e1rov, stavb\u00e1rov, archeol\u00f3gov, skr\u00e1tka pre v\u0161etk\u00fdch odborn\u00edkov, ktor\u00ed vy\u017eaduj\u00fa najvy\u0161\u0161iu presnos\u0165 a spo\u013eahlivos\u0165 meracieho pr\u00edstroja.<\/div>\n<div>\n<div>\n<h4>NAJVY\u0160\u0160IA PRESNOS\u0164 MERANIA<\/h4>\n<\/div>\n<\/div>\n<\/div>\n<div class=\"elementor-element elementor-element-9012b7a elementor-widget elementor-widget-text-editor\" data-id=\"9012b7a\" data-element_type=\"widget\" data-widget_type=\"text-editor.default\">\n<div class=\"elementor-widget-container\">V\u010faka vysokej kvalite optick\u00e9ho syst\u00e9mu (so zv\u00e4\u010d\u0161en\u00edm 24x) zais\u0165uje nivela\u010dn\u00fd pr\u00edstroj presnos\u0165 2 mm na 1 km dvojit\u00e9ho nivela\u010dn\u00e9ho \u0165ahu a m\u00f4\u017ee by\u0165 pou\u017eit\u00fd pre stavebn\u00e9 \u00falohy aj pri n\u00e1ro\u010dn\u00fdch geodetick\u00fdch meraniach. Obraz, ktor\u00fd vid\u00edte cez okul\u00e1r je jasn\u00fd a zrete\u013en\u00fd.<\/div>\n<\/div>\n<div data-id=\"e587344\" data-element_type=\"widget\" data-widget_type=\"heading.default\">\n<h4>ODOLN\u00dd V N\u00c1RO\u010cN\u00ddCH PRACOVN\u00ddCH PODMIENKACH A VO\u010cI VIBR\u00c1CIAM A OTRASOM<\/h4>\n<\/div>\n<div class=\"elementor-element elementor-element-f581ba7 elementor-widget elementor-widget-text-editor\" data-id=\"f581ba7\" data-element_type=\"widget\" data-widget_type=\"text-editor.default\">\n<div class=\"elementor-widget-container\">Zabudovan\u00fd magnetick\u00fd kompenz\u00e1tor pr\u00edstroj automaticky vyrovn\u00e1va a u\u013eah\u010duje tak pr\u00e1cu na miestach s nestabiln\u00fdm a vibruj\u00facim podlo\u017e\u00edm (napr. na stavenisku alebo v bl\u00edzkosti \u0165a\u017ek\u00fdch strojov). Pr\u00edstroj je tie\u017e vodotesn\u00fd a odoln\u00fd vo\u010di prachu pod\u013ea \u0161tandardu normy IP66.<\/div>\n<h4>V MINIM\u00c1LNEJ VZDIALENOSTI OD NIVELA\u010cNEJ LATY<\/h4>\n<\/div>\n<div class=\"elementor-element elementor-element-0b0626e elementor-widget elementor-widget-text-editor\" data-id=\"0b0626e\" data-element_type=\"widget\" data-widget_type=\"text-editor.default\">\n<div class=\"elementor-widget-container\">Pr\u00edstroj je prisp\u00f4soben\u00fd na pr\u00e1cu s minim\u00e1lnou vzdialenos\u0165ou cie\u013ea 0.3 m, \u010do umo\u017e\u0148uje nivel\u00e1ciu v bl\u00edzkosti za\u010diato\u010dn\u00e9ho bodu, ak by bolo nutn\u00e9 ho zmeni\u0165.<\/div>\n<\/div>\n<div data-id=\"14454d4\" data-element_type=\"widget\" data-widget_type=\"heading.default\">\n<h4>KOMFORTN\u00c9 OVL\u00c1DANIE<\/h4>\n<\/div>\n<div class=\"elementor-element elementor-element-1361dbe elementor-widget elementor-widget-text-editor\" data-id=\"1361dbe\" data-element_type=\"widget\" data-widget_type=\"text-editor.default\">\n<div class=\"elementor-widget-container\">Zameriavacia skrutka umo\u017e\u0148uje presne nato\u010di\u0165 pr\u00edstroj na nivela\u010dn\u00fa latu a libela so zrkadlom zase umo\u017e\u0148uje jednoduch\u00e9 a r\u00fdchle vyrovnanie pr\u00edstroja.<\/div>\n<\/div>\n<div data-id=\"bd3a840\" data-element_type=\"widget\" data-widget_type=\"heading.default\">\n<div>\n<h3>Vyu\u017eitie:<\/h3>\n<\/div>\n<\/div>\n<div class=\"elementor-element elementor-element-54b235a elementor-widget elementor-widget-text-editor\" data-id=\"54b235a\" data-element_type=\"widget\" data-widget_type=\"text-editor.default\">\n<div class=\"elementor-widget-container\">\n<ul>\n<li><strong>klasick\u00e1 nivel\u00e1cia<\/strong> \u2013 ur\u010denie v\u00fd\u0161kov\u00e9ho rozdielu<\/li>\n<li><strong>zemn\u00e9 pr\u00e1ce<\/strong>\u00a0\u2013 vyrovnanie ter\u00e9nu, v\u00fdkopy<\/li>\n<li><strong>stavba ciest<\/strong><\/li>\n<li><strong>dla\u017eobn\u00e9 pr\u00e1ce<\/strong>\u00a0\u2013 v\u00fdstavba parkov\u00edsk, pr\u00edjazdov\u00fdch ciest, ter\u00e1s<\/li>\n<li><strong>vod\u00e1rske a kanaliza\u010dn\u00e9 pr\u00e1ce<\/strong>\u00a0\u2013 kontrola h\u013abky v\u00fdkopu a polo\u017een\u00e9ho potrubia<\/li>\n<li><strong>z\u00e1hradn\u00edctvo a po\u013enohospod\u00e1rstvo<\/strong><\/li>\n<\/ul>\n<\/div>\n<\/div>\n","protected":false},"excerpt":{"rendered":"<div class=\"elementor-element elementor-element-c25813a elementor-widget elementor-widget-text-editor\" data-id=\"c25813a\" data-element_type=\"widget\" data-widget_type=\"text-editor.default\">\n<div class=\"elementor-widget-container\">\n<div class=\"text-sm leading-normal text-excerpt mt-6\">\n<div class=\"woocommerce-product-details__short-description\">\n<ul>\n<li><strong>Optick\u00fd nivela\u010dn\u00fd pr\u00edstroj,<\/strong>\u00a024 n\u00e1sobn\u00e9 zv\u00e4\u010d\u0161enie<\/li>\n<li><strong>Vysok\u00e1 presnos\u0165 merania,<\/strong>\u00a02,0 mm \/ 1 km<\/li>\n<li><strong>\u00da\u010dinn\u00e1 kompenz\u00e1cia vibr\u00e1ci\u00ed,<\/strong>\u00a0magnetick\u00fd kompenz\u00e1tor<\/li>\n<li>Bezpe\u010dn\u00e9 pou\u017e\u00edvanie po cel\u00e9 roky, spo\u013eahliv\u00e1 kovov\u00e1 kon\u0161trukcia \u2013\u00a0<strong>IPX6 <\/strong><\/li>\n<li><strong>5 rokov z\u00e1ruka<\/strong><\/li>\n<\/ul>\n<\/div>\n[html_block id=\"30167\"]\n<\/div>\n<\/div>\n<\/div>\n","protected":false},"featured_media":27348,"template":"","meta":{"_acf_changed":false},"product_brand":[],"product_cat":[307],"product_tag":[],"branze":[],"class_list":{"0":"post-30502","1":"product","2":"type-product","3":"status-publish","4":"has-post-thumbnail","6":"product_cat-opticke-nivelacne-pristroje-teodolity","8":"first","9":"instock","10":"shipping-taxable","11":"product-type-simple"},"acf":[],"_links":{"self":[{"href":"https:\/\/nivelsystem.com\/sk\/wp-json\/wp\/v2\/product\/30502","targetHints":{"allow":["GET"]}}],"collection":[{"href":"https:\/\/nivelsystem.com\/sk\/wp-json\/wp\/v2\/product"}],"about":[{"href":"https:\/\/nivelsystem.com\/sk\/wp-json\/wp\/v2\/types\/product"}],"version-history":[{"count":1,"href":"https:\/\/nivelsystem.com\/sk\/wp-json\/wp\/v2\/product\/30502\/revisions"}],"predecessor-version":[{"id":115106,"href":"https:\/\/nivelsystem.com\/sk\/wp-json\/wp\/v2\/product\/30502\/revisions\/115106"}],"wp:featuredmedia":[{"embeddable":true,"href":"https:\/\/nivelsystem.com\/sk\/wp-json\/wp\/v2\/media\/27348"}],"wp:attachment":[{"href":"https:\/\/nivelsystem.com\/sk\/wp-json\/wp\/v2\/media?parent=30502"}],"wp:term":[{"taxonomy":"product_brand","embeddable":true,"href":"https:\/\/nivelsystem.com\/sk\/wp-json\/wp\/v2\/product_brand?post=30502"},{"taxonomy":"product_cat","embeddable":true,"href":"https:\/\/nivelsystem.com\/sk\/wp-json\/wp\/v2\/product_cat?post=30502"},{"taxonomy":"product_tag","embeddable":true,"href":"https:\/\/nivelsystem.com\/sk\/wp-json\/wp\/v2\/product_tag?post=30502"},{"taxonomy":"branze","embeddable":true,"href":"https:\/\/nivelsystem.com\/sk\/wp-json\/wp\/v2\/branze?post=30502"}],"curies":[{"name":"wp","href":"https:\/\/api.w.org\/{rel}","templated":true}]}}