{"id":30495,"date":"1990-10-01T17:53:29","date_gmt":"1990-10-01T17:53:29","guid":{"rendered":"https:\/\/nivelsystem.com\/produkt\/el32\/"},"modified":"2024-07-02T07:44:07","modified_gmt":"2024-07-02T07:44:07","slug":"el32","status":"publish","type":"product","link":"https:\/\/nivelsystem.com\/sk\/produkt\/el32\/","title":{"rendered":"Elektronick\u00fd nivela\u010dn\u00fd pr\u00edstroj EL-32"},"content":{"rendered":"<div data-id=\"87eacf6\" data-element_type=\"widget\" data-widget_type=\"heading.default\">\n<div>\n<h2>Digit\u00e1lny optick\u00fd nivela\u010dn\u00fd pr\u00edstroj Nivel System EL-32<\/h2>\n<\/div>\n<\/div>\n<div class=\"elementor-element elementor-element-a87d091 elementor-widget elementor-widget-text-editor\" data-id=\"a87d091\" data-element_type=\"widget\" data-widget_type=\"text-editor.default\">\n<div class=\"elementor-widget-container\">\n<p>Digit\u00e1lny nivela\u010dn\u00fd pr\u00edstroj Nivel System EL-32 je pr\u00edstroj vysokej kvality zais\u0165uj\u00faci r\u00fdchle a presn\u00e9 merania v\u00fd\u0161kov\u00fdch a vzdialenostn\u00fdch rozdielov. Meranie mo\u017eno vykon\u00e1va\u0165 aj vo ve\u013emi \u0165a\u017ek\u00fdch pracovn\u00fdch podmienkach, a to bu\u010f automaticky pomocou k\u00f3dovanej nivela\u010dnej laty alebo klasicky. Meranie je ve\u013emi jednoduch\u00e9 a r\u00fdchle, zah\u0155\u0148a zacielenie na nivela\u010dn\u00fa latu, nastavenie ostrosti a stla\u010denie tla\u010didla pre spustenie merania. EL-32 automaticky pre\u010d\u00edta k\u00f3d na nivela\u010dnej late a zobraz\u00ed \u00fadaje o v\u00fd\u0161kovom rozdiely a o vzdialenosti nivela\u010dn\u00e9ho pr\u00edstroja od laty. V\u00fdsledky meran\u00ed sa zobrazuj\u00fa na dobre \u010ditate\u013enom a podsvietenom LCD displeji. Pr\u00edstroj umo\u017e\u0148uje zaznamen\u00e1va\u0165 \u00fadaje a pren\u00e1\u0161a\u0165 ich do po\u010d\u00edta\u010da pomocou USB prenosu za \u00fa\u010delom \u010fal\u0161ieho spracovania.<\/p>\n<ul>\n<li><strong>vysok\u00e1 presnos\u0165<\/strong>\u00a0(1 mm \/ km)<\/li>\n<li><strong>meranie za ak\u00fdchko\u013evek podmienok<\/strong>\u00a0(v tieni aj na slnku, za s\u00famraku)<\/li>\n<li><strong>dlh\u00fd dosah<\/strong>\u00a0(100 m)<\/li>\n<li><strong>r\u00fdchle meranie<\/strong>\u00a0(&lt; 3 sekundy)<\/li>\n<li><strong>\u00fa\u010dinn\u00e9 tlmenie vibr\u00e1ci\u00ed<\/strong>\u00a0\u2013 magnetick\u00fd kompenz\u00e1tor<\/li>\n<li><strong>automatick\u00e9 aj klasick\u00e9 meranie<\/strong><\/li>\n<li>i<strong>ntuit\u00edvne ovl\u00e1danie<\/strong> \u2013 \u201cdotykov\u00e9\u201d tla\u010didlo spustenia merania a dobre \u010ditate\u013en\u00fd LCD displej<\/li>\n<li><strong>nivel\u00e1cia vzh\u013eadom ku kontroln\u00e9mu bodu<\/strong><\/li>\n<li><strong>stupe\u0148 odolnosti<\/strong>\u00a0(IP55)<\/li>\n<li><strong>intern\u00e1 pam\u00e4\u0165 meran\u00ed<\/strong>\u00a0(1000 d\u00e1t)<\/li>\n<li><strong>interface USB\u200b<\/strong><\/li>\n<li><strong>PC softv\u00e9r<\/strong>\u00a0\u2013 prenos d\u00e1t do po\u010d\u00edta\u010da (konverzia d\u00e1t do form\u00e1tu Excel)<\/li>\n<li><strong>v\u00fdkonn\u00e9 nap\u00e1janie<\/strong>\u00a0(Li-ion)<\/li>\n<\/ul>\n<\/div>\n<\/div>\n<div data-id=\"bd3a840\" data-element_type=\"widget\" data-widget_type=\"heading.default\">\n<div>\n<h4>Vyu\u017eitie:<\/h4>\n<\/div>\n<\/div>\n<div class=\"elementor-element elementor-element-54b235a elementor-widget elementor-widget-text-editor\" data-id=\"54b235a\" data-element_type=\"widget\" data-widget_type=\"text-editor.default\">\n<div class=\"elementor-widget-container\">\n<ul>\n<li><strong>klasick\u00e1 nivel\u00e1cia<\/strong>\u00a0\u2013 ur\u010denie v\u00fd\u0161kov\u00e9ho rozdielu v ter\u00e9ne<\/li>\n<li><strong>zemn\u00e9 pr\u00e1ce<\/strong>\u00a0\u2013 vyrovnanie ter\u00e9nu, v\u00fdkopy<\/li>\n<li><strong>stavba ciest<\/strong><\/li>\n<li><strong>dla\u017eobn\u00e9 pr\u00e1ce<\/strong>\u00a0\u2013 v\u00fdstavba parkov\u00edsk, pr\u00edjazdov\u00fdch ciest, ter\u00e1s<\/li>\n<li><strong>vod\u00e1rske a kanaliza\u010dn\u00e9 pr\u00e1ce<\/strong>\u00a0\u2013 kontrola h\u013abky v\u00fdkopu a polo\u017een\u00e9ho potrubia<\/li>\n<li><strong>z\u00e1hradn\u00edctvo a po\u013enohospod\u00e1rstvo<\/strong><\/li>\n<\/ul>\n<\/div>\n<\/div>\n","protected":false},"excerpt":{"rendered":"<div class=\"elementor-element elementor-element-c25813a elementor-widget elementor-widget-text-editor\" data-id=\"c25813a\" data-element_type=\"widget\" data-widget_type=\"text-editor.default\">\n<div class=\"elementor-widget-container\">\n<div class=\"text-sm leading-normal text-excerpt mt-6\">\n<div class=\"woocommerce-product-details__short-description\">\n<ul>\n<li><strong>Digit\u00e1lny nivela\u010dn\u00fd pr\u00edstroj<\/strong>, 32 n\u00e1sobn\u00e9 zv\u00e4\u010d\u0161enie<\/li>\n<li><strong>Vysok\u00e1 presnos\u0165 elektronick\u00fdch meran\u00ed,<\/strong>\u00a01,0 mm \/ 1 km<\/li>\n<li><strong>Komfortn\u00e1 pr\u00e1ca,\u00a0<\/strong>pam\u00e4\u0165 a\u017e 1000 z\u00e1znamov, USB<\/li>\n<li><strong>Bezpe\u010dn\u00e9 pou\u017e\u00edvanie po cel\u00e9 roky,\u00a0<\/strong>spo\u013eahliv\u00fd a osved\u010den\u00fd pr\u00edstroj<\/li>\n<\/ul>\n<\/div>\n[html_block id=\"30167\"]\n<\/div>\n<\/div>\n<\/div>\n","protected":false},"featured_media":27324,"template":"","meta":{"_acf_changed":false},"product_brand":[],"product_cat":[307],"product_tag":[],"branze":[],"class_list":{"0":"post-30495","1":"product","2":"type-product","3":"status-publish","4":"has-post-thumbnail","6":"product_cat-opticke-nivelacne-pristroje-teodolity","8":"first","9":"instock","10":"shipping-taxable","11":"product-type-simple"},"acf":[],"_links":{"self":[{"href":"https:\/\/nivelsystem.com\/sk\/wp-json\/wp\/v2\/product\/30495","targetHints":{"allow":["GET"]}}],"collection":[{"href":"https:\/\/nivelsystem.com\/sk\/wp-json\/wp\/v2\/product"}],"about":[{"href":"https:\/\/nivelsystem.com\/sk\/wp-json\/wp\/v2\/types\/product"}],"version-history":[{"count":0,"href":"https:\/\/nivelsystem.com\/sk\/wp-json\/wp\/v2\/product\/30495\/revisions"}],"wp:featuredmedia":[{"embeddable":true,"href":"https:\/\/nivelsystem.com\/sk\/wp-json\/wp\/v2\/media\/27324"}],"wp:attachment":[{"href":"https:\/\/nivelsystem.com\/sk\/wp-json\/wp\/v2\/media?parent=30495"}],"wp:term":[{"taxonomy":"product_brand","embeddable":true,"href":"https:\/\/nivelsystem.com\/sk\/wp-json\/wp\/v2\/product_brand?post=30495"},{"taxonomy":"product_cat","embeddable":true,"href":"https:\/\/nivelsystem.com\/sk\/wp-json\/wp\/v2\/product_cat?post=30495"},{"taxonomy":"product_tag","embeddable":true,"href":"https:\/\/nivelsystem.com\/sk\/wp-json\/wp\/v2\/product_tag?post=30495"},{"taxonomy":"branze","embeddable":true,"href":"https:\/\/nivelsystem.com\/sk\/wp-json\/wp\/v2\/branze?post=30495"}],"curies":[{"name":"wp","href":"https:\/\/api.w.org\/{rel}","templated":true}]}}