{"id":30469,"date":"1970-06-02T13:58:27","date_gmt":"1970-06-02T13:58:27","guid":{"rendered":"https:\/\/nivelsystem.com\/produkt\/plv-1a\/"},"modified":"2024-07-02T08:29:06","modified_gmt":"2024-07-02T08:29:06","slug":"plv-1a","status":"publish","type":"product","link":"https:\/\/nivelsystem.com\/sk\/produkt\/plv-1a\/","title":{"rendered":"Laserov\u00fd preva\u017eova\u010d PLV-1A"},"content":{"rendered":"<div data-id=\"87eacf6\" data-element_type=\"widget\" data-widget_type=\"heading.default\">\n<div>\n<h2>Laserov\u00fd preva\u017eova\u010d Nivel system PLV-1A (oddelite\u013en\u00e1 trojno\u017eka)<\/h2>\n<\/div>\n<\/div>\n<div class=\"elementor-element elementor-element-a87d091 elementor-widget elementor-widget-text-editor\" data-id=\"a87d091\" data-element_type=\"widget\" data-widget_type=\"text-editor.default\">\n<div class=\"elementor-widget-container\">\n<p>Laserov\u00e9 preva\u017eova\u010de PLV-1A a PLV-1B s\u00fa vybaven\u00e9 laserovou technol\u00f3giou a vysoko kvalitnou optikou. Tieto pr\u00edstroje umo\u017e\u0148uj\u00fa vyzna\u010denie zvisl\u00edc a bodov, nach\u00e1dzaj\u00facich sa zvisle hore a dole. Presn\u00e9 vyt\u00fd\u010denie laserov\u00fdm l\u00fa\u010dom n\u00e1jde svoje uplatnenie v stavebn\u00edctve, geod\u00e9zii, priemysle, ban\u00edctve a \u010fal\u0161\u00edch in\u017einierskych odvetviach.<\/p>\n<ul>\n<li><strong>vysok\u00e9 rozl\u00ed\u0161enie, ve\u013ek\u00e9 zorn\u00e9 pole<\/strong>\u00a0\u2013 vysoko kvalitn\u00fd optick\u00fd syst\u00e9m, mo\u017enos\u0165 prisp\u00f4sobi\u0165 jas laseru pracovn\u00fdm podmienkam<\/li>\n<li><strong>inova\u010dn\u00e9 laserov\u00e1 technol\u00f3gia<\/strong>\u00a0\u2013 presn\u00e9 ur\u010denie bodov zvislice, jasn\u00fd laserov\u00fd l\u00fa\u010d<\/li>\n<li><strong>odolnos\u0165 vo\u010di otrasom<\/strong><\/li>\n<li><strong>jednoduch\u00e9 ovl\u00e1danie<\/strong> \u2013 praktick\u00e9 potenciometre v\u00e1m umo\u017enia spravova\u0165 funkcie pr\u00edstroja. Tla\u010didlo regul\u00e1cie ostrosti do nekone\u010dna<\/li>\n<li><strong>pevn\u00e1 a odoln\u00e1 kon\u0161trukcia<\/strong> \u2013 kon\u0161trukcia je prisp\u00f4soben\u00e1 najn\u00e1ro\u010dnej\u0161\u00edm pracovn\u00fdm podmienkam \u2013 pr\u00edstroj je odoln\u00fd vo\u010di vode a prachu (IP55)<\/li>\n<\/ul>\n<\/div>\n<\/div>\n<div data-id=\"bd3a840\" data-element_type=\"widget\" data-widget_type=\"heading.default\">\n<div>\n<h4>Vyu\u017eitie:<\/h4>\n<\/div>\n<\/div>\n<div class=\"elementor-element elementor-element-54b235a elementor-widget elementor-widget-text-editor\" data-id=\"54b235a\" data-element_type=\"widget\" data-widget_type=\"text-editor.default\">\n<div class=\"elementor-widget-container\">\n<ul>\n<li><strong>le\u0161enia<\/strong><\/li>\n<li><strong>vysok\u00e9 stavby<\/strong><\/li>\n<li><strong>v\u00fd\u0165ahov\u00e9 \u0161achty<\/strong><\/li>\n<li><strong>\u0165a\u017eba<\/strong><\/li>\n<li><strong>\u010fal\u0161ie pr\u00e1ce<\/strong>, ktor\u00e9 si vy\u017eaduj\u00fa zvislicu<\/li>\n<\/ul>\n<\/div>\n<\/div>\n","protected":false},"excerpt":{"rendered":"<div class=\"elementor-element elementor-element-c25813a elementor-widget elementor-widget-text-editor\" data-id=\"c25813a\" data-element_type=\"widget\" data-widget_type=\"text-editor.default\">\n<div class=\"elementor-widget-container\">\n<div class=\"text-sm leading-normal text-excerpt mt-6\">\n<div class=\"woocommerce-product-details__short-description\">\n<ul>\n<li><strong>\u0160irok\u00e9 zorn\u00e9 pole s vysok\u00fdm rozl\u00ed\u0161en\u00edm<\/strong><\/li>\n<li><strong>Presn\u00e9 nastavenie olovnice<\/strong><\/li>\n<li><strong>Odoln\u00fd vo\u010di n\u00e1razom, odoln\u00e1 trojno\u017eka<\/strong><\/li>\n<li><strong>Bezpe\u010dn\u00e9 pou\u017e\u00edvanie po cel\u00e9 roky,<\/strong>\u00a0spo\u013eahliv\u00fd, preveren\u00fd dizajn (IP55)<\/li>\n<\/ul>\n<\/div>\n[html_block id=\"30167\"]\n<\/div>\n<\/div>\n<\/div>\n","protected":false},"featured_media":27615,"template":"","meta":{"_acf_changed":false},"product_brand":[],"product_cat":[310],"product_tag":[],"branze":[],"class_list":{"0":"post-30469","1":"product","2":"type-product","3":"status-publish","4":"has-post-thumbnail","6":"product_cat-vodovahy-laserove-olovnice","8":"first","9":"instock","10":"shipping-taxable","11":"product-type-simple"},"acf":[],"_links":{"self":[{"href":"https:\/\/nivelsystem.com\/sk\/wp-json\/wp\/v2\/product\/30469","targetHints":{"allow":["GET"]}}],"collection":[{"href":"https:\/\/nivelsystem.com\/sk\/wp-json\/wp\/v2\/product"}],"about":[{"href":"https:\/\/nivelsystem.com\/sk\/wp-json\/wp\/v2\/types\/product"}],"version-history":[{"count":0,"href":"https:\/\/nivelsystem.com\/sk\/wp-json\/wp\/v2\/product\/30469\/revisions"}],"wp:featuredmedia":[{"embeddable":true,"href":"https:\/\/nivelsystem.com\/sk\/wp-json\/wp\/v2\/media\/27615"}],"wp:attachment":[{"href":"https:\/\/nivelsystem.com\/sk\/wp-json\/wp\/v2\/media?parent=30469"}],"wp:term":[{"taxonomy":"product_brand","embeddable":true,"href":"https:\/\/nivelsystem.com\/sk\/wp-json\/wp\/v2\/product_brand?post=30469"},{"taxonomy":"product_cat","embeddable":true,"href":"https:\/\/nivelsystem.com\/sk\/wp-json\/wp\/v2\/product_cat?post=30469"},{"taxonomy":"product_tag","embeddable":true,"href":"https:\/\/nivelsystem.com\/sk\/wp-json\/wp\/v2\/product_tag?post=30469"},{"taxonomy":"branze","embeddable":true,"href":"https:\/\/nivelsystem.com\/sk\/wp-json\/wp\/v2\/branze?post=30469"}],"curies":[{"name":"wp","href":"https:\/\/api.w.org\/{rel}","templated":true}]}}