{"id":30457,"date":"1970-10-02T14:35:20","date_gmt":"1970-10-02T14:35:20","guid":{"rendered":"https:\/\/nivelsystem.com\/produkt\/dl60\/"},"modified":"2024-07-02T08:30:04","modified_gmt":"2024-07-02T08:30:04","slug":"dl60","status":"publish","type":"product","link":"https:\/\/nivelsystem.com\/sk\/produkt\/dl60\/","title":{"rendered":"Digit\u00e1lna vodov\u00e1ha DL60"},"content":{"rendered":"<div data-id=\"87eacf6\" data-element_type=\"widget\" data-widget_type=\"heading.default\">\n<div>\n<h2>Nivel system DL60<\/h2>\n<\/div>\n<\/div>\n<div class=\"elementor-element elementor-element-a87d091 elementor-widget elementor-widget-text-editor\" data-id=\"a87d091\" data-element_type=\"widget\" data-widget_type=\"text-editor.default\">\n<div class=\"elementor-widget-container\">\n<p>Presn\u00e1 digit\u00e1lna vodov\u00e1ha, ktor\u00e1 zobrazuje polohu prostredn\u00edctvom LCD displeja. M\u00f4\u017ee pracova\u0165 v prevr\u00e1tenej polohe (o 180 stup\u0148ov \u201chore nohami\u201d). Ak je \u010d\u00edtanie z LCD displeja \u0165a\u017ek\u00e9, je mo\u017en\u00e9 \u201cpodr\u017ea\u0165\u201d hodnoty na displeji. V pr\u00edpade potreby je mo\u017en\u00e9 zapn\u00fa\u0165 zvukov\u00e9 upozornenie pri dosiahnut\u00ed roviny. Pr\u00edstroj zaujme predov\u0161etk\u00fdm jednoduchos\u0165ou pou\u017eitia a spo\u013eahlivos\u0165ou. Je to ide\u00e1lny n\u00e1stroj pre v\u0161eobecn\u00e9 stavebn\u00e9 pr\u00e1ce a pre v\u0161etk\u00fdch, ktor\u00ed tr\u00e1via ve\u013ek\u00fa \u010das\u0165 svojho \u010dasu nivela\u010dn\u00fdmi pr\u00e1cami a mont\u00e1\u017eou v rovine, zvislo alebo v po\u017eadovanom uhle. S DL60 to zvl\u00e1dnete r\u00fdchlej\u0161ie, presnej\u0161ie a bez ch\u00fdb.<\/p>\n<ul>\n<li><strong>viac ne\u017e len presn\u00e1 vodov\u00e1ha<\/strong> \u2013 univerz\u00e1lny a \u013eahko pou\u017eite\u013en\u00fd pr\u00edstroj (\u00b1 0,1\u00b0) pre v\u0161etky stavebn\u00e9 pr\u00e1ce, ide\u00e1lny pre pr\u00e1ce vy\u017eaduj\u00face vyty\u010dovanie vodorovnej, zvislej alebo kolmej roviny<\/li>\n<li><strong>pohodln\u00e1 pr\u00e1ca<\/strong>\u00a0\u2013 praktick\u00e1 kon\u0161trukcia, kompaktn\u00fd rozmer a \u010ditate\u013en\u00fd LCD displej zobrazuje v\u00fdsledky nivel\u00e1cie, mo\u017enos\u0165 podr\u017eania v\u00fdsledku a tie\u017e mo\u017enos\u0165 pr\u00e1ce s vodov\u00e1hou v obr\u00e1tenej polohe<\/li>\n<li><strong>pohodln\u00e9 pracovn\u00e9 re\u017eimy<\/strong>\u00a0\u2013 hodnoty mo\u017eno zobrazi\u0165 v percent\u00e1ch alebo v stup\u0148och<\/li>\n<li><strong>osved\u010den\u00fd pr\u00edstroj<\/strong> \u2013 pr\u00edstroj je odoln\u00fd vo\u010di n\u00e1ro\u010dn\u00fdm pracovn\u00fdm podmienkam na stavenisku a je chr\u00e1nen\u00fd z\u00e1ru\u010dn\u00fdm aj poz\u00e1ru\u010dn\u00fdm servisom<\/li>\n<\/ul>\n<\/div>\n<\/div>\n<div data-id=\"bd3a840\" data-element_type=\"widget\" data-widget_type=\"heading.default\">\n<div>\n<h4>Vyu\u017eitie:<\/h4>\n<\/div>\n<\/div>\n<div class=\"elementor-element elementor-element-54b235a elementor-widget elementor-widget-text-editor\" data-id=\"54b235a\" data-element_type=\"widget\" data-widget_type=\"text-editor.default\">\n<div class=\"elementor-widget-container\">\n<ul>\n<li><strong>dokon\u010dovacie pr\u00e1ce<\/strong><\/li>\n<li><strong>pokl\u00e1dka dla\u017eby<\/strong>, obklady<\/li>\n<li><strong>pr\u00e1ca so sadrokart\u00f3nom<\/strong><\/li>\n<li><strong>mont\u00e1\u017ene a stavebn\u00e9 pr\u00e1ce<\/strong><\/li>\n<\/ul>\n<\/div>\n<\/div>\n","protected":false},"excerpt":{"rendered":"<div class=\"elementor-element elementor-element-c25813a elementor-widget elementor-widget-text-editor\" data-id=\"c25813a\" data-element_type=\"widget\" data-widget_type=\"text-editor.default\">\n<div class=\"elementor-widget-container\">\n<div class=\"text-sm leading-normal text-excerpt mt-6\">\n<ul>\n<li><strong>Presn\u00e9 a r\u00fdchle merania, \u00b1 1 \u00b0<\/strong><\/li>\n<li><strong>Osved\u010den\u00e1 pevn\u00e1 kovov\u00e1 kon\u0161trukcia<\/strong><\/li>\n<li><strong>Pohodln\u00e1 pr\u00e1ca,\u00a0<\/strong>jasn\u00fd LCD displej<\/li>\n<li><strong>Mo\u017enos\u0165 pracova\u0165 v obr\u00e1tenej polohe,<\/strong>\u00a0\u013eahk\u00e1 kalibr\u00e1cia<\/li>\n<\/ul>\n[html_block id=\"30167\"]\n<\/div>\n<\/div>\n<\/div>\n","protected":false},"featured_media":27630,"template":"","meta":{"_acf_changed":false},"product_brand":[],"product_cat":[310],"product_tag":[],"branze":[],"class_list":{"0":"post-30457","1":"product","2":"type-product","3":"status-publish","4":"has-post-thumbnail","6":"product_cat-vodovahy-laserove-olovnice","8":"first","9":"instock","10":"shipping-taxable","11":"product-type-simple"},"acf":[],"_links":{"self":[{"href":"https:\/\/nivelsystem.com\/sk\/wp-json\/wp\/v2\/product\/30457","targetHints":{"allow":["GET"]}}],"collection":[{"href":"https:\/\/nivelsystem.com\/sk\/wp-json\/wp\/v2\/product"}],"about":[{"href":"https:\/\/nivelsystem.com\/sk\/wp-json\/wp\/v2\/types\/product"}],"version-history":[{"count":0,"href":"https:\/\/nivelsystem.com\/sk\/wp-json\/wp\/v2\/product\/30457\/revisions"}],"wp:featuredmedia":[{"embeddable":true,"href":"https:\/\/nivelsystem.com\/sk\/wp-json\/wp\/v2\/media\/27630"}],"wp:attachment":[{"href":"https:\/\/nivelsystem.com\/sk\/wp-json\/wp\/v2\/media?parent=30457"}],"wp:term":[{"taxonomy":"product_brand","embeddable":true,"href":"https:\/\/nivelsystem.com\/sk\/wp-json\/wp\/v2\/product_brand?post=30457"},{"taxonomy":"product_cat","embeddable":true,"href":"https:\/\/nivelsystem.com\/sk\/wp-json\/wp\/v2\/product_cat?post=30457"},{"taxonomy":"product_tag","embeddable":true,"href":"https:\/\/nivelsystem.com\/sk\/wp-json\/wp\/v2\/product_tag?post=30457"},{"taxonomy":"branze","embeddable":true,"href":"https:\/\/nivelsystem.com\/sk\/wp-json\/wp\/v2\/branze?post=30457"}],"curies":[{"name":"wp","href":"https:\/\/api.w.org\/{rel}","templated":true}]}}