{"id":30437,"date":"1980-06-03T14:14:59","date_gmt":"1980-06-03T14:14:59","guid":{"rendered":"https:\/\/nivelsystem.com\/produkt\/hdm-70g\/"},"modified":"2025-03-17T09:25:00","modified_gmt":"2025-03-17T09:25:00","slug":"hdm-70g","status":"publish","type":"product","link":"https:\/\/nivelsystem.com\/sk\/produkt\/hdm-70g\/","title":{"rendered":"Laserov\u00fd dia\u013ekomer HDM-70G"},"content":{"rendered":"<div class=\"elementor-element elementor-element-87eacf6 elementor-widget elementor-widget-heading\" data-id=\"87eacf6\" data-element_type=\"widget\" data-widget_type=\"heading.default\">\n<div class=\"elementor-widget-container\">\n<div>\n<h2>Laserov\u00fd dia\u013ekomer Nivel System HDM-70G<\/h2>\n<\/div>\n<\/div>\n<\/div>\n<div class=\"elementor-element elementor-element-3c1a4a3 elementor-widget elementor-widget-heading\" data-id=\"3c1a4a3\" data-element_type=\"widget\" data-widget_type=\"heading.default\">\n<div class=\"elementor-widget-container\">\n<div data-id=\"3c1a4a3\" data-element_type=\"widget\" data-widget_type=\"heading.default\">\n<div>\n<h2>Presn\u00e9 a funk\u010dn\u00e9 dia\u013ekomery so zelen\u00fdm l\u00fa\u010dom s bluetoothom<\/h2>\n<\/div>\n<\/div>\n<\/div>\n<\/div>\n<div class=\"elementor-element elementor-element-54b235a elementor-widget elementor-widget-text-editor\" data-id=\"54b235a\" data-element_type=\"widget\" data-widget_type=\"text-editor.default\">\n<div class=\"elementor-widget-container\">\n<div class=\"elementor-element elementor-element-a87d091 elementor-widget elementor-widget-text-editor\" data-id=\"a87d091\" data-element_type=\"widget\" data-widget_type=\"text-editor.default\">\n<div class=\"elementor-widget-container\">\n<p>Laserov\u00e9 dia\u013ekomery s\u00e9rie HDM Nivel System s\u00fa najmodernej\u0161ie pr\u00edstroje vybaven\u00e9 najnov\u0161\u00edm procesorom, ktor\u00fd zais\u0165uje r\u00fdchle, presn\u00e9 a pokro\u010dil\u00e9 merania. Pr\u00edstroj je ovl\u00e1dan\u00fd pohodln\u00fdm ovl\u00e1dac\u00edm panelom s ve\u013ekou a farebnou obrazovkou, ktor\u00e1 zobrazuje nameran\u00e9 hodnoty a v\u00fdsledn\u00e9 v\u00fdpo\u010dty. V\u00fdsledky sa ulo\u017eia do pam\u00e4te pr\u00edstroja a daj\u00fa sa pren\u00e1\u0161a\u0165 do po\u010d\u00edta\u010da (cez USB) alebo do mobiln\u00fdch zariaden\u00ed (cez Bluetooth). Tento pr\u00edstroj sa st\u00e1va prenosnou meracou stanicou, ktor\u00e1 poskytuje nielen inform\u00e1cie o d\u013a\u017eke dan\u00e9ho \u00faseku, ale aj mno\u017estvo \u010fal\u0161\u00edch komplexn\u00fdch \u00fadajov po\u017eadovan\u00fdch na stavenisk\u00e1ch a v projek\u010dn\u00fdch kancel\u00e1ri\u00e1ch. Dia\u013ekomery sa zmestia do ka\u017edej kapsy. S\u00fa \u013eahk\u00e9, praktick\u00e9 a \u013eahko sa pou\u017e\u00edvaj\u00fa pri pr\u00e1ci v ter\u00e9ne a ich \u00fa\u010dinn\u00e9 bat\u00e9rie zais\u0165uj\u00fa, \u017ee prev\u00e1dzka je pohodln\u00e1 a dlhodob\u00e1.<\/p>\n<div class=\"elementor-element elementor-element-a87d091 elementor-widget elementor-widget-text-editor\" data-id=\"a87d091\" data-element_type=\"widget\" data-widget_type=\"text-editor.default\">\n<div class=\"elementor-widget-container\">\n<ul>\n<li><strong>r\u00fdchle, presn\u00e9 a spo\u013eahliv\u00e9 merania<\/strong> \u2013 vysokov\u00fdkonn\u00fd procesor zais\u0165uje vysok\u00fa presnos\u0165 a \u0161irok\u00fa \u0161k\u00e1lu funkci\u00ed<\/li>\n<li><strong>ve\u013ek\u00e9 mo\u017enosti merania s mo\u017enos\u0165ou ukladania a prenosu \u00fadajov do po\u010d\u00edta\u010da<\/strong> \u2013 softv\u00e9r dok\u00e1\u017ee zmera\u0165 vzdialenosti a vykon\u00e1va\u0165\u00a0 v\u00fdpo\u010dty na ich z\u00e1klade (napr. s\u010d\u00edtanie, od\u010d\u00edtanie, plocha, objem), ktor\u00e9 sa m\u00f4\u017eu ulo\u017ei\u0165 do pam\u00e4te a prenies\u0165 do po\u010d\u00edta\u010da<\/li>\n<li><strong>prenos nameran\u00fdch \u00fadajov (ter\u00e9nna kancel\u00e1ria)<\/strong>\u00a0\u2013 bezplatn\u00e1 aplik\u00e1cia n\u00e1m umo\u017e\u0148uje uklada\u0165 \u00fadaje do mobiln\u00e9ho zariadenia a r\u00fdchlo ich posiela\u0165 e-mailom do kancel\u00e1rie<\/li>\n<li><strong>\u010ditate\u013en\u00e9 inform\u00e1cie<\/strong>\u00a0\u2013 ve\u013ek\u00e1 farebn\u00e1 obrazovka jasne zobrazuje najd\u00f4le\u017eitej\u0161ie \u00fadaje z merania<\/li>\n<li><strong>meranie v nepr\u00edstupn\u00fdch priestoroch<\/strong> \u2013 na z\u00edskanie nepriamych meran\u00ed v\u00fd\u0161ky alebo \u0161\u00edrky je mo\u017en\u00e9 pou\u017ei\u0165 komplexn\u00e9 funkcie Pythagorov\u00fa vetu alebo digit\u00e1lnu vodov\u00e1hu, ktor\u00e9 podporuj\u00fa pr\u00e1ce v ter\u00e9ne<\/li>\n<li><strong>\u010fal\u0161ie \u0161peci\u00e1lne vlastnosti<\/strong> \u2013 nastavenie, nepretr\u017eit\u00e9 meranie \/ min. \u2013 max. funkcia, meranie s oneskoren\u00edm<\/li>\n<li><strong>pr\u00e1ca od tela pr\u00edstroja<\/strong> \u2013 meranie je mo\u017en\u00e9 vykon\u00e1va\u0165 od za\u010diatku a konca pr\u00edstroja alebo od rohovej p\u00e1\u010dky (merania uhloprie\u010dky)<\/li>\n<li><strong>jednoduch\u00e9 pou\u017eitie<\/strong> \u2013 merania sa vykon\u00e1vaj\u00fa jedn\u00fdm dotykom a kl\u00e1vesov\u00e9 skratky ur\u00fdch\u013euj\u00fa pr\u00edstup k naj\u010dastej\u0161ie pou\u017e\u00edvan\u00fdm funkci\u00e1m; pr\u00edstroj je vybaven\u00fd \u00fa\u010dinn\u00fdmi bat\u00e9riami<\/li>\n<li><strong>mal\u00fd a praktick\u00fd<\/strong> \u2013 zmest\u00ed sa do ka\u017ed\u00e9ho vrecka, praktick\u00fd kryt na bezpe\u010dn\u00e9 uchopenie<\/li>\n<li><strong>bezpe\u010dn\u00e1 prev\u00e1dzka po cel\u00e9 roky<\/strong>\u00a0\u2013 odoln\u00fd vo\u010di nepriazniv\u00fdm pracovn\u00fdm podmienkam na stavenisk\u00e1ch, pln\u00fd z\u00e1ru\u010dn\u00fd a poz\u00e1ru\u010dn\u00fd servis autorizovan\u00fdm servisn\u00fdm strediskom Nivel System<\/li>\n<\/ul>\n<\/div>\n<\/div>\n<div data-id=\"bd3a840\" data-element_type=\"widget\" data-widget_type=\"heading.default\">\n<div>\n<h2>Vyu\u017eitie:<\/h2>\n<\/div>\n<\/div>\n<div class=\"elementor-element elementor-element-54b235a elementor-widget elementor-widget-text-editor\" data-id=\"54b235a\" data-element_type=\"widget\" data-widget_type=\"text-editor.default\">\n<div class=\"elementor-widget-container\">\n<ul>\n<li><strong>meranie vzdialenost\u00ed<\/strong><\/li>\n<li><strong>kalkul\u00e1cia<\/strong><\/li>\n<li><strong>dokon\u010dovacie pr\u00e1ce<\/strong><\/li>\n<li><strong>mur\u00e1rske pr\u00e1ce<\/strong><\/li>\n<li><strong>kontrola a odhady<\/strong><\/li>\n<li><strong>mont\u00e1\u017ene a stavebn\u00e9 pr\u00e1ce<\/strong><\/li>\n<li><strong>in\u00e9 pr\u00e1ce vy\u017eaduj\u00face meranie vzdialenosti, plochy a objemu<\/strong><\/li>\n<\/ul>\n<\/div>\n<\/div>\n<\/div>\n<\/div>\n<\/div>\n<\/div>\n","protected":false},"excerpt":{"rendered":"<div class=\"elementor-element elementor-element-c25813a elementor-widget elementor-widget-text-editor\" data-id=\"c25813a\" data-element_type=\"widget\" data-widget_type=\"text-editor.default\">\n<div class=\"elementor-widget-container\">\n<div class=\"text-sm leading-normal text-excerpt mt-6\">\n<div class=\"woocommerce-product-details__short-description\">\n<ul>\n<li><strong>Ve\u013emi dobre vidite\u013en\u00fd zelen\u00fd laser<\/strong><\/li>\n<li><strong>R\u00fdchle a presn\u00e9 merania,\u00a0<\/strong>dosah 70 metrov<\/li>\n<li><strong>Meranie vzdialenosti,\u00a0<\/strong>plochy, objemu a nepriame meranie<\/li>\n<li><strong>Bluetooth \/ USB<\/strong>,<strong>\u00a0funkcia Maliar, pam\u00e4\u0165 a\u017e 100 z\u00e1znamov<\/strong><\/li>\n<li><strong>Bezpe\u010dn\u00e9 pou\u017e\u00edvanie po cel\u00e9 roky,\u00a0<\/strong>spo\u013eahliv\u00fd, preveren\u00fd dizajn (IP54)<\/li>\n<\/ul>\n<\/div>\n[html_block id=\"30167\"]\n<\/div>\n<\/div>\n<\/div>\n","protected":false},"featured_media":27021,"template":"","meta":{"_acf_changed":false},"product_brand":[],"product_cat":[304],"product_tag":[],"branze":[],"class_list":{"0":"post-30437","1":"product","2":"type-product","3":"status-publish","4":"has-post-thumbnail","6":"product_cat-laserove-dialkomery","8":"first","9":"instock","10":"shipping-taxable","11":"product-type-simple"},"acf":[],"_links":{"self":[{"href":"https:\/\/nivelsystem.com\/sk\/wp-json\/wp\/v2\/product\/30437","targetHints":{"allow":["GET"]}}],"collection":[{"href":"https:\/\/nivelsystem.com\/sk\/wp-json\/wp\/v2\/product"}],"about":[{"href":"https:\/\/nivelsystem.com\/sk\/wp-json\/wp\/v2\/types\/product"}],"version-history":[{"count":1,"href":"https:\/\/nivelsystem.com\/sk\/wp-json\/wp\/v2\/product\/30437\/revisions"}],"predecessor-version":[{"id":114310,"href":"https:\/\/nivelsystem.com\/sk\/wp-json\/wp\/v2\/product\/30437\/revisions\/114310"}],"wp:featuredmedia":[{"embeddable":true,"href":"https:\/\/nivelsystem.com\/sk\/wp-json\/wp\/v2\/media\/27021"}],"wp:attachment":[{"href":"https:\/\/nivelsystem.com\/sk\/wp-json\/wp\/v2\/media?parent=30437"}],"wp:term":[{"taxonomy":"product_brand","embeddable":true,"href":"https:\/\/nivelsystem.com\/sk\/wp-json\/wp\/v2\/product_brand?post=30437"},{"taxonomy":"product_cat","embeddable":true,"href":"https:\/\/nivelsystem.com\/sk\/wp-json\/wp\/v2\/product_cat?post=30437"},{"taxonomy":"product_tag","embeddable":true,"href":"https:\/\/nivelsystem.com\/sk\/wp-json\/wp\/v2\/product_tag?post=30437"},{"taxonomy":"branze","embeddable":true,"href":"https:\/\/nivelsystem.com\/sk\/wp-json\/wp\/v2\/branze?post=30437"}],"curies":[{"name":"wp","href":"https:\/\/api.w.org\/{rel}","templated":true}]}}