{"id":30421,"date":"1980-06-05T13:32:28","date_gmt":"1980-06-05T13:32:28","guid":{"rendered":"https:\/\/nivelsystem.com\/produkt\/hdm-9g\/"},"modified":"2024-07-02T08:08:42","modified_gmt":"2024-07-02T08:08:42","slug":"hdm-9g","status":"publish","type":"product","link":"https:\/\/nivelsystem.com\/sk\/produkt\/hdm-9g\/","title":{"rendered":"Laserov\u00fd dia\u013ekomer HDM-9G"},"content":{"rendered":"<div class=\"elementor-element elementor-element-87eacf6 elementor-widget elementor-widget-heading\" data-id=\"87eacf6\" data-element_type=\"widget\" data-widget_type=\"heading.default\">\n<div class=\"elementor-widget-container\">\n<div>\n<h2>Laserov\u00fd dia\u013ekomer Nivel System HDM-9G na 90 metrov<\/h2>\n<\/div>\n<\/div>\n<\/div>\n<div class=\"elementor-element elementor-element-3c1a4a3 elementor-widget elementor-widget-heading\" data-id=\"3c1a4a3\" data-element_type=\"widget\" data-widget_type=\"heading.default\">\n<div class=\"elementor-widget-container\">\n<div data-id=\"3c1a4a3\" data-element_type=\"widget\" data-widget_type=\"heading.default\">\n<div>\n<h2>Presn\u00e9 a funk\u010dn\u00e9 dia\u013ekomery so zelen\u00fdm l\u00fa\u010dom<\/h2>\n<\/div>\n<\/div>\n<\/div>\n<\/div>\n<div class=\"elementor-element elementor-element-54b235a elementor-widget elementor-widget-text-editor\" data-id=\"54b235a\" data-element_type=\"widget\" data-widget_type=\"text-editor.default\">\n<div class=\"elementor-widget-container\">\n<div class=\"elementor-element elementor-element-a87d091 elementor-widget elementor-widget-text-editor\" data-id=\"a87d091\" data-element_type=\"widget\" data-widget_type=\"text-editor.default\">\n<div class=\"elementor-widget-container\">\n<p>Predstavujeme V\u00e1m s\u00e9riu laserov\u00fdch dia\u013ekomerov <strong>Nivel System<\/strong> ur\u010den\u00fdch na meranie pri ak\u00fdchko\u013evek stavebn\u00fdch pr\u00e1cach, skupinu najlep\u0161\u00edch merac\u00edch pr\u00edstrojov na trhu za t\u00fato cenu. V\u010faka svojim parametrom (dlh\u00fd dosah, vysok\u00e1 presnos\u0165) poskytuj\u00fa dia\u013ekomery presn\u00e9 a r\u00fdchle ur\u010denie d\u013a\u017eky. V\u00fdrobky v\u00e1m umo\u017e\u0148uj\u00fa presne zmera\u0165 vzdialenos\u0165 a na tomto z\u00e1klade vykona\u0165 ve\u013ea v\u00fdpo\u010dtov. Zelen\u00fd a jasn\u00fd laserov\u00fd bod u\u013eah\u010duje zacielenie na objekty. Ve\u013ek\u00e1, \u013eahko \u010ditate\u013en\u00e1 podsvieten\u00e1 obrazovka sa pou\u017e\u00edva na \u010d\u00edtanie aktu\u00e1lnych meran\u00ed a v\u00fdpo\u010dtov. Softv\u00e9r a pam\u00e4\u0165 pre posledn\u00fdch nameran\u00fdch 100 hodn\u00f4t u\u013eah\u010duj\u00fa meranie, s\u00fa r\u00fdchle a spo\u013eahliv\u00e9.<\/p>\n<\/div>\n<\/div>\n<div class=\"elementor-element elementor-element-54b235a elementor-widget elementor-widget-text-editor\" data-id=\"54b235a\" data-element_type=\"widget\" data-widget_type=\"text-editor.default\">\n<div class=\"elementor-widget-container\">\n<div class=\"elementor-element elementor-element-a87d091 elementor-widget elementor-widget-text-editor\" data-id=\"a87d091\" data-element_type=\"widget\" data-widget_type=\"text-editor.default\">\n<div class=\"elementor-widget-container\">\n<ul>\n<li><strong>r\u00fdchle, presn\u00e9 a spo\u013eahliv\u00e9 merania<\/strong>\u00a0\u2013 presnos\u0165 \u00b1 2,0 mm, merania vo vn\u00fatri a vonku<\/li>\n<li><strong>nov\u00fd procesor<\/strong> <strong>\u2013<\/strong> pre r\u00fdchle a presn\u00e9 merania<\/li>\n<li><strong>ve\u013ek\u00e9 mo\u017enosti merania so schopnos\u0165ou zaznamen\u00e1va\u0165 a\u017e 100 hodn\u00f4t<\/strong> \u2013 softv\u00e9r dia\u013ekomerov dok\u00e1\u017ee mera\u0165 vzdialenosti a vykon\u00e1va\u0165 v\u00fdpo\u010dty (napr\u00edklad s\u010d\u00edtanie, od\u010d\u00edtanie, plocha a objem)<\/li>\n<li><strong>meranie v nedostupn\u00fdch priestoroch<\/strong>\u00a0\u2013 funkcia Pythagoras v\u00e1m umo\u017e\u0148uje zmera\u0165 nepriame v\u00fd\u0161ky alebo \u0161\u00edrky<\/li>\n<li><strong>\u010fal\u0161ie \u0161peci\u00e1lne vlastnosti<\/strong> \u2013 funkcia \u201emaliar\u201c, nepretr\u017eit\u00e9 meranie \/ min. \u2013 max. funkcia, meranie s oneskoren\u00edm<\/li>\n<li><strong>pr\u00e1ca od tela pr\u00edstroja<\/strong> \u2013 meranie je mo\u017en\u00e9 vykon\u00e1va\u0165 z predn\u00e9ho a \u200bdoln\u00e9ho okraja dia\u013ekomeru alebo od rohovej p\u00e1\u010dky (meranie uhloprie\u010dok)<\/li>\n<li><strong>\u010ditate\u013en\u00e9 inform\u00e1cie<\/strong>\u00a0\u2013 ve\u013ek\u00e1 obrazovka s podsvieten\u00edm jasne zobrazuje najd\u00f4le\u017eitej\u0161ie \u00fadaje z merania<\/li>\n<li><strong>jednoduch\u00e9 pou\u017eitie<\/strong>\u00a0\u2013 meranie sa vykon\u00e1va stla\u010den\u00edm tla\u010didla, kl\u00e1vesov\u00e9 skratky ur\u00fdch\u013euj\u00fa pr\u00edstup k \u010dasto pou\u017e\u00edvan\u00fdm funkci\u00e1m<\/li>\n<li><strong>mal\u00fd a praktick\u00fd<\/strong> \u2013 vhodn\u00fd do ka\u017ed\u00e9ho vrecka, praktick\u00fd kryt poskytuje ist\u00fa pri\u013enavos\u0165 pre vy\u0161\u0161iu bezpe\u010dnos\u0165<\/li>\n<li><strong>pou\u017e\u00edvanie po cel\u00e9 roky<\/strong> \u2013 odoln\u00e9 vo\u010di n\u00e1ro\u010dn\u00fdm podmienkam na pracovisku, podporovan\u00e9 \u00faplnou z\u00e1ru\u010dnou a poz\u00e1ru\u010dnou autorizovanou slu\u017ebou Nivel System<\/li>\n<\/ul>\n<\/div>\n<\/div>\n<div data-id=\"bd3a840\" data-element_type=\"widget\" data-widget_type=\"heading.default\">\n<div>\n<h2>Vyu\u017eitie:<\/h2>\n<\/div>\n<\/div>\n<div class=\"elementor-element elementor-element-54b235a elementor-widget elementor-widget-text-editor\" data-id=\"54b235a\" data-element_type=\"widget\" data-widget_type=\"text-editor.default\">\n<div class=\"elementor-widget-container\">\n<ul>\n<li><strong>meranie vzdilenost\u00ed<\/strong><\/li>\n<li><strong>kalkul\u00e1cia<\/strong><\/li>\n<li><strong>dokon\u010dovacie pr\u00e1ce<\/strong><\/li>\n<li><strong>mur\u00e1rske pr\u00e1ce<\/strong><\/li>\n<li><strong>kontrola a odhady<\/strong><\/li>\n<li><strong>mont\u00e1\u017ene a stavebn\u00e9 pr\u00e1ce<\/strong><\/li>\n<li><strong>in\u00e9 pr\u00e1ce vy\u017eaduj\u00face meranie vzdialenosti, plochy a objemu<\/strong><\/li>\n<\/ul>\n<\/div>\n<\/div>\n<\/div>\n<\/div>\n<\/div>\n<\/div>\n","protected":false},"excerpt":{"rendered":"<div class=\"elementor-element elementor-element-c25813a elementor-widget elementor-widget-text-editor\" data-id=\"c25813a\" data-element_type=\"widget\" data-widget_type=\"text-editor.default\">\n<div class=\"elementor-widget-container\">\n<div class=\"text-sm leading-normal text-excerpt mt-6\">\n<div class=\"woocommerce-product-details__short-description\">\n<ul>\n<li><strong>Ve\u013emi dobre vidite\u013en\u00fd zelen\u00fd laser<\/strong><\/li>\n<li><strong>R\u00fdchle a presn\u00e9 merania,\u00a0<\/strong>dosah 90 metrov<\/li>\n<li><strong>Meranie vzdialenosti,<\/strong>\u00a0plochy, objemu a nepriamych meran\u00ed<\/li>\n<li><strong>Funkcia Maliar, pam\u00e4\u0165 a\u017e 100 z\u00e1znamov<\/strong><\/li>\n<li><strong>Bezpe\u010dn\u00e9 pou\u017e\u00edvanie po cel\u00e9 roky,\u00a0<\/strong>spo\u013eahliv\u00fd, preveren\u00fd dizajn (IP54)<\/li>\n<\/ul>\n<\/div>\n[html_block id=\"30167\"]\n<\/div>\n<\/div>\n<\/div>\n","protected":false},"featured_media":26982,"template":"","meta":{"_acf_changed":false},"product_brand":[],"product_cat":[304],"product_tag":[],"branze":[],"class_list":{"0":"post-30421","1":"product","2":"type-product","3":"status-publish","4":"has-post-thumbnail","6":"product_cat-laserove-dialkomery","8":"first","9":"instock","10":"shipping-taxable","11":"product-type-simple"},"acf":[],"_links":{"self":[{"href":"https:\/\/nivelsystem.com\/sk\/wp-json\/wp\/v2\/product\/30421","targetHints":{"allow":["GET"]}}],"collection":[{"href":"https:\/\/nivelsystem.com\/sk\/wp-json\/wp\/v2\/product"}],"about":[{"href":"https:\/\/nivelsystem.com\/sk\/wp-json\/wp\/v2\/types\/product"}],"version-history":[{"count":0,"href":"https:\/\/nivelsystem.com\/sk\/wp-json\/wp\/v2\/product\/30421\/revisions"}],"wp:featuredmedia":[{"embeddable":true,"href":"https:\/\/nivelsystem.com\/sk\/wp-json\/wp\/v2\/media\/26982"}],"wp:attachment":[{"href":"https:\/\/nivelsystem.com\/sk\/wp-json\/wp\/v2\/media?parent=30421"}],"wp:term":[{"taxonomy":"product_brand","embeddable":true,"href":"https:\/\/nivelsystem.com\/sk\/wp-json\/wp\/v2\/product_brand?post=30421"},{"taxonomy":"product_cat","embeddable":true,"href":"https:\/\/nivelsystem.com\/sk\/wp-json\/wp\/v2\/product_cat?post=30421"},{"taxonomy":"product_tag","embeddable":true,"href":"https:\/\/nivelsystem.com\/sk\/wp-json\/wp\/v2\/product_tag?post=30421"},{"taxonomy":"branze","embeddable":true,"href":"https:\/\/nivelsystem.com\/sk\/wp-json\/wp\/v2\/branze?post=30421"}],"curies":[{"name":"wp","href":"https:\/\/api.w.org\/{rel}","templated":true}]}}