{"id":30398,"date":"1950-06-01T16:02:39","date_gmt":"1950-06-01T16:02:39","guid":{"rendered":"https:\/\/nivelsystem.com\/produkt\/nl-br600\/"},"modified":"2025-09-18T10:21:00","modified_gmt":"2025-09-18T10:21:00","slug":"nl-br600","status":"publish","type":"product","link":"https:\/\/nivelsystem.com\/sk\/produkt\/nl-br600\/","title":{"rendered":"Dr\u017eiak pre laserov\u00fd senzor NL-BR600"},"content":{"rendered":"<h2>Nivel System NL-BR600<\/h2>\n<p><strong>DR\u017dIAK LASEROV\u00c9HO SENZORA (NL-BR600):<\/strong><\/p>\n<ul>\n<li>Dr\u017eiak ur\u010den\u00fd pre laserov\u00e9 senzory (RD700\/RD800 Digital)<\/li>\n<\/ul>\n","protected":false},"excerpt":{"rendered":"<ul>\n<li><strong>Robustn\u00e1 kon\u0161trukcia<\/strong><\/li>\n<li><strong>Dr\u017eiak prij\u00edma\u010dov rady<\/strong> RD700\/RD800 Digital<\/li>\n<\/ul>\n","protected":false},"featured_media":116739,"template":"","meta":{"_acf_changed":false},"product_brand":[],"product_cat":[290],"product_tag":[],"branze":[],"class_list":{"0":"post-30398","1":"product","2":"type-product","3":"status-publish","4":"has-post-thumbnail","6":"product_cat-laserove-snimace-a-drziaky","8":"first","9":"instock","10":"shipping-taxable","11":"product-type-simple"},"acf":[],"_links":{"self":[{"href":"https:\/\/nivelsystem.com\/sk\/wp-json\/wp\/v2\/product\/30398","targetHints":{"allow":["GET"]}}],"collection":[{"href":"https:\/\/nivelsystem.com\/sk\/wp-json\/wp\/v2\/product"}],"about":[{"href":"https:\/\/nivelsystem.com\/sk\/wp-json\/wp\/v2\/types\/product"}],"version-history":[{"count":1,"href":"https:\/\/nivelsystem.com\/sk\/wp-json\/wp\/v2\/product\/30398\/revisions"}],"predecessor-version":[{"id":116765,"href":"https:\/\/nivelsystem.com\/sk\/wp-json\/wp\/v2\/product\/30398\/revisions\/116765"}],"wp:featuredmedia":[{"embeddable":true,"href":"https:\/\/nivelsystem.com\/sk\/wp-json\/wp\/v2\/media\/116739"}],"wp:attachment":[{"href":"https:\/\/nivelsystem.com\/sk\/wp-json\/wp\/v2\/media?parent=30398"}],"wp:term":[{"taxonomy":"product_brand","embeddable":true,"href":"https:\/\/nivelsystem.com\/sk\/wp-json\/wp\/v2\/product_brand?post=30398"},{"taxonomy":"product_cat","embeddable":true,"href":"https:\/\/nivelsystem.com\/sk\/wp-json\/wp\/v2\/product_cat?post=30398"},{"taxonomy":"product_tag","embeddable":true,"href":"https:\/\/nivelsystem.com\/sk\/wp-json\/wp\/v2\/product_tag?post=30398"},{"taxonomy":"branze","embeddable":true,"href":"https:\/\/nivelsystem.com\/sk\/wp-json\/wp\/v2\/branze?post=30398"}],"curies":[{"name":"wp","href":"https:\/\/api.w.org\/{rel}","templated":true}]}}