{"id":30358,"date":"1950-06-13T15:01:54","date_gmt":"1950-06-13T15:01:54","guid":{"rendered":"https:\/\/nivelsystem.com\/produkt\/cls-1g\/"},"modified":"2024-07-03T10:16:37","modified_gmt":"2024-07-03T10:16:37","slug":"cls-1g","status":"publish","type":"product","link":"https:\/\/nivelsystem.com\/sk\/produkt\/cls-1g\/","title":{"rendered":"Prij\u00edma\u010d CLS-1G"},"content":{"rendered":"<div data-id=\"87eacf6\" data-element_type=\"widget\" data-widget_type=\"heading.default\">\n<div>\n<h2>Prij\u00edma\u010d pre kr\u00ed\u017eov\u00e9 lasery so zelen\u00fdm l\u00fa\u010dom Nivel System CLS-1G<\/h2>\n<\/div>\n<\/div>\n<div class=\"elementor-element elementor-element-a87d091 elementor-widget elementor-widget-text-editor\" data-id=\"a87d091\" data-element_type=\"widget\" data-widget_type=\"text-editor.default\">\n<div class=\"elementor-widget-container\">\n<ul>\n<li>Rozsah pr\u00edjmu laserov\u00e9ho l\u00fa\u010da 4 cm, 180 \u00b0<\/li>\n<li>Vysok\u00e1 presnos\u0165 pr\u00e1ce nastavite\u013en\u00e1 pod\u013ea potreby (\u00b1 1 mm, \u00b1 2 mm)<\/li>\n<li>Zvukov\u00fd signaliz\u00e1tor roviny<\/li>\n<li>V\u0161etko pod kontrolou \u2013 \u010ditate\u013en\u00e9 LED di\u00f3dy pom\u00e1haj\u00fa kontrolova\u0165 v\u00fd\u0161ku<\/li>\n<li>Odoln\u00e1 kon\u0161trukcia krytu<\/li>\n<li>Mo\u017enos\u0165 merania klasickou met\u00f3dou na laserovej late, pomocou dr\u017eiaku, ktor\u00fd je s\u00fa\u010das\u0165ou balenia<\/li>\n<li>Dosah od 2 do 70 m<\/li>\n<\/ul>\n<p><strong>POZOR:<\/strong> Minim\u00e1lna vzdialenos\u0165 medzi prij\u00edma\u010dom a laserom by mala by\u0165 2 m (v s\u0165a\u017een\u00fdch podmienkach 4 m), inak m\u00f4\u017ee d\u00f4js\u0165 k ne\u017eiaducim reakci\u00e1m prij\u00edma\u010da (odrazy do 2 metrov s\u00fa prirodzen\u00e9).<\/p>\n<\/div>\n<\/div>\n","protected":false},"excerpt":{"rendered":"<div class=\"woocommerce-product-details__short-description\">\n<ul>\n<li><strong>Mas\u00edvna kon\u0161trukcia<\/strong><\/li>\n<li><b>Dobre \u010ditate\u013en\u00fd displej<\/b><\/li>\n<\/ul>\n<\/div>\n","protected":false},"featured_media":28050,"template":"","meta":{"_acf_changed":false},"product_brand":[],"product_cat":[290],"product_tag":[],"branze":[],"class_list":{"0":"post-30358","1":"product","2":"type-product","3":"status-publish","4":"has-post-thumbnail","6":"product_cat-laserove-snimace-a-drziaky","8":"first","9":"instock","10":"shipping-taxable","11":"product-type-simple"},"acf":[],"_links":{"self":[{"href":"https:\/\/nivelsystem.com\/sk\/wp-json\/wp\/v2\/product\/30358","targetHints":{"allow":["GET"]}}],"collection":[{"href":"https:\/\/nivelsystem.com\/sk\/wp-json\/wp\/v2\/product"}],"about":[{"href":"https:\/\/nivelsystem.com\/sk\/wp-json\/wp\/v2\/types\/product"}],"version-history":[{"count":0,"href":"https:\/\/nivelsystem.com\/sk\/wp-json\/wp\/v2\/product\/30358\/revisions"}],"wp:featuredmedia":[{"embeddable":true,"href":"https:\/\/nivelsystem.com\/sk\/wp-json\/wp\/v2\/media\/28050"}],"wp:attachment":[{"href":"https:\/\/nivelsystem.com\/sk\/wp-json\/wp\/v2\/media?parent=30358"}],"wp:term":[{"taxonomy":"product_brand","embeddable":true,"href":"https:\/\/nivelsystem.com\/sk\/wp-json\/wp\/v2\/product_brand?post=30358"},{"taxonomy":"product_cat","embeddable":true,"href":"https:\/\/nivelsystem.com\/sk\/wp-json\/wp\/v2\/product_cat?post=30358"},{"taxonomy":"product_tag","embeddable":true,"href":"https:\/\/nivelsystem.com\/sk\/wp-json\/wp\/v2\/product_tag?post=30358"},{"taxonomy":"branze","embeddable":true,"href":"https:\/\/nivelsystem.com\/sk\/wp-json\/wp\/v2\/branze?post=30358"}],"curies":[{"name":"wp","href":"https:\/\/api.w.org\/{rel}","templated":true}]}}