{"id":30329,"date":"1950-04-01T10:25:43","date_gmt":"1950-04-01T10:25:43","guid":{"rendered":"https:\/\/nivelsystem.com\/produkt\/ga-xzpt\/"},"modified":"2024-07-05T10:15:48","modified_gmt":"2024-07-05T10:15:48","slug":"ga-xzpt","status":"publish","type":"product","link":"https:\/\/nivelsystem.com\/sk\/produkt\/ga-xzpt\/","title":{"rendered":"Adapt\u00e9r GA-XZPT"},"content":{"rendered":"<div class=\"elementor-element elementor-element-63da071 elementor-widget elementor-widget-heading\" data-id=\"63da071\" data-element_type=\"widget\" data-widget_type=\"heading.default\">\n<div class=\"elementor-widget-container\">\n<h2 class=\"elementor-heading-title elementor-size-default\">Nivel System GA-XZPT<\/h2>\n<\/div>\n<\/div>\n<div class=\"elementor-element elementor-element-6531e03 elementor-widget elementor-widget-woocommerce-product-content\" data-id=\"6531e03\" data-element_type=\"widget\" data-widget_type=\"woocommerce-product-content.default\">\n<div class=\"elementor-widget-container\">\n<p><strong>Adapt\u00e9r na stat\u00edv pre rota\u010dn\u00e9 lasery (0-90\u00b0) GA-XZPT \u00bb<\/strong><\/p>\n<p>Umo\u017e\u0148uje v\u00e1m nastavi\u0165 rota\u010dn\u00fd laser na stat\u00edve v po\u017eadovanom uhle (od 0 do 90\u00b0), \u010do umo\u017e\u0148uje ur\u010denie sklonov.<\/p>\n<\/div>\n<\/div>\n","protected":false},"excerpt":{"rendered":"<ul>\n<li><strong>Mas\u00edvna kon\u0161trukcia<\/strong><\/li>\n<\/ul>\n","protected":false},"featured_media":27792,"template":"","meta":{"_acf_changed":false},"product_brand":[],"product_cat":[294],"product_tag":[],"branze":[],"class_list":{"0":"post-30329","1":"product","2":"type-product","3":"status-publish","4":"has-post-thumbnail","6":"product_cat-adaptery","8":"first","9":"instock","10":"shipping-taxable","11":"product-type-simple"},"acf":[],"_links":{"self":[{"href":"https:\/\/nivelsystem.com\/sk\/wp-json\/wp\/v2\/product\/30329","targetHints":{"allow":["GET"]}}],"collection":[{"href":"https:\/\/nivelsystem.com\/sk\/wp-json\/wp\/v2\/product"}],"about":[{"href":"https:\/\/nivelsystem.com\/sk\/wp-json\/wp\/v2\/types\/product"}],"version-history":[{"count":0,"href":"https:\/\/nivelsystem.com\/sk\/wp-json\/wp\/v2\/product\/30329\/revisions"}],"wp:featuredmedia":[{"embeddable":true,"href":"https:\/\/nivelsystem.com\/sk\/wp-json\/wp\/v2\/media\/27792"}],"wp:attachment":[{"href":"https:\/\/nivelsystem.com\/sk\/wp-json\/wp\/v2\/media?parent=30329"}],"wp:term":[{"taxonomy":"product_brand","embeddable":true,"href":"https:\/\/nivelsystem.com\/sk\/wp-json\/wp\/v2\/product_brand?post=30329"},{"taxonomy":"product_cat","embeddable":true,"href":"https:\/\/nivelsystem.com\/sk\/wp-json\/wp\/v2\/product_cat?post=30329"},{"taxonomy":"product_tag","embeddable":true,"href":"https:\/\/nivelsystem.com\/sk\/wp-json\/wp\/v2\/product_tag?post=30329"},{"taxonomy":"branze","embeddable":true,"href":"https:\/\/nivelsystem.com\/sk\/wp-json\/wp\/v2\/branze?post=30329"}],"curies":[{"name":"wp","href":"https:\/\/api.w.org\/{rel}","templated":true}]}}