{"id":30317,"date":"1950-04-04T09:12:30","date_gmt":"1950-04-04T09:12:30","guid":{"rendered":"https:\/\/nivelsystem.com\/produkt\/yr\/"},"modified":"2024-07-05T10:11:12","modified_gmt":"2024-07-05T10:11:12","slug":"yr","status":"publish","type":"product","link":"https:\/\/nivelsystem.com\/sk\/produkt\/yr\/","title":{"rendered":"Laserov\u00e1 polica YR"},"content":{"rendered":"<div data-id=\"63da071\" data-element_type=\"widget\" data-widget_type=\"heading.default\">\n<div>\n<h2>Adapt\u00e9r pre rota\u010dn\u00fd laser Nivel System YR<\/h2>\n<\/div>\n<\/div>\n<div class=\"elementor-element elementor-element-6531e03 elementor-widget elementor-widget-woocommerce-product-content\" data-id=\"6531e03\" data-element_type=\"widget\" data-widget_type=\"woocommerce-product-content.default\">\n<div class=\"elementor-widget-container\">\n<p>Pou\u017e\u00edva sa na zavesenie rota\u010dn\u00e9ho lasera na stenu, \u010do v\u00e1m umo\u017e\u0148uje kontrolova\u0165 in\u0161tal\u00e1ciu zavesen\u00fdch kon\u0161trukcii (napr. stropov). Uchytenie pomocou 5\/8 z\u00e1vitu.<\/p>\n<\/div>\n<\/div>\n","protected":false},"excerpt":{"rendered":"<div class=\"woocommerce-product-details__short-description\">\n<ul>\n<li><strong>Mas\u00edvna kon\u0161trukcia<\/strong><\/li>\n<li><strong>Z\u00e1vit 5\/8<\/strong><\/li>\n<\/ul>\n<\/div>\n","protected":false},"featured_media":27780,"template":"","meta":{"_acf_changed":false},"product_brand":[],"product_cat":[294],"product_tag":[],"branze":[],"class_list":{"0":"post-30317","1":"product","2":"type-product","3":"status-publish","4":"has-post-thumbnail","6":"product_cat-adaptery","8":"first","9":"instock","10":"shipping-taxable","11":"product-type-simple"},"acf":[],"_links":{"self":[{"href":"https:\/\/nivelsystem.com\/sk\/wp-json\/wp\/v2\/product\/30317","targetHints":{"allow":["GET"]}}],"collection":[{"href":"https:\/\/nivelsystem.com\/sk\/wp-json\/wp\/v2\/product"}],"about":[{"href":"https:\/\/nivelsystem.com\/sk\/wp-json\/wp\/v2\/types\/product"}],"version-history":[{"count":0,"href":"https:\/\/nivelsystem.com\/sk\/wp-json\/wp\/v2\/product\/30317\/revisions"}],"wp:featuredmedia":[{"embeddable":true,"href":"https:\/\/nivelsystem.com\/sk\/wp-json\/wp\/v2\/media\/27780"}],"wp:attachment":[{"href":"https:\/\/nivelsystem.com\/sk\/wp-json\/wp\/v2\/media?parent=30317"}],"wp:term":[{"taxonomy":"product_brand","embeddable":true,"href":"https:\/\/nivelsystem.com\/sk\/wp-json\/wp\/v2\/product_brand?post=30317"},{"taxonomy":"product_cat","embeddable":true,"href":"https:\/\/nivelsystem.com\/sk\/wp-json\/wp\/v2\/product_cat?post=30317"},{"taxonomy":"product_tag","embeddable":true,"href":"https:\/\/nivelsystem.com\/sk\/wp-json\/wp\/v2\/product_tag?post=30317"},{"taxonomy":"branze","embeddable":true,"href":"https:\/\/nivelsystem.com\/sk\/wp-json\/wp\/v2\/branze?post=30317"}],"curies":[{"name":"wp","href":"https:\/\/api.w.org\/{rel}","templated":true}]}}