{"id":30299,"date":"1950-10-04T13:27:20","date_gmt":"1950-10-04T13:27:20","guid":{"rendered":"https:\/\/nivelsystem.com\/produkt\/sjj32\/"},"modified":"2024-07-05T09:03:30","modified_gmt":"2024-07-05T09:03:30","slug":"sjj32","status":"publish","type":"product","link":"https:\/\/nivelsystem.com\/sk\/produkt\/sjj32\/","title":{"rendered":"Stat\u00edv SJJ32"},"content":{"rendered":"<div id=\"tab-content-description\" class=\"tab-content tab-content-description active\" tabindex=\"0\" role=\"tabpanel\" data-tab=\"1\" aria-labelledby=\"tab-title-description\" aria-expanded=\"true\">\n<div class=\"tab-content-wrapper\">\n<div data-id=\"63da071\" data-element_type=\"widget\" data-widget_type=\"heading.default\">\n<div>\n<h2>Stat\u00edv Nivel System SJJ32<\/h2>\n<\/div>\n<\/div>\n<div class=\"elementor-element elementor-element-6531e03 elementor-widget elementor-widget-woocommerce-product-content\" data-id=\"6531e03\" data-element_type=\"widget\" data-widget_type=\"woocommerce-product-content.default\">\n<div class=\"elementor-widget-container\">\n<p>Stat\u00edv je jedn\u00fdm z doplnkov, ktor\u00e9 s\u00fa potrebn\u00e9 na vykonanie 90% merac\u00edch pr\u00e1c. V\u00fdber spr\u00e1vneho modelu pre typ vykon\u00e1vanej \u00falohy je polovicou \u00faspechu. Na \u010do najpresnej\u0161ie zameranie pou\u017eite dreven\u00fd stat\u00edv, ktor\u00fd sa vyzna\u010duje vysokou tuhos\u0165ou a zais\u0165uje stabilitu pr\u00edstroja. Na druhej strane, pri pr\u00e1ci s optick\u00fdm nivela\u010dn\u00fdm pr\u00edstrojom je vhodn\u00e9 pou\u017ei\u0165 jednoduch\u00fd a \u013eahko pren\u00e1\u0161ate\u013en\u00fd hlin\u00edkov\u00fd stat\u00edv. Na\u0161a ponuka zah\u0155\u0148a stat\u00edvy, ktor\u00e9 pom\u00e1haj\u00fa vykon\u00e1va\u0165 v\u0161etky meracie \u00falohy, \u010di u\u017e geodetick\u00e9 alebo stavebn\u00edcke.<\/p>\n<h2><strong>Hlin\u00edkov\u00fd stat\u00edv s v\u00fdsuvn\u00fdm ramenom Nivel System SJJ32 \u00bb\u00a0pre laserov\u00e9 nivela\u010dn\u00e9 pr\u00edstroje\u00a0<\/strong><\/h2>\n<p>Mas\u00edvny hlin\u00edkov\u00fd stat\u00edv pre pr\u00e1cu vo v\u0161etk\u00fdch podmienkach. V\u010faka retiazkam proti roztiahnutiu n\u00f4h stat\u00edvu je zaisten\u00e1 najvy\u0161\u0161ia stabilita pr\u00e1ce. Stat\u00edv je mo\u017en\u00e9 upev\u0148ova\u0165 p\u00e1\u010dkami.<\/p>\n<ul>\n<li>minim\u00e1lna v\u00fd\u0161ka: pribli\u017ene 1,30 m<\/li>\n<li>maxim\u00e1lna v\u00fd\u0161ka 3,20 m<\/li>\n<li>hmotnos\u0165 7,2 kg<\/li>\n<li>robustn\u00e9 eleva\u010dn\u00e9 rameno<\/li>\n<li>hlava stat\u00edvu ploch\u00e1<\/li>\n<li>odoln\u00fd vo\u010di poveternostn\u00fdm podmienkam<\/li>\n<\/ul>\n<\/div>\n<\/div>\n<\/div>\n<\/div>\n","protected":false},"excerpt":{"rendered":"<div class=\"woocommerce-product-details__short-description\">\n<ul>\n<li><strong>Mas\u00edvna kon\u0161trukcia<\/strong><\/li>\n<li><strong>Eleva\u010dn\u00fd do v\u00fd\u0161ky 3,2m<\/strong><\/li>\n<li><strong>P\u00e1\u010dky\u00a0<\/strong><\/li>\n<\/ul>\n<\/div>\n","protected":false},"featured_media":26802,"template":"","meta":{"_acf_changed":false},"product_brand":[],"product_cat":[296],"product_tag":[],"branze":[],"class_list":{"0":"post-30299","1":"product","2":"type-product","3":"status-publish","4":"has-post-thumbnail","6":"product_cat-stativy","8":"first","9":"instock","10":"shipping-taxable","11":"product-type-simple"},"acf":[],"_links":{"self":[{"href":"https:\/\/nivelsystem.com\/sk\/wp-json\/wp\/v2\/product\/30299","targetHints":{"allow":["GET"]}}],"collection":[{"href":"https:\/\/nivelsystem.com\/sk\/wp-json\/wp\/v2\/product"}],"about":[{"href":"https:\/\/nivelsystem.com\/sk\/wp-json\/wp\/v2\/types\/product"}],"version-history":[{"count":0,"href":"https:\/\/nivelsystem.com\/sk\/wp-json\/wp\/v2\/product\/30299\/revisions"}],"wp:featuredmedia":[{"embeddable":true,"href":"https:\/\/nivelsystem.com\/sk\/wp-json\/wp\/v2\/media\/26802"}],"wp:attachment":[{"href":"https:\/\/nivelsystem.com\/sk\/wp-json\/wp\/v2\/media?parent=30299"}],"wp:term":[{"taxonomy":"product_brand","embeddable":true,"href":"https:\/\/nivelsystem.com\/sk\/wp-json\/wp\/v2\/product_brand?post=30299"},{"taxonomy":"product_cat","embeddable":true,"href":"https:\/\/nivelsystem.com\/sk\/wp-json\/wp\/v2\/product_cat?post=30299"},{"taxonomy":"product_tag","embeddable":true,"href":"https:\/\/nivelsystem.com\/sk\/wp-json\/wp\/v2\/product_tag?post=30299"},{"taxonomy":"branze","embeddable":true,"href":"https:\/\/nivelsystem.com\/sk\/wp-json\/wp\/v2\/branze?post=30299"}],"curies":[{"name":"wp","href":"https:\/\/api.w.org\/{rel}","templated":true}]}}