{"id":30293,"date":"1950-10-05T12:39:11","date_gmt":"1950-10-05T12:39:11","guid":{"rendered":"https:\/\/nivelsystem.com\/produkt\/sjj4\/"},"modified":"2024-07-05T07:33:52","modified_gmt":"2024-07-05T07:33:52","slug":"sjj4","status":"publish","type":"product","link":"https:\/\/nivelsystem.com\/sk\/produkt\/sjj4\/","title":{"rendered":"Stat\u00edv SJJ4"},"content":{"rendered":"<div id=\"tab-content-description\" class=\"tab-content tab-content-description active\" tabindex=\"0\" role=\"tabpanel\" data-tab=\"1\" aria-labelledby=\"tab-title-description\" aria-expanded=\"true\">\n<div class=\"tab-content-wrapper\">\n<h2>\u0160pecifik\u00e1cie stat\u00edvu Nivel System SJJ4<\/h2>\n<ul>\n<li>Minim\u00e1lna v\u00fd\u0161ka: 1,1m<\/li>\n<li>Maxim\u00e1lna v\u00fd\u0161ka: 1,88m<\/li>\n<li>Ploch\u00e1 hlava stat\u00edvu<\/li>\n<li>Hmotnos\u0165. 5,6kg<\/li>\n<\/ul>\n<\/div>\n<\/div>\n<div id=\"tab-content-0\" class=\"tab-content tab-content-0\" tabindex=\"0\" role=\"tabpanel\" hidden=\"\" data-tab=\"2\" aria-labelledby=\"tab-title-0\" aria-expanded=\"false\">\n<div class=\"tab-content-wrapper\">\n<div class=\"product-brand-tab-list\">\n<div class=\"product-brand-item\">\n<div class=\"product-brand-logo-wrap\">\n<div class=\"product-brand-logo\"><img decoding=\"async\" class=\"ll-image ll-init ll-loadstarted ll-loaded\" src=\"https:\/\/3gonshop.sk\/wp-content\/uploads\/2022\/11\/nivel.svg\" alt=\"nivel\" data-src=\"https:\/\/3gonshop.sk\/wp-content\/uploads\/2022\/11\/nivel.svg\" data- title=\"\"><\/div>\n<p><a class=\"product-brand-archive-link\" href=\"https:\/\/3gonshop.sk\/product-brand\/nivel-system\/\" target=\"_blank\" rel=\"noopener\"> Viac produktov <\/a><\/p>\n<\/div>\n<div class=\"product-brand-info\">\n<h4 class=\"product-brand-name\">Nivel System<\/h4>\n<div class=\"product-brand-description\">NIVEL SYSTEM &#8211;\u00a0 je glob\u00e1lna zna\u010dka poskytuj\u00faca profesion\u00e1lne rie\u0161enia merania v stavebn\u00edctve, zalo\u017een\u00e1 v Po\u013esku. Na\u0161a \u010dinnos\u0165 je zalo\u017een\u00e1 na mnohoro\u010dn\u00fdch sk\u00fasenostiach v oblasti dod\u00e1vok a servisu zariaden\u00ed do tak\u00fdch odvetv\u00ed, ako s\u00fa stavebn\u00edctvo, architekt\u00fara, geod\u00e9zia, priemysel, po\u013enohospod\u00e1rstvo a in\u00e9.<\/div>\n<\/div>\n<\/div>\n<\/div>\n<\/div>\n<\/div>\n<div id=\"tab-content-reviews\" class=\"tab-content tab-content-reviews\" tabindex=\"0\" role=\"tabpanel\" hidden=\"\" data-tab=\"3\" aria-labelledby=\"tab-title-reviews\" aria-expanded=\"false\">\n<div class=\"tab-content-wrapper\">\n<div id=\"reviews\" class=\"woocommerce-Reviews\">\n<div id=\"comments\">\n<div class=\"review-rating-template-wrapper no-reviews\">\n<div class=\"product-reviews-summary-bar\">\n<h4 class=\"heading\">Hodnotenie a recenzie<\/h4>\n<div class=\"product-reviews-summary-bar-info\">\n<div class=\"product-reviews-summary-bar-details\">\n<div class=\"tm-star-rating style-01\"><\/div>\n<\/div>\n<\/div>\n<\/div>\n<\/div>\n<\/div>\n<\/div>\n<\/div>\n<\/div>\n<div class=\"product-reviews-summary-bar-details\">\n<div class=\"reviews-count\"><\/div>\n<\/div>\n<div class=\"tm-button-wrapper\"><\/div>\n<div id=\"tab-content-reviews\" class=\"tab-content tab-content-reviews\" tabindex=\"0\" role=\"tabpanel\" hidden=\"\" data-tab=\"3\" aria-labelledby=\"tab-title-reviews\" aria-expanded=\"false\">\n<div class=\"tab-content-wrapper\">\n<div id=\"reviews\" class=\"woocommerce-Reviews\">\n<div id=\"comments\">\n<div class=\"review-rating-template-wrapper no-reviews\">\n<div class=\"reviews-content\">\n<div id=\"review_form_wrapper\"><\/div>\n<p class=\"woocommerce-noreviews\">Zatia\u013e nie s\u00fa \u017eiadne recenzie.<\/p>\n<\/div>\n<\/div>\n<\/div>\n<div class=\"clear\"><\/div>\n<\/div>\n<\/div>\n<\/div>\n<div id=\"tab-content-questions\" class=\"tab-content tab-content-questions\" tabindex=\"0\" role=\"tabpanel\" hidden=\"\" data-tab=\"4\" aria-labelledby=\"tab-title-questions\" aria-expanded=\"false\">\n<div class=\"tab-content-wrapper\">\n<div id=\"minimog-wc-question\" class=\"minimog-wc-question woocommerce-question\">\n<div class=\"minimog-wc-question__wrapper\">\n<div class=\"product-reviews-summary-bar\">\n<h4 class=\"heading\">Ot\u00e1zky a odpovede<\/h4>\n<div class=\"product-reviews-summary-bar-info\">\n<div class=\"product-reviews-summary-bar-details\">\n<div class=\"reviews-count\"><\/div>\n<\/div>\n<div class=\"tm-button-wrapper\"><\/div>\n<\/div>\n<\/div>\n<\/div>\n<\/div>\n<\/div>\n<\/div>\n<div class=\"woocommerce-tabs woocommerce-main-tabs\">\n<div class=\"container-broad\">\n<div class=\"minimog-tabs minimog-tabs--horizontal minimog-tabs--title-graphic-align-center initialized\">\n<div class=\"minimog-tabs__content\">\n<div id=\"tab-content-questions\" class=\"tab-content tab-content-questions\" tabindex=\"0\" role=\"tabpanel\" hidden=\"\" data-tab=\"4\" aria-labelledby=\"tab-title-questions\" aria-expanded=\"false\">\n<div class=\"tab-content-wrapper\">\n<div id=\"minimog-wc-question\" class=\"minimog-wc-question woocommerce-question\">\n<div class=\"minimog-wc-question__wrapper\">\n<div class=\"question-list-container no-question\">\n<div class=\"question-toolbar\"><\/div>\n<div class=\"question-list-wrapper\">\n<ol id=\"question-list\" class=\"comment-list product-comment-list question-list\">\n<li class=\"woocommerce-noreviews\">Neexistuj\u00fa \u017eiadne ot\u00e1zky.<\/li>\n<\/ol>\n<\/div>\n<\/div>\n<\/div>\n<\/div>\n<\/div>\n<\/div>\n<\/div>\n<\/div>\n<\/div>\n<\/div>\n<div class=\"related products entry-product-section\">\n<div class=\"container-broad\">\n<div class=\"entry-product-block\">\n<h2 class=\"entry-product-section-heading\"><\/h2>\n<\/div>\n<\/div>\n<\/div>\n","protected":false},"excerpt":{"rendered":"<div class=\"woocommerce-product-details__short-description\">\n<ul>\n<li><strong>Mas\u00edvna kon\u0161trukcia<\/strong><\/li>\n<li><strong>Univerz\u00e1lny<\/strong>\u00a0(pre optick\u00e9 nivela\u010dn\u00e9 pr\u00edstroje, rota\u010dn\u00e9 lasery, teodolity)<\/li>\n<li><strong>Jednoduch\u00e1 obsluha\u00a0<\/strong><\/li>\n<li><strong>P\u00e1\u010dky a skrutky<\/strong><\/li>\n<\/ul>\n<\/div>\n","protected":false},"featured_media":26787,"template":"","meta":{"_acf_changed":false},"product_brand":[],"product_cat":[296],"product_tag":[],"branze":[],"class_list":{"0":"post-30293","1":"product","2":"type-product","3":"status-publish","4":"has-post-thumbnail","6":"product_cat-stativy","8":"first","9":"instock","10":"shipping-taxable","11":"product-type-simple"},"acf":[],"_links":{"self":[{"href":"https:\/\/nivelsystem.com\/sk\/wp-json\/wp\/v2\/product\/30293","targetHints":{"allow":["GET"]}}],"collection":[{"href":"https:\/\/nivelsystem.com\/sk\/wp-json\/wp\/v2\/product"}],"about":[{"href":"https:\/\/nivelsystem.com\/sk\/wp-json\/wp\/v2\/types\/product"}],"version-history":[{"count":0,"href":"https:\/\/nivelsystem.com\/sk\/wp-json\/wp\/v2\/product\/30293\/revisions"}],"wp:featuredmedia":[{"embeddable":true,"href":"https:\/\/nivelsystem.com\/sk\/wp-json\/wp\/v2\/media\/26787"}],"wp:attachment":[{"href":"https:\/\/nivelsystem.com\/sk\/wp-json\/wp\/v2\/media?parent=30293"}],"wp:term":[{"taxonomy":"product_brand","embeddable":true,"href":"https:\/\/nivelsystem.com\/sk\/wp-json\/wp\/v2\/product_brand?post=30293"},{"taxonomy":"product_cat","embeddable":true,"href":"https:\/\/nivelsystem.com\/sk\/wp-json\/wp\/v2\/product_cat?post=30293"},{"taxonomy":"product_tag","embeddable":true,"href":"https:\/\/nivelsystem.com\/sk\/wp-json\/wp\/v2\/product_tag?post=30293"},{"taxonomy":"branze","embeddable":true,"href":"https:\/\/nivelsystem.com\/sk\/wp-json\/wp\/v2\/branze?post=30293"}],"curies":[{"name":"wp","href":"https:\/\/api.w.org\/{rel}","templated":true}]}}