{"id":30288,"date":"1950-10-06T12:16:08","date_gmt":"1950-10-06T12:16:08","guid":{"rendered":"https:\/\/nivelsystem.com\/produkt\/sjj1d\/"},"modified":"2024-07-05T07:33:31","modified_gmt":"2024-07-05T07:33:31","slug":"sjj1d","status":"publish","type":"product","link":"https:\/\/nivelsystem.com\/sk\/produkt\/sjj1d\/","title":{"rendered":"Stat\u00edv SJJ1D"},"content":{"rendered":"<div class=\"elementor-element elementor-element-63da071 elementor-widget elementor-widget-heading\" data-id=\"63da071\" data-element_type=\"widget\" data-widget_type=\"heading.default\">\n<div class=\"elementor-widget-container\">\n<h2 class=\"elementor-heading-title elementor-size-default\">Nivel System SJJ1D<\/h2>\n<\/div>\n<\/div>\n<div class=\"elementor-element elementor-element-6531e03 elementor-widget elementor-widget-woocommerce-product-content\" data-id=\"6531e03\" data-element_type=\"widget\" data-widget_type=\"woocommerce-product-content.default\">\n<div class=\"elementor-widget-container\">\n<div class=\"description-1__content cms\">\n<p>Stat\u00edv je jedn\u00fdm z doplnkov, ktor\u00e9 s\u00fa potrebn\u00e9 na vykonanie 90% merac\u00edch pr\u00e1c. V\u00fdber spr\u00e1vneho modelu pre typ vykon\u00e1vanej \u00falohy je polovicou \u00faspechu. Na \u010do najpresnej\u0161ie zameranie pou\u017eite dreven\u00fd stat\u00edv, ktor\u00fd sa vyzna\u010duje vysokou tuhos\u0165ou a zais\u0165uje stabilitu pr\u00edstroja. Na druhej strane, pre pr\u00e1cu s optick\u00fdm nivela\u010dn\u00fdm pr\u00edstrojom je vhodn\u00e9 pou\u017ei\u0165 jednoduch\u00fd a \u013eahko pren\u00e1\u0161ate\u013en\u00fd hlin\u00edkov\u00fd stat\u00edv. Na\u0161a ponuka zah\u0155\u0148a stat\u00edvy, ktor\u00e9 pom\u00e1haj\u00fa vykon\u00e1va\u0165 v\u0161etky meracie \u00falohy, \u010di u\u017e geodetick\u00e9 alebo stavebn\u00edcke.<\/p>\n<h3><strong>Hlin\u00edkov\u00fd stat\u00edv Nivel System SJJ1, SJJ1D \u00bb pre nivela\u010dn\u00e9 pr\u00edstroje a optiku<\/strong><\/h3>\n<p>\u013dahk\u00e9 a odoln\u00e9 stojany s p\u00e1\u010dkami a kvalitnou hlin\u00edkovou kon\u0161trukciou.<\/p>\n<ul>\n<li>minim\u00e1lna v\u00fd\u0161ka: pribli\u017ene 0,97 m<\/li>\n<li>maxim\u00e1lna v\u00fd\u0161ka: cca 1,60 m<\/li>\n<li>hmotnos\u0165 3 kg<\/li>\n<li>hlava stat\u00edvu: ploch\u00e1 (SJJ1), sf\u00e9rick\u00e1 (SJJ1D) \u2013 umo\u017e\u0148uje \u013eah\u0161ie vyrovnanie pr\u00edstroja v akomko\u013evek ter\u00e9ne<\/li>\n<li>odoln\u00fd vo\u010di poveternostn\u00fdm podmienkam<\/li>\n<\/ul>\n<\/div>\n<\/div>\n<\/div>\n","protected":false},"excerpt":{"rendered":"<ul>\n<li><strong>Mas\u00edvna kon\u0161trukcia<\/strong><\/li>\n<li><strong>Univerz\u00e1lny<\/strong>\u00a0(pre optick\u00e9 nivela\u010dn\u00e9 pr\u00edstroje, rota\u010dn\u00e9 lasery, teodolity)<\/li>\n<li><strong>Jednoduch\u00e1 obsluha\u00a0<\/strong><\/li>\n<\/ul>\n","protected":false},"featured_media":26778,"template":"","meta":{"_acf_changed":false},"product_brand":[],"product_cat":[296],"product_tag":[],"branze":[],"class_list":{"0":"post-30288","1":"product","2":"type-product","3":"status-publish","4":"has-post-thumbnail","6":"product_cat-stativy","8":"first","9":"instock","10":"shipping-taxable","11":"product-type-simple"},"acf":[],"_links":{"self":[{"href":"https:\/\/nivelsystem.com\/sk\/wp-json\/wp\/v2\/product\/30288","targetHints":{"allow":["GET"]}}],"collection":[{"href":"https:\/\/nivelsystem.com\/sk\/wp-json\/wp\/v2\/product"}],"about":[{"href":"https:\/\/nivelsystem.com\/sk\/wp-json\/wp\/v2\/types\/product"}],"version-history":[{"count":0,"href":"https:\/\/nivelsystem.com\/sk\/wp-json\/wp\/v2\/product\/30288\/revisions"}],"wp:featuredmedia":[{"embeddable":true,"href":"https:\/\/nivelsystem.com\/sk\/wp-json\/wp\/v2\/media\/26778"}],"wp:attachment":[{"href":"https:\/\/nivelsystem.com\/sk\/wp-json\/wp\/v2\/media?parent=30288"}],"wp:term":[{"taxonomy":"product_brand","embeddable":true,"href":"https:\/\/nivelsystem.com\/sk\/wp-json\/wp\/v2\/product_brand?post=30288"},{"taxonomy":"product_cat","embeddable":true,"href":"https:\/\/nivelsystem.com\/sk\/wp-json\/wp\/v2\/product_cat?post=30288"},{"taxonomy":"product_tag","embeddable":true,"href":"https:\/\/nivelsystem.com\/sk\/wp-json\/wp\/v2\/product_tag?post=30288"},{"taxonomy":"branze","embeddable":true,"href":"https:\/\/nivelsystem.com\/sk\/wp-json\/wp\/v2\/branze?post=30288"}],"curies":[{"name":"wp","href":"https:\/\/api.w.org\/{rel}","templated":true}]}}