{"id":30282,"date":"1950-10-07T20:53:23","date_gmt":"1950-10-07T20:53:23","guid":{"rendered":"https:\/\/nivelsystem.com\/produkt\/sjj1\/"},"modified":"2024-07-05T07:33:08","modified_gmt":"2024-07-05T07:33:08","slug":"sjj1","status":"publish","type":"product","link":"https:\/\/nivelsystem.com\/sk\/produkt\/sjj1\/","title":{"rendered":"Stat\u00edv SJJ1"},"content":{"rendered":"<h2>\u0160pecifik\u00e1cie stat\u00edvu Nivel System SJJ1<\/h2>\n<ul>\n<li>Minim\u00e1lna v\u00fd\u0161ka: 0,97m<\/li>\n<li>Maxim\u00e1lna v\u00fd\u0161ka: 1,5m<\/li>\n<li>Ploch\u00e1 hlava stat\u00edvu<\/li>\n<li>Hmotnos\u0165: 3kg<\/li>\n<\/ul>\n","protected":false},"excerpt":{"rendered":"<div class=\"woocommerce-product-details__short-description\">\n<ul>\n<li><strong>Mas\u00edvna kon\u0161trukcia<\/strong><\/li>\n<li><strong>Univerz\u00e1lny<\/strong>\u00a0(pre optick\u00e9 nivela\u010dn\u00e9 pr\u00edstroje, rota\u010dn\u00e9 lasery, teodolity)<\/li>\n<li><strong>Jednoduch\u00e1 obsluha\u00a0<\/strong><\/li>\n<li><strong>P\u00e1\u010dky\u00a0<\/strong><\/li>\n<\/ul>\n<\/div>\n","protected":false},"featured_media":26742,"template":"","meta":{"_acf_changed":false},"product_brand":[],"product_cat":[296],"product_tag":[],"branze":[],"class_list":{"0":"post-30282","1":"product","2":"type-product","3":"status-publish","4":"has-post-thumbnail","6":"product_cat-stativy","8":"first","9":"instock","10":"shipping-taxable","11":"product-type-simple"},"acf":[],"_links":{"self":[{"href":"https:\/\/nivelsystem.com\/sk\/wp-json\/wp\/v2\/product\/30282","targetHints":{"allow":["GET"]}}],"collection":[{"href":"https:\/\/nivelsystem.com\/sk\/wp-json\/wp\/v2\/product"}],"about":[{"href":"https:\/\/nivelsystem.com\/sk\/wp-json\/wp\/v2\/types\/product"}],"version-history":[{"count":0,"href":"https:\/\/nivelsystem.com\/sk\/wp-json\/wp\/v2\/product\/30282\/revisions"}],"wp:featuredmedia":[{"embeddable":true,"href":"https:\/\/nivelsystem.com\/sk\/wp-json\/wp\/v2\/media\/26742"}],"wp:attachment":[{"href":"https:\/\/nivelsystem.com\/sk\/wp-json\/wp\/v2\/media?parent=30282"}],"wp:term":[{"taxonomy":"product_brand","embeddable":true,"href":"https:\/\/nivelsystem.com\/sk\/wp-json\/wp\/v2\/product_brand?post=30282"},{"taxonomy":"product_cat","embeddable":true,"href":"https:\/\/nivelsystem.com\/sk\/wp-json\/wp\/v2\/product_cat?post=30282"},{"taxonomy":"product_tag","embeddable":true,"href":"https:\/\/nivelsystem.com\/sk\/wp-json\/wp\/v2\/product_tag?post=30282"},{"taxonomy":"branze","embeddable":true,"href":"https:\/\/nivelsystem.com\/sk\/wp-json\/wp\/v2\/branze?post=30282"}],"curies":[{"name":"wp","href":"https:\/\/api.w.org\/{rel}","templated":true}]}}