{"id":30276,"date":"1950-10-08T11:10:20","date_gmt":"1950-10-08T11:10:20","guid":{"rendered":"https:\/\/nivelsystem.com\/produkt\/sjj-m1-ex\/"},"modified":"2023-03-20T11:12:39","modified_gmt":"2023-03-20T11:12:39","slug":"sjj-m1-ex","status":"publish","type":"product","link":"https:\/\/nivelsystem.com\/sk\/produkt\/sjj-m1-ex\/","title":{"rendered":"SJJ-M1 EX"},"content":{"rendered":"<div data-id=\"63da071\" data-element_type=\"widget\" data-widget_type=\"heading.default\">\n<div>\n<h2>Nivel System SJJ-M1 EX pre kr\u00ed\u017eov\u00e9 lasery<\/h2>\n<\/div>\n<\/div>\n<div class=\"elementor-element elementor-element-6531e03 elementor-widget elementor-widget-woocommerce-product-content\" data-id=\"6531e03\" data-element_type=\"widget\" data-widget_type=\"woocommerce-product-content.default\">\n<div class=\"elementor-widget-container\">\n<p>Stat\u00edv je jedn\u00fdm z doplnkov, ktor\u00e9 s\u00fa potrebn\u00e9 na vykonanie 90% merac\u00edch pr\u00e1c. V\u00fdber spr\u00e1vneho modelu pre typ vykon\u00e1vanej \u00falohy je polovicou \u00faspechu.<\/p>\n<p>Na\u0161a ponuka zah\u0155\u0148a stat\u00edvy, ktor\u00e9 pom\u00e1haj\u00fa vykon\u00e1va\u0165 v\u0161etky meracie \u00falohy, \u010di u\u017e geodetick\u00e9 alebo stavebn\u00edcke.<\/p>\n<p><strong>Hlin\u00edkov\u00fd stat\u00edv Nivel System SJJ-M1 EX\u00bb pre kr\u00ed\u017eov\u00e9 lasery<\/strong><\/p>\n<p>Hlin\u00edkov\u00fd stat\u00edv pre pr\u00e1cu vo v\u0161etk\u00fdch podmienkach. Ochrann\u00e9 svorky a gumen\u00e9 proti\u0161mykov\u00e9 no\u017ei\u010dky v\u00e1m zais\u0165uj\u00fa vysok\u00fa stabilitu pr\u00e1ce a praktick\u00fd adapt\u00e9r umo\u017e\u0148uje pr\u00e1ce so \u0161ikm\u00fdmi rovinami.<\/p>\n<ul>\n<li>minim\u00e1lna v\u00fd\u0161ka 0,62 m<\/li>\n<li>maxim\u00e1lna v\u00fd\u0161ka 1,82 m<\/li>\n<li>odoln\u00fd vo\u010di poveternostn\u00fdm podmienkam<\/li>\n<li>hmotnos\u0165 1.6 kg<\/li>\n<li>\u0161tandardne dod\u00e1van\u00fd v odolnom vaku<\/li>\n<li>praktick\u00fd adapt\u00e9r, ktor\u00fd v\u00e1m umo\u017en\u00ed nakl\u00e1\u0148anie lasera do \u013eubovo\u013enej polohy<\/li>\n<\/ul>\n<\/div>\n<\/div>\n","protected":false},"excerpt":{"rendered":"<div class=\"woocommerce-product-details__short-description\">\n<ul>\n<li><strong>Mas\u00edvna kon\u0161trukcia<\/strong><\/li>\n<li><strong>Univerz\u00e1lny\u00a0<\/strong>(pre dia\u013ekomery, kr\u00ed\u017eov\u00e9 lasery)<\/li>\n<li><strong>Eleva\u010dn\u00fd do v\u00fd\u0161ky 1,82m<\/strong><\/li>\n<li><strong>Proti\u0161mykov\u00e9 no\u017ei\u010dky<\/strong><\/li>\n<li><strong>P\u00e1\u010dky\u00a0<\/strong><\/li>\n<\/ul>\n<\/div>\n","protected":false},"featured_media":26760,"template":"","meta":{"_acf_changed":false},"product_brand":[],"product_cat":[296],"product_tag":[],"branze":[],"class_list":{"0":"post-30276","1":"product","2":"type-product","3":"status-publish","4":"has-post-thumbnail","6":"product_cat-stativy","8":"first","9":"instock","10":"shipping-taxable","11":"product-type-simple"},"acf":[],"_links":{"self":[{"href":"https:\/\/nivelsystem.com\/sk\/wp-json\/wp\/v2\/product\/30276","targetHints":{"allow":["GET"]}}],"collection":[{"href":"https:\/\/nivelsystem.com\/sk\/wp-json\/wp\/v2\/product"}],"about":[{"href":"https:\/\/nivelsystem.com\/sk\/wp-json\/wp\/v2\/types\/product"}],"version-history":[{"count":0,"href":"https:\/\/nivelsystem.com\/sk\/wp-json\/wp\/v2\/product\/30276\/revisions"}],"wp:featuredmedia":[{"embeddable":true,"href":"https:\/\/nivelsystem.com\/sk\/wp-json\/wp\/v2\/media\/26760"}],"wp:attachment":[{"href":"https:\/\/nivelsystem.com\/sk\/wp-json\/wp\/v2\/media?parent=30276"}],"wp:term":[{"taxonomy":"product_brand","embeddable":true,"href":"https:\/\/nivelsystem.com\/sk\/wp-json\/wp\/v2\/product_brand?post=30276"},{"taxonomy":"product_cat","embeddable":true,"href":"https:\/\/nivelsystem.com\/sk\/wp-json\/wp\/v2\/product_cat?post=30276"},{"taxonomy":"product_tag","embeddable":true,"href":"https:\/\/nivelsystem.com\/sk\/wp-json\/wp\/v2\/product_tag?post=30276"},{"taxonomy":"branze","embeddable":true,"href":"https:\/\/nivelsystem.com\/sk\/wp-json\/wp\/v2\/branze?post=30276"}],"curies":[{"name":"wp","href":"https:\/\/api.w.org\/{rel}","templated":true}]}}