{"id":30258,"date":"1950-08-01T15:45:25","date_gmt":"1950-08-01T15:45:25","guid":{"rendered":"https:\/\/nivelsystem.com\/produkt\/lp-36-ex\/"},"modified":"2024-07-05T09:10:15","modified_gmt":"2024-07-05T09:10:15","slug":"lp-36-ex","status":"publish","type":"product","link":"https:\/\/nivelsystem.com\/sk\/produkt\/lp-36-ex\/","title":{"rendered":"Rozpern\u00e1 ty\u010d LP-36 EX"},"content":{"rendered":"<div class=\"elementor-element elementor-element-63da071 elementor-widget elementor-widget-heading\" data-id=\"63da071\" data-element_type=\"widget\" data-widget_type=\"heading.default\">\n<div class=\"elementor-widget-container\">\n<h2 class=\"elementor-heading-title elementor-size-default\">Nivel System LP36-EX<\/h2>\n<\/div>\n<\/div>\n<div class=\"elementor-element elementor-element-6531e03 elementor-widget elementor-widget-woocommerce-product-content\" data-id=\"6531e03\" data-element_type=\"widget\" data-widget_type=\"woocommerce-product-content.default\">\n<div class=\"elementor-widget-container\">\n<p>Stat\u00edv alebo rozpern\u00e1 ty\u010d je jedn\u00fdm z doplnkov, ktor\u00e9 s\u00fa potrebn\u00e9 na vykonanie 90% merac\u00edch pr\u00e1c. V\u00fdber spr\u00e1vneho modelu pre typ vykon\u00e1vanej \u00falohy je polovicou \u00faspechu. Na \u010do najpresnej\u0161ie zameranie pou\u017eite dreven\u00fd stat\u00edv, ktor\u00fd sa vyzna\u010duje vysokou tuhos\u0165ou a zais\u0165uje stabilitu pr\u00edstroja. Na druhej strane, pri pr\u00e1ci s optick\u00fdm nivela\u010dn\u00fdm pr\u00edstrojom je vhodn\u00e9 pou\u017ei\u0165 jednoduch\u00fd a \u013eahko pren\u00e1\u0161ate\u013en\u00fd hlin\u00edkov\u00fd stat\u00edv. Na\u0161a ponuka zah\u0155\u0148a stat\u00edvy, ktor\u00e9 pom\u00e1haj\u00fa vykon\u00e1va\u0165 v\u0161etky meracie \u00falohy, \u010di u\u017e geodetick\u00e9 alebo stavebn\u00edcke.<\/p>\n<h2><strong>Rozpern\u00e1 ty\u010d so stat\u00edvom Nivel System LP-36 EX \u00bb pre kr\u00ed\u017eov\u00e9 lasery a dia\u013ekomery<\/strong><\/h2>\n<p>Rozpern\u00e1 ty\u010d so stat\u00edvom je ur\u010den\u00e1 pre e\u0161te lep\u0161iu stabilitu. Pevn\u00e1 hlin\u00edkov\u00e1 ty\u010d sa ve\u013emi jednoducho zoskrutkuje a nastav\u00ed vo v\u0161etk\u00fdch podmienkach.<\/p>\n<ul>\n<li>maxim\u00e1lna v\u00fd\u0161ka 3.60 m<\/li>\n<li>odoln\u00e1 vo\u010di poveternostn\u00fdm podmienkam<\/li>\n<li>ve\u013emi \u013eahk\u00e1 a \u013eahko prenosn\u00e1 s praktickou ta\u0161kou a dr\u017eiakom<\/li>\n<li>stupnica pre \u013eah\u0161ie prisp\u00f4sebenie merania<\/li>\n<\/ul>\n<\/div>\n<\/div>\n","protected":false},"excerpt":{"rendered":"<ul>\n<li><strong>Mas\u00edvna kon\u0161trukcia<\/strong><\/li>\n<li><strong>Nastavite\u013en\u00e1 do po\u017eadovanej v\u00fd\u0161ky<\/strong><\/li>\n<li><strong>Vr\u00e1tane stat\u00edvu<\/strong><\/li>\n<\/ul>\n","protected":false},"featured_media":27678,"template":"","meta":{"_acf_changed":false},"product_brand":[],"product_cat":[298],"product_tag":[],"branze":[],"class_list":{"0":"post-30258","1":"product","2":"type-product","3":"status-publish","4":"has-post-thumbnail","6":"product_cat-dilatacne-tyce","8":"first","9":"instock","10":"shipping-taxable","11":"product-type-simple"},"acf":[],"_links":{"self":[{"href":"https:\/\/nivelsystem.com\/sk\/wp-json\/wp\/v2\/product\/30258","targetHints":{"allow":["GET"]}}],"collection":[{"href":"https:\/\/nivelsystem.com\/sk\/wp-json\/wp\/v2\/product"}],"about":[{"href":"https:\/\/nivelsystem.com\/sk\/wp-json\/wp\/v2\/types\/product"}],"version-history":[{"count":0,"href":"https:\/\/nivelsystem.com\/sk\/wp-json\/wp\/v2\/product\/30258\/revisions"}],"wp:featuredmedia":[{"embeddable":true,"href":"https:\/\/nivelsystem.com\/sk\/wp-json\/wp\/v2\/media\/27678"}],"wp:attachment":[{"href":"https:\/\/nivelsystem.com\/sk\/wp-json\/wp\/v2\/media?parent=30258"}],"wp:term":[{"taxonomy":"product_brand","embeddable":true,"href":"https:\/\/nivelsystem.com\/sk\/wp-json\/wp\/v2\/product_brand?post=30258"},{"taxonomy":"product_cat","embeddable":true,"href":"https:\/\/nivelsystem.com\/sk\/wp-json\/wp\/v2\/product_cat?post=30258"},{"taxonomy":"product_tag","embeddable":true,"href":"https:\/\/nivelsystem.com\/sk\/wp-json\/wp\/v2\/product_tag?post=30258"},{"taxonomy":"branze","embeddable":true,"href":"https:\/\/nivelsystem.com\/sk\/wp-json\/wp\/v2\/branze?post=30258"}],"curies":[{"name":"wp","href":"https:\/\/api.w.org\/{rel}","templated":true}]}}