{"id":30211,"date":"1950-12-03T14:20:18","date_gmt":"1950-12-03T14:20:18","guid":{"rendered":"https:\/\/nivelsystem.com\/produkt\/ls-35\/"},"modified":"2024-07-04T12:48:45","modified_gmt":"2024-07-04T12:48:45","slug":"ls-35","status":"publish","type":"product","link":"https:\/\/nivelsystem.com\/sk\/produkt\/ls-35\/","title":{"rendered":"Nivela\u010dn\u00e1 lata LS-35"},"content":{"rendered":"<div class=\"elementor-element elementor-element-63da071 elementor-widget elementor-widget-heading\" data-id=\"63da071\" data-element_type=\"widget\" data-widget_type=\"heading.default\">\n<div class=\"elementor-widget-container\">\n<h2 class=\"elementor-heading-title elementor-size-default\">Nivel System LS-35<\/h2>\n<\/div>\n<\/div>\n<div class=\"elementor-element elementor-element-6531e03 elementor-widget elementor-widget-woocommerce-product-content\" data-id=\"6531e03\" data-element_type=\"widget\" data-widget_type=\"woocommerce-product-content.default\">\n<div class=\"elementor-widget-container\">\n<p>Praktick\u00e1 a odoln\u00e1 laserov\u00e1 nivela\u010dn\u00e1 lata s presnou milimetrovou stupnicou a \u013eahk\u00fdm od\u010d\u00edtan\u00edm odch\u00fdlok roviny. K dispoz\u00edcii s praktick\u00fdm pos\u00fava\u010dom pre dr\u017eiak laserov\u00e9ho senzora.<\/p>\n<ul>\n<li>max. d\u013a\u017eka 3.5 m<\/li>\n<li>presn\u00e9 milimetrov\u00e9 zna\u010denie<\/li>\n<li>obal na prepravu laty<\/li>\n<li>libela<\/li>\n<\/ul>\n<\/div>\n<\/div>\n<div class=\"elementor-element elementor-element-abd2148 elementor-widget elementor-widget-heading\" data-id=\"abd2148\" data-element_type=\"widget\" data-widget_type=\"heading.default\">\n<div class=\"elementor-widget-container\">\n<h3 class=\"elementor-heading-title elementor-size-default\">Applications:<\/h3>\n<\/div>\n<\/div>\n<div class=\"elementor-element elementor-element-52c245d elementor-widget elementor-widget-text-editor\" data-id=\"52c245d\" data-element_type=\"widget\" data-widget_type=\"text-editor.default\">\n<div class=\"elementor-widget-container\">\n<p>Pri niveliza\u010dn\u00fdch meraniach s\u00fa mern\u00e9 dieliky \u010d\u00edtac\u00edm prvkom, ktor\u00fdm sa ur\u010duje v\u00fd\u0161ka alebo v\u00fd\u0161kov\u00fd rozdiel medzi bodmi. Presnos\u0165 opisu a pevnos\u0165 kon\u0161trukcie maj\u00fa obrovsk\u00fd vplyv na kone\u010dn\u00fa presnos\u0165 zarovnan\u00fdch bodov. Vysok\u00e1 kvalita (mechanick\u00e9 spojenia, teleskopick\u00e9 blokovania) zase ur\u010duje trvanlivos\u0165 v\u00fdrobkov a ich bezprobl\u00e9mov\u00fa prev\u00e1dzku.<\/p>\n<ul>\n<li><strong>libely\u00a0<\/strong>\u2013 teleskopick\u00e9 nivela\u010dn\u00e9 laty maj\u00fa v balen\u00ed libely, r\u00fdchlo sa zlo\u017eia \/ rozlo\u017eia a \u013eahko sa zmestia do kufra osobn\u00e9ho automobilu<\/li>\n<li><strong>odoln\u00e9<\/strong>\u00a0\u2013 s\u00fa odoln\u00e9 vo\u010di vode, vlhkosti a vysok\u00fdm teplot\u00e1m, zabezpe\u010duj\u00fa vysok\u00fa presnos\u0165 merania vo v\u0161etk\u00fdch podmienkach<\/li>\n<li><strong>ochrana pred po\u0161koden\u00edm a zne\u010disten\u00edm<\/strong>\u00a0\u2013 v\u0161etky laty sa pred\u00e1vaj\u00fa v ochrann\u00fdch obaloch<\/li>\n<\/ul>\n<\/div>\n<\/div>\n","protected":false},"excerpt":{"rendered":"<ul>\n<li><strong>Mas\u00edvna kon\u0161trukcia<\/strong><\/li>\n<li><strong>Trval\u00e1 odoln\u00e1 tla\u010d<\/strong><\/li>\n<li><strong>Vr\u00e1tane libely a prepravn\u00e9ho p\u00fazdra<\/strong><\/li>\n<\/ul>\n","protected":false},"featured_media":26826,"template":"","meta":{"_acf_changed":false},"product_brand":[],"product_cat":[302],"product_tag":[],"branze":[],"class_list":{"0":"post-30211","1":"product","2":"type-product","3":"status-publish","4":"has-post-thumbnail","6":"product_cat-nivelacne-zaplaty","8":"first","9":"instock","10":"shipping-taxable","11":"product-type-simple"},"acf":[],"_links":{"self":[{"href":"https:\/\/nivelsystem.com\/sk\/wp-json\/wp\/v2\/product\/30211","targetHints":{"allow":["GET"]}}],"collection":[{"href":"https:\/\/nivelsystem.com\/sk\/wp-json\/wp\/v2\/product"}],"about":[{"href":"https:\/\/nivelsystem.com\/sk\/wp-json\/wp\/v2\/types\/product"}],"version-history":[{"count":0,"href":"https:\/\/nivelsystem.com\/sk\/wp-json\/wp\/v2\/product\/30211\/revisions"}],"wp:featuredmedia":[{"embeddable":true,"href":"https:\/\/nivelsystem.com\/sk\/wp-json\/wp\/v2\/media\/26826"}],"wp:attachment":[{"href":"https:\/\/nivelsystem.com\/sk\/wp-json\/wp\/v2\/media?parent=30211"}],"wp:term":[{"taxonomy":"product_brand","embeddable":true,"href":"https:\/\/nivelsystem.com\/sk\/wp-json\/wp\/v2\/product_brand?post=30211"},{"taxonomy":"product_cat","embeddable":true,"href":"https:\/\/nivelsystem.com\/sk\/wp-json\/wp\/v2\/product_cat?post=30211"},{"taxonomy":"product_tag","embeddable":true,"href":"https:\/\/nivelsystem.com\/sk\/wp-json\/wp\/v2\/product_tag?post=30211"},{"taxonomy":"branze","embeddable":true,"href":"https:\/\/nivelsystem.com\/sk\/wp-json\/wp\/v2\/branze?post=30211"}],"curies":[{"name":"wp","href":"https:\/\/api.w.org\/{rel}","templated":true}]}}