{"id":30199,"date":"1950-12-05T13:39:43","date_gmt":"1950-12-05T13:39:43","guid":{"rendered":"https:\/\/nivelsystem.com\/produkt\/ts-5\/"},"modified":"2024-07-04T12:41:32","modified_gmt":"2024-07-04T12:41:32","slug":"ts-5","status":"publish","type":"product","link":"https:\/\/nivelsystem.com\/sk\/produkt\/ts-5\/","title":{"rendered":"Lata TS-5"},"content":{"rendered":"<h2>K\u00f3dov\u00e1 nivela\u010dn\u00e1 lata 5 metrov\u00e1 pre digit\u00e1lny nivela\u010dn\u00fd pr\u00edstroj EL-32.<\/h2>\n","protected":false},"excerpt":{"rendered":"<div class=\"woocommerce-product-details__short-description\">\n<ul>\n<li><strong>D\u013a\u017eka 5m <\/strong><\/li>\n<li><strong>Odoln\u00e1 potla\u010d\u00a0<\/strong><\/li>\n<li><strong>Balenie obsahuje prepravn\u00e9 puzdro a libela\u00a0<\/strong><\/li>\n<li><strong>Lata m\u00e1 milimetrov\u00e9 aj centimetrov\u00e9 delenie <\/strong><\/li>\n<\/ul>\n<\/div>\n","protected":false},"featured_media":26811,"template":"","meta":{"_acf_changed":false},"product_brand":[],"product_cat":[302],"product_tag":[],"branze":[],"class_list":{"0":"post-30199","1":"product","2":"type-product","3":"status-publish","4":"has-post-thumbnail","6":"product_cat-nivelacne-zaplaty","8":"first","9":"instock","10":"shipping-taxable","11":"product-type-simple"},"acf":[],"_links":{"self":[{"href":"https:\/\/nivelsystem.com\/sk\/wp-json\/wp\/v2\/product\/30199","targetHints":{"allow":["GET"]}}],"collection":[{"href":"https:\/\/nivelsystem.com\/sk\/wp-json\/wp\/v2\/product"}],"about":[{"href":"https:\/\/nivelsystem.com\/sk\/wp-json\/wp\/v2\/types\/product"}],"version-history":[{"count":0,"href":"https:\/\/nivelsystem.com\/sk\/wp-json\/wp\/v2\/product\/30199\/revisions"}],"wp:featuredmedia":[{"embeddable":true,"href":"https:\/\/nivelsystem.com\/sk\/wp-json\/wp\/v2\/media\/26811"}],"wp:attachment":[{"href":"https:\/\/nivelsystem.com\/sk\/wp-json\/wp\/v2\/media?parent=30199"}],"wp:term":[{"taxonomy":"product_brand","embeddable":true,"href":"https:\/\/nivelsystem.com\/sk\/wp-json\/wp\/v2\/product_brand?post=30199"},{"taxonomy":"product_cat","embeddable":true,"href":"https:\/\/nivelsystem.com\/sk\/wp-json\/wp\/v2\/product_cat?post=30199"},{"taxonomy":"product_tag","embeddable":true,"href":"https:\/\/nivelsystem.com\/sk\/wp-json\/wp\/v2\/product_tag?post=30199"},{"taxonomy":"branze","embeddable":true,"href":"https:\/\/nivelsystem.com\/sk\/wp-json\/wp\/v2\/branze?post=30199"}],"curies":[{"name":"wp","href":"https:\/\/api.w.org\/{rel}","templated":true}]}}