{"id":118615,"date":"2020-06-05T09:15:51","date_gmt":"2020-06-05T09:15:51","guid":{"rendered":"https:\/\/nivelsystem.com\/?post_type=product&#038;p=118615"},"modified":"2026-05-11T12:52:12","modified_gmt":"2026-05-11T12:52:12","slug":"krizovy-laser-clx3b-motor","status":"publish","type":"product","link":"https:\/\/nivelsystem.com\/sk\/produkt\/krizovy-laser-clx3b-motor\/","title":{"rendered":"Kr\u00ed\u017eov\u00fd laser CLx3B MOTOR"},"content":{"rendered":"<h2><strong>Kr\u00ed\u017eov\u00fd laser 3\u00d7360\u00b0 s zelen\u00fdm l\u00fa\u010dom Nivel System CLx3B MOTOR<\/strong><\/h2>\n<p>Laser\u00a0je viac\u00fa\u010delov\u00fd 3D kr\u00ed\u017eov\u00fd laser. Pr\u00edstroj ur\u010duje referen\u010dn\u00e9 \u010diary na stenu (horizont\u00e1lne a vertik\u00e1lne), ktor\u00e9 podporuj\u00fa v\u0161etky dokon\u010dovacie a v\u0161eobecn\u00e9 stavebn\u00e9 pr\u00e1ce. Laser m\u00e1 dve laserov\u00e9 hlavy, v\u010faka ktor\u00fdm m\u00e1 pou\u017e\u00edvate\u013e mo\u017enos\u0165 pracova\u0165 s dvoma laserov\u00fdmi rovinami \u2013 ka\u017ed\u00e1 v rozsahu 360\u00b0. Zobrazenie t\u00fdchto rov\u00edn s\u00fa\u010dasne v\u00e1m umo\u017e\u0148uje ur\u010di\u0165 prav\u00e9 uhly. T\u00e1to mo\u017enos\u0165 je u\u017eito\u010dn\u00e1 pri stavebn\u00fdch a dokon\u010dovac\u00edch pr\u00e1cach. Uzamknutie kompenz\u00e1tora umo\u017e\u0148uje pr\u00e1cu so \u0161ikm\u00fdmi rovinami. Vstavan\u00fd z\u00e1vit stat\u00edvu umo\u017en\u00ed spo\u013eahliv\u00fa a stabiln\u00fa fix\u00e1ciu pr\u00edstroja na stat\u00edv, alebo adapt\u00e9r. Zosilnen\u00e9 komponenty laserov\u00e9ho krytu chr\u00e1nia pr\u00edstroj pred po\u0161koden\u00edm a n\u00e1razmi. Laser je vybaven\u00fd motorizovan\u00fdm centrovac\u00edm adapt\u00e9rom, ktor\u00fd udr\u017eiava priese\u010dn\u00edk vertik\u00e1lnych rov\u00edn na rovnakom mieste po\u010das ot\u00e1\u010dania (v\u013eavo-vpravo), a motorizovan\u00fdm v\u00fd\u0165ahom, ktor\u00fd umo\u017e\u0148uje mechanick\u00e9 nastavenie smeru aj \u00farovne laserov\u00fdch l\u00fa\u010dov. Ovl\u00e1danie je mo\u017en\u00e9 vykon\u00e1va\u0165 zo samotn\u00e9ho pr\u00edstroja aj na dia\u013eku prostredn\u00edctvom mobilnej aplik\u00e1cie. Laser je tie\u017e navrhnut\u00fd tak, aby pracoval s funkciou automatick\u00e9ho vyh\u013ead\u00e1vania a zarovn\u00e1vania laserov\u00e9ho l\u00fa\u010da, \u010do sa dosahuje v spojen\u00ed so \u0161peci\u00e1lnym laserov\u00fdm senzorom.<\/p>\n<ul>\n<li><strong>presnos\u0165 a spo\u013eahlivos\u0165<\/strong>\u00a0\u2013\u00a0jasne vidite\u013en\u00fd modr\u00fd laserov\u00fd l\u00fa\u010d zais\u0165uje pohodln\u00fa pr\u00e1cu za v\u0161etk\u00fdch podmienok (l\u00fa\u010d je jasn\u00fd a nie je preexponovan\u00fd, nesp\u00f4sobuje nam\u00e1hanie o\u010d\u00ed), zariadenie umo\u017e\u0148uje presnos\u0165 \u00b12 mm\/10 m<\/li>\n<li><strong>digit\u00e1lne indik\u00e1cie \u2013 schopnos\u0165 pracova\u0165 s prij\u00edma\u010dom DIGITAL, na ktorom je v\u00fd\u0161kov\u00fd rozdiel prezentovan\u00fd v milimetroch<\/strong><\/li>\n<li><strong>r\u00fdchle vyrovn\u00e1vanie<\/strong>\u00a0\u2013\u00a0 modern\u00fd syst\u00e9m kompenz\u00e1cie magnetick\u00fdch vibr\u00e1ci\u00ed zais\u0165uje r\u00fdchlu pr\u00edpravu pr\u00edstroja na prev\u00e1dzku, laser stabilne ur\u010duje l\u00fa\u010d aj na nestabilnej z\u00e1kladni a po uzamknut\u00ed v\u00e1m umo\u017e\u0148uje pracova\u0165 so sklonmi<\/li>\n<li><strong>e\u0161te v\u00e4\u010d\u0161\u00ed dosah<\/strong>\u00a0\u2013 pulzn\u00e1 funkcia umo\u017e\u0148uje pracova\u0165 s prij\u00edma\u010dom mimo budov na dlh\u00e9 vzdialenosti (pracovn\u00fd priemer 140m)<\/li>\n<li><strong>intuit\u00edvne ovl\u00e1danie<\/strong>\u00a0\u2013 jednoduch\u00fd a r\u00fdchly ovl\u00e1dac\u00ed panel s aplik\u00e1ciou pre mobiln\u00e9 zariadenia (Bluetooth)<\/li>\n<\/ul>\n<ul>\n<li><strong>motorizovan\u00fd adapt\u00e9r a laserov\u00fd zdvih\u00e1k <\/strong>\u2013 r\u00fdchle a presn\u00e9 nastavenie laserov\u00fdch l\u00fa\u010dov (olovnica, vodov\u00e1ha), aj na dia\u013eku, prostredn\u00edctvom mobilnej aplik\u00e1cie<\/li>\n<li><strong>efekt\u00edvne nap\u00e1janie<\/strong>\u2013 akumul\u00e1tor Li-ion (8000mAh) bez pam\u00e4\u0165ov\u00e9ho efektu, mo\u017enos\u0165 nab\u00edjania po\u010das prev\u00e1dzky<\/li>\n<\/ul>\n<ul>\n<li><strong>odoln\u00fd vo\u010di po\u0161kodeniu, odoln\u00e9 vybavenie<\/strong>\u00a0\u2013 vystu\u017een\u00fd kovov\u00fdm krytom, kovov\u00e9 kryty laserov\u00fdch hl\u00e1v, gumov\u00e9 rohy tlmia a chr\u00e1nia laser pred po\u0161koden\u00edm a n\u00e1razmi, odolnos\u0165 vo\u010di prachu a vode (IP54)<\/li>\n<\/ul>\n<h2><strong>Jednoduch\u00e9 a r\u00fdchle merania<\/strong><\/h2>\n<p>Laser sa po zapnut\u00ed s\u00e1m vyrovn\u00e1 a je okam\u017eite pripraven\u00fd na pou\u017eitie. Vy\u017earovan\u00fd modr\u00fd laserov\u00fd l\u00fa\u010d je mnohon\u00e1sobne vidite\u013enej\u0161\u00ed ako \u010derven\u00fd l\u00fa\u010d a o nie\u010do ten\u0161\u00ed ako zelen\u00fd l\u00fa\u010d (okrem toho je modr\u00e9 svetlo jasnej\u0161ie, \u010do zlep\u0161uje komfort pr\u00e1ce v mal\u00fdch priestoroch a pri pr\u00e1ci s le\u0161ten\u00fdmi dla\u017edicami \u2013 laser nesp\u00f4sobuje nam\u00e1hanie o\u010d\u00ed). Pou\u017e\u00edvatelia m\u00f4\u017eu pracova\u0165 aj v slne\u010dn\u00fdch miestnostiach.<\/p>\n<h2><strong>Univerz\u00e1lna aplik\u00e1cia<\/strong><\/h2>\n<p>Pr\u00edstroj v\u00e1m umo\u017e\u0148uje pracova\u0165 s horizont\u00e1lnymi aj vertik\u00e1lnymi rovinami. Naraz je mo\u017en\u00e9 zobrazi\u0165 tri roviny.<\/p>\n<h2><strong>Spo\u013eahlivos\u0165 na stavenisku<\/strong><\/h2>\n<p>Pr\u00edstroj je odoln\u00fd vo\u010di prachu a vode (IP54). Telo lasera je vystu\u017een\u00e9 kovov\u00fdmi prvkami. V\u010faka \u010domu je vhodn\u00fd do drsn\u00fdch podmienok na stavenisku.<\/p>\n<h2><strong>Intuit\u00edvne ovl\u00e1danie<\/strong><\/h2>\n<p>Pr\u00edstroj je vybaven\u00fd intuit\u00edvnym ovl\u00e1dac\u00edm panelom. Motorizovan\u00fd laserov\u00fd zdvih umo\u017e\u0148uje r\u00fdchle a presn\u00e9 horizont\u00e1lne nastavenie laserovej \u010diary (hore a dole), a to aj na dia\u013eku prostredn\u00edctvom mobilnej aplik\u00e1cie. Mechanick\u00fd rota\u010dn\u00fd syst\u00e9m pr\u00edstroja (v\u013eavo a vpravo) umo\u017e\u0148uje presn\u00e9 nastavenie zobrazen\u00e9ho smeru laserovej \u010diary, a to aj na dia\u013eku prostredn\u00edctvom mobilnej aplik\u00e1cie. Syst\u00e9m je kompatibiln\u00fd s funkciou vyh\u013ead\u00e1vania senzorov, \u010do znamen\u00e1, \u017ee laserov\u00fd l\u00fa\u010d sa automaticky zarovn\u00e1 so stredov\u00fdm bodom laserov\u00e9ho senzora (vy\u017eaduje sa senzor Nivel System CLS-310). V\u010faka integrovan\u00e9mu modulu Bluetooth m\u00f4\u017eu pou\u017e\u00edvatelia ovl\u00e1da\u0165 funkcie laseru zo svojich mobiln\u00fdch zariaden\u00ed. Kompaktn\u00e9 puzdro umo\u017e\u0148uje prenosnos\u0165 laseru a jednoduch\u00fa in\u0161tal\u00e1ciu a prepravu na mieste.<\/p>\n<p><img fetchpriority=\"high\" decoding=\"async\" class=\"alignnone size-medium wp-image-118575 alignright\" src=\"https:\/\/nivelsystem.com\/wp-content\/uploads\/2026\/03\/adapter_CLx3_Motor-289x300.jpg\" alt=\"Adapter CLx3 Motor\" width=\"289\" height=\"300\" title=\"\" srcset=\"https:\/\/nivelsystem.com\/wp-content\/uploads\/2026\/03\/adapter_CLx3_Motor-289x300.jpg 289w, https:\/\/nivelsystem.com\/wp-content\/uploads\/2026\/03\/adapter_CLx3_Motor-150x156.jpg 150w, https:\/\/nivelsystem.com\/wp-content\/uploads\/2026\/03\/adapter_CLx3_Motor.jpg 394w\" sizes=\"(max-width: 289px) 100vw, 289px\" \/><\/p>\n<h2><strong>Motorizovan\u00fd centrovac\u00ed adapt\u00e9r<\/strong><\/h2>\n<p>Pr\u00edstroj je vybaven\u00fd motorizovan\u00fdm adapt\u00e9rom, ktor\u00fd umo\u017e\u0148uje presn\u00e9 nastavenie smeru vertik\u00e1lnej \u010diary. Laser je umiestnen\u00fd tak, aby sa priese\u010dn\u00edk vertik\u00e1lnych rov\u00edn zhodoval s bodom, z ktor\u00e9ho sa m\u00e1 kresli\u0165 po\u017eadovan\u00e1 \u010diara. Adapt\u00e9r umo\u017e\u0148uje presn\u00e9 zarovnanie \u010diary v zam\u00fd\u0161\u013eanom smere v rozsahu \u00b15\u00b0 a ot\u00e1\u010danie do\u013eava a doprava nemen\u00ed po\u010diato\u010dn\u00fd bod (priese\u010dn\u00edk vertik\u00e1lnych \u010diar).<\/p>\n<p>&nbsp;<\/p>\n<h2><strong>MODR\u00dd LASEROV\u00dd L\u00da\u010c vs. ZELEN\u00dd<\/strong><\/h2>\n<p><img decoding=\"async\" class=\"alignnone size-full wp-image-105346 alignright\" src=\"https:\/\/nivelsystem.com\/wp-content\/uploads\/2024\/05\/wiazka_laserowa.jpg\" alt=\"wi\u0105zka zielona vs. niebieska\" width=\"225\" height=\"217\" title=\"\" srcset=\"https:\/\/nivelsystem.com\/wp-content\/uploads\/2024\/05\/wiazka_laserowa.jpg 225w, https:\/\/nivelsystem.com\/wp-content\/uploads\/2024\/05\/wiazka_laserowa-150x145.jpg 150w\" sizes=\"(max-width: 225px) 100vw, 225px\" \/><\/p>\n<p>Modr\u00fd laserov\u00fd l\u00fa\u010d m\u00e1 podobn\u00fa farbu ako zelen\u00fd l\u00fa\u010d \u2013 je to kv\u00f4li mal\u00fdm rozdielom vo vlnovej d\u013a\u017eke (modr\u00fd m\u00e1 505 nm, zelen\u00fd 515 nm) \u2013 \u010do zabezpe\u010duje porovnate\u013en\u00fa vidite\u013enos\u0165.<\/p>\n<p>Modr\u00fd l\u00fa\u010d m\u00e1 tie\u017e ve\u013emi dobre definovan\u00e9 okraje \u2013 je o nie\u010do ten\u0161\u00ed ako zelen\u00fd l\u00fa\u010d. L\u00fa\u010d je jasnej\u0161\u00ed a nie je preexponovan\u00fd, \u010do priamo ovplyv\u0148uje pohodlie pri pr\u00e1ci. Modr\u00e9 lasery (505 nm) sa odpor\u00fa\u010daj\u00fa pre v\u0161etky pr\u00e1ce vy\u017eaduj\u00face vysok\u00fa presnos\u0165.<\/p>\n<h2>Stiahnite si APP<\/h2>\n<p><a href=\"https:\/\/play.google.com\/store\/apps\/details?id=com.pairlink.futian.cl4d&amp;hl=pl&amp;gl=US\" target=\"_blank\" rel=\"noopener\"><img decoding=\"async\" class=\"alignnone wp-image-32587\" src=\"https:\/\/nivelsystem.com\/wp-content\/uploads\/2020\/06\/GP_button-300x97.jpg\" alt=\"\" width=\"100\" height=\"32\" title=\"\" srcset=\"https:\/\/nivelsystem.com\/wp-content\/uploads\/2020\/06\/GP_button-300x97.jpg 300w, https:\/\/nivelsystem.com\/wp-content\/uploads\/2020\/06\/GP_button-768x248.jpg 768w, https:\/\/nivelsystem.com\/wp-content\/uploads\/2020\/06\/GP_button-150x49.jpg 150w, https:\/\/nivelsystem.com\/wp-content\/uploads\/2020\/06\/GP_button.jpg 986w\" sizes=\"(max-width: 100px) 100vw, 100px\" \/><\/a> <a href=\"https:\/\/apps.apple.com\/pl\/app\/cl4d\/id1550265610?l=pl\" target=\"_blank\" rel=\"noopener\"><img loading=\"lazy\" decoding=\"async\" class=\"alignnone wp-image-32583\" src=\"https:\/\/nivelsystem.com\/wp-content\/uploads\/2020\/06\/Apple_button-300x97.jpg\" alt=\"\" width=\"100\" height=\"32\" title=\"\" srcset=\"https:\/\/nivelsystem.com\/wp-content\/uploads\/2020\/06\/Apple_button-300x97.jpg 300w, https:\/\/nivelsystem.com\/wp-content\/uploads\/2020\/06\/Apple_button-768x248.jpg 768w, https:\/\/nivelsystem.com\/wp-content\/uploads\/2020\/06\/Apple_button-150x48.jpg 150w, https:\/\/nivelsystem.com\/wp-content\/uploads\/2020\/06\/Apple_button.jpg 989w\" sizes=\"(max-width: 100px) 100vw, 100px\" \/><\/a><\/p>\n<h2>Navrhnut\u00e9 v Eur\u00f3pe<\/h2>\n<p><a href=\"https:\/\/nivelsystem.com\/sk\/novinky\/navrhnuty-v-europe\/\"><img loading=\"lazy\" decoding=\"async\" class=\"alignleft wp-image-42662\" src=\"https:\/\/nivelsystem.com\/wp-content\/uploads\/2020\/06\/logo_EU_projecy-300x192.png\" alt=\"\" width=\"156\" height=\"100\" title=\"\" srcset=\"https:\/\/nivelsystem.com\/wp-content\/uploads\/2020\/06\/logo_EU_projecy-300x192.png 300w, https:\/\/nivelsystem.com\/wp-content\/uploads\/2020\/06\/logo_EU_projecy-150x96.png 150w, https:\/\/nivelsystem.com\/wp-content\/uploads\/2020\/06\/logo_EU_projecy.png 364w\" sizes=\"(max-width: 156px) 100vw, 156px\" \/><\/a><\/p>\n<p><strong>Najcennej\u0161ia sk\u00fasenos\u0165 &#8211; myslenie mimo r\u00e1mca!<\/strong><\/p>\n<p>Najnov\u0161ia s\u00e9ria kr\u00ed\u017eov\u00fdch laserov CL a rota\u010dn\u00fdch laserov NL boli vyvinut\u00e9 a navrhnut\u00e9 v Po\u013esku. Dizajn je v\u00fdsledkom sk\u00fasenost\u00ed s v\u00fdvojom meracej techniky a z\u00e1rove\u0148 schopnosti myslie\u0165 mimo r\u00e1mca.<\/p>\n","protected":false},"excerpt":{"rendered":"<div>\n<ul>\n<li><strong>inovat\u00edvny stavebn\u00fd laser so modr\u00fdm l\u00fa\u010dom <\/strong>\u2013 3 x 360\u00b0 rovina\u00a0 (2 x vertik\u00e1lna, 1 x horizont\u00e1lna)<\/li>\n<li><strong>ve\u013emi dobre vidite\u013en\u00fd a jasn\u00fd l\u00fa\u010d<\/strong>\u2013 presn\u00e9 merania (2,0 mm\/10m)<\/li>\n<li><strong>motorizovan\u00fd syst\u00e9m nastavenia l\u00fa\u010da \u2013 horizont\u00e1lny a vertik\u00e1lny<\/strong><\/li>\n<li><strong>univerz\u00e1lne uplatnenie\u00a0<\/strong>\u2013 pr\u00e1ca v interi\u00e9ri aj exteri\u00e9ri (do 140m v priemere s prij\u00edma\u010dom), tie\u017e so \u0161ikmou rovinou<\/li>\n<li><strong>bezpe\u010dn\u00e9 pou\u017e\u00edvanie po cel\u00e9 roky<\/strong>, spo\u013eahliv\u00fd, osved\u010den\u00fd dizajn (IP54)<\/li>\n<li><strong>Bluetooth<\/strong><\/li>\n<\/ul>\n<\/div>\n[html_block id=\"30167\"]\n","protected":false},"featured_media":118312,"template":"","meta":{"_acf_changed":false},"product_brand":[],"product_cat":[282],"product_tag":[],"branze":[],"class_list":{"0":"post-118615","1":"product","2":"type-product","3":"status-publish","4":"has-post-thumbnail","6":"product_cat-krizove-lasery","8":"first","9":"instock","10":"shipping-taxable","11":"product-type-simple"},"acf":[],"_links":{"self":[{"href":"https:\/\/nivelsystem.com\/sk\/wp-json\/wp\/v2\/product\/118615","targetHints":{"allow":["GET"]}}],"collection":[{"href":"https:\/\/nivelsystem.com\/sk\/wp-json\/wp\/v2\/product"}],"about":[{"href":"https:\/\/nivelsystem.com\/sk\/wp-json\/wp\/v2\/types\/product"}],"version-history":[{"count":5,"href":"https:\/\/nivelsystem.com\/sk\/wp-json\/wp\/v2\/product\/118615\/revisions"}],"predecessor-version":[{"id":118955,"href":"https:\/\/nivelsystem.com\/sk\/wp-json\/wp\/v2\/product\/118615\/revisions\/118955"}],"wp:featuredmedia":[{"embeddable":true,"href":"https:\/\/nivelsystem.com\/sk\/wp-json\/wp\/v2\/media\/118312"}],"wp:attachment":[{"href":"https:\/\/nivelsystem.com\/sk\/wp-json\/wp\/v2\/media?parent=118615"}],"wp:term":[{"taxonomy":"product_brand","embeddable":true,"href":"https:\/\/nivelsystem.com\/sk\/wp-json\/wp\/v2\/product_brand?post=118615"},{"taxonomy":"product_cat","embeddable":true,"href":"https:\/\/nivelsystem.com\/sk\/wp-json\/wp\/v2\/product_cat?post=118615"},{"taxonomy":"product_tag","embeddable":true,"href":"https:\/\/nivelsystem.com\/sk\/wp-json\/wp\/v2\/product_tag?post=118615"},{"taxonomy":"branze","embeddable":true,"href":"https:\/\/nivelsystem.com\/sk\/wp-json\/wp\/v2\/branze?post=118615"}],"curies":[{"name":"wp","href":"https:\/\/api.w.org\/{rel}","templated":true}]}}