{"id":118526,"date":"1950-06-09T13:18:49","date_gmt":"1950-06-09T13:18:49","guid":{"rendered":"https:\/\/nivelsystem.com\/?post_type=product&#038;p=118526"},"modified":"2026-04-14T09:05:41","modified_gmt":"2026-04-14T09:05:41","slug":"prijimac-cls-310-digital","status":"publish","type":"product","link":"https:\/\/nivelsystem.com\/sk\/produkt\/prijimac-cls-310-digital\/","title":{"rendered":"Prij\u00edma\u010d CLS-310 Digital"},"content":{"rendered":"<div data-id=\"87eacf6\" data-element_type=\"widget\" data-widget_type=\"heading.default\">\n<div>\n<h2 data-section-id=\"1dsljkf\" data-start=\"242\" data-end=\"324\">Laserov\u00fd prij\u00edma\u010d CLS-310 Digital \u2013 presn\u00e9 merania pre kr\u00ed\u017eov\u00e9<\/h2>\n<p data-start=\"326\" data-end=\"623\">Laserov\u00fd prij\u00edma\u010d <strong data-start=\"344\" data-end=\"363\">CLS-310 Digital<\/strong> je modern\u00e9 zariadenie ur\u010den\u00e9 na presn\u00fd pr\u00edjem laserov\u00e9ho l\u00fa\u010da vysielan\u00e9ho <strong data-start=\"438\" data-end=\"459\">kr\u00ed\u017eov\u00fdmi lasermi<\/strong>. V\u010faka svojej univerz\u00e1lnosti a pokro\u010dil\u00fdm funkci\u00e1m sa prij\u00edma\u010d osved\u010d\u00ed v <strong data-start=\"533\" data-end=\"587\">stavebn\u00edctve, geod\u00e9zii aj pri in\u0161tala\u010dn\u00fdch pr\u00e1cach<\/strong>, kde je presnos\u0165 merania k\u013e\u00fa\u010dov\u00e1.<\/p>\n<p data-start=\"625\" data-end=\"783\">Je kompatibiln\u00fd s <strong data-start=\"643\" data-end=\"695\">\u010derven\u00fdmi, zelen\u00fdmi, modr\u00fdmi a fialov\u00fdmi lasermi<\/strong>, \u010do z neho rob\u00ed univerz\u00e1lny n\u00e1stroj vhodn\u00fd na pr\u00e1cu v r\u00f4znych sveteln\u00fdch podmienkach.<\/p>\n<p data-start=\"785\" data-end=\"931\">Pri pr\u00e1ci s <strong data-start=\"797\" data-end=\"836\">motorizovan\u00fdmi lasermi (CLx3 MOTOR)<\/strong> dok\u00e1\u017ee prij\u00edma\u010d zachyti\u0165 laserov\u00fd l\u00fa\u010d a automaticky ho prisp\u00f4sobi\u0165 presn\u00e9mu bodu.<\/p>\n<h2 data-section-id=\"1pvofge\" data-start=\"933\" data-end=\"979\">Presn\u00fd pr\u00edjem l\u00fa\u010da a \u0161irok\u00fd rozsah detekcie<\/h2>\n<p data-start=\"981\" data-end=\"1190\">Jednou z najv\u00e4\u010d\u0161\u00edch v\u00fdhod prij\u00edma\u010da <strong data-start=\"1017\" data-end=\"1036\">CLS-310 Digital<\/strong> je <strong data-start=\"1040\" data-end=\"1097\">\u0161irok\u00e1 detek\u010dn\u00e1 z\u00f3na laserov\u00e9ho l\u00fa\u010da s rozsahom 70 mm<\/strong>. V\u010faka tomu je mo\u017en\u00e9 r\u00fdchlej\u0161ie zachyti\u0165 laserov\u00fa l\u00edniu a efekt\u00edvnej\u0161ie vykon\u00e1va\u0165 merania.<\/p>\n<p data-start=\"1192\" data-end=\"1354\">Prij\u00edma\u010d dok\u00e1\u017ee spo\u013eahlivo identifikova\u0165 l\u00fa\u010d aj v n\u00e1ro\u010dn\u00fdch podmienkach, napr\u00edklad pri <strong data-start=\"1279\" data-end=\"1353\">intenz\u00edvnom slne\u010dnom svetle alebo pri v\u00e4\u010d\u0161\u00edch merac\u00edch vzdialenostiach<\/strong>.<\/p>\n<p data-start=\"1356\" data-end=\"1455\">V\u010faka <strong data-start=\"1362\" data-end=\"1415\">nastavite\u013enej presnosti pod\u013ea potrieb pou\u017e\u00edvate\u013ea<\/strong> pon\u00faka zariadenie tri re\u017eimy presnosti:<\/p>\n<p data-start=\"1457\" data-end=\"1569\"><strong data-start=\"1457\" data-end=\"1465\">1 mm<\/strong> \u2013 pre najpresnej\u0161ie merania, napr\u00edklad pri mont\u00e1\u017ei podh\u013eadov, kladen\u00ed dla\u017eby alebo nivel\u00e1cii podkladu<\/p>\n<p data-start=\"1571\" data-end=\"1648\"><strong data-start=\"1571\" data-end=\"1579\">2 mm<\/strong> \u2013 ide\u00e1lne pre \u0161tandardn\u00e9 stavebn\u00e9 pr\u00e1ce vy\u017eaduj\u00face vysok\u00fa presnos\u0165<\/p>\n<p data-start=\"1650\" data-end=\"1755\"><strong data-start=\"1650\" data-end=\"1658\">5 mm<\/strong> \u2013 pre merania, kde je d\u00f4le\u017eit\u00e1 r\u00fdchlos\u0165 a jednoduch\u00e9 od\u010d\u00edtanie, napr\u00edklad pri nivel\u00e1cii ter\u00e9nu<\/p>\n<h2 data-section-id=\"1atukj1\" data-start=\"1757\" data-end=\"1808\">Inteligentn\u00e1 kontrola v\u00fd\u0161ky a preh\u013eadn\u00e9 displeje<\/h2>\n<p data-start=\"1810\" data-end=\"2015\">Prij\u00edma\u010d <strong data-start=\"1819\" data-end=\"1838\">CLS-310 Digital<\/strong> je vybaven\u00fd <strong data-start=\"1851\" data-end=\"1901\">pokro\u010dil\u00fdm syst\u00e9mom merania v\u00fd\u0161kov\u00e9ho rozdielu<\/strong>, ktor\u00fd nielen informuje o polohe l\u00fa\u010da, ale z\u00e1rove\u0148 <strong data-start=\"1953\" data-end=\"2014\">prepo\u010d\u00edta a zobraz\u00ed presn\u00fa hodnotu odch\u00fdlky v milimetroch<\/strong>.<\/p>\n<p data-start=\"2017\" data-end=\"2155\">Pou\u017e\u00edvate\u013e tak okam\u017eite z\u00edskava presn\u00fa inform\u00e1ciu o v\u00fd\u0161kovom rozdiele, \u010do v\u00fdrazne u\u013eah\u010duje pr\u00e1cu a eliminuje potrebu dodato\u010dn\u00fdch v\u00fdpo\u010dtov.<\/p>\n<p data-start=\"2157\" data-end=\"2283\">Zariadenie m\u00e1 <strong data-start=\"2171\" data-end=\"2204\">ve\u013ek\u00fd a preh\u013eadn\u00fd LCD displej<\/strong>, ktor\u00fd umo\u017e\u0148uje pohodln\u00e9 \u010d\u00edtanie \u00fadajov aj v n\u00e1ro\u010dn\u00fdch pracovn\u00fdch podmienkach.<\/p>\n<p data-start=\"2285\" data-end=\"2414\">Na zadnej strane prij\u00edma\u010da sa nach\u00e1dza <strong data-start=\"2324\" data-end=\"2341\">druh\u00fd displej<\/strong>, ktor\u00fd umo\u017e\u0148uje r\u00fdchly n\u00e1h\u013ead v\u00fdsledkov bez oh\u013eadu na polohu zariadenia.<\/p>\n<p data-start=\"2416\" data-end=\"2597\">Pre e\u0161te lep\u0161iu vidite\u013enos\u0165 v\u00fdsledkov merania je prij\u00edma\u010d vybaven\u00fd aj <strong data-start=\"2486\" data-end=\"2505\">LED indik\u00e1torom<\/strong>, ktor\u00fd umo\u017e\u0148uje \u010d\u00edtanie \u00fadajov z v\u00e4\u010d\u0161ej vzdialenosti, napr\u00edklad z kab\u00edny stavebn\u00e9ho stroja.<\/p>\n<h2 data-section-id=\"rc2i1k\" data-start=\"2599\" data-end=\"2644\">Nastavenie sign\u00e1lov a automatick\u00e9 vypnutie<\/h2>\n<p data-start=\"2646\" data-end=\"2821\">Aby bolo mo\u017en\u00e9 zariadenie pohodlne pou\u017e\u00edva\u0165 v r\u00f4znych pracovn\u00fdch podmienkach, <strong data-start=\"2724\" data-end=\"2743\">CLS-310 Digital<\/strong> pon\u00faka <strong data-start=\"2751\" data-end=\"2783\">nastavite\u013en\u00e9 zvukov\u00e9 sign\u00e1ly<\/strong>, ktor\u00e9 informuj\u00fa o v\u00fd\u0161kovom rozdiele.<\/p>\n<p data-start=\"2823\" data-end=\"2967\">Pou\u017e\u00edvate\u013e m\u00f4\u017ee nastavi\u0165 hlasitos\u0165 pod\u013ea prostredia, \u010do umo\u017e\u0148uje komfortn\u00e9 pou\u017e\u00edvanie prij\u00edma\u010da v <strong data-start=\"2921\" data-end=\"2966\">tichom prostred\u00ed aj na hlu\u010dnom stavenisku<\/strong>.<\/p>\n<p data-start=\"2969\" data-end=\"3111\">Zariadenie je tie\u017e vybaven\u00e9 <strong data-start=\"2997\" data-end=\"3058\">funkciou automatick\u00e9ho vypnutia po 10 min\u00fatach ne\u010dinnosti<\/strong>, \u010do pom\u00e1ha \u0161etri\u0165 energiu a predl\u017euje v\u00fddr\u017e bat\u00e9ri\u00ed.<\/p>\n<h2 data-section-id=\"1ssh69u\" data-start=\"3113\" data-end=\"3168\">Odoln\u00e1 kon\u0161trukcia a ochrana proti vonkaj\u0161\u00edm vplyvom<\/h2>\n<p data-start=\"3170\" data-end=\"3274\">Prij\u00edma\u010d <strong data-start=\"3179\" data-end=\"3198\">CLS-310 Digital<\/strong> bol navrhnut\u00fd pre intenz\u00edvne pou\u017e\u00edvanie v n\u00e1ro\u010dn\u00fdch stavebn\u00fdch podmienkach.<\/p>\n<p data-start=\"3276\" data-end=\"3428\"><strong data-start=\"3276\" data-end=\"3301\">Pevn\u00e9 telo zariadenia<\/strong> a <strong data-start=\"3304\" data-end=\"3350\">ochrana proti vode a prachu na \u00farovni IP54<\/strong> zaru\u010duj\u00fa spo\u013eahliv\u00fa prev\u00e1dzku aj v nepriazniv\u00fdch poveternostn\u00fdch podmienkach.<\/p>\n<p data-start=\"3430\" data-end=\"3616\">Zariadenie je mo\u017en\u00e9 <strong data-start=\"3450\" data-end=\"3488\">stabilne upevni\u0165 na nivela\u010dn\u00fa latu<\/strong> pomocou <strong data-start=\"3497\" data-end=\"3520\">\u0161peci\u00e1lneho dr\u017eiaka<\/strong>, ktor\u00fd je s\u00fa\u010das\u0165ou balenia. V\u010faka tomu zost\u00e1va prij\u00edma\u010d po\u010das merania v\u017edy v optim\u00e1lnej polohe.<\/p>\n<h2 data-section-id=\"dhvmf9\" data-start=\"3618\" data-end=\"3644\">Kompatibilita s lasermi<\/h2>\n<p data-start=\"3646\" data-end=\"3792\">Prij\u00edma\u010d <strong data-start=\"3655\" data-end=\"3674\">CLS-310 Digital<\/strong> spolupracuje s kr\u00ed\u017eov\u00fdmi lasermi pracuj\u00facimi s r\u00f4znymi vlnov\u00fdmi d\u013a\u017ekami, \u010do poskytuje vysok\u00fa flexibilitu pri pou\u017eit\u00ed.<\/p>\n<p data-start=\"3794\" data-end=\"3895\">Je v\u0161ak potrebn\u00e9 pam\u00e4ta\u0165 na to, \u017ee kompatibilita z\u00e1vis\u00ed od <strong data-start=\"3853\" data-end=\"3894\">frekvencie pulzovania laserov\u00e9ho l\u00fa\u010da<\/strong>.<\/p>\n<p data-start=\"3897\" data-end=\"3911\">Kompatibilita:<\/p>\n<p data-start=\"3913\" data-end=\"3987\">Kr\u00ed\u017eov\u00e9 lasery s <strong data-start=\"3930\" data-end=\"3963\">frekvenciou pulzovania 10 kHz<\/strong> (s\u00e9ria CL od roku 2022)<\/p>\n<p data-start=\"3989\" data-end=\"4070\">Motorizovan\u00e9 lasery s <strong data-start=\"4011\" data-end=\"4070\">funkciou automatick\u00e9ho prisp\u00f4sobenia (s\u00e9ria CLx3 MOTOR)<\/strong><\/p>\n<p data-start=\"4072\" data-end=\"4089\">Ne kompatibilita:<\/p>\n<p data-start=\"4091\" data-end=\"4179\">Kr\u00ed\u017eov\u00e9 lasery s <strong data-start=\"4108\" data-end=\"4140\">frekvenciou pulzovania 5 kHz<\/strong> (s\u00e9ria CL vyr\u00e1ban\u00e1 do konca roku 2022)<\/p>\n<h2 data-section-id=\"ingnu2\" data-start=\"4181\" data-end=\"4225\">Pre\u010do si vybra\u0165 prij\u00edma\u010d CLS-310 Digital?<\/h2>\n<p data-start=\"4227\" data-end=\"4336\"><strong data-start=\"4227\" data-end=\"4244\">Univerz\u00e1lnos\u0165<\/strong> \u2013 spolupracuje s kr\u00ed\u017eov\u00fdmi lasermi r\u00f4znych vlnov\u00fdch d\u013a\u017eok (\u010derven\u00e1, zelen\u00e1, modr\u00e1, fialov\u00e1)<\/p>\n<p data-start=\"4338\" data-end=\"4501\"><strong data-start=\"4338\" data-end=\"4350\">Pohodlie<\/strong> \u2013 automatick\u00fd syst\u00e9m zachytenia a prisp\u00f4sobenia l\u00fa\u010da do centr\u00e1lneho bodu prij\u00edma\u010da; l\u00fa\u010d sa automaticky nastav\u00ed pod\u013ea zvolen\u00e9ho smeru referen\u010dnej l\u00ednie<\/p>\n<p data-start=\"4503\" data-end=\"4596\"><strong data-start=\"4503\" data-end=\"4529\">\u0160irok\u00fd rozsah detekcie<\/strong> \u2013 70 mm prij\u00edmacia z\u00f3na umo\u017e\u0148uje r\u00fdchle zachytenie laserov\u00e9ho l\u00fa\u010da<\/p>\n<p data-start=\"4598\" data-end=\"4699\"><strong data-start=\"4598\" data-end=\"4623\">Nastavite\u013en\u00e1 presnos\u0165<\/strong> \u2013 mo\u017enos\u0165 prisp\u00f4sobi\u0165 \u00farove\u0148 presnosti (1 mm, 2 mm, 5 mm) r\u00f4znym aplik\u00e1ci\u00e1m<\/p>\n<p data-start=\"4701\" data-end=\"4784\"><strong data-start=\"4701\" data-end=\"4739\">Zobrazenie v\u00fd\u0161kov\u00e9ho rozdielu v mm<\/strong> \u2013 u\u013eah\u010duje kontrolu v\u00fd\u0161ky a nivel\u00e1ciu ter\u00e9nu<\/p>\n<p data-start=\"4786\" data-end=\"4892\"><strong data-start=\"4786\" data-end=\"4826\">Dvojit\u00e9 LCD displeje a LED indik\u00e1tor<\/strong> \u2013 jednoduch\u00e9 od\u010d\u00edtanie v\u00fdsledkov v r\u00f4znych pracovn\u00fdch podmienkach<\/p>\n<p data-start=\"4894\" data-end=\"4986\"><strong data-start=\"4894\" data-end=\"4926\">Nastavite\u013en\u00e9 zvukov\u00e9 sign\u00e1ly<\/strong> \u2013 mo\u017enos\u0165 prisp\u00f4sobi\u0165 hlasitos\u0165 pod\u013ea pracovn\u00e9ho prostredia<\/p>\n<p data-start=\"4988\" data-end=\"5093\"><strong data-start=\"4988\" data-end=\"5027\">Odolnos\u0165 proti vode a prachu (IP54)<\/strong> \u2013 spo\u013eahliv\u00e1 prev\u00e1dzka aj v n\u00e1ro\u010dn\u00fdch poveternostn\u00fdch podmienkach<\/p>\n<p data-start=\"5095\" data-end=\"5162\"><strong data-start=\"5095\" data-end=\"5119\">Automatick\u00e9 vypnutie<\/strong> \u2013 \u00faspora energie po 10 min\u00fatach ne\u010dinnosti<\/p>\n<p data-start=\"5164\" data-end=\"5242\"><strong data-start=\"5164\" data-end=\"5194\">Stabiln\u00e9 upevnenie na late<\/strong> \u2013 jednoduch\u00e1 mont\u00e1\u017e pomocou \u0161peci\u00e1lneho dr\u017eiaka<\/p>\n<p data-start=\"5244\" data-end=\"5365\">Laserov\u00fd prij\u00edma\u010d <strong data-start=\"5262\" data-end=\"5281\">CLS-310 Digital<\/strong> je pokro\u010dil\u00e9 zariadenie, ktor\u00e9 <strong data-start=\"5313\" data-end=\"5364\">zvy\u0161uje presnos\u0165 a efektivitu laserov\u00fdch meran\u00ed<\/strong>.<\/p>\n<p data-start=\"5367\" data-end=\"5534\">V\u010faka \u0161irokej kompatibilite, nastavite\u013enej presnosti a preh\u013eadn\u00fdm displejom poskytuje <strong data-start=\"5453\" data-end=\"5533\">komfort a spo\u013eahlivos\u0165 pri pr\u00e1ci v stavebn\u00edctve, geod\u00e9zii a nivel\u00e1cii ter\u00e9nu<\/strong>.<\/p>\n<p data-start=\"5536\" data-end=\"5721\">Jeho robustn\u00e1 kon\u0161trukcia, odolnos\u0165 vo\u010di n\u00e1ro\u010dn\u00fdm podmienkam a jednoduch\u00e9 ovl\u00e1danie z neho robia <strong data-start=\"5633\" data-end=\"5671\">ide\u00e1lne rie\u0161enie pre profesion\u00e1lov<\/strong>, ktor\u00ed vy\u017eaduj\u00fa presn\u00e9 a r\u00fdchle laserov\u00e9 merania.<\/p>\n<\/div>\n<\/div>\n","protected":false},"excerpt":{"rendered":"<div class=\"woocommerce-product-details__short-description\">\n<ul>\n<li>pevn\u00e1 kon\u0161trukcia<\/li>\n<li>digit\u00e1lne zobrazenie v\u00fd\u0161kov\u00e9ho rozdielu<\/li>\n<li>funkcia automatick\u00e9ho prisp\u00f4sobenia laserov\u00e9ho l\u00fa\u010da<\/li>\n<li>univerz\u00e1lne pou\u017eitie pre kr\u00ed\u017eov\u00e9 lasery s l\u00fa\u010dom: \u010derven\u00fdm, zelen\u00fdm, modr\u00fdm, fialov\u00fdm<\/li>\n<\/ul>\n<\/div>\n","protected":false},"featured_media":118513,"template":"","meta":{"_acf_changed":false},"product_brand":[],"product_cat":[290],"product_tag":[],"branze":[],"class_list":{"0":"post-118526","1":"product","2":"type-product","3":"status-publish","4":"has-post-thumbnail","6":"product_cat-laserove-snimace-a-drziaky","8":"first","9":"instock","10":"shipping-taxable","11":"product-type-simple"},"acf":[],"_links":{"self":[{"href":"https:\/\/nivelsystem.com\/sk\/wp-json\/wp\/v2\/product\/118526","targetHints":{"allow":["GET"]}}],"collection":[{"href":"https:\/\/nivelsystem.com\/sk\/wp-json\/wp\/v2\/product"}],"about":[{"href":"https:\/\/nivelsystem.com\/sk\/wp-json\/wp\/v2\/types\/product"}],"version-history":[{"count":4,"href":"https:\/\/nivelsystem.com\/sk\/wp-json\/wp\/v2\/product\/118526\/revisions"}],"predecessor-version":[{"id":118559,"href":"https:\/\/nivelsystem.com\/sk\/wp-json\/wp\/v2\/product\/118526\/revisions\/118559"}],"wp:featuredmedia":[{"embeddable":true,"href":"https:\/\/nivelsystem.com\/sk\/wp-json\/wp\/v2\/media\/118513"}],"wp:attachment":[{"href":"https:\/\/nivelsystem.com\/sk\/wp-json\/wp\/v2\/media?parent=118526"}],"wp:term":[{"taxonomy":"product_brand","embeddable":true,"href":"https:\/\/nivelsystem.com\/sk\/wp-json\/wp\/v2\/product_brand?post=118526"},{"taxonomy":"product_cat","embeddable":true,"href":"https:\/\/nivelsystem.com\/sk\/wp-json\/wp\/v2\/product_cat?post=118526"},{"taxonomy":"product_tag","embeddable":true,"href":"https:\/\/nivelsystem.com\/sk\/wp-json\/wp\/v2\/product_tag?post=118526"},{"taxonomy":"branze","embeddable":true,"href":"https:\/\/nivelsystem.com\/sk\/wp-json\/wp\/v2\/branze?post=118526"}],"curies":[{"name":"wp","href":"https:\/\/api.w.org\/{rel}","templated":true}]}}