{"id":118517,"date":"1950-06-09T13:19:54","date_gmt":"1950-06-09T13:19:54","guid":{"rendered":"https:\/\/nivelsystem.com\/?post_type=product&#038;p=118517"},"modified":"2026-04-14T09:00:02","modified_gmt":"2026-04-14T09:00:02","slug":"prijimac-cls-300-digital","status":"publish","type":"product","link":"https:\/\/nivelsystem.com\/sk\/produkt\/prijimac-cls-300-digital\/","title":{"rendered":"Prij\u00edma\u010d CLS-300 Digital"},"content":{"rendered":"<div data-id=\"87eacf6\" data-element_type=\"widget\" data-widget_type=\"heading.default\">\n<h2>Laserov\u00fd prij\u00edma\u010d CLS-300 Digital \u2013 presn\u00e9 merania pre kr\u00ed\u017eov\u00e9<\/h2>\n<\/div>\n<div class=\"elementor-element elementor-element-a87d091 elementor-widget elementor-widget-text-editor\" data-id=\"a87d091\" data-element_type=\"widget\" data-widget_type=\"text-editor.default\">\n<div class=\"elementor-widget-container\">\n<p data-start=\"410\" data-end=\"705\">Laserov\u00fd prij\u00edma\u010d <strong data-start=\"428\" data-end=\"447\">CLS-300 Digital<\/strong> je modern\u00e9 zariadenie ur\u010den\u00e9 na presn\u00fd pr\u00edjem laserov\u00e9ho l\u00fa\u010da vysielan\u00e9ho <strong data-start=\"522\" data-end=\"543\">kr\u00ed\u017eov\u00fdmi lasermi<\/strong>. V\u010faka svojej univerz\u00e1lnosti a pokro\u010dil\u00fdm funkci\u00e1m sa prij\u00edma\u010d osved\u010d\u00ed v <strong data-start=\"617\" data-end=\"671\">stavebn\u00edctve, geod\u00e9zii aj pri in\u0161tala\u010dn\u00fdch pr\u00e1cach<\/strong>, kde je presnos\u0165 merania k\u013e\u00fa\u010dov\u00e1.<\/p>\n<p data-start=\"707\" data-end=\"863\">Je kompatibiln\u00fd s <strong data-start=\"725\" data-end=\"777\">\u010derven\u00fdmi, zelen\u00fdmi, modr\u00fdmi a fialov\u00fdmi lasermi<\/strong>, \u010do z neho rob\u00ed univerz\u00e1lny n\u00e1stroj vhodn\u00fd na pr\u00e1cu v r\u00f4znych sveteln\u00fdch podmienkach.<\/p>\n<h2 data-section-id=\"1pvofge\" data-start=\"865\" data-end=\"911\">Presn\u00fd pr\u00edjem l\u00fa\u010da a \u0161irok\u00fd rozsah detekcie<\/h2>\n<p data-start=\"913\" data-end=\"1120\">Jednou z najv\u00e4\u010d\u0161\u00edch v\u00fdhod prij\u00edma\u010da <strong data-start=\"949\" data-end=\"968\">CLS-300 Digital<\/strong> je <strong data-start=\"972\" data-end=\"1029\">\u0161irok\u00e1 detek\u010dn\u00e1 z\u00f3na laserov\u00e9ho l\u00fa\u010da s rozsahom 70 mm<\/strong>. V\u010faka tomu je mo\u017en\u00e9 r\u00fdchlej\u0161ie zachyti\u0165 laserov\u00fa l\u00edniu a efekt\u00edvnej\u0161ie vykon\u00e1va\u0165 merania.<\/p>\n<p data-start=\"1122\" data-end=\"1284\">Prij\u00edma\u010d dok\u00e1\u017ee spo\u013eahlivo identifikova\u0165 l\u00fa\u010d aj v n\u00e1ro\u010dn\u00fdch podmienkach, napr\u00edklad pri <strong data-start=\"1209\" data-end=\"1283\">intenz\u00edvnom slne\u010dnom svetle alebo pri v\u00e4\u010d\u0161\u00edch merac\u00edch vzdialenostiach<\/strong>.<\/p>\n<p data-start=\"1286\" data-end=\"1385\">V\u010faka <strong data-start=\"1292\" data-end=\"1345\">nastavite\u013enej presnosti pod\u013ea potrieb pou\u017e\u00edvate\u013ea<\/strong> pon\u00faka zariadenie tri re\u017eimy presnosti:<\/p>\n<p data-start=\"1387\" data-end=\"1498\"><strong data-start=\"1387\" data-end=\"1395\">1 mm<\/strong> \u2013 pre najpresnej\u0161ie merania, napr\u00edklad pri mont\u00e1\u017ei podh\u013eadov, kladen\u00ed dla\u017eby alebo nivel\u00e1cii podkladu.<\/p>\n<p data-start=\"1500\" data-end=\"1576\"><strong data-start=\"1500\" data-end=\"1508\">2 mm<\/strong> \u2013 ide\u00e1lne pre \u0161tandardn\u00e9 stavebn\u00e9 pr\u00e1ce vy\u017eaduj\u00face vysok\u00fa presnos\u0165.<\/p>\n<p data-start=\"1578\" data-end=\"1682\"><strong data-start=\"1578\" data-end=\"1586\">5 mm<\/strong> \u2013 pre merania, kde je d\u00f4le\u017eit\u00e1 r\u00fdchlos\u0165 a jednoduch\u00e9 od\u010d\u00edtanie, napr\u00edklad pri nivel\u00e1cii ter\u00e9nu.<\/p>\n<h2 data-section-id=\"1atukj1\" data-start=\"1684\" data-end=\"1735\">Inteligentn\u00e1 kontrola v\u00fd\u0161ky a preh\u013eadn\u00e9 displeje<\/h2>\n<p data-start=\"1737\" data-end=\"1945\">Prij\u00edma\u010d <strong data-start=\"1746\" data-end=\"1765\">CLS-300 Digital<\/strong> je vybaven\u00fd <strong data-start=\"1778\" data-end=\"1828\">pokro\u010dil\u00fdm syst\u00e9mom merania v\u00fd\u0161kov\u00e9ho rozdielu<\/strong>, ktor\u00fd nielen informuje o polohe l\u00fa\u010da, ale z\u00e1rove\u0148 <strong data-start=\"1880\" data-end=\"1944\">prepo\u010d\u00edta a zobraz\u00ed konkr\u00e9tnu hodnotu odch\u00fdlky v milimetroch<\/strong>.<\/p>\n<p data-start=\"1947\" data-end=\"2076\">Pou\u017e\u00edvate\u013e tak z\u00edskava presn\u00fa inform\u00e1ciu o v\u00fd\u0161kovom rozdiele, \u010do v\u00fdrazne u\u013eah\u010duje pr\u00e1cu a eliminuje potrebu dodato\u010dn\u00fdch v\u00fdpo\u010dtov.<\/p>\n<p data-start=\"2078\" data-end=\"2204\">Zariadenie m\u00e1 <strong data-start=\"2092\" data-end=\"2125\">ve\u013ek\u00fd a preh\u013eadn\u00fd LCD displej<\/strong>, ktor\u00fd umo\u017e\u0148uje pohodln\u00e9 \u010d\u00edtanie \u00fadajov aj v n\u00e1ro\u010dn\u00fdch pracovn\u00fdch podmienkach.<\/p>\n<p data-start=\"2206\" data-end=\"2335\">Na zadnej strane prij\u00edma\u010da sa nach\u00e1dza <strong data-start=\"2245\" data-end=\"2262\">druh\u00fd displej<\/strong>, ktor\u00fd umo\u017e\u0148uje r\u00fdchly n\u00e1h\u013ead v\u00fdsledkov bez oh\u013eadu na polohu zariadenia.<\/p>\n<p data-start=\"2337\" data-end=\"2510\">Pre e\u0161te lep\u0161iu vidite\u013enos\u0165 v\u00fdsledkov je prij\u00edma\u010d vybaven\u00fd aj <strong data-start=\"2399\" data-end=\"2418\">LED indik\u00e1torom<\/strong>, ktor\u00fd umo\u017e\u0148uje \u010d\u00edtanie \u00fadajov z v\u00e4\u010d\u0161ej vzdialenosti, napr\u00edklad z kab\u00edny stavebn\u00e9ho stroja.<\/p>\n<h2 data-section-id=\"rc2i1k\" data-start=\"2512\" data-end=\"2557\">Nastavenie sign\u00e1lov a automatick\u00e9 vypnutie<\/h2>\n<p data-start=\"2559\" data-end=\"2734\">Aby bolo mo\u017en\u00e9 zariadenie pohodlne pou\u017e\u00edva\u0165 v r\u00f4znych pracovn\u00fdch podmienkach, <strong data-start=\"2637\" data-end=\"2656\">CLS-300 Digital<\/strong> pon\u00faka <strong data-start=\"2664\" data-end=\"2696\">nastavite\u013en\u00e9 zvukov\u00e9 sign\u00e1ly<\/strong>, ktor\u00e9 informuj\u00fa o v\u00fd\u0161kovom rozdiele.<\/p>\n<p data-start=\"2736\" data-end=\"2880\">Pou\u017e\u00edvate\u013e m\u00f4\u017ee nastavi\u0165 hlasitos\u0165 pod\u013ea prostredia, \u010do umo\u017e\u0148uje komfortn\u00e9 pou\u017e\u00edvanie prij\u00edma\u010da v <strong data-start=\"2834\" data-end=\"2879\">tichom prostred\u00ed aj na hlu\u010dnom stavenisku<\/strong>.<\/p>\n<p data-start=\"2882\" data-end=\"3024\">Zariadenie je tie\u017e vybaven\u00e9 <strong data-start=\"2910\" data-end=\"2971\">funkciou automatick\u00e9ho vypnutia po 10 min\u00fatach ne\u010dinnosti<\/strong>, \u010do pom\u00e1ha \u0161etri\u0165 energiu a predl\u017euje v\u00fddr\u017e bat\u00e9ri\u00ed.<\/p>\n<h2 data-section-id=\"1ssh69u\" data-start=\"3026\" data-end=\"3081\">Odoln\u00e1 kon\u0161trukcia a ochrana proti vonkaj\u0161\u00edm vplyvom<\/h2>\n<p data-start=\"3083\" data-end=\"3187\">Prij\u00edma\u010d <strong data-start=\"3092\" data-end=\"3111\">CLS-300 Digital<\/strong> bol navrhnut\u00fd pre intenz\u00edvne pou\u017e\u00edvanie v n\u00e1ro\u010dn\u00fdch stavebn\u00fdch podmienkach.<\/p>\n<p data-start=\"3189\" data-end=\"3341\"><strong data-start=\"3189\" data-end=\"3214\">Pevn\u00e9 telo zariadenia<\/strong> a <strong data-start=\"3217\" data-end=\"3263\">ochrana proti vode a prachu na \u00farovni IP54<\/strong> zaru\u010duj\u00fa spo\u013eahliv\u00fa prev\u00e1dzku aj v nepriazniv\u00fdch poveternostn\u00fdch podmienkach.<\/p>\n<p data-start=\"3343\" data-end=\"3529\">Zariadenie je mo\u017en\u00e9 <strong data-start=\"3363\" data-end=\"3401\">stabilne upevni\u0165 na nivela\u010dn\u00fa latu<\/strong> pomocou <strong data-start=\"3410\" data-end=\"3433\">\u0161peci\u00e1lneho dr\u017eiaka<\/strong>, ktor\u00fd je s\u00fa\u010das\u0165ou balenia. V\u010faka tomu zost\u00e1va prij\u00edma\u010d po\u010das merania v\u017edy v optim\u00e1lnej polohe.<\/p>\n<h2 data-section-id=\"dhvmf9\" data-start=\"3531\" data-end=\"3557\">Kompatibilita s lasermi<\/h2>\n<p data-start=\"3559\" data-end=\"3705\">Prij\u00edma\u010d <strong data-start=\"3568\" data-end=\"3587\">CLS-300 Digital<\/strong> spolupracuje s kr\u00ed\u017eov\u00fdmi lasermi pracuj\u00facimi s r\u00f4znymi vlnov\u00fdmi d\u013a\u017ekami, \u010do poskytuje vysok\u00fa flexibilitu pri pou\u017eit\u00ed.<\/p>\n<p data-start=\"3707\" data-end=\"3808\">Je v\u0161ak potrebn\u00e9 pam\u00e4ta\u0165 na to, \u017ee kompatibilita z\u00e1vis\u00ed od <strong data-start=\"3766\" data-end=\"3807\">frekvencie pulzovania laserov\u00e9ho l\u00fa\u010da<\/strong>.<\/p>\n<p data-start=\"3810\" data-end=\"3824\">Kompatibilita:<\/p>\n<p data-start=\"3826\" data-end=\"3898\">Kr\u00ed\u017eov\u00e9 lasery s <strong data-start=\"3843\" data-end=\"3876\">frekvenciou pulzovania 10 kHz<\/strong> (s\u00e9ria od roku 2022).<\/p>\n<p data-start=\"3900\" data-end=\"3917\">Ne kompatibilita:<\/p>\n<p data-start=\"3919\" data-end=\"4005\">Kr\u00ed\u017eov\u00e9 lasery s <strong data-start=\"3936\" data-end=\"3968\">frekvenciou pulzovania 5 kHz<\/strong> (s\u00e9ria vyr\u00e1ban\u00e1 do konca roku 2022).<\/p>\n<h2 data-section-id=\"1vgtmwb\" data-start=\"4007\" data-end=\"4051\">Pre\u010do si vybra\u0165 prij\u00edma\u010d CLS-300 Digital?<\/h2>\n<p data-start=\"4053\" data-end=\"4159\">Univerz\u00e1lnos\u0165 \u2013 spolupracuje s kr\u00ed\u017eov\u00fdmi lasermi r\u00f4znych vlnov\u00fdch d\u013a\u017eok (\u010derven\u00e1, zelen\u00e1, modr\u00e1, fialov\u00e1).<\/p>\n<p data-start=\"4161\" data-end=\"4251\">\u0160irok\u00fd rozsah detekcie \u2013 70 mm prij\u00edmacia z\u00f3na umo\u017e\u0148uje r\u00fdchle zachytenie laserov\u00e9ho l\u00fa\u010da.<\/p>\n<p data-start=\"4253\" data-end=\"4351\">Nastavite\u013en\u00e1 presnos\u0165 \u2013 mo\u017enos\u0165 prisp\u00f4sobi\u0165 \u00farove\u0148 presnosti (1 mm, 2 mm, 5 mm) r\u00f4znym aplik\u00e1ci\u00e1m.<\/p>\n<p data-start=\"4353\" data-end=\"4433\">Zobrazenie v\u00fd\u0161kov\u00e9ho rozdielu v mm \u2013 u\u013eah\u010duje kontrolu v\u00fd\u0161ky a nivel\u00e1ciu ter\u00e9nu.<\/p>\n<p data-start=\"4435\" data-end=\"4538\">Dvojit\u00e9 LCD displeje a LED indik\u00e1tor \u2013 jednoduch\u00e9 od\u010d\u00edtanie v\u00fdsledkov v r\u00f4znych pracovn\u00fdch podmienkach.<\/p>\n<p data-start=\"4540\" data-end=\"4629\">Nastavite\u013en\u00e9 zvukov\u00e9 sign\u00e1ly \u2013 mo\u017enos\u0165 prisp\u00f4sobi\u0165 hlasitos\u0165 pod\u013ea pracovn\u00e9ho prostredia.<\/p>\n<p data-start=\"4631\" data-end=\"4733\">Odolnos\u0165 proti vode a prachu (IP54) \u2013 spo\u013eahliv\u00e1 prev\u00e1dzka aj v n\u00e1ro\u010dn\u00fdch poveternostn\u00fdch podmienkach.<\/p>\n<p data-start=\"4735\" data-end=\"4799\">Automatick\u00e9 vypnutie \u2013 \u00faspora energie po 10 min\u00fatach ne\u010dinnosti.<\/p>\n<p data-start=\"4801\" data-end=\"4876\">Stabiln\u00e9 upevnenie na late \u2013 jednoduch\u00e1 mont\u00e1\u017e pomocou \u0161peci\u00e1lneho dr\u017eiaka.<\/p>\n<p data-start=\"4878\" data-end=\"4999\">Laserov\u00fd prij\u00edma\u010d <strong data-start=\"4896\" data-end=\"4915\">CLS-300 Digital<\/strong> je pokro\u010dil\u00e9 zariadenie, ktor\u00e9 <strong data-start=\"4947\" data-end=\"4998\">zvy\u0161uje presnos\u0165 a efektivitu laserov\u00fdch meran\u00ed<\/strong>.<\/p>\n<p data-start=\"5001\" data-end=\"5168\">V\u010faka \u0161irokej kompatibilite, nastavite\u013enej presnosti a preh\u013eadn\u00fdm displejom poskytuje <strong data-start=\"5087\" data-end=\"5167\">komfort a spo\u013eahlivos\u0165 pri pr\u00e1ci v stavebn\u00edctve, geod\u00e9zii a nivel\u00e1cii ter\u00e9nu<\/strong>.<\/p>\n<p data-start=\"5170\" data-end=\"5355\">Jeho robustn\u00e1 kon\u0161trukcia, odolnos\u0165 vo\u010di n\u00e1ro\u010dn\u00fdm podmienkam a jednoduch\u00e9 ovl\u00e1danie z neho robia <strong data-start=\"5267\" data-end=\"5305\">ide\u00e1lne rie\u0161enie pre profesion\u00e1lov<\/strong>, ktor\u00ed vy\u017eaduj\u00fa presn\u00e9 a r\u00fdchle laserov\u00e9 merania.<\/p>\n<p>&nbsp;<\/p>\n<\/div>\n<\/div>\n","protected":false},"excerpt":{"rendered":"<div class=\"woocommerce-product-details__short-description\">\n<ul>\n<li><strong>pevn\u00e1 kon\u0161trukcia<\/strong><\/li>\n<li><strong>digit\u00e1lne zobrazenie v\u00fd\u0161kov\u00e9ho rozdielu<\/strong><\/li>\n<li><strong>univerz\u00e1lne pou\u017eitie<\/strong> pre kr\u00ed\u017eov\u00e9 lasery s l\u00fa\u010dom: \u010derven\u00fdm, zelen\u00fdm, modr\u00fdm, fialov\u00fdm<\/li>\n<\/ul>\n<\/div>\n","protected":false},"featured_media":118509,"template":"","meta":{"_acf_changed":false},"product_brand":[],"product_cat":[290],"product_tag":[],"branze":[],"class_list":{"0":"post-118517","1":"product","2":"type-product","3":"status-publish","4":"has-post-thumbnail","6":"product_cat-laserove-snimace-a-drziaky","8":"first","9":"instock","10":"shipping-taxable","11":"product-type-simple"},"acf":[],"_links":{"self":[{"href":"https:\/\/nivelsystem.com\/sk\/wp-json\/wp\/v2\/product\/118517","targetHints":{"allow":["GET"]}}],"collection":[{"href":"https:\/\/nivelsystem.com\/sk\/wp-json\/wp\/v2\/product"}],"about":[{"href":"https:\/\/nivelsystem.com\/sk\/wp-json\/wp\/v2\/types\/product"}],"version-history":[{"count":4,"href":"https:\/\/nivelsystem.com\/sk\/wp-json\/wp\/v2\/product\/118517\/revisions"}],"predecessor-version":[{"id":118554,"href":"https:\/\/nivelsystem.com\/sk\/wp-json\/wp\/v2\/product\/118517\/revisions\/118554"}],"wp:featuredmedia":[{"embeddable":true,"href":"https:\/\/nivelsystem.com\/sk\/wp-json\/wp\/v2\/media\/118509"}],"wp:attachment":[{"href":"https:\/\/nivelsystem.com\/sk\/wp-json\/wp\/v2\/media?parent=118517"}],"wp:term":[{"taxonomy":"product_brand","embeddable":true,"href":"https:\/\/nivelsystem.com\/sk\/wp-json\/wp\/v2\/product_brand?post=118517"},{"taxonomy":"product_cat","embeddable":true,"href":"https:\/\/nivelsystem.com\/sk\/wp-json\/wp\/v2\/product_cat?post=118517"},{"taxonomy":"product_tag","embeddable":true,"href":"https:\/\/nivelsystem.com\/sk\/wp-json\/wp\/v2\/product_tag?post=118517"},{"taxonomy":"branze","embeddable":true,"href":"https:\/\/nivelsystem.com\/sk\/wp-json\/wp\/v2\/branze?post=118517"}],"curies":[{"name":"wp","href":"https:\/\/api.w.org\/{rel}","templated":true}]}}