{"id":117272,"date":"2025-06-29T10:00:50","date_gmt":"2025-06-29T10:00:50","guid":{"rendered":"https:\/\/nivelsystem.com\/?post_type=product&#038;p=117272"},"modified":"2025-11-17T07:42:48","modified_gmt":"2025-11-17T07:42:48","slug":"rotacny-laser-nl340r-digital","status":"publish","type":"product","link":"https:\/\/nivelsystem.com\/sk\/produkt\/rotacny-laser-nl340r-digital\/","title":{"rendered":"Rota\u010dn\u00fd laser NL340R DIGITAL"},"content":{"rendered":"\t\t<div data-elementor-type=\"product-post\" data-elementor-id=\"117272\" class=\"elementor elementor-117272 elementor-117269\" data-elementor-post-type=\"product\">\n\t\t\t\t\t\t<section class=\"wd-negative-gap elementor-section elementor-top-section elementor-element elementor-element-33d54a70 elementor-section-boxed elementor-section-height-default elementor-section-height-default\" data-id=\"33d54a70\" data-element_type=\"section\">\n\t\t\t\t\t\t<div class=\"elementor-container elementor-column-gap-default\">\n\t\t\t\t\t<div class=\"elementor-column elementor-col-100 elementor-top-column elementor-element elementor-element-231e6212\" data-id=\"231e6212\" data-element_type=\"column\">\n\t\t\t<div class=\"elementor-widget-wrap elementor-element-populated\">\n\t\t\t\t\t\t<div class=\"elementor-element elementor-element-3784c0d color-scheme-inherit text-left elementor-widget elementor-widget-text-editor\" data-id=\"3784c0d\" data-element_type=\"widget\" data-widget_type=\"text-editor.default\">\n\t\t\t\t<div class=\"elementor-widget-container\">\n\t\t\t\t\t\t\t\t\t<div class=\"elementor-element elementor-element-87eacf6 elementor-widget elementor-widget-heading\" data-id=\"87eacf6\" data-element_type=\"widget\" data-widget_type=\"heading.default\">\r\n<div class=\"elementor-widget-container\"><\/div>\r\n<\/div>\r\n<h2><strong>Rota\u010dn\u00fd laser s \u010derven\u00fdm l\u00fa\u010dom a digit\u00e1lnym nastavovan\u00edm sklonov<\/strong><\/h2>\r\nRota\u010dn\u00fd laser Nivel System NL340R DIGITAL\u00a0 je v\u0161estrann\u00fd a multifunk\u010dn\u00fd pr\u00edstroj pre vonkaj\u0161ie a vn\u00fatorn\u00e9 pr\u00e1ce. Tento model je vybaven\u00fd ve\u013emi dobre vidite\u013en\u00fdm \u010derven\u00fdm l\u00fa\u010dom. Pr\u00edstroj je vyroben\u00fd na z\u00e1klade osved\u010denej a efekt\u00edvnej laserovej technol\u00f3gie od NIVEL SYSTEM, ktor\u00e1 zais\u0165uje vysok\u00fa presnos\u0165 meran\u00ed. Pr\u00edstroj ur\u010duje horizont\u00e1lnu rovinu (m\u00f4\u017ee by\u0165 naklonen\u00e1 v 2 osiach) alebo laserov\u00fa olovnicu. Rozsah l\u00fa\u010da umo\u017e\u0148uje pr\u00e1ce aj na dlh\u00fdch \u00fasekoch (rozsah 500 m), v n\u00e1ro\u010dn\u00fdch ter\u00e9nnych podmienkach \u2013 pr\u00edstroj je r\u00fdchly a odoln\u00fd vo\u010di vibr\u00e1ci\u00e1m. NL340R DIGITAL je \u0161tandardne dod\u00e1van\u00fd s digit\u00e1lnym prij\u00edma\u010dom, na ktorom sa zobrazuj\u00fa \u010d\u00edseln\u00e9 v\u00fd\u0161kov\u00e9 rozdiely. To v\u00fdrazne u\u013eah\u010duje a ur\u00fdch\u013euje merania. Pr\u00edstroj je vybaven\u00fd intuit\u00edvnym rozhran\u00edm s LCD displejom..\r\n<ul>\r\n \t<li><strong>dlh\u00fd prev\u00e1dzkov\u00fd rozsah<\/strong>\u00a0\u2013 pr\u00e1ca na otvorenom priestranstve vo vzdialenosti 500 m (pracovn\u00fd priemer)<\/li>\r\n \t<li><strong>efekt\u00edvne vyrovn\u00e1vanie\u00a0<\/strong>\u2013 digit\u00e1lny prij\u00edma\u010d s \u010d\u00edseln\u00fdm ur\u010den\u00edm v\u00fd\u0161kov\u00e9ho rozdielu v\u00fdrazne zlep\u0161uje vyrovn\u00e1vanie a zvy\u0161uje jeho presnos\u0165 (nie je potrebn\u00e9 \u010d\u00edta\u0165 hodnotu z laty, t\u00e1to hodnota je prezentovan\u00e1 na displeji prij\u00edma\u010da)<\/li>\r\n \t<li><strong>pr\u00e1ca so \u0161ikmou rovinou<\/strong>\u00a0\u2013 laserov\u00fd l\u00fa\u010d je mo\u017en\u00e9 nakl\u00e1\u0148a\u0165 v jednej alebo dvoch osiach v rozsahu \u00b110%, ur\u010dovanie sklonov v ter\u00e9ne sa vykon\u00e1va digt\u00e1lne a bez potreby prepo\u010d\u00edtavania v\u00fd\u0161ky jednotliv\u00fdch bodov<\/li>\r\n \t<li><strong>laser v ka\u017edom smere<\/strong>\u00a0\u2013 pr\u00edstroj m\u00e1 zabudovan\u00fa laserov\u00fa olovnicu, \u010do u\u013eah\u010duje definovanie roviny v pravom uhle k ur\u010denej rovine<\/li>\r\n \t<li><strong>r\u00fdchle samovyrovn\u00e1vanie<\/strong>\u00a0\u2013 kompenz\u00e1tor r\u00fdchlo a presne vyrovn\u00e1va pr\u00edstroj<\/li>\r\n \t<li><strong>pr\u00e1ca pre jedn\u00e9ho \u010dloveka<\/strong>\u00a0\u2013 na ovl\u00e1danie pr\u00edstroja a ur\u010denie v\u00fd\u0161ky sta\u010d\u00ed jedna osoba<\/li>\r\n \t<li><strong>efekt\u00edvne nap\u00e1janie<\/strong>\u00a0\u2013 akumul\u00e1tor Li-ion (8000mAh), mo\u017enos\u0165 nab\u00edjania po\u010das prev\u00e1dzky<\/li>\r\n \t<li><strong>v\u0161etko v balen\u00ed<\/strong>\u00a0\u2013 pr\u00edstroj je \u0161tandardne dod\u00e1van\u00fd s praktick\u00fdm pr\u00edslu\u0161enstvom (DIGIT\u00c1LNY prij\u00edma\u010d, dr\u017eiak prij\u00edma\u010da na latu, akumul\u00e1tor, nab\u00edja\u010dka, prepravn\u00fd kufr\u00edk)<\/li>\r\n \t<li><strong>pr\u00e1ca za ka\u017ed\u00fdch podmienok<\/strong>\u00a0\u2013 pr\u00edstroj je vystu\u017een\u00fd kovov\u00fdm krytom, m\u00e1 kovov\u00fd kryt laserovej hlavy, gumov\u00fd rohov\u00fd vank\u00fa\u0161 a\u00a0je chr\u00e1nen\u00fd pred po\u0161koden\u00edm v d\u00f4sledku n\u00e1razov a otrasov, pr\u00edstroj je odoln\u00fd vo\u010di prachu a vode (IP54)<\/li>\r\n<\/ul>\r\n<strong>\u00a0<\/strong>\r\n<h2><strong>JEDNODUCH\u00c9 A R\u00ddCHLE MERANIA<\/strong><\/h2>\r\nPr\u00edstroj NL340R m\u00e1 funkciu automatick\u00e9ho vyrovn\u00e1vania, po zapnut\u00ed sa zariadenie automaticky vyrovn\u00e1 a okam\u017eite bude pripraven\u00fd na pr\u00e1cu. Generovan\u00fd \u010derven\u00fd laserov\u00fd l\u00fa\u010d je ve\u013emi dobre vidite\u013en\u00fd, zobrazen\u00fd na stene predstavuje referenciu pre horizont\u00e1lne pr\u00e1ce. So senzorom a laserovou latou z\u00edskate presn\u00fa nivela\u010dn\u00fa s\u00fapravu, pomocou ktorej s\u00fa merania vykon\u00e1van\u00e9 jedn\u00fdm \u010dlovekom.\r\n<h2><strong>UNIVERZ\u00c1LNE VYU\u017dITIE<\/strong><\/h2>\r\nPr\u00edstroj v\u00e1m umo\u017e\u0148uje pracova\u0165 s horizont\u00e1lnou rovinou. Rovina sa m\u00f4\u017ee nakl\u00e1\u0148a\u0165 v jednom alebo dvoch smeroch tak, aby sa laser mohol pou\u017ei\u0165 na tak\u00e9 pr\u00e1ce, ako je vylievanie podlahy alebo nivel\u00e1cia a pr\u00edprava povrchu ciest alebo ihr\u00edsk pri\u010dom sa zabezpe\u010d\u00ed odvodnenie v s\u00falade s navrhnut\u00fdmi sklonmi. Pri kon\u0161truk\u010dn\u00fdch pr\u00e1cach je u\u017eito\u010dn\u00e1 aj laserov\u00e1 olovnica, ktor\u00e1 je v osi roviny generovan\u00e9ho laserov\u00e9ho l\u00fa\u010da. T\u00e1to funk\u010dnos\u0165 umo\u017e\u0148uje presn\u00e9 prevedenie kolm\u00fdch pr\u00e1c alebo prenos bodov (po\u010das sklonov sa zobrazuje dole s\u00fa\u010dasne). Pri pr\u00e1cach v exteri\u00e9ri a na v\u00e4\u010d\u0161ie vzdialenosti prij\u00edma laserov\u00fd senzor sign\u00e1l v rozsahu 500 m (priemer).\r\n<h2><strong>PRESN\u00c9 A SPO\u013dAHLIV\u00c9 ZARIADENIA<\/strong><\/h2>\r\nPr\u00edstroj je funguje na b\u00e1ze elektronick\u00e9ho kompenz\u00e1tora, eliminuje vibr\u00e1cie a vytv\u00e1ra presn\u00fa rovinu. Elektronick\u00fd kompenz\u00e1tor je v porovnan\u00ed s magnetick\u00fdm ove\u013ea presnej\u0161\u00ed, najm\u00e4 v pr\u00edpade, ke\u010f m\u00f4\u017ee ter\u00e9n vibrova\u0165 v d\u00f4sledku pr\u00e1ce \u0165a\u017ek\u00fdch strojov. Pr\u00edstroj je odoln\u00fd vo\u010di prachu a vode s certifik\u00e1tom IP54. Rota\u010dn\u00e1 hlava je navy\u0161e pokryt\u00e1 sklenen\u00fdm krytom a telo lasera m\u00e1 gumen\u00fd kryt, ktor\u00fd ho chr\u00e1ni pred po\u0161koden\u00edm a n\u00e1razmi.\r\n<h2><strong>POHODLN\u00c1 PR\u00c1CA<\/strong><\/h2>\r\nNL340R m\u00e1 intuit\u00edvny ovl\u00e1dac\u00ed panel. Riadenie funkci\u00ed vr\u00e1tane ur\u010dovania sklonov sa vykon\u00e1va pohodlne manu\u00e1lne pomocou tla\u010didiel. Laser je mo\u017en\u00e9 nap\u00e1ja\u0165 nab\u00edjate\u013en\u00fdmi Li-ion bat\u00e9riami alebo priamo zo siete. Cel\u00e1 s\u00faprava je doplnen\u00e1 kompaktn\u00fdm prepravn\u00fdm kufr\u00edkom, v\u010faka \u010domu je laser \u0161ikovn\u00fd, \u013eahko sa in\u0161taluje a prepravuje sa.\r\n<h2><strong>Vyu\u017eitie:<\/strong><\/h2>\r\n<ul>\r\n \t<li style=\"list-style-type: none;\">\r\n<ul>\r\n \t<li><strong>nivel\u00e1cia pozemku<\/strong>\u00a0\u2013 vyrovnanie ter\u00e9nu<\/li>\r\n \t<li><strong>mur\u00e1rske pr\u00e1ce<\/strong>\u00a0\u2013 vn\u00fatorn\u00e9 a vonkaj\u0161ie (z\u00e1klady, steny, schody, potery, debnenie)<\/li>\r\n \t<li><strong>pokl\u00e1dka dla\u017eby \u2013<\/strong>\u00a0v\u00fdstavba parkov\u00edsk, pr\u00edjazdov\u00fdch ciest, ter\u00e1s<\/li>\r\n \t<li><strong>mont\u00e1\u017ene a dokon\u010dovacie pr\u00e1ce<\/strong>\u00a0\u2013 mont\u00e1\u017e dreven\u00fdch a hlin\u00edkov\u00fdch kon\u0161trukci\u00ed, zavesn\u00e9 stropy, zasklievanie<\/li>\r\n \t<li><strong>in\u0161tala\u010dn\u00e9 pr\u00e1ce<\/strong>\u00a0\u2013 ozna\u010denie vedenia dr\u00f4tov, prenos bodov<\/li>\r\n \t<li><strong>stol\u00e1rske pr\u00e1ce<\/strong>\u00a0\u2013 n\u00e1bytok, budovy<\/li>\r\n \t<li><strong>syst\u00e9m pre riadenie zemn\u00fdch strojov<\/strong><\/li>\r\n \t<li><strong>vod\u00e1rske a kanaliza\u010dn\u00e9 pr\u00e1ce<\/strong>\u00a0\u2013 kontrola h\u013abky v\u00fdkopu a polo\u017een\u00e9ho potrubia (aj so sklonom)<\/li>\r\n \t<li><strong>z\u00e1hradn\u00edctvo a po\u013enohospod\u00e1rstvo<\/strong><\/li>\r\n<\/ul>\r\n<\/li>\r\n<\/ul>\r\n&nbsp;\t\t\t\t\t\t\t\t<\/div>\n\t\t\t\t<\/div>\n\t\t\t\t\t<\/div>\n\t\t<\/div>\n\t\t\t\t\t<\/div>\n\t\t<\/section>\n\t\t\t\t<\/div>\n\t\t","protected":false},"excerpt":{"rendered":"<div class=\"elementor-element elementor-element-c25813a elementor-widget elementor-widget-text-editor\" data-id=\"c25813a\" data-element_type=\"widget\" data-widget_type=\"text-editor.default\">\n<div class=\"elementor-widget-container\">\n<div class=\"text-sm leading-normal text-excerpt mt-6\">\n<ul>\n<li><strong>Jednoduch\u00e9 a r\u00fdchle vyrovnanie<\/strong>, pr\u00e1ca s vodorovnou rovinou<\/li>\n<li><strong>automatiz\u00e1cia procesu vyrovn\u00e1vania\u00a0<\/strong>\u2013 digit\u00e1lna nivel\u00e1cia pomocou digit\u00e1lneho sn\u00edma\u010da RD300<\/li>\n<li><strong>Vysok\u00e1 presnos\u0165 merania<\/strong>, 1,0 mm \/ 10 m<\/li>\n<li><strong>Vynikaj\u00faci pomer<\/strong>\u00a0ceny a kvality<\/li>\n<li><strong>Bezpe\u010dn\u00e1 pr\u00e1ca po cel\u00e9 roky<\/strong>, spo\u013eahliv\u00fd, preveren\u00fd dizajn (IP54)<\/li>\n<\/ul>\n[html_block id=\"30167\"]\n<\/div>\n<\/div>\n<\/div>\n","protected":false},"featured_media":117267,"template":"","meta":{"_acf_changed":false},"product_brand":[],"product_cat":[286],"product_tag":[],"branze":[],"class_list":{"0":"post-117272","1":"product","2":"type-product","3":"status-publish","4":"has-post-thumbnail","6":"product_cat-rotacne-lasery","8":"first","9":"instock","10":"featured","11":"shipping-taxable","12":"product-type-simple"},"acf":[],"_links":{"self":[{"href":"https:\/\/nivelsystem.com\/sk\/wp-json\/wp\/v2\/product\/117272","targetHints":{"allow":["GET"]}}],"collection":[{"href":"https:\/\/nivelsystem.com\/sk\/wp-json\/wp\/v2\/product"}],"about":[{"href":"https:\/\/nivelsystem.com\/sk\/wp-json\/wp\/v2\/types\/product"}],"version-history":[{"count":8,"href":"https:\/\/nivelsystem.com\/sk\/wp-json\/wp\/v2\/product\/117272\/revisions"}],"predecessor-version":[{"id":117977,"href":"https:\/\/nivelsystem.com\/sk\/wp-json\/wp\/v2\/product\/117272\/revisions\/117977"}],"wp:featuredmedia":[{"embeddable":true,"href":"https:\/\/nivelsystem.com\/sk\/wp-json\/wp\/v2\/media\/117267"}],"wp:attachment":[{"href":"https:\/\/nivelsystem.com\/sk\/wp-json\/wp\/v2\/media?parent=117272"}],"wp:term":[{"taxonomy":"product_brand","embeddable":true,"href":"https:\/\/nivelsystem.com\/sk\/wp-json\/wp\/v2\/product_brand?post=117272"},{"taxonomy":"product_cat","embeddable":true,"href":"https:\/\/nivelsystem.com\/sk\/wp-json\/wp\/v2\/product_cat?post=117272"},{"taxonomy":"product_tag","embeddable":true,"href":"https:\/\/nivelsystem.com\/sk\/wp-json\/wp\/v2\/product_tag?post=117272"},{"taxonomy":"branze","embeddable":true,"href":"https:\/\/nivelsystem.com\/sk\/wp-json\/wp\/v2\/branze?post=117272"}],"curies":[{"name":"wp","href":"https:\/\/api.w.org\/{rel}","templated":true}]}}