{"id":115962,"date":"2010-06-05T07:00:09","date_gmt":"2010-06-05T07:00:09","guid":{"rendered":"https:\/\/nivelsystem.com\/?post_type=product&#038;p=115962"},"modified":"2025-08-28T06:16:23","modified_gmt":"2025-08-28T06:16:23","slug":"nivel-system-nl640g-digital","status":"publish","type":"product","link":"https:\/\/nivelsystem.com\/sk\/produkt\/nivel-system-nl640g-digital\/","title":{"rendered":"Rota\u010dn\u00fd laser NL640G DIGITAL"},"content":{"rendered":"<h2>Rota\u010dn\u00fd laser so zelen\u00fdm l\u00fa\u010dom a digit\u00e1lnym nastavovan\u00edm sklonov<\/h2>\n<p>Rota\u010dn\u00fd laser Nivel System\u00a0<strong>NL640G DIGITAL<\/strong>\u00a0\u00a0je v\u0161estrann\u00fd a multifunk\u010dn\u00fd pr\u00edstroj pre vonkaj\u0161ie a vn\u00fatorn\u00e9 pr\u00e1ce. Tento model je vybaven\u00fd ve\u013emi dobre vidite\u013en\u00fdm zelen\u00fdm l\u00fa\u010dom, ktor\u00fd je \u0161tyrikr\u00e1t lep\u0161ie vidite\u013en\u00fd ako klasick\u00fd \u010derven\u00fd. Pr\u00edstroj je navrhnut\u00fd na z\u00e1klade osved\u010denej a efekt\u00edvnej laserovej technol\u00f3gie od NIVEL SYSTEM, ktor\u00e1 zais\u0165uje vysok\u00fa presnos\u0165 meran\u00ed. Pr\u00edstroj ur\u010duje horizont\u00e1lnu rovinu (m\u00f4\u017ee by\u0165 naklonen\u00e1 v 2 osiach), vertik\u00e1lnu rovinu alebo laserov\u00fa olovnicu. Rozsah l\u00fa\u010da umo\u017e\u0148uje pr\u00e1ce aj na dlh\u00fdch \u00fasekoch (rozsah 600 m), v n\u00e1ro\u010dn\u00fdch ter\u00e9nnych podmienkach \u2013 pr\u00edstroj je r\u00fdchly a odoln\u00fd vo\u010di vibr\u00e1ci\u00e1m. NL640G DIGITAL je \u0161tandardne dod\u00e1van\u00fd s digit\u00e1lnym prij\u00edma\u010dom, na ktorom sa zobrazuj\u00fa v\u00fd\u0161kov\u00e9 rozdiely v milimetroch. To v\u00fdrazne u\u013eah\u010duje a ur\u00fdch\u013euje merania. Pr\u00edstroj je vybaven\u00fd intuit\u00edvnym rozhran\u00edm s displejom. Dia\u013ekov\u00e1 komunik\u00e1cia prebieha pomocou r\u00e1diov\u00e9ho dia\u013ekov\u00e9ho ovl\u00e1da\u010da.<\/p>\n<ul>\n<li><strong>v\u0161etko je mo\u017en\u00e9 vidie\u0165 vo\u013en\u00fdm okom<\/strong>\u00a0\u2013 \u00a0zelen\u00fd l\u00fa\u010d (4 kr\u00e1t lep\u0161ie vidite\u013en\u00fd ako \u010derven\u00fd laser) je tak\u00fd intenz\u00edvny, \u017ee l\u00fa\u010d je dobre vidite\u013en\u00fd aj v slne\u010dn\u00fdch miestnostiach<\/li>\n<li><strong>dlh\u00fd prev\u00e1dzkov\u00fd rozsah<\/strong>\u00a0\u2013 pr\u00e1ca na otvorenom priestranstve vo vzdialenosti 600 m (pracovn\u00fd priemer)<\/li>\n<li><strong>efekt\u00edvne vyrovn\u00e1vanie\u00a0<\/strong>\u2013 digit\u00e1lny prij\u00edma\u010d s \u010d\u00edseln\u00fdm ur\u010den\u00edm v\u00fd\u0161kov\u00e9ho rozdielu v\u00fdrazne zlep\u0161uje vyrovn\u00e1vanie a zvy\u0161uje jeho presnos\u0165 (nie je potrebn\u00e9 \u010d\u00edta\u0165 hodnotu z laty, t\u00e1to hodnota je prezentovan\u00e1 na displeji prij\u00edma\u010da)<\/li>\n<li><strong>pr\u00e1ca so \u0161ikmou rovinou<\/strong>\u00a0\u2013 laserov\u00fd l\u00fa\u010d je mo\u017en\u00e9 nakl\u00e1\u0148a\u0165 v jednej alebo dvoch osiach v rozsahu \u00b110%, ur\u010dovanie sklonov v ter\u00e9ne sa vykon\u00e1va digit\u00e1lne a bez potreby prepo\u010d\u00edtavania v\u00fd\u0161ky jednotliv\u00fdch bodov<\/li>\n<li><strong>laser v ka\u017edom smere<\/strong>\u00a0\u2013 pr\u00edstroj m\u00e1 zabudovan\u00fa laserov\u00fa olovnicu, \u010do u\u013eah\u010duje definovanie roviny v pravom uhle k ur\u010denej rovine<\/li>\n<li><strong>r\u00fdchle samovyrovn\u00e1vanie<\/strong>\u00a0\u2013 kompenz\u00e1tor r\u00fdchlo a presne vyrovn\u00e1va pr\u00edstroj<\/li>\n<li><strong>pr\u00e1ca pre jedn\u00e9ho \u010dloveka<\/strong>\u00a0\u2013 na ovl\u00e1danie pr\u00edstroja a ur\u010denie v\u00fd\u0161ky sta\u010d\u00ed jedna osoba<\/li>\n<li><strong>dia\u013ekov\u00e9 ovl\u00e1danie<\/strong>\u00a0\u2013 funkcie pr\u00edstroja je mo\u017en\u00e9 meni\u0165 pomocou r\u00e1diov\u00e9ho dia\u013ekov\u00e9ho ovl\u00e1da\u010da dod\u00e1van\u00e9ho v \u0161tandardnej v\u00fdbave (dosah 100m)<\/li>\n<li><strong>efekt\u00edvne nap\u00e1janie<\/strong>\u00a0\u2013 akumul\u00e1tor Li-ion (8000mAh), mo\u017enos\u0165 nab\u00edjania po\u010das prev\u00e1dzky<\/li>\n<li><strong>v\u0161etko v balen\u00ed<\/strong>\u00a0\u2013 pr\u00edstroj je \u0161tandardne dod\u00e1van\u00fd s praktick\u00fdm pr\u00edslu\u0161enstvom (DIGIT\u00c1LNY prij\u00edma\u010d, dr\u017eiak prij\u00edma\u010da na latu, dia\u013ekov\u00e9 ovl\u00e1danie, akumul\u00e1tor, nab\u00edja\u010dka, odrazov\u00fd ter\u010d, prepravn\u00fd kufr\u00edk)<\/li>\n<li><strong>pr\u00e1ca za ka\u017ed\u00fdch podmienok<\/strong>\u00a0\u2013 pr\u00edstroj je vystu\u017een\u00fd kovov\u00fdm krytom, m\u00e1 kovov\u00fd kryt laserovej hlavy, gumov\u00fd rohov\u00fd vank\u00fa\u0161 a\u00a0je chr\u00e1nen\u00fd pred po\u0161koden\u00edm v d\u00f4sledku n\u00e1razov a otrasov, pr\u00edstroj je odoln\u00fd vo\u010di prachu a vode (IP65)<\/li>\n<\/ul>\n<h2>Jednoduch\u00e9 a r\u00fdchle meranie<\/h2>\n<p>Pr\u00edstroj NL640G DIGITAL m\u00e1 funkciu automatick\u00e9ho vyrovn\u00e1vania, po zapnut\u00ed sa automaticky vyrovn\u00e1 a je okam\u017eite pripraven\u00fd na pr\u00e1cu. Generovan\u00fd zelen\u00fd laserov\u00fd l\u00fa\u010d je ve\u013emi dobre vidite\u013en\u00fd aj v slne\u010dn\u00fdch miestnostiach. Vytv\u00e1ra referen\u010dn\u00fa \u010diaru pre horizont\u00e1lne alebo vertik\u00e1lne pr\u00e1ce. Pri pr\u00e1ci s prij\u00edma\u010dom a meracou latou z\u00edskame presn\u00fa nivela\u010dn\u00fa sadu, merania vykon\u00e1va jedna osoba. Digit\u00e1lne indik\u00e1cie v\u00fd\u0161kov\u00e9ho rozdielu na displeji (digit\u00e1lny prij\u00edma\u010d) v\u00fdrazne skracuj\u00fa proces vyrovn\u00e1vania. Funkcia skenovania umo\u017e\u0148uje z\u00fa\u017ei\u0165 zobrazen\u00fd l\u00fa\u010d v danom rozsahu, t\u00fdmto sp\u00f4sobom z\u00edskame referen\u010dn\u00fa laserov\u00fa rovinu iba tam, kde vykon\u00e1vame pr\u00e1cu.<\/p>\n<h2><strong>Univerz\u00e1lna aplik\u00e1cia<\/strong><\/h2>\n<p>Pr\u00edstroj v\u00e1m umo\u017e\u0148uje pracova\u0165 s horizont\u00e1lnymi aj vertik\u00e1lnymi rovinami. Rovina m\u00f4\u017ee by\u0165 naklonen\u00e1 v jednej alebo dvoch osiach, v\u010faka \u010domu m\u00f4\u017ee by\u0165 laser pou\u017eit\u00fd pri tak\u00fdch pr\u00e1cach, ako je vylievanie podl\u00e1h alebo vyrovn\u00e1vanie a pr\u00edprava povrchu na dla\u017eby, ihrisko alebo cestu \u2013 zabezpe\u010denie odtoku vody v s\u00falade s navrhnut\u00fdmi sklonmi. Pri stavebn\u00fdch pr\u00e1cach je u\u017eito\u010dn\u00e1 laserov\u00e1 olovnica, ktor\u00e1 je kolm\u00e1 na generovan\u00fa rovinu. V pr\u00edpade pr\u00e1ce vonku a s dlh\u0161\u00edm dosahom sa pou\u017e\u00edva prij\u00edma\u010d, ktor\u00fd poskytuje mo\u017enos\u0165 prij\u00edma\u0165 sign\u00e1l v rozsahu 600 m (pracovn\u00fd priemer). R\u00f4zne r\u00fdchlosti ot\u00e1\u010dania hlavy zabezpe\u010duj\u00fa pou\u017eitie lasera na krat\u0161\u00edch aj dlh\u0161\u00edch pracovn\u00fdch vzdialenostiach.<\/p>\n<h2><strong>Spo\u013eahlivos\u0165 na stavenisku<\/strong><\/h2>\n<p>Pr\u00edstroj funguje na z\u00e1klade elektronick\u00e9ho kompenz\u00e1tora, ktor\u00fd eliminuje vibr\u00e1cie a zais\u0165uje presn\u00e9 vyrovnanie laserovej roviny. Elektronick\u00fd kompenz\u00e1tor v porovnan\u00ed s magnetick\u00fdm je ove\u013ea presnej\u0161\u00ed. To m\u00e1 ve\u013ek\u00fd v\u00fdznam v pr\u00edpade stavebn\u00fdch meran\u00ed, kde m\u00f4\u017ee ter\u00e9n vibrova\u0165 v d\u00f4sledku pr\u00e1ce \u0165a\u017ekej techniky. V\u010faka tomu z\u00edskame spo\u013eahliv\u00e9 a presn\u00e9 merania. Pr\u00edstroj je odoln\u00fd vo\u010di prachu a vode, \u010do potvrdzuje trieda odolnosti IP65. Okrem toho je rota\u010dn\u00e1 hlava chr\u00e1nen\u00e1 kovov\u00fdm krytom a telo pr\u00edstroja m\u00e1 gumov\u00e9 prvky na ochranu pred po\u0161koden\u00edm v d\u00f4sledku n\u00e1razov.<\/p>\n<h2><strong>Pohodln\u00e1 prev\u00e1dzka<\/strong><\/h2>\n<p>NL640G DIGITAL m\u00e1 intuit\u00edvny ovl\u00e1dac\u00ed panel. Riadenie funkci\u00ed, vr\u00e1tane nastavovania sklonov, sa vykon\u00e1va pomocou ovl\u00e1dacie panela na pr\u00edstroji alebo dia\u013ekov\u00fdm ovl\u00e1da\u010dom. R\u00e1diov\u00e1 komunik\u00e1cia poskytuje dosah a\u017e 100m. Laser je nap\u00e1jan\u00fd \u00fa\u010dinn\u00fdm akumul\u00e1torom 8000mAh a m\u00f4\u017ee by\u0165 nap\u00e1jan\u00fd aj priamo zo siete. Pr\u00edstroj m\u00e1 kompaktn\u00fd kryt s praktick\u00fdmi rukov\u00e4\u0165ami \u2013 v\u010faka \u010domu sa laser \u013eahko in\u0161taluje na stavenisku a prepravuje sa.<\/p>\n","protected":false},"excerpt":{"rendered":"<div class=\"woocommerce-product-details__short-description\">\n<ul>\n<li><strong>v\u0161estrannos\u0165 a modernos\u0165<\/strong>\u00a0\u2013 horizont\u00e1lne a vertik\u00e1lne pr\u00e1ce, pr\u00e1ce so sklonom, dlh\u00fd rozsah 600m<\/li>\n<li><strong>jednoduch\u00e1 pr\u00e1ca so sklonmi<\/strong>\u00a0\u2013 digit\u00e1lne nastavenie sklonov na displeji<\/li>\n<li><strong>automatiz\u00e1cia procesu vyrovn\u00e1vania\u00a0<\/strong>\u2013 milimetrov\u00e1 indik\u00e1cia v\u00fd\u0161kov\u00fdch rozdielov<\/li>\n<li><strong>vysok\u00e1 presnos\u0165 meran\u00ed<\/strong>\u00a0\u2013 0,72mm \/ 10m<\/li>\n<li><strong>komfortn\u00e1 pr\u00e1ca<\/strong>\u00a0\u2013 zelen\u00fd l\u00fa\u010d, jasn\u00e9 MENU, dia\u013ekov\u00e9 ovl\u00e1danie<\/li>\n<li><strong>bezpe\u010dn\u00e9 pou\u017e\u00edvanie po cel\u00e9 roky\u00a0<\/strong>\u2013 spo\u013eahliv\u00fd, osved\u010den\u00fd dizajn (IP65)<\/li>\n<\/ul>\n<\/div>\n[html_block id=\"30167\"]\n","protected":false},"featured_media":115823,"template":"","meta":{"_acf_changed":false},"product_brand":[],"product_cat":[286],"product_tag":[],"branze":[],"class_list":{"0":"post-115962","1":"product","2":"type-product","3":"status-publish","4":"has-post-thumbnail","6":"product_cat-rotacne-lasery","8":"first","9":"instock","10":"shipping-taxable","11":"product-type-simple"},"acf":[],"_links":{"self":[{"href":"https:\/\/nivelsystem.com\/sk\/wp-json\/wp\/v2\/product\/115962","targetHints":{"allow":["GET"]}}],"collection":[{"href":"https:\/\/nivelsystem.com\/sk\/wp-json\/wp\/v2\/product"}],"about":[{"href":"https:\/\/nivelsystem.com\/sk\/wp-json\/wp\/v2\/types\/product"}],"version-history":[{"count":5,"href":"https:\/\/nivelsystem.com\/sk\/wp-json\/wp\/v2\/product\/115962\/revisions"}],"predecessor-version":[{"id":116468,"href":"https:\/\/nivelsystem.com\/sk\/wp-json\/wp\/v2\/product\/115962\/revisions\/116468"}],"wp:featuredmedia":[{"embeddable":true,"href":"https:\/\/nivelsystem.com\/sk\/wp-json\/wp\/v2\/media\/115823"}],"wp:attachment":[{"href":"https:\/\/nivelsystem.com\/sk\/wp-json\/wp\/v2\/media?parent=115962"}],"wp:term":[{"taxonomy":"product_brand","embeddable":true,"href":"https:\/\/nivelsystem.com\/sk\/wp-json\/wp\/v2\/product_brand?post=115962"},{"taxonomy":"product_cat","embeddable":true,"href":"https:\/\/nivelsystem.com\/sk\/wp-json\/wp\/v2\/product_cat?post=115962"},{"taxonomy":"product_tag","embeddable":true,"href":"https:\/\/nivelsystem.com\/sk\/wp-json\/wp\/v2\/product_tag?post=115962"},{"taxonomy":"branze","embeddable":true,"href":"https:\/\/nivelsystem.com\/sk\/wp-json\/wp\/v2\/branze?post=115962"}],"curies":[{"name":"wp","href":"https:\/\/api.w.org\/{rel}","templated":true}]}}