{"id":115484,"date":"2025-06-30T09:17:50","date_gmt":"2025-06-30T09:17:50","guid":{"rendered":"https:\/\/nivelsystem.com\/?post_type=product&#038;p=115484"},"modified":"2025-10-22T10:05:21","modified_gmt":"2025-10-22T10:05:21","slug":"rotacny-laser-nl320r-digital","status":"publish","type":"product","link":"https:\/\/nivelsystem.com\/sk\/produkt\/rotacny-laser-nl320r-digital\/","title":{"rendered":"Rota\u010dn\u00fd laser NL320R DIGITAL"},"content":{"rendered":"<h2><strong>NL320R DIGITAL rota\u010dn\u00fd laser so \u010derven\u00fdm l\u00fa\u010dom a manu\u00e1lnym nastavovan\u00edm sklonov<\/strong><\/h2>\n<p>Rota\u010dn\u00fd laser Nivel System NL320R je univerz\u00e1lny a viac\u00fa\u010delov\u00fd pr\u00edstroj na vykon\u00e1vanie pr\u00e1c vo vn\u00fatri miestnost\u00ed (s vidite\u013en\u00fdm \u010derven\u00fdm laserov\u00fdm l\u00fa\u010dom) ale aj v otvorenom priestranstve (pomocou senzoru). Pr\u00edstroj ur\u010duje horizont\u00e1lnu rovinu a sklony. Jeho silnou str\u00e1nkou je \u017eivotnos\u0165, odolnos\u0165 vo\u010di n\u00e1ro\u010dn\u00fdm pracovn\u00fdm podmienkam a efekt\u00edvne l\u00edtium-i\u00f3nov\u00e9 bat\u00e9rie, ktor\u00e9 poskytuj\u00fa nieko\u013eko hod\u00edn nepretr\u017eitej prev\u00e1dzky v ter\u00e9ne. Pr\u00edstroj je u\u017e\u00edvate\u013esky pr\u00edvetiv\u00fd s intuit\u00edvnym rozhran\u00edm.<\/p>\n<h2><strong>JEDNODUCH\u00c9 A R\u00ddCHLE MERANIA<\/strong><\/h2>\n<p>Pr\u00edstroj NL320R m\u00e1 funkciu automatick\u00e9ho vyrovn\u00e1vania, po zapnut\u00ed sa zariadenie automaticky vyrovn\u00e1 a okam\u017eite bude pripraven\u00fd na pr\u00e1cu. Generovan\u00fd \u010derven\u00fd laserov\u00fd l\u00fa\u010d je ve\u013emi dobre vidite\u013en\u00fd, zobrazen\u00fd na stene predstavuje referenciu pre horizont\u00e1lne pr\u00e1ce. So senzorom a laserovou latou z\u00edskate presn\u00fa nivela\u010dn\u00fa s\u00fapravu, pomocou ktorej s\u00fa merania vykon\u00e1van\u00e9 jedn\u00fdm \u010dlovekom.<\/p>\n<h2><strong>UNIVERZ\u00c1LNE VYU\u017dITIE<\/strong><\/h2>\n<p>Pr\u00edstroj v\u00e1m umo\u017e\u0148uje pracova\u0165 s horizont\u00e1lnou rovinou. Rovina sa m\u00f4\u017ee nakl\u00e1\u0148a\u0165 v jednom alebo dvoch smeroch tak, aby sa laser mohol pou\u017ei\u0165 na tak\u00e9 pr\u00e1ce, ako je vylievanie podlahy alebo nivel\u00e1cia a pr\u00edprava povrchu ciest alebo ihr\u00edsk pri\u010dom sa zabezpe\u010d\u00ed odvodnenie v s\u00falade s navrhnut\u00fdmi sklonmi. Pri kon\u0161truk\u010dn\u00fdch pr\u00e1cach je u\u017eito\u010dn\u00e1 aj laserov\u00e1 olovnica, ktor\u00e1 je v osi roviny generovan\u00e9ho laserov\u00e9ho l\u00fa\u010da. T\u00e1to funk\u010dnos\u0165 umo\u017e\u0148uje presn\u00e9 prevedenie kolm\u00fdch pr\u00e1c alebo prenos bodov (po\u010das sklonov sa zobrazuje dole s\u00fa\u010dasne). Pri pr\u00e1cach v exteri\u00e9ri a na v\u00e4\u010d\u0161ie vzdialenosti prij\u00edma laserov\u00fd senzor sign\u00e1l v rozsahu 500 m (priemer).<\/p>\n<h2><strong>PRESN\u00c9 A SPO\u013dAHLIV\u00c9 ZARIADENIA<\/strong><\/h2>\n<p>Pr\u00edstroj je funguje na b\u00e1ze elektronick\u00e9ho kompenz\u00e1tora, eliminuje vibr\u00e1cie a vytv\u00e1ra presn\u00fa rovinu. Elektronick\u00fd kompenz\u00e1tor je v porovnan\u00ed s magnetick\u00fdm ove\u013ea presnej\u0161\u00ed, najm\u00e4 v pr\u00edpade, ke\u010f m\u00f4\u017ee ter\u00e9n vibrova\u0165 v d\u00f4sledku pr\u00e1ce \u0165a\u017ek\u00fdch strojov. Pr\u00edstroj je odoln\u00fd vo\u010di prachu a vode s certifik\u00e1tom IP54. Rota\u010dn\u00e1 hlava je navy\u0161e pokryt\u00e1 sklenen\u00fdm krytom a telo lasera m\u00e1 gumen\u00fd kryt, ktor\u00fd ho chr\u00e1ni pred po\u0161koden\u00edm a n\u00e1razmi.<\/p>\n<h2><strong>POHODLN\u00c1 PR\u00c1CA<\/strong><\/h2>\n<p>NL320R m\u00e1 intuit\u00edvny ovl\u00e1dac\u00ed panel. Riadenie funkci\u00ed vr\u00e1tane ur\u010dovania sklonov sa vykon\u00e1va pohodlne manu\u00e1lne pomocou tla\u010didiel. Laser je mo\u017en\u00e9 nap\u00e1ja\u0165 nab\u00edjate\u013en\u00fdmi Li-ion bat\u00e9riami alebo priamo zo siete. Cel\u00e1 s\u00faprava je doplnen\u00e1 kompaktn\u00fdm prepravn\u00fdm kufr\u00edkom, v\u010faka \u010domu je laser \u0161ikovn\u00fd, \u013eahko sa in\u0161taluje a prepravuje sa.<\/p>\n<h3><strong>Vyu\u017eitie:<\/strong><\/h3>\n<ul>\n<li><strong>nivel\u00e1cia pozemku<\/strong>\u00a0\u2013 vyrovnanie ter\u00e9nu<\/li>\n<li><strong>mur\u00e1rske pr\u00e1ce<\/strong>\u00a0\u2013 vn\u00fatorn\u00e9 a vonkaj\u0161ie (z\u00e1klady, steny, schody, potery, debnenie)<\/li>\n<li><strong>pokl\u00e1dka dla\u017eby \u2013<\/strong>\u00a0v\u00fdstavba parkov\u00edsk, pr\u00edjazdov\u00fdch ciest, ter\u00e1s<\/li>\n<li><strong>mont\u00e1\u017ene a dokon\u010dovacie pr\u00e1ce<\/strong>\u00a0\u2013 mont\u00e1\u017e dreven\u00fdch a hlin\u00edkov\u00fdch kon\u0161trukci\u00ed, zavesn\u00e9 stropy, zasklievanie<\/li>\n<li><strong>in\u0161tala\u010dn\u00e9 pr\u00e1ce<\/strong>\u00a0\u2013 ozna\u010denie vedenia dr\u00f4tov, prenos bodov<\/li>\n<li><strong>stol\u00e1rske pr\u00e1ce<\/strong>\u00a0\u2013 n\u00e1bytok, budovy<\/li>\n<li><strong>syst\u00e9m pre riadenie zemn\u00fdch strojov<\/strong><\/li>\n<li><strong>vod\u00e1rske a kanaliza\u010dn\u00e9 pr\u00e1ce<\/strong>\u00a0\u2013 kontrola h\u013abky v\u00fdkopu a polo\u017een\u00e9ho potrubia (aj so sklonom)<\/li>\n<li><strong>z\u00e1hradn\u00edctvo a po\u013enohospod\u00e1rstvo<\/strong><\/li>\n<\/ul>\n","protected":false},"excerpt":{"rendered":"<div class=\"elementor-element elementor-element-c25813a elementor-widget elementor-widget-text-editor\" data-id=\"c25813a\" data-element_type=\"widget\" data-widget_type=\"text-editor.default\">\n<div class=\"elementor-widget-container\">\n<div class=\"text-sm leading-normal text-excerpt mt-6\">\n<ul>\n<li><strong>Univerz\u00e1lnos\u0165 a modernos\u0165,\u00a0<\/strong>horizont\u00e1lne pr\u00e1ce, manu\u00e1lne nastavenie sklonov, dosah 500m<\/li>\n<li><strong>Automatiz\u00e1cia procesu vyrovn\u00e1vania\u00a0<\/strong>\u2013digit\u00e1lna indik\u00e1cia v\u00fd\u0161kov\u00fdch rozdielov pomocou digit\u00e1lneho sn\u00edma\u010da RD700<\/li>\n<li><strong>Vysok\u00e1 presnos\u0165 merania<\/strong>, 1,0 mm \/ 10 m<\/li>\n<li><strong>Pohodln\u00e1 pr\u00e1ca<\/strong>, u\u017e\u00edvate\u013esky pr\u00edvetiv\u00e9 MENU<\/li>\n<li><strong>Bezpe\u010dn\u00e9 pou\u017e\u00edvanie po cel\u00e9 roky<\/strong>, spo\u013eahliv\u00fd, preveren\u00fd dizajn (IP54)<\/li>\n<\/ul>\n[html_block id=\"30167\"]\n<\/div>\n<\/div>\n<\/div>\n","protected":false},"featured_media":115494,"template":"","meta":{"_acf_changed":false},"product_brand":[],"product_cat":[286],"product_tag":[],"branze":[],"class_list":{"0":"post-115484","1":"product","2":"type-product","3":"status-publish","4":"has-post-thumbnail","6":"product_cat-rotacne-lasery","8":"first","9":"instock","10":"featured","11":"shipping-taxable","12":"product-type-simple"},"acf":[],"_links":{"self":[{"href":"https:\/\/nivelsystem.com\/sk\/wp-json\/wp\/v2\/product\/115484","targetHints":{"allow":["GET"]}}],"collection":[{"href":"https:\/\/nivelsystem.com\/sk\/wp-json\/wp\/v2\/product"}],"about":[{"href":"https:\/\/nivelsystem.com\/sk\/wp-json\/wp\/v2\/types\/product"}],"version-history":[{"count":3,"href":"https:\/\/nivelsystem.com\/sk\/wp-json\/wp\/v2\/product\/115484\/revisions"}],"predecessor-version":[{"id":117263,"href":"https:\/\/nivelsystem.com\/sk\/wp-json\/wp\/v2\/product\/115484\/revisions\/117263"}],"wp:featuredmedia":[{"embeddable":true,"href":"https:\/\/nivelsystem.com\/sk\/wp-json\/wp\/v2\/media\/115494"}],"wp:attachment":[{"href":"https:\/\/nivelsystem.com\/sk\/wp-json\/wp\/v2\/media?parent=115484"}],"wp:term":[{"taxonomy":"product_brand","embeddable":true,"href":"https:\/\/nivelsystem.com\/sk\/wp-json\/wp\/v2\/product_brand?post=115484"},{"taxonomy":"product_cat","embeddable":true,"href":"https:\/\/nivelsystem.com\/sk\/wp-json\/wp\/v2\/product_cat?post=115484"},{"taxonomy":"product_tag","embeddable":true,"href":"https:\/\/nivelsystem.com\/sk\/wp-json\/wp\/v2\/product_tag?post=115484"},{"taxonomy":"branze","embeddable":true,"href":"https:\/\/nivelsystem.com\/sk\/wp-json\/wp\/v2\/branze?post=115484"}],"curies":[{"name":"wp","href":"https:\/\/api.w.org\/{rel}","templated":true}]}}