{"id":115402,"date":"2025-06-30T10:00:31","date_gmt":"2025-06-30T10:00:31","guid":{"rendered":"https:\/\/nivelsystem.com\/?post_type=product&#038;p=115402"},"modified":"2025-10-22T10:02:35","modified_gmt":"2025-10-22T10:02:35","slug":"rotacny-laser-nl300r-digital","status":"publish","type":"product","link":"https:\/\/nivelsystem.com\/sk\/produkt\/rotacny-laser-nl300r-digital\/","title":{"rendered":"Rota\u010dn\u00fd laser NL300R DIGITAL"},"content":{"rendered":"<div class=\"elementor-element elementor-element-87eacf6 elementor-widget elementor-widget-heading\" data-id=\"87eacf6\" data-element_type=\"widget\" data-widget_type=\"heading.default\">\n<div class=\"elementor-widget-container\">\n<h2><strong>NL300R DIGITAL rota\u010dn\u00fd laser s \u010derven\u00fdm l\u00fa\u010dom za skvel\u00fa cenu, r\u00fdchly, jednoduch\u00fd, sta\u010d\u00ed zapn\u00fa\u0165 a m\u00f4\u017eete pracova\u0165<\/strong><\/h2>\n<\/div>\n<\/div>\n<p>Rota\u010dn\u00fd laser Nivel System NL300R je univerz\u00e1lny a viac\u00fa\u010delov\u00fd pr\u00edstroj na vykon\u00e1vanie pr\u00e1c v interi\u00e9ri (vidite\u013en\u00fd \u010derven\u00fd laserov\u00fd l\u00fa\u010d) a na otvoren\u00fdch priestranstv\u00e1ch (pomocou senzora). Pr\u00edstroj ur\u010duje horizont\u00e1lnu laserov\u00fa rovinu. NL300R je ur\u010den\u00fd na v\u0161eobecn\u00e9 pou\u017eitie.Jeho silnou str\u00e1nkou je vysok\u00e1 \u017eivotnos\u0165, odolnos\u0165 vo\u010di n\u00e1ro\u010dn\u00fdm pracovn\u00fdm podmienkam a \u00fa\u010dinn\u00e9 bat\u00e9rie, ktor\u00e9 poskytuj\u00fa nieko\u013ekohod\u00edn nepretr\u017eitej prev\u00e1dzky v ter\u00e9ne. Zariadenie je u\u017e\u00edvate\u013esky pr\u00edvetiv\u00e9 a intuit\u00edvne.<\/p>\n<ul>\n<li><strong>v\u0161etko vid\u00edte vo\u013en\u00fdm okom<\/strong>\u00a0\u2013 laser \u010dervenej farby je tak\u00fd intenz\u00edvny, \u017ee l\u00fa\u010d premietan\u00fd na objekt je zrete\u013ene vidite\u013en\u00fd vo vzdialenosti nieko\u013ek\u00fdch metrov<\/li>\n<li><strong>e\u0161te v\u00e4\u010d\u0161\u00ed rozsah pr\u00e1ce<\/strong>\u00a0\u2013 laserov\u00fd senzor umo\u017e\u0148uje pr\u00e1cu v exteri\u00e9ri vo vzdialenosti 500 m (priemer), zlep\u0161uje nivel\u00e1ciu a zvy\u0161uje presnos\u0165<\/li>\n<li><strong>efekt\u00edvne vyrovn\u00e1vanie\u00a0<\/strong>\u2013 a digit\u00e1lny laserov\u00fd prij\u00edma\u010d s \u010d\u00edseln\u00fdm ur\u010den\u00edm v\u00fd\u0161kov\u00e9ho rozdielu v\u00fdrazne zlep\u0161uje vyrovn\u00e1vanie a zvy\u0161uje jeho presnos\u0165 (nie je potrebn\u00e9 \u010d\u00edta\u0165 hodnotu z laty, t\u00e1to hodnota je prezentovan\u00e1 na displeji prij\u00edma\u010da)<\/li>\n<li><strong>r\u00fdchle samovyrovn\u00e1vanie<\/strong>\u00a0\u2013 pr\u00edstroj je r\u00fdchlo a presne vyrovnan\u00fd kompenz\u00e1torom a alarm \u201eotrasov\u201c eliminuje vykon\u00e1vanie chybn\u00fdch meran\u00ed, ke\u010f nie je pr\u00edstroj spr\u00e1vne nastaven\u00fd<\/li>\n<li><strong>obsluha jedn\u00fdm \u010dlovekom<\/strong>\u00a0\u2013 len jedna osoba sta\u010d\u00ed na ovl\u00e1danie lasera a ur\u010dovanie sklonov<\/li>\n<li><strong>v\u0161etko v balen\u00ed<\/strong>\u00a0\u2013 NL300R je \u0161tandardne dod\u00e1van\u00fd s praktick\u00fdm pr\u00edslu\u0161enstvom, ktor\u00e9 podporuje pr\u00e1cu (laserov\u00fd senzor, dr\u017eiak laserov\u00e9ho senzoru, bat\u00e9rie Li-ion, nab\u00edja\u010dka, prepravn\u00fd kufr\u00edk)<\/li>\n<li><strong>pr\u00e1ca za v\u0161etk\u00fdch podmienok<\/strong>\u00a0\u2013 pevn\u00e1 oto\u010dn\u00e1 hlava je najd\u00f4le\u017eitej\u0161\u00ed prvok laseru, ktor\u00e1 je chr\u00e1nen\u00e1 pred mechanick\u00fdm po\u0161koden\u00edm. Utesnen\u00e9 telo lasera (dodato\u010dne zaisten\u00e9 gumen\u00fdm krytom, ktor\u00e9 chr\u00e1ni pr\u00edstroj pred po\u0161koden\u00edm v d\u00f4sledku \u00faderov) sp\u013a\u0148a \u0161tandard IP54, \u010do v\u00e1m umo\u017e\u0148uje pracova\u0165 v da\u017edi a prachu.<\/li>\n<\/ul>\n<h2><strong>JEDNODUCH\u00c9 A R\u00ddCHLE MERANIA<\/strong><\/h2>\n<p>Pr\u00edstroj NL300R m\u00e1 funkciu automatick\u00e9ho vyrovn\u00e1vania, po zapnut\u00ed sa zariadenie automaticky vyrovn\u00e1 a okam\u017eite bude pripraven\u00e9 na prev\u00e1dzku. Generovan\u00fd \u010derven\u00fd laserov\u00fd l\u00fa\u010d je dobre vidite\u013en\u00fd, zobrazen\u00fd na stene predstavuje referenciu pre horizont\u00e1lne pr\u00e1ce. So senzorom a laserovou latou z\u00edskate presn\u00fa nivela\u010dn\u00fa s\u00fapravu, pomocou ktorej bud\u00fa merania vykon\u00e1van\u00e9 jedn\u00fdm \u010dlovekom.<\/p>\n<h2><strong>UNIVERZ\u00c1LNE VYU\u017dITIE<\/strong><\/h2>\n<p>Pr\u00edstroj v\u00e1m umo\u017e\u0148uje pracova\u0165 s horizont\u00e1lnou rovinou. Laser mo\u017eno pou\u017ei\u0165 na tak\u00e9 pr\u00e1ce, ako je liatie podlahy alebo nivel\u00e1cia a pr\u00edprava povrchu vozoviek, ihr\u00edsk, ktor\u00e9 musia by\u0165 v s\u00falade s navrhnut\u00fdmi sklonmi. Pri pr\u00e1cach v exteri\u00e9ri a na v\u00e4\u010d\u0161ie vzdialenosti poskytuje laserov\u00fd senzor schopnos\u0165 prij\u00edma\u0165 sign\u00e1l v rozsahu 500 m (priemer).<\/p>\n<h2><strong>PRESN\u00c9 A SPO\u013dAHLIV\u00c9 ZARIADENIA<\/strong><\/h2>\n<p>Vyrovn\u00e1vanie je postaven\u00e9 na b\u00e1ze elektronick\u00e9ho kompenz\u00e1tora, eliminuje vibr\u00e1cie a zais\u0165uje presn\u00e9 vyrovn\u00e1vanie lasera. Elektronick\u00fd kompenz\u00e1tor je v porovnan\u00ed s magnetick\u00fdm ove\u013ea presnej\u0161\u00ed, najm\u00e4 v pr\u00edpade ke\u010f m\u00f4\u017ee po\u010das merania ter\u00e9n vibrova\u0165 v d\u00f4sledku pr\u00e1ce \u0165a\u017ek\u00fdch strojov. Preto NL300R poskytuje presn\u00e9 a spo\u013eahliv\u00e9 merania. Pr\u00edstroj je odoln\u00fd vo\u010di prachu a vode s certifik\u00e1tom triedy IP54. Rota\u010dn\u00e1 hlava je navy\u0161e pokryt\u00e1 sklenen\u00fdm telom a telolasera m\u00e1 gumen\u00fd kryt, ktor\u00fd chr\u00e1ni laser pred po\u0161koden\u00edm.<\/p>\n<h2><strong>POHODLN\u00c1 PR\u00c1CA<\/strong><\/h2>\n<p>NL300R m\u00e1 intuit\u00edvny ovl\u00e1dac\u00ed panel. Funkcie sa ovl\u00e1daj\u00fa manu\u00e1lne. Laser je mo\u017en\u00e9 nap\u00e1ja\u0165 z bat\u00e9ri\u00ed, nab\u00edjate\u013en\u00fdch bat\u00e9ri\u00ed alebo priamo zo siete. Cel\u00e1 s\u00faprava je doplnen\u00e1 kompaktn\u00fdm prepravn\u00fdm kufr\u00edkom, v\u010faka \u010domu je laser \u0161ikovn\u00fd, \u013eahko sa in\u0161taluje a prepravuje.<\/p>\n<h3><strong>Vyu\u017eitie:<\/strong><\/h3>\n<ul>\n<li><strong>nivel\u00e1cia pozemku<\/strong>\u00a0\u2013 vyrovnanie ter\u00e9nu<\/li>\n<li><strong>mur\u00e1rske pr\u00e1ce<\/strong>\u00a0\u2013 vn\u00fatorn\u00e9 a vonkaj\u0161ie (z\u00e1klady, steny, schody, potery, debnenie)<\/li>\n<li><strong>pokl\u00e1dka dla\u017eby<\/strong>\u00a0\u2013 v\u00fdstavba parkov\u00edsk, pr\u00edjazdov\u00fdch ciest, ter\u00e1s<\/li>\n<li><strong>mont\u00e1\u017ene a dokon\u010dovacie pr\u00e1ce<\/strong>\u00a0\u2013 mont\u00e1\u017e dreven\u00fdch a hlin\u00edkov\u00fdch kon\u0161trukci\u00ed, zavesn\u00e9 stropy, zasklievanie<\/li>\n<li><strong>in\u0161tala\u010dn\u00e9 pr\u00e1ce<\/strong>\u00a0\u2013 ozna\u010denie vedenia dr\u00f4tov, prenos bodov<\/li>\n<li><strong>stol\u00e1rske pr\u00e1ce<\/strong>\u00a0\u2013 n\u00e1bytok, budovy<\/li>\n<li><strong>z\u00e1hradn\u00edctvo a\u00a0po\u013enohospod\u00e1rstvo<\/strong><\/li>\n<\/ul>\n<p>&nbsp;<\/p>\n","protected":false},"excerpt":{"rendered":"<div class=\"elementor-element elementor-element-c25813a elementor-widget elementor-widget-text-editor\" data-id=\"c25813a\" data-element_type=\"widget\" data-widget_type=\"text-editor.default\">\n<div class=\"elementor-widget-container\">\n<div class=\"text-sm leading-normal text-excerpt mt-6\">\n<ul>\n<li><strong>Jednoduch\u00e9 a r\u00fdchle vyrovnanie<\/strong>, pr\u00e1ca s vodorovnou rovinou<\/li>\n<li><strong>automatiz\u00e1cia procesu vyrovn\u00e1vania\u00a0<\/strong>\u2013 digit\u00e1lna nivel\u00e1cia pomocou digit\u00e1lneho sn\u00edma\u010da RD300<\/li>\n<li><strong>Vysok\u00e1 presnos\u0165 merania<\/strong>, 1,0 mm \/ 10 m<\/li>\n<li><strong>Vynikaj\u00faci pomer<\/strong>\u00a0ceny a kvality<\/li>\n<li><strong>Bezpe\u010dn\u00e1 pr\u00e1ca po cel\u00e9 roky<\/strong>, spo\u013eahliv\u00fd, preveren\u00fd dizajn (IP54)<\/li>\n<\/ul>\n[html_block id=\"30167\"]\n<\/div>\n<\/div>\n<\/div>\n","protected":false},"featured_media":116589,"template":"","meta":{"_acf_changed":false},"product_brand":[],"product_cat":[286],"product_tag":[],"branze":[],"class_list":{"0":"post-115402","1":"product","2":"type-product","3":"status-publish","4":"has-post-thumbnail","6":"product_cat-rotacne-lasery","8":"first","9":"instock","10":"featured","11":"shipping-taxable","12":"product-type-simple"},"acf":[],"_links":{"self":[{"href":"https:\/\/nivelsystem.com\/sk\/wp-json\/wp\/v2\/product\/115402","targetHints":{"allow":["GET"]}}],"collection":[{"href":"https:\/\/nivelsystem.com\/sk\/wp-json\/wp\/v2\/product"}],"about":[{"href":"https:\/\/nivelsystem.com\/sk\/wp-json\/wp\/v2\/types\/product"}],"version-history":[{"count":4,"href":"https:\/\/nivelsystem.com\/sk\/wp-json\/wp\/v2\/product\/115402\/revisions"}],"predecessor-version":[{"id":117259,"href":"https:\/\/nivelsystem.com\/sk\/wp-json\/wp\/v2\/product\/115402\/revisions\/117259"}],"wp:featuredmedia":[{"embeddable":true,"href":"https:\/\/nivelsystem.com\/sk\/wp-json\/wp\/v2\/media\/116589"}],"wp:attachment":[{"href":"https:\/\/nivelsystem.com\/sk\/wp-json\/wp\/v2\/media?parent=115402"}],"wp:term":[{"taxonomy":"product_brand","embeddable":true,"href":"https:\/\/nivelsystem.com\/sk\/wp-json\/wp\/v2\/product_brand?post=115402"},{"taxonomy":"product_cat","embeddable":true,"href":"https:\/\/nivelsystem.com\/sk\/wp-json\/wp\/v2\/product_cat?post=115402"},{"taxonomy":"product_tag","embeddable":true,"href":"https:\/\/nivelsystem.com\/sk\/wp-json\/wp\/v2\/product_tag?post=115402"},{"taxonomy":"branze","embeddable":true,"href":"https:\/\/nivelsystem.com\/sk\/wp-json\/wp\/v2\/branze?post=115402"}],"curies":[{"name":"wp","href":"https:\/\/api.w.org\/{rel}","templated":true}]}}