{"id":113910,"date":"2025-03-04T13:02:32","date_gmt":"2025-03-04T13:02:32","guid":{"rendered":"https:\/\/nivelsystem.com\/?post_type=product&#038;p=113910"},"modified":"2025-04-28T12:47:10","modified_gmt":"2025-04-28T12:47:10","slug":"system-riadenia-zemnych-strojov-mc-1d-magnety-light","status":"publish","type":"product","link":"https:\/\/nivelsystem.com\/sk\/produkt\/system-riadenia-zemnych-strojov-mc-1d-magnety-light\/","title":{"rendered":"Syst\u00e9m riadenia zemn\u00fdch strojov MC-1D Light"},"content":{"rendered":"<div data-id=\"87eacf6\" data-element_type=\"widget\" data-widget_type=\"heading.default\">\n<div>\n<h2>Syst\u00e9m riadenia zemn\u00fdch strojov Nivel System MC-1D LIGHT s magnetmi<\/h2>\n<\/div>\n<\/div>\n<div class=\"elementor-element elementor-element-3c1a4a3 elementor-widget elementor-widget-heading\" data-id=\"3c1a4a3\" data-element_type=\"widget\" data-widget_type=\"heading.default\">\n<div class=\"elementor-widget-container\">\n<h2>je syst\u00e9m ur\u010den\u00fd na riadenie prev\u00e1dzky stavebn\u00fdch strojov<\/h2>\n<\/div>\n<\/div>\n<p>&nbsp;<\/p>\n<div class=\"elementor-element elementor-element-12e6da0 elementor-widget elementor-widget-heading\" data-id=\"12e6da0\" data-element_type=\"widget\" data-widget_type=\"heading.default\">\n<div class=\"elementor-widget-container\">\n<p class=\"elementor-heading-title elementor-size-default\"><iframe title=\"Nivel System - System kontroli pracy maszyn MC-1D\" width=\"500\" height=\"281\" src=\"https:\/\/www.youtube.com\/embed\/3pK5TA_jGe4?feature=oembed\" frameborder=\"0\" allow=\"accelerometer; autoplay; clipboard-write; encrypted-media; gyroscope; picture-in-picture; web-share\" referrerpolicy=\"strict-origin-when-cross-origin\" allowfullscreen><\/iframe><\/p>\n<\/div>\n<\/div>\n<div class=\"elementor-element elementor-element-a87d091 elementor-widget elementor-widget-text-editor\" data-id=\"a87d091\" data-element_type=\"widget\" data-widget_type=\"text-editor.default\">\n<div class=\"elementor-widget-container\"><\/div>\n<\/div>\n<div class=\"elementor-element elementor-element-54b235a elementor-widget elementor-widget-text-editor\" data-id=\"54b235a\" data-element_type=\"widget\" data-widget_type=\"text-editor.default\">\n<div class=\"elementor-widget-container\">\n<div class=\"elementor-element elementor-element-a87d091 elementor-widget elementor-widget-text-editor\" data-id=\"a87d091\" data-element_type=\"widget\" data-widget_type=\"text-editor.default\">\n<div class=\"elementor-widget-container\">\n<p>Syst\u00e9m pozost\u00e1va z laserov\u00e9ho prij\u00edma\u010da, ktor\u00fd prij\u00edma sign\u00e1l z rota\u010dn\u00e9ho lasera. Syst\u00e9m vyu\u017e\u00edva LED indik\u00e1tory, ktor\u00e9 informuj\u00fa oper\u00e1tora o aktu\u00e1lnej v\u00fd\u0161ke, v ktorej sa m\u00e1 dr\u017ea\u0165 \u010di u\u017e ly\u017eicu, r\u00fdpadlo alebo radlicu). Tieto inform\u00e1cie sa synchr\u00f3nne zobrazuj\u00fa aj na kab\u00ednovom ukazovateli (RD-1MC).<\/p>\n<h2><strong>Ovl\u00e1dajte prev\u00e1dzku stroja, pracuje r\u00fdchlej\u0161ie, presnej\u0161ie a efekt\u00edvnej\u0161ie<\/strong><\/h2>\n<p>Pri vykon\u00e1van\u00ed zemn\u00fdch pr\u00e1c je probl\u00e9m s vyrovn\u00e1van\u00edm. Doteraz boli do tohto procesu zapojen\u00ed \u010fal\u0161\u00ed \u013eudia (alebo prieskumn\u00e9 t\u00edmy). Tradi\u010dn\u00e9 sp\u00f4soby kon\u0161trukcie s\u00fa \u010dasto drah\u00e9, dlho trvaj\u00fa, vy\u017eaduj\u00fa si \u0161pecializ\u00e1ciu a ur\u010dit\u00fa presnos\u0165. M\u00f4\u017ee to by\u0165 jednoduch\u0161ie, presnej\u0161ie a r\u00fdchlej\u0161ie?<\/p>\n<\/div>\n<\/div>\n<div data-id=\"bd3a840\" data-element_type=\"widget\" data-widget_type=\"heading.default\">\n<h2>Vyu\u017eitie:<\/h2>\n<\/div>\n<div class=\"elementor-element elementor-element-54b235a elementor-widget elementor-widget-text-editor\" data-id=\"54b235a\" data-element_type=\"widget\" data-widget_type=\"text-editor.default\">\n<div class=\"elementor-widget-container\">\n<ul>\n<li><strong>riadenie pr\u00e1ce zemn\u00fdch strojov<\/strong> \u2013 bagre, r\u00fdpadl\u00e1, doz\u00e9ry, odh\u0155\u0148a\u010de<\/li>\n<li><strong>zemn\u00e9 pr\u00e1ce<\/strong>\u00a0\u2013 vyrovnanie p\u00f4dy, v\u00fdkopy, svahy<\/li>\n<li><strong>vod\u00e1rske a kanaliza\u010dn\u00e9 pr\u00e1ce<\/strong>\u00a0\u2013 kontrola h\u013abky v\u00fdkopu (aj so svahom)<\/li>\n<\/ul>\n<\/div>\n<\/div>\n<\/div>\n<\/div>\n","protected":false},"excerpt":{"rendered":"<div class=\"elementor-element elementor-element-c25813a elementor-widget elementor-widget-text-editor\" data-id=\"c25813a\" data-element_type=\"widget\" data-widget_type=\"text-editor.default\">\n<div class=\"elementor-widget-container\">\n<div class=\"text-sm leading-normal text-excerpt mt-6\">\n<div class=\"woocommerce-product-details__short-description\">\n<ul>\n<li><strong>univerz\u00e1lne rie\u0161enie pre mnoho typov zemn\u00fdch strojov<\/strong><\/li>\n<li><strong>r\u00fdchlej\u0161ia pr\u00e1ca, vy\u0161\u0161ia produktivita<\/strong><\/li>\n<li><strong>zv\u00fd\u0161en\u00e1 presnos\u0165 pr\u00e1ce<\/strong><\/li>\n<li><strong>\u00faspory materi\u00e1lu a \u010dasu<\/strong>\u00a0vypl\u00fdvaj\u00face z presnej\u0161ieho vyrovnania povrchu<\/li>\n<li><strong>najjednoduch\u0161ie rie\u0161enie na kontrolu prev\u00e1dzky strojov\u00a0<\/strong>\u2013 u\u017e\u00edvate\u013esky pr\u00edvetiv\u00e1 prev\u00e1dzka<\/li>\n<li><strong>jednoduch\u00e1 a r\u00fdchla in\u0161tal\u00e1cia\u00a0<\/strong>\u2013 nastavenie v\u00fd\u0161ky a upevnenie prij\u00edma\u010da na rameno; mo\u017enos\u0165 \u013eahk\u00e9ho prenosu na in\u00fd stroj<\/li>\n<li><strong>\u017eiadne opravy<\/strong>\u00a0\u2013 men\u0161ie riziko \u013eudskej chyby<\/li>\n<li><strong>\u00faspora \u010dasu<\/strong>\u00a0\u2013 menej meran\u00ed, zn\u00ed\u017eenie po\u010dtu kontrol po\u010das v\u00fdstavby (pr\u00e1ce je mo\u017en\u00e9 priebe\u017ene sledova\u0165 bez opustenia kab\u00edny)<\/li>\n<\/ul>\n<\/div>\n[html_block id=\"30167\"]\n<\/div>\n<\/div>\n<\/div>\n","protected":false},"featured_media":114171,"template":"","meta":{"_acf_changed":false},"product_brand":[],"product_cat":[309],"product_tag":[],"branze":[],"class_list":{"0":"post-113910","1":"product","2":"type-product","3":"status-publish","4":"has-post-thumbnail","6":"product_cat-systemy-riadenia-strojov","8":"first","9":"instock","10":"shipping-taxable","11":"product-type-simple"},"acf":[],"_links":{"self":[{"href":"https:\/\/nivelsystem.com\/sk\/wp-json\/wp\/v2\/product\/113910","targetHints":{"allow":["GET"]}}],"collection":[{"href":"https:\/\/nivelsystem.com\/sk\/wp-json\/wp\/v2\/product"}],"about":[{"href":"https:\/\/nivelsystem.com\/sk\/wp-json\/wp\/v2\/types\/product"}],"version-history":[{"count":4,"href":"https:\/\/nivelsystem.com\/sk\/wp-json\/wp\/v2\/product\/113910\/revisions"}],"predecessor-version":[{"id":114888,"href":"https:\/\/nivelsystem.com\/sk\/wp-json\/wp\/v2\/product\/113910\/revisions\/114888"}],"wp:featuredmedia":[{"embeddable":true,"href":"https:\/\/nivelsystem.com\/sk\/wp-json\/wp\/v2\/media\/114171"}],"wp:attachment":[{"href":"https:\/\/nivelsystem.com\/sk\/wp-json\/wp\/v2\/media?parent=113910"}],"wp:term":[{"taxonomy":"product_brand","embeddable":true,"href":"https:\/\/nivelsystem.com\/sk\/wp-json\/wp\/v2\/product_brand?post=113910"},{"taxonomy":"product_cat","embeddable":true,"href":"https:\/\/nivelsystem.com\/sk\/wp-json\/wp\/v2\/product_cat?post=113910"},{"taxonomy":"product_tag","embeddable":true,"href":"https:\/\/nivelsystem.com\/sk\/wp-json\/wp\/v2\/product_tag?post=113910"},{"taxonomy":"branze","embeddable":true,"href":"https:\/\/nivelsystem.com\/sk\/wp-json\/wp\/v2\/branze?post=113910"}],"curies":[{"name":"wp","href":"https:\/\/api.w.org\/{rel}","templated":true}]}}