{"id":113880,"date":"1950-06-09T13:20:05","date_gmt":"1950-06-09T13:20:05","guid":{"rendered":"https:\/\/nivelsystem.com\/?post_type=product&#038;p=113880"},"modified":"2025-03-06T12:54:20","modified_gmt":"2025-03-06T12:54:20","slug":"prijimac-cls-5","status":"publish","type":"product","link":"https:\/\/nivelsystem.com\/sk\/produkt\/prijimac-cls-5\/","title":{"rendered":"Prij\u00edma\u010d CLS-5"},"content":{"rendered":"<div data-id=\"87eacf6\" data-element_type=\"widget\" data-widget_type=\"heading.default\">\n<div>\n<h2><strong>Univerz\u00e1lny prij\u00edma\u010d pre rovinov\u00e9 lasery Nivel System CLS-5 (10 kHz)<\/strong><\/h2>\n<\/div>\n<\/div>\n<div data-id=\"3c1a4a3\" data-element_type=\"widget\" data-widget_type=\"heading.default\">\n<div>\n<h2><strong>Pre \u010derven\u00fd, zelen\u00fd, modr\u00fd aj\u00a0fialov\u00fd l\u00fa\u010d \u2013 pre cel\u00fa s\u00e9riu Nievel System CL (10 kHz)<\/strong><\/h2>\n<\/div>\n<\/div>\n<div class=\"elementor-element elementor-element-a87d091 elementor-widget elementor-widget-text-editor\" data-id=\"a87d091\" data-element_type=\"widget\" data-widget_type=\"text-editor.default\">\n<div class=\"elementor-widget-container\">\n<ul>\n<li>Vysok\u00e1 presnos\u0165 pr\u00e1ce nastavite\u013en\u00e1 pod\u013ea potreby (\u00b1 1 mm)<\/li>\n<li>V\u0161etko pod kontrolou \u2013 \u010ditate\u013en\u00e9 LED di\u00f3dy pom\u00e1haj\u00fa kontrolova\u0165 v\u00fd\u0161ku<\/li>\n<li>Odoln\u00e1 kon\u0161trukcia krytu<\/li>\n<li>Mo\u017enos\u0165 merania klasickou met\u00f3dou na laserovej late pomocou dr\u017eiaku, ktor\u00fd je s\u00fa\u010das\u0165ou balenia<\/li>\n<li>Dosah 70 m<\/li>\n<li style=\"list-style-type: none;\"><\/li>\n<\/ul>\n<\/div>\n<\/div>\n","protected":false},"excerpt":{"rendered":"<div class=\"woocommerce-product-details__short-description\">\n<ul>\n<li><strong>Mas\u00edvna kon\u0161trukcia<\/strong><\/li>\n<li><b>Dobre \u010ditate\u013en\u00fd displej<\/b><\/li>\n<\/ul>\n<\/div>\n","protected":false},"featured_media":113888,"template":"","meta":{"_acf_changed":false},"product_brand":[],"product_cat":[290],"product_tag":[],"branze":[],"class_list":{"0":"post-113880","1":"product","2":"type-product","3":"status-publish","4":"has-post-thumbnail","6":"product_cat-laserove-snimace-a-drziaky","8":"first","9":"instock","10":"shipping-taxable","11":"product-type-simple"},"acf":[],"_links":{"self":[{"href":"https:\/\/nivelsystem.com\/sk\/wp-json\/wp\/v2\/product\/113880","targetHints":{"allow":["GET"]}}],"collection":[{"href":"https:\/\/nivelsystem.com\/sk\/wp-json\/wp\/v2\/product"}],"about":[{"href":"https:\/\/nivelsystem.com\/sk\/wp-json\/wp\/v2\/types\/product"}],"version-history":[{"count":1,"href":"https:\/\/nivelsystem.com\/sk\/wp-json\/wp\/v2\/product\/113880\/revisions"}],"predecessor-version":[{"id":113897,"href":"https:\/\/nivelsystem.com\/sk\/wp-json\/wp\/v2\/product\/113880\/revisions\/113897"}],"wp:featuredmedia":[{"embeddable":true,"href":"https:\/\/nivelsystem.com\/sk\/wp-json\/wp\/v2\/media\/113888"}],"wp:attachment":[{"href":"https:\/\/nivelsystem.com\/sk\/wp-json\/wp\/v2\/media?parent=113880"}],"wp:term":[{"taxonomy":"product_brand","embeddable":true,"href":"https:\/\/nivelsystem.com\/sk\/wp-json\/wp\/v2\/product_brand?post=113880"},{"taxonomy":"product_cat","embeddable":true,"href":"https:\/\/nivelsystem.com\/sk\/wp-json\/wp\/v2\/product_cat?post=113880"},{"taxonomy":"product_tag","embeddable":true,"href":"https:\/\/nivelsystem.com\/sk\/wp-json\/wp\/v2\/product_tag?post=113880"},{"taxonomy":"branze","embeddable":true,"href":"https:\/\/nivelsystem.com\/sk\/wp-json\/wp\/v2\/branze?post=113880"}],"curies":[{"name":"wp","href":"https:\/\/api.w.org\/{rel}","templated":true}]}}