{"id":112134,"date":"2020-05-20T10:15:44","date_gmt":"2020-05-20T10:15:44","guid":{"rendered":"https:\/\/nivelsystem.com\/?post_type=product&#038;p=112134"},"modified":"2025-04-25T11:01:59","modified_gmt":"2025-04-25T11:01:59","slug":"krizovy-laser-cl5r","status":"publish","type":"product","link":"https:\/\/nivelsystem.com\/sk\/produkt\/krizovy-laser-cl5r\/","title":{"rendered":"Kr\u00ed\u017eov\u00fd laser CL5R"},"content":{"rendered":"<h2><strong>Nivel System\u00a0CL5R <\/strong>\u2013 4-rovinn\u00fd \u010derven\u00fd laser s elektronick\u00fdm kompenz\u00e1torom a sklonmi<\/h2>\n<p>Nivel System CL5R je viac\u00fa\u010delov\u00fd kr\u00ed\u017eov\u00fd laser s ve\u013emi dobre vidite\u013en\u00fdm \u010derven\u00fdm laserov\u00fdm l\u00fa\u010dom. Ide o prv\u00fd kr\u00ed\u017eov\u00fd laser Nivel System umo\u017e\u0148uj\u00faci elektronick\u00e9 nakl\u00e1\u0148anie rov\u00edn v 2 osiach. To znamen\u00e1, \u017ee podobne ako pri rota\u010dn\u00fdch laseroch m\u00e1te mo\u017enos\u0165 pracova\u0165 so svahmi. Pr\u00edstroj zn\u00e1zor\u0148uje na sten\u00e1ch vodorovn\u00e9 a zvisl\u00e9 referen\u010dn\u00e9 \u010diary, ktor\u00e9 s\u00fa potrebn\u00e9 pre v\u0161etky dokon\u010dovacie a v\u0161eobecn\u00e9 stavebn\u00e9 pr\u00e1ce. Vzh\u013eadom k tomu, \u017ee laser m\u00e1 4 laserov\u00e9 hlavy, m\u00f4\u017ee u\u017e\u00edvate\u013e pracova\u0165 so \u0161tyrmi laserov\u00fdmi rovinami \u2013 ka\u017ed\u00e1 v rozsahu 360 \u00b0. Laser v\u010faka rovin\u00e1m umo\u017enuje zobrazenie prav\u00fdch uhlov, ktor\u00e9 s\u00fa potrebn\u00e9 napr. pri stavebn\u00fdch a dokon\u010dovac\u00edch pr\u00e1cach (napr. obklady). Pr\u00edstroj m\u00e1 elektronick\u00fd kompenz\u00e1tor, ktor\u00fd je \u00fa\u010dinnej\u0161\u00ed v porovnan\u00ed s magnetick\u00fdm. Je mo\u017en\u00e9 aj zablokovanie kompenz\u00e1tora, tak\u017ee pr\u00edstroj sa d\u00e1 nakloni\u0165 a m\u00f4\u017ee sa pou\u017e\u00edva\u0165 pri \u0161ikm\u00fdch rovin\u00e1ch. Zabudovan\u00fd 1\/4 \u201c z\u00e1vit zaru\u010duje stabilitu pri mont\u00e1\u017ei pr\u00edstroja na stat\u00edv alebo adapt\u00e9r. Vystu\u017een\u00e9 gumen\u00e9 prvky laserov\u00e9ho krytu ho chr\u00e1nia pred po\u0161koden\u00edm v d\u00f4sledku n\u00e1razu a otrasov.<\/p>\n<ul>\n<li><strong>presnos\u0165 a spo\u013eahlivos\u0165<\/strong>\u00a0\u2013 jasne vidite\u013en\u00fd \u010derven\u00fd laserov\u00fd l\u00fa\u010d zaru\u010duje pohodln\u00fa pr\u00e1cu vo v\u0161etk\u00fdch podmienkach, pr\u00edstroj umo\u017e\u0148uje pr\u00e1cu s presnos\u0165ou \u00b1 1 mm \/ 10 m<\/li>\n<li><strong>manu\u00e1lne sklony<\/strong> \u2013 v dvoch osiach (\u00b1 4 %)<\/li>\n<li><strong>e\u0161te v\u00e4\u010d\u0161\u00ed dosah<\/strong>\u00a0\u2013 pulzn\u00e1 funkcia umo\u017e\u0148uje pracova\u0165 s laserov\u00fdm prij\u00edma\u010dom vonku na ve\u013ek\u00e9 vzdialenosti<\/li>\n<li><strong>presn\u00e9 zobrazenia l\u00fa\u010da<\/strong>\u00a0\u2013 jasn\u00fd, \u010derven\u00fd l\u00fa\u010d a kvalitn\u00e1 optika vytv\u00e1raj\u00fa \u010diary, ktor\u00e9 s\u00fa ve\u013emi dobre vidite\u013en\u00e9<\/li>\n<li><strong>univerz\u00e1lnos\u0165 a viac\u00fa\u010delovos\u0165<\/strong>\u00a0\u2013 4 laserov\u00e9 roviny (360 \u00b0)<\/li>\n<li><strong>r\u00fdchle a efekt\u00edvne vyrovnanie<\/strong>\u00a0\u2013 inovat\u00edvny elektronick\u00fd syst\u00e9m kompenz\u00e1cie vibr\u00e1ci\u00ed zais\u0165uje r\u00fdchlu pr\u00edpravu pr\u00edstroja na pr\u00e1cu a po zablokovan\u00ed umo\u017e\u0148uje pr\u00e1cu so \u0161ikm\u00fdmi rovinami<\/li>\n<li><strong>intuit\u00edvne ovl\u00e1danie<\/strong>\u00a0\u2013 jednoduch\u00e9 a r\u00fdchle pou\u017eitie<\/li>\n<li><strong>laserov\u00fd adapt\u00e9r<\/strong>\u00a0\u2013 bezpe\u010dn\u00e9 pripevnenie aj v \u0165a\u017ek\u00fdch podmienkach na stavenisku, pr\u00edstroj m\u00f4\u017ee by\u0165 nastaven\u00fd v danej v\u00fd\u0161ke<\/li>\n<li><strong>pohodln\u00e9 nap\u00e1janie<\/strong>\u00a0\u2013 Li-ion akumul\u00e1tor (8000mAh)<\/li>\n<li><strong>odoln\u00fd vo\u010di po\u0161kodeniu<\/strong> \u2013 gumen\u00e9 \u010dasti krytu lasera ho chr\u00e1nia pred po\u0161koden\u00edm v d\u00f4sledku otrasov a n\u00e1razov, pr\u00edstroj je odoln\u00fd proti prachu a vode (IP54)<\/li>\n<\/ul>\n<h2>Upravte miery pod\u013ea svojich potrieb<\/h2>\n<p>Lasery s\u00fa navrhnut\u00e9 tak, aby generovan\u00fd l\u00fa\u010d bol \u010do najbli\u017e\u0161ie k pracovnej ploche (stena, podlaha, strop). Dodato\u010dne m\u00e1me mo\u017enos\u0165 presn\u00e9ho elektronick\u00e9ho nakl\u00e1\u0148ania rov\u00edn (svahy v ter\u00e9ne alebo presn\u00e9 nastavenie sklonu).<\/p>\n<p><img fetchpriority=\"high\" decoding=\"async\" class=\"alignnone size-medium wp-image-113606\" src=\"https:\/\/nivelsystem.com\/wp-content\/uploads\/2020\/05\/CL5R_distances-300x300.jpg\" alt=\"laser krzyzowy CL5 spadki\" width=\"300\" height=\"300\" title=\"\" srcset=\"https:\/\/nivelsystem.com\/wp-content\/uploads\/2020\/05\/CL5R_distances-300x300.jpg 300w, https:\/\/nivelsystem.com\/wp-content\/uploads\/2020\/05\/CL5R_distances-150x150.jpg 150w, https:\/\/nivelsystem.com\/wp-content\/uploads\/2020\/05\/CL5R_distances-768x768.jpg 768w, https:\/\/nivelsystem.com\/wp-content\/uploads\/2020\/05\/CL5R_distances-400x400.jpg 400w, https:\/\/nivelsystem.com\/wp-content\/uploads\/2020\/05\/CL5R_distances-600x600.jpg 600w, https:\/\/nivelsystem.com\/wp-content\/uploads\/2020\/05\/CL5R_distances.jpg 900w\" sizes=\"(max-width: 300px) 100vw, 300px\" \/> <img decoding=\"async\" class=\"alignnone size-medium wp-image-113610\" src=\"https:\/\/nivelsystem.com\/wp-content\/uploads\/2020\/05\/CL5R_slopes-300x300.jpg\" alt=\"laser krzyzowy CL5 spadki\" width=\"300\" height=\"300\" title=\"\" srcset=\"https:\/\/nivelsystem.com\/wp-content\/uploads\/2020\/05\/CL5R_slopes-300x300.jpg 300w, https:\/\/nivelsystem.com\/wp-content\/uploads\/2020\/05\/CL5R_slopes-150x150.jpg 150w, https:\/\/nivelsystem.com\/wp-content\/uploads\/2020\/05\/CL5R_slopes-768x768.jpg 768w, https:\/\/nivelsystem.com\/wp-content\/uploads\/2020\/05\/CL5R_slopes-400x400.jpg 400w, https:\/\/nivelsystem.com\/wp-content\/uploads\/2020\/05\/CL5R_slopes-600x600.jpg 600w, https:\/\/nivelsystem.com\/wp-content\/uploads\/2020\/05\/CL5R_slopes.jpg 900w\" sizes=\"(max-width: 300px) 100vw, 300px\" \/><\/p>\n<h2><strong>JEDNODUCH\u00c9 A R\u00ddCHLE MERANIE<\/strong><\/h2>\n<p>Viac\u00fa\u010delov\u00fd laser CL5R sa po zapnut\u00ed s\u00e1m vyrovn\u00e1 a bude okam\u017eite pripraven\u00fd na pr\u00e1cu. Generovan\u00fd \u010derven\u00fd laserov\u00fd l\u00fa\u010d je ve\u013emi dobre vidite\u013en\u00fd, zobrazen\u00fd na stene predstavuje referenciu pre horizont\u00e1lne alebo vertik\u00e1lne pr\u00e1ce. Pri pr\u00e1ci s laserov\u00fdm prij\u00edma\u010dom a latou z\u00edska z\u00e1kazn\u00edk presn\u00fa nivela\u010dn\u00fa s\u00fapravu, merania sa vykon\u00e1vaj\u00fa jedn\u00fdm \u010dlovekom.<\/p>\n<h2><strong>UNIVERZ\u00c1LNE VYU\u017dITIE<\/strong><\/h2>\n<p>Pr\u00edstroj umo\u017e\u0148uje pr\u00e1cu s horizont\u00e1lnymi a vertik\u00e1lnymi l\u00fa\u010dmi. 4 roviny m\u00f4\u017eu by\u0165 zobrazen\u00e9 samostatne alebo spolu. Pr\u00e1ca s naklonenou rovinou (v dvoch osiach)<\/p>\n<h2><strong>SPO\u013dAHLIVOS\u0164 PRI PR\u00c1CI<\/strong><\/h2>\n<p>Pr\u00edstroj je odoln\u00fd vo\u010di prachu a vode (IP54). Navy\u0161e bol laserov\u00fd kryt zosilnen\u00fd, \u010do ho rob\u00ed odoln\u00fdm. Pr\u00edstroj funguje spo\u013eahlivo aj v n\u00e1ro\u010dn\u00fdch podmienkach na stavenisku. Na\u0161e kr\u00ed\u017eov\u00e9 lasery CL5R (\u010derven\u00fd l\u00fa\u010d) maj\u00fa teraz nov\u00e9 pr\u00edslu\u0161enstvo na podporu dokon\u010dovac\u00edch pr\u00e1c: pokl\u00e1dku dla\u017ed\u00edc. \u0160tandardn\u00e9 vybavenie bolo doplnen\u00e9 o podlahov\u00e9 odrazov\u00e9 ter\u010de. Ter\u010de polo\u017ete na podlahu alebo dla\u017edice, v\u010faka ich presn\u00e9mu odstup\u0148ovaniu m\u00e1me preh\u013ead o rovine alebo odch\u00fdlke od roviny generovanej laserom CL5R. Nepotrebujeme vodov\u00e1hu ani \u010fal\u0161ie meracie n\u00e1stroje, v\u0161etko urob\u00edme na z\u00e1klade \u0161tandardnej s\u00fapravy s laserom.<\/p>\n<h2><strong>POHODLN\u00c1 PREV\u00c1DZKA<\/strong><\/h2>\n<p>CL5R m\u00e1 intuit\u00edvny ovl\u00e1dac\u00ed panel. V\u010faka presn\u00e9mu zobrazovaniu l\u00fa\u010da sa s n\u00edm pracuje r\u00fdchlo a efekt\u00edvne. Laser je nap\u00e1jan\u00fd l\u00edtiov\u00fdm akumul\u00e1torom. Cel\u00e1 s\u00faprava je doplnen\u00e1 kompaktn\u00fdm prepravn\u00fdm kufr\u00edkom, v\u010faka \u010domu je laser praktick\u00fd, \u013eahko sa in\u0161taluje na mieste a prepravuje sa. S oh\u013eadom na va\u0161e pracovn\u00e9 pohodlie sme do \u0161tandardnej v\u00fdbavy doplnili druh\u00fd akumul\u00e1tor zadarmo! Ke\u010f sa jedna bat\u00e9ria pou\u017e\u00edva, druh\u00fa je mo\u017en\u00e9 nab\u00edja\u0165. V\u010faka tomuto rie\u0161eniu pred\u00edjdete \u010dakaniu popri pr\u00e1ci z d\u00f4vodu vybitej bat\u00e9rie.<\/p>\n<h4><strong>Vyu\u017eitie:<\/strong><\/h4>\n<ul>\n<li><strong>dokon\u010dovacie pr\u00e1ce<\/strong>\u00a0\u2013 prav\u00e9 uhly, zvislica, rovina, \u0161ikm\u00e9 roviny<\/li>\n<li><strong>potery, podlahy<\/strong>\u00a0\u2013 vyrovn\u00e1vanie<\/li>\n<li><strong>obkladanie, pokl\u00e1dka dla\u017eby<\/strong><\/li>\n<li><strong>pr\u00e1ce so sadrokart\u00f3nom<\/strong><\/li>\n<li><strong>stavebn\u00e9 pr\u00e1ce<\/strong>\u00a0\u2013 dreven\u00e9, oce\u013eov\u00e9, bet\u00f3nov\u00e9<\/li>\n<li><strong>mur\u00e1rske pr\u00e1ce<\/strong>\u00a0\u2013 vn\u00fatorn\u00e9 a vonkaj\u0161ie (z\u00e1klady, steny, schody, potery, debnenie)<\/li>\n<li><strong>in\u0161tala\u010dn\u00e9 pr\u00e1ce<\/strong>\u00a0\u2013 ozna\u010denie vedenia dr\u00f4tov, prenos bodov<\/li>\n<li><strong>stol\u00e1rske pr\u00e1ce<\/strong>\u00a0\u2013 n\u00e1bytok, budovy<\/li>\n<li><strong>nivel\u00e1cia pozemku<\/strong>\u00a0\u2013 vyrovnanie ter\u00e9nu<\/li>\n<\/ul>\n","protected":false},"excerpt":{"rendered":"<div class=\"elementor-element elementor-element-c25813a elementor-widget elementor-widget-text-editor\" data-id=\"c25813a\" data-element_type=\"widget\" data-widget_type=\"text-editor.default\">\n<div class=\"elementor-widget-container\">\n<div class=\"text-sm leading-normal text-excerpt mt-6\">\n<ul>\n<li><strong>Univerz\u00e1lnos\u0165 a modernos\u0165<\/strong>, 2 zvisl\u00e9 a 2 vodorovn\u00e9 roviny<\/li>\n<li><strong>Vysok\u00e1 presnos\u0165 merania<\/strong>\u00a01,0 mm \/ 10 m<\/li>\n<li><strong>Manu\u00e1lne sklony<\/strong> \u2013 sklon rov\u00edn v 2 osiach<\/li>\n<li><strong>Pohodln\u00e1 pr\u00e1ca<\/strong>, elektronick\u00fd kompenz\u00e1tor<\/li>\n<li><strong>Bezpe\u010dn\u00e9 pou\u017e\u00edvanie po cel\u00e9 roky<\/strong>, spo\u013eahliv\u00fd, preveren\u00fd dizajn (IP54)<\/li>\n<li><strong>Bluetooth<\/strong><\/li>\n<\/ul>\n[html_block id=\"30167\"]\n<\/div>\n<\/div>\n<\/div>\n","protected":false},"featured_media":114422,"template":"","meta":{"_acf_changed":false},"product_brand":[],"product_cat":[282],"product_tag":[],"branze":[],"class_list":{"0":"post-112134","1":"product","2":"type-product","3":"status-publish","4":"has-post-thumbnail","6":"product_cat-krizove-lasery","8":"first","9":"instock","10":"shipping-taxable","11":"product-type-simple"},"acf":[],"_links":{"self":[{"href":"https:\/\/nivelsystem.com\/sk\/wp-json\/wp\/v2\/product\/112134","targetHints":{"allow":["GET"]}}],"collection":[{"href":"https:\/\/nivelsystem.com\/sk\/wp-json\/wp\/v2\/product"}],"about":[{"href":"https:\/\/nivelsystem.com\/sk\/wp-json\/wp\/v2\/types\/product"}],"version-history":[{"count":3,"href":"https:\/\/nivelsystem.com\/sk\/wp-json\/wp\/v2\/product\/112134\/revisions"}],"predecessor-version":[{"id":114349,"href":"https:\/\/nivelsystem.com\/sk\/wp-json\/wp\/v2\/product\/112134\/revisions\/114349"}],"wp:featuredmedia":[{"embeddable":true,"href":"https:\/\/nivelsystem.com\/sk\/wp-json\/wp\/v2\/media\/114422"}],"wp:attachment":[{"href":"https:\/\/nivelsystem.com\/sk\/wp-json\/wp\/v2\/media?parent=112134"}],"wp:term":[{"taxonomy":"product_brand","embeddable":true,"href":"https:\/\/nivelsystem.com\/sk\/wp-json\/wp\/v2\/product_brand?post=112134"},{"taxonomy":"product_cat","embeddable":true,"href":"https:\/\/nivelsystem.com\/sk\/wp-json\/wp\/v2\/product_cat?post=112134"},{"taxonomy":"product_tag","embeddable":true,"href":"https:\/\/nivelsystem.com\/sk\/wp-json\/wp\/v2\/product_tag?post=112134"},{"taxonomy":"branze","embeddable":true,"href":"https:\/\/nivelsystem.com\/sk\/wp-json\/wp\/v2\/branze?post=112134"}],"curies":[{"name":"wp","href":"https:\/\/api.w.org\/{rel}","templated":true}]}}