{"id":111739,"date":"1980-05-30T13:44:24","date_gmt":"1980-05-30T13:44:24","guid":{"rendered":"https:\/\/nivelsystem.com\/?post_type=product&#038;p=111739"},"modified":"2025-05-12T08:51:18","modified_gmt":"2025-05-12T08:51:18","slug":"laserovy-dialkomer-hdm-little-friend","status":"publish","type":"product","link":"https:\/\/nivelsystem.com\/sk\/produkt\/laserovy-dialkomer-hdm-little-friend\/","title":{"rendered":"Laserov\u00fd dia\u013ekomer HDM-Little Friend"},"content":{"rendered":"<h2><strong>Nivel System HDM-Little Friend \u2013 najmen\u0161\u00ed dia\u013ekomer zo s\u00e9rie HDM<\/strong><\/h2>\n<p>Predstavujeme najmen\u0161\u00ed dia\u013ekomer zo s\u00e9rie Nivel System HDM &#8211; perfektn\u00fd na meranie po\u010das v\u0161etk\u00fdch stavebn\u00fdch pr\u00e1c. Dia\u013ekomer je mal\u00fdch rozmerov, \u0161ikovn\u00fd a \u013eahko sa zmest\u00ed do vrecka. Ve\u013ek\u00fd, podsvieten\u00fd displej zais\u0165uje pohodln\u00e9 \u010d\u00edtanie v\u00fdsledkov. Dia\u013ekomer zabezpe\u010duje presn\u00e9 a r\u00fdchle ur\u010denie d\u013a\u017eky, plochy, objemu a nepriame merania (Pythagorova funkcia). Softv\u00e9r umo\u017e\u0148uje archivova\u0165 a\u017e 100 posledn\u00fdch hodn\u00f4t.<\/p>\n<ul>\n<li><strong>r\u00fdchle, presn\u00e9 a spo\u013eahliv\u00e9 merania<\/strong>\u00a0\u2013 presnos\u0165 \u00b1 2,0 mm, merania vo vn\u00fatri a vonku<\/li>\n<li><strong>nov\u00fd procesor<\/strong>\u00a0<strong>\u2013<\/strong>\u00a0pre r\u00fdchle a presn\u00e9 merania<\/li>\n<li><strong>ve\u013ek\u00e9 mo\u017enosti merania so schopnos\u0165ou zaznamen\u00e1va\u0165 a\u017e 100 hodn\u00f4t<\/strong>\u00a0\u2013 softv\u00e9r dia\u013ekomerov dok\u00e1\u017ee mera\u0165 vzdialenosti a vykon\u00e1va\u0165 v\u00fdpo\u010dty (napr\u00edklad s\u010d\u00edtanie, od\u010d\u00edtanie, plocha a objem)<\/li>\n<li><strong>meranie v nedostupn\u00fdch priestoroch<\/strong>\u00a0\u2013 funkcia Pythagoras v\u00e1m umo\u017e\u0148uje zmera\u0165 nepriame v\u00fd\u0161ky alebo \u0161\u00edrky<\/li>\n<li><strong>\u010fal\u0161ie \u0161peci\u00e1lne vlastnosti<\/strong>\u00a0\u2013 funkcia \u201emaliar\u201c, nepretr\u017eit\u00e9 meranie \/ min. \u2013 max. funkcia, meranie s oneskoren\u00edm<\/li>\n<li><strong>\u010ditate\u013en\u00e9 inform\u00e1cie<\/strong>\u00a0\u2013 ve\u013ek\u00e1 obrazovka s podsvieten\u00edm jasne zobrazuje najd\u00f4le\u017eitej\u0161ie \u00fadaje z merania<\/li>\n<li><strong>jednoduch\u00e9 pou\u017eitie<\/strong>\u00a0\u2013 meranie sa vykon\u00e1va stla\u010den\u00edm tla\u010didla, kl\u00e1vesov\u00e9 skratky ur\u00fdch\u013euj\u00fa pr\u00edstup k \u010dasto pou\u017e\u00edvan\u00fdm funkci\u00e1m<\/li>\n<li><strong>mal\u00fd a praktick\u00fd<\/strong>\u00a0\u2013 vhodn\u00fd do ka\u017ed\u00e9ho vrecka, praktick\u00fd kryt poskytuje ist\u00fa pri\u013enavos\u0165 pre vy\u0161\u0161iu bezpe\u010dnos\u0165<\/li>\n<li><strong>efekt\u00edvne nap\u00e1janie<\/strong> \u2013 l\u00edtiov\u00e1 bat\u00e9ria, USB nab\u00edjanie<\/li>\n<li><strong>pou\u017e\u00edvanie po cel\u00e9 roky<\/strong> \u2013 odoln\u00e9 vo\u010di n\u00e1ro\u010dn\u00fdm podmienkam na pracovisku, podporovan\u00e9 \u00faplnou z\u00e1ru\u010dnou a poz\u00e1ru\u010dnou autorizovanou slu\u017ebou Nivel System<\/li>\n<\/ul>\n<h2><strong>Vyu\u017eitie:<\/strong><\/h2>\n<ul>\n<li><strong>meranie vzdilenost\u00ed<\/strong><\/li>\n<li><strong>kalkul\u00e1cia<\/strong><\/li>\n<li><strong>dokon\u010dovacie pr\u00e1ce<\/strong><\/li>\n<li><strong>mur\u00e1rske pr\u00e1ce<\/strong><\/li>\n<li><strong>kontrola a odhady<\/strong><\/li>\n<li><strong>mont\u00e1\u017ene a stavebn\u00e9 pr\u00e1ce<\/strong><\/li>\n<li><strong>in\u00e9 pr\u00e1ce vy\u017eaduj\u00face meranie vzdialenosti, plochy a objemu<\/strong><\/li>\n<\/ul>\n","protected":false},"excerpt":{"rendered":"<div class=\"elementor-element elementor-element-c25813a elementor-widget elementor-widget-text-editor\" data-id=\"c25813a\" data-element_type=\"widget\" data-widget_type=\"text-editor.default\">\n<div class=\"elementor-widget-container\">\n<div class=\"text-sm leading-normal text-excerpt mt-6\">\n<div class=\"woocommerce-product-details__short-description\">\n<ul>\n<li><strong>Ve\u013emi dobre vidite\u013en\u00fd zelen\u00fd laser<\/strong><\/li>\n<li><strong>R\u00fdchle a presn\u00e9 merania,\u00a0<\/strong>dosah 50 metrov<\/li>\n<li><strong>Meranie vzdialenosti,\u00a0<\/strong>plochy, objemu a nepriamych meran\u00ed<\/li>\n<li><strong>Funkcia Maliar, pam\u00e4\u0165 a\u017e 100 z\u00e1znamov<\/strong><\/li>\n<li><strong>Bezpe\u010dn\u00e9 pou\u017e\u00edvanie po cel\u00e9 roky,<\/strong>\u00a0spo\u013eahliv\u00fd, preveren\u00fd dizajn (IP54)<\/li>\n<\/ul>\n<\/div>\n[html_block id=\"30167\"]\n<\/div>\n<\/div>\n<\/div>\n","protected":false},"featured_media":111787,"template":"","meta":{"_acf_changed":false},"product_brand":[],"product_cat":[304],"product_tag":[],"branze":[],"class_list":{"0":"post-111739","1":"product","2":"type-product","3":"status-publish","4":"has-post-thumbnail","6":"product_cat-laserove-dialkomery","8":"first","9":"instock","10":"shipping-taxable","11":"product-type-simple"},"acf":[],"_links":{"self":[{"href":"https:\/\/nivelsystem.com\/sk\/wp-json\/wp\/v2\/product\/111739","targetHints":{"allow":["GET"]}}],"collection":[{"href":"https:\/\/nivelsystem.com\/sk\/wp-json\/wp\/v2\/product"}],"about":[{"href":"https:\/\/nivelsystem.com\/sk\/wp-json\/wp\/v2\/types\/product"}],"version-history":[{"count":1,"href":"https:\/\/nivelsystem.com\/sk\/wp-json\/wp\/v2\/product\/111739\/revisions"}],"predecessor-version":[{"id":114906,"href":"https:\/\/nivelsystem.com\/sk\/wp-json\/wp\/v2\/product\/111739\/revisions\/114906"}],"wp:featuredmedia":[{"embeddable":true,"href":"https:\/\/nivelsystem.com\/sk\/wp-json\/wp\/v2\/media\/111787"}],"wp:attachment":[{"href":"https:\/\/nivelsystem.com\/sk\/wp-json\/wp\/v2\/media?parent=111739"}],"wp:term":[{"taxonomy":"product_brand","embeddable":true,"href":"https:\/\/nivelsystem.com\/sk\/wp-json\/wp\/v2\/product_brand?post=111739"},{"taxonomy":"product_cat","embeddable":true,"href":"https:\/\/nivelsystem.com\/sk\/wp-json\/wp\/v2\/product_cat?post=111739"},{"taxonomy":"product_tag","embeddable":true,"href":"https:\/\/nivelsystem.com\/sk\/wp-json\/wp\/v2\/product_tag?post=111739"},{"taxonomy":"branze","embeddable":true,"href":"https:\/\/nivelsystem.com\/sk\/wp-json\/wp\/v2\/branze?post=111739"}],"curies":[{"name":"wp","href":"https:\/\/api.w.org\/{rel}","templated":true}]}}