{"id":102514,"date":"1990-06-02T08:37:22","date_gmt":"1990-06-02T08:37:22","guid":{"rendered":"https:\/\/nivelsystem.com\/?post_type=product&#038;p=102514"},"modified":"2025-04-15T10:07:06","modified_gmt":"2025-04-15T10:07:06","slug":"point-3","status":"publish","type":"product","link":"https:\/\/nivelsystem.com\/sk\/produkt\/point-3\/","title":{"rendered":"Point 3"},"content":{"rendered":"\t\t<div data-elementor-type=\"product-post\" data-elementor-id=\"102514\" class=\"elementor elementor-102514 elementor-102315\" data-elementor-post-type=\"product\">\n\t\t\t\t\t\t<section class=\"wd-negative-gap elementor-section elementor-top-section elementor-element elementor-element-66ab1b4c elementor-section-boxed elementor-section-height-default elementor-section-height-default\" data-id=\"66ab1b4c\" data-element_type=\"section\">\n\t\t\t\t\t\t<div class=\"elementor-container elementor-column-gap-default\">\n\t\t\t\t\t<div class=\"elementor-column elementor-col-50 elementor-top-column elementor-element elementor-element-77ea9c6e\" data-id=\"77ea9c6e\" data-element_type=\"column\">\n\t\t\t<div class=\"elementor-widget-wrap elementor-element-populated\">\n\t\t\t\t\t\t<div class=\"elementor-element elementor-element-7093d4df elementor-widget elementor-widget-wd_text_block\" data-id=\"7093d4df\" data-element_type=\"widget\" data-widget_type=\"wd_text_block.default\">\n\t\t\t\t<div class=\"elementor-widget-container\">\n\t\t\t\t\t\t\t<div class=\"wd-text-block reset-last-child text-left\">\n\t\t\t\n\t\t\t<h1>Nov\u00e1 gener\u00e1cia prij\u00edma\u010dov GNSS s IMU pre r\u00fdchlos\u0165 a pohodlie - je \u010das k\u00fapi\u0165 si ten svoj<\/h1><p>Potrebujete v\u0161estrann\u00fd prij\u00edma\u010d GNSS?<br \/>Potrebujete mera\u0165 alebo n\u00e1js\u0165 nejak\u00e9 vonkaj\u0161ie orienta\u010dn\u00e9 body?<br \/>Nie ste si ist\u00ed, \u010do je IMU a \u010di by sa v\u00e1m mohla hodi\u0165?<\/p><p>Tak to ste na spr\u00e1vnom mieste! Sme tu, aby sme v\u00e1m odpovedali na v\u0161etky ot\u00e1zky a vysvetlili v\u00e1m, ako v ter\u00e9ne pou\u017e\u00edva\u0165 najmodernej\u0161\u00ed prij\u00edma\u010d GNSS - Nivel System Point 3, ktor\u00fd je vybaven\u00fd osved\u010denou IMU najnov\u0161ej gener\u00e1cie.<\/p><h2>\u010co je IMU? A pre\u010do v\u00e1m u\u013eah\u010d\u00ed pr\u00e1cu?<\/h2><p>IMU najnov\u0161ej gener\u00e1cie je ultramodern\u00fd 9-osov\u00fd inerci\u00e1lny syst\u00e9m, ktor\u00fd umo\u017e\u0148uje sklon ty\u010de +\/- 90 stup\u0148ov. A na \u010do to v\u0161etko sl\u00fa\u017ei?<\/p><p>Umo\u017e\u0148uje mera\u0165 body, ktor\u00e9 s\u00fa mimo mo\u017enost\u00ed be\u017en\u00fdch prij\u00edma\u010dov. Patria medzi ne miesta, kde je horizont\/obloha zakryt\u00e1 (napr. pod stromami alebo na budov\u00e1ch). Tento syst\u00e9m je tie\u017e ide\u00e1lny na denn\u00e9 merania - m\u00f4\u017eete r\u00fdchlej\u0161ie zmera\u0165 ak\u00fdko\u013evek bod bez toho, aby ste museli presne kalibrova\u0165 ty\u010d.<\/p><p>Vodov\u00e1hu nie je potrebn\u00e9 neust\u00e1le sledova\u0165 pri meran\u00ed v rohoch budov a zaznamen\u00e1van\u00ed in\u00fdch \u00fadajov.<\/p><p>Funkcie sa dobre hodia aj na meranie a ozna\u010dovanie:<br \/>body, napr. pod zaparkovan\u00fdm autom alebo inou prek\u00e1\u017ekou; \u0165a\u017eko pr\u00edstupn\u00e9 miesta pokryt\u00e9 bujnou veget\u00e1ciou, napr. fas\u00e1dy budov, ploty; \u0165a\u017eko pr\u00edstupn\u00e9 mal\u00e9 vodn\u00e9 toky a priekopy; vo\u013en\u00e9 skl\u00e1dky, prepadlisk\u00e1 - zv\u00fd\u0161en\u00edm bezpe\u010dnosti a vyhnut\u00edm sa nebezpe\u010dn\u00fdm okrajom; na frekventovan\u00fdch cest\u00e1ch - r\u00fdchlym meran\u00edm z bezpe\u010dnej vzdialenosti sa vyhnete riziku ch\u00f4dze po frekventovanom \u00faseku cesty.\u00a0<\/p><p>Na\u0161a IMU je odoln\u00e1 vo\u010di magnetick\u00e9mu ru\u0161eniu. Kovov\u00e9 prvky (napr. ploty, stre\u0161n\u00e9 krytiny, v\u00fdstu\u017ee) teda nem\u00f4\u017eu ru\u0161i\u0165 meranie inklinometrom.<\/p>\n\t\t\t\t\t<\/div>\n\t\t\t\t\t\t<\/div>\n\t\t\t\t<\/div>\n\t\t\t\t\t<\/div>\n\t\t<\/div>\n\t\t\t\t<div class=\"elementor-column elementor-col-50 elementor-top-column elementor-element elementor-element-242381df\" data-id=\"242381df\" data-element_type=\"column\">\n\t\t\t<div class=\"elementor-widget-wrap elementor-element-populated\">\n\t\t\t\t\t\t<div class=\"elementor-element elementor-element-1c52227 elementor-widget elementor-widget-wd_image_or_svg\" data-id=\"1c52227\" data-element_type=\"widget\" data-widget_type=\"wd_image_or_svg.default\">\n\t\t\t\t<div class=\"elementor-widget-container\">\n\t\t\t\t\t\n\t\t<div class=\"wd-image text-left\">\n\t\t\t\t\t\t\t\t<img fetchpriority=\"high\" decoding=\"async\" width=\"1000\" height=\"1333\" src=\"https:\/\/nivelsystem.com\/wp-content\/uploads\/2024\/05\/Point3_Nivel.jpg\" class=\"attachment-full size-full\" alt=\"Point3 Nivel System\" srcset=\"https:\/\/nivelsystem.com\/wp-content\/uploads\/2024\/05\/Point3_Nivel.jpg 1000w, https:\/\/nivelsystem.com\/wp-content\/uploads\/2024\/05\/Point3_Nivel-225x300.jpg 225w, https:\/\/nivelsystem.com\/wp-content\/uploads\/2024\/05\/Point3_Nivel-768x1024.jpg 768w, https:\/\/nivelsystem.com\/wp-content\/uploads\/2024\/05\/Point3_Nivel-150x200.jpg 150w\" sizes=\"(max-width: 1000px) 100vw, 1000px\" title=\"\">\t\t\t\t\t<\/div>\n\n\t\t\t\t\t\t<\/div>\n\t\t\t\t<\/div>\n\t\t\t\t\t<\/div>\n\t\t<\/div>\n\t\t\t\t\t<\/div>\n\t\t<\/section>\n\t\t\t\t<section class=\"wd-negative-gap elementor-section elementor-top-section elementor-element elementor-element-17f1b9c4 elementor-section-boxed elementor-section-height-default elementor-section-height-default\" data-id=\"17f1b9c4\" data-element_type=\"section\">\n\t\t\t\t\t\t<div class=\"elementor-container elementor-column-gap-default\">\n\t\t\t\t\t<div class=\"elementor-column elementor-col-100 elementor-top-column elementor-element elementor-element-3260d134\" data-id=\"3260d134\" data-element_type=\"column\">\n\t\t\t<div class=\"elementor-widget-wrap elementor-element-populated\">\n\t\t\t\t\t\t<div class=\"elementor-element elementor-element-a2f23e9 elementor-widget elementor-widget-wd_text_block\" data-id=\"a2f23e9\" data-element_type=\"widget\" data-widget_type=\"wd_text_block.default\">\n\t\t\t\t<div class=\"elementor-widget-container\">\n\t\t\t\t\t\t\t<div class=\"wd-text-block reset-last-child text-left\">\n\t\t\t\n\t\t\t<h2><strong>\u010co z\u00edskate pri pr\u00e1ci so syst\u00e9mom Nivel System Point 3<\/strong><\/h2>\n\t\t\t\t\t<\/div>\n\t\t\t\t\t\t<\/div>\n\t\t\t\t<\/div>\n\t\t\t\t\t<\/div>\n\t\t<\/div>\n\t\t\t\t\t<\/div>\n\t\t<\/section>\n\t\t\t\t<section class=\"wd-negative-gap elementor-section elementor-top-section elementor-element elementor-element-412ebb5f elementor-section-boxed elementor-section-height-default elementor-section-height-default\" data-id=\"412ebb5f\" data-element_type=\"section\">\n\t\t\t\t\t\t<div class=\"elementor-container elementor-column-gap-default\">\n\t\t\t\t\t<div class=\"elementor-column elementor-col-20 elementor-top-column elementor-element elementor-element-4fc5235b\" data-id=\"4fc5235b\" data-element_type=\"column\">\n\t\t\t<div class=\"elementor-widget-wrap elementor-element-populated\">\n\t\t\t\t\t\t<div class=\"elementor-element elementor-element-7dad3021 elementor-widget elementor-widget-wd_image_or_svg\" data-id=\"7dad3021\" data-element_type=\"widget\" data-widget_type=\"wd_image_or_svg.default\">\n\t\t\t\t<div class=\"elementor-widget-container\">\n\t\t\t\t\t\n\t\t<div class=\"wd-image text-left\">\n\t\t\t\t\t\t\t\t<img decoding=\"async\" width=\"350\" height=\"350\" src=\"https:\/\/nivelsystem.com\/wp-content\/uploads\/2024\/04\/ikony_kanaly.png\" class=\"attachment-full size-full\" alt=\"\" srcset=\"https:\/\/nivelsystem.com\/wp-content\/uploads\/2024\/04\/ikony_kanaly.png 350w, https:\/\/nivelsystem.com\/wp-content\/uploads\/2024\/04\/ikony_kanaly-300x300.png 300w, https:\/\/nivelsystem.com\/wp-content\/uploads\/2024\/04\/ikony_kanaly-150x150.png 150w\" sizes=\"(max-width: 350px) 100vw, 350px\" title=\"\">\t\t\t\t\t<\/div>\n\n\t\t\t\t\t\t<\/div>\n\t\t\t\t<\/div>\n\t\t\t\t<div class=\"elementor-element elementor-element-1cc1bbd4 elementor-widget elementor-widget-wd_text_block\" data-id=\"1cc1bbd4\" data-element_type=\"widget\" data-widget_type=\"wd_text_block.default\">\n\t\t\t\t<div class=\"elementor-widget-container\">\n\t\t\t\t\t\t\t<div class=\"wd-text-block reset-last-child text-left\">\n\t\t\t\n\t\t\t<p><strong>1408 kan\u00e1lov GNSS<\/strong><\/p><p>Spracovanie s\u00fa\u010dasn\u00fdch a bud\u00facich satelitn\u00fdch sign\u00e1lov zo 4 syst\u00e9mov GNSS<\/p>\n\t\t\t\t\t<\/div>\n\t\t\t\t\t\t<\/div>\n\t\t\t\t<\/div>\n\t\t\t\t\t<\/div>\n\t\t<\/div>\n\t\t\t\t<div class=\"elementor-column elementor-col-20 elementor-top-column elementor-element elementor-element-17c8d23d\" data-id=\"17c8d23d\" data-element_type=\"column\">\n\t\t\t<div class=\"elementor-widget-wrap elementor-element-populated\">\n\t\t\t\t\t\t<div class=\"elementor-element elementor-element-3097051 elementor-widget elementor-widget-wd_image_or_svg\" data-id=\"3097051\" data-element_type=\"widget\" data-widget_type=\"wd_image_or_svg.default\">\n\t\t\t\t<div class=\"elementor-widget-container\">\n\t\t\t\t\t\n\t\t<div class=\"wd-image text-left\">\n\t\t\t\t\t\t\t\t<img decoding=\"async\" width=\"350\" height=\"350\" src=\"https:\/\/nivelsystem.com\/wp-content\/uploads\/2024\/04\/ikony_net.png\" class=\"attachment-full size-full\" alt=\"\" srcset=\"https:\/\/nivelsystem.com\/wp-content\/uploads\/2024\/04\/ikony_net.png 350w, https:\/\/nivelsystem.com\/wp-content\/uploads\/2024\/04\/ikony_net-300x300.png 300w, https:\/\/nivelsystem.com\/wp-content\/uploads\/2024\/04\/ikony_net-150x150.png 150w\" sizes=\"(max-width: 350px) 100vw, 350px\" title=\"\">\t\t\t\t\t<\/div>\n\n\t\t\t\t\t\t<\/div>\n\t\t\t\t<\/div>\n\t\t\t\t<div class=\"elementor-element elementor-element-5ad0c558 elementor-widget elementor-widget-wd_text_block\" data-id=\"5ad0c558\" data-element_type=\"widget\" data-widget_type=\"wd_text_block.default\">\n\t\t\t\t<div class=\"elementor-widget-container\">\n\t\t\t\t\t\t\t<div class=\"wd-text-block reset-last-child text-left\">\n\t\t\t\n\t\t\t<p><strong>Podpora opravovania<\/strong><\/p><p>v oblastiach so slab\u00fdm internetov\u00fdm pokryt\u00edm<\/p>\n\t\t\t\t\t<\/div>\n\t\t\t\t\t\t<\/div>\n\t\t\t\t<\/div>\n\t\t\t\t\t<\/div>\n\t\t<\/div>\n\t\t\t\t<div class=\"elementor-column elementor-col-20 elementor-top-column elementor-element elementor-element-9f83616\" data-id=\"9f83616\" data-element_type=\"column\">\n\t\t\t<div class=\"elementor-widget-wrap elementor-element-populated\">\n\t\t\t\t\t\t<div class=\"elementor-element elementor-element-4bedccfa elementor-widget elementor-widget-wd_image_or_svg\" data-id=\"4bedccfa\" data-element_type=\"widget\" data-widget_type=\"wd_image_or_svg.default\">\n\t\t\t\t<div class=\"elementor-widget-container\">\n\t\t\t\t\t\n\t\t<div class=\"wd-image text-left\">\n\t\t\t\t\t\t\t\t<img loading=\"lazy\" decoding=\"async\" width=\"350\" height=\"350\" src=\"https:\/\/nivelsystem.com\/wp-content\/uploads\/2024\/05\/ikony_strona1.png\" class=\"attachment-full size-full\" alt=\"\" srcset=\"https:\/\/nivelsystem.com\/wp-content\/uploads\/2024\/05\/ikony_strona1.png 350w, https:\/\/nivelsystem.com\/wp-content\/uploads\/2024\/05\/ikony_strona1-300x300.png 300w, https:\/\/nivelsystem.com\/wp-content\/uploads\/2024\/05\/ikony_strona1-150x150.png 150w\" sizes=\"(max-width: 350px) 100vw, 350px\" title=\"\">\t\t\t\t\t<\/div>\n\n\t\t\t\t\t\t<\/div>\n\t\t\t\t<\/div>\n\t\t\t\t<div class=\"elementor-element elementor-element-31b8c69a elementor-widget elementor-widget-wd_text_block\" data-id=\"31b8c69a\" data-element_type=\"widget\" data-widget_type=\"wd_text_block.default\">\n\t\t\t\t<div class=\"elementor-widget-container\">\n\t\t\t\t\t\t\t<div class=\"wd-text-block reset-last-child text-left\">\n\t\t\t\n\t\t\t<p><strong>Zobrazenie v re\u00e1lnom \u010dase<\/strong><\/p><p>Okam\u017eite si pozrite v\u0161etky v\u00fdsledky v \u010dase merania<\/p>\n\t\t\t\t\t<\/div>\n\t\t\t\t\t\t<\/div>\n\t\t\t\t<\/div>\n\t\t\t\t\t<\/div>\n\t\t<\/div>\n\t\t\t\t<div class=\"elementor-column elementor-col-20 elementor-top-column elementor-element elementor-element-37499d1c\" data-id=\"37499d1c\" data-element_type=\"column\">\n\t\t\t<div class=\"elementor-widget-wrap elementor-element-populated\">\n\t\t\t\t\t\t<div class=\"elementor-element elementor-element-619c3c52 elementor-widget elementor-widget-wd_image_or_svg\" data-id=\"619c3c52\" data-element_type=\"widget\" data-widget_type=\"wd_image_or_svg.default\">\n\t\t\t\t<div class=\"elementor-widget-container\">\n\t\t\t\t\t\n\t\t<div class=\"wd-image text-left\">\n\t\t\t\t\t\t\t\t<img loading=\"lazy\" decoding=\"async\" width=\"350\" height=\"350\" src=\"https:\/\/nivelsystem.com\/wp-content\/uploads\/2024\/04\/ikony_antena.png\" class=\"attachment-full size-full\" alt=\"\" srcset=\"https:\/\/nivelsystem.com\/wp-content\/uploads\/2024\/04\/ikony_antena.png 350w, https:\/\/nivelsystem.com\/wp-content\/uploads\/2024\/04\/ikony_antena-300x300.png 300w, https:\/\/nivelsystem.com\/wp-content\/uploads\/2024\/04\/ikony_antena-150x150.png 150w\" sizes=\"(max-width: 350px) 100vw, 350px\" title=\"\">\t\t\t\t\t<\/div>\n\n\t\t\t\t\t\t<\/div>\n\t\t\t\t<\/div>\n\t\t\t\t<div class=\"elementor-element elementor-element-6df002d6 elementor-widget elementor-widget-wd_text_block\" data-id=\"6df002d6\" data-element_type=\"widget\" data-widget_type=\"wd_text_block.default\">\n\t\t\t\t<div class=\"elementor-widget-container\">\n\t\t\t\t\t\t\t<div class=\"wd-text-block reset-last-child text-left\">\n\t\t\t\n\t\t\t<p><strong>Zabudovan\u00fd r\u00e1diov\u00fd modem<\/strong><\/p><p>Prev\u00e1dzka z\u00e1kladne s in\u00fdmi prij\u00edma\u010dmi a\u017e do vzdialenosti 8 km<\/p>\n\t\t\t\t\t<\/div>\n\t\t\t\t\t\t<\/div>\n\t\t\t\t<\/div>\n\t\t\t\t\t<\/div>\n\t\t<\/div>\n\t\t\t\t<div class=\"elementor-column elementor-col-20 elementor-top-column elementor-element elementor-element-2009f281\" data-id=\"2009f281\" data-element_type=\"column\">\n\t\t\t<div class=\"elementor-widget-wrap elementor-element-populated\">\n\t\t\t\t\t\t<div class=\"elementor-element elementor-element-2e87ce27 elementor-widget elementor-widget-wd_image_or_svg\" data-id=\"2e87ce27\" data-element_type=\"widget\" data-widget_type=\"wd_image_or_svg.default\">\n\t\t\t\t<div class=\"elementor-widget-container\">\n\t\t\t\t\t\n\t\t<div class=\"wd-image text-left\">\n\t\t\t\t\t\t\t\t<img loading=\"lazy\" decoding=\"async\" width=\"350\" height=\"350\" src=\"https:\/\/nivelsystem.com\/wp-content\/uploads\/2024\/04\/ikony_bateria.png\" class=\"attachment-full size-full\" alt=\"\" srcset=\"https:\/\/nivelsystem.com\/wp-content\/uploads\/2024\/04\/ikony_bateria.png 350w, https:\/\/nivelsystem.com\/wp-content\/uploads\/2024\/04\/ikony_bateria-300x300.png 300w, https:\/\/nivelsystem.com\/wp-content\/uploads\/2024\/04\/ikony_bateria-150x150.png 150w\" sizes=\"(max-width: 350px) 100vw, 350px\" title=\"\">\t\t\t\t\t<\/div>\n\n\t\t\t\t\t\t<\/div>\n\t\t\t\t<\/div>\n\t\t\t\t<div class=\"elementor-element elementor-element-5ae72851 elementor-widget elementor-widget-wd_text_block\" data-id=\"5ae72851\" data-element_type=\"widget\" data-widget_type=\"wd_text_block.default\">\n\t\t\t\t<div class=\"elementor-widget-container\">\n\t\t\t\t\t\t\t<div class=\"wd-text-block reset-last-child text-left\">\n\t\t\t\n\t\t\t<p><strong>V\u00fdkonn\u00e1 bat\u00e9ria<\/strong><\/p><p>A\u017e 10 hod\u00edn pou\u017e\u00edvania vo vonkaj\u0161om prostred\u00ed, mo\u017eno nab\u00edja\u0165 cez univerz\u00e1lne porty USB-C alebo powerbanku<\/p>\n\t\t\t\t\t<\/div>\n\t\t\t\t\t\t<\/div>\n\t\t\t\t<\/div>\n\t\t\t\t\t<\/div>\n\t\t<\/div>\n\t\t\t\t\t<\/div>\n\t\t<\/section>\n\t\t\t\t<section class=\"wd-negative-gap elementor-section elementor-top-section elementor-element elementor-element-231a7200 elementor-section-boxed elementor-section-height-default elementor-section-height-default\" data-id=\"231a7200\" data-element_type=\"section\">\n\t\t\t\t\t\t<div class=\"elementor-container elementor-column-gap-default\">\n\t\t\t\t\t<div class=\"elementor-column elementor-col-20 elementor-top-column elementor-element elementor-element-744f07\" data-id=\"744f07\" data-element_type=\"column\">\n\t\t\t<div class=\"elementor-widget-wrap elementor-element-populated\">\n\t\t\t\t\t\t<div class=\"elementor-element elementor-element-4ea4e284 elementor-widget elementor-widget-wd_image_or_svg\" data-id=\"4ea4e284\" data-element_type=\"widget\" data-widget_type=\"wd_image_or_svg.default\">\n\t\t\t\t<div class=\"elementor-widget-container\">\n\t\t\t\t\t\n\t\t<div class=\"wd-image text-left\">\n\t\t\t\t\t\t\t\t<img loading=\"lazy\" decoding=\"async\" width=\"350\" height=\"350\" src=\"https:\/\/nivelsystem.com\/wp-content\/uploads\/2024\/04\/ikony_pamiec.png\" class=\"attachment-full size-full\" alt=\"\" srcset=\"https:\/\/nivelsystem.com\/wp-content\/uploads\/2024\/04\/ikony_pamiec.png 350w, https:\/\/nivelsystem.com\/wp-content\/uploads\/2024\/04\/ikony_pamiec-300x300.png 300w, https:\/\/nivelsystem.com\/wp-content\/uploads\/2024\/04\/ikony_pamiec-150x150.png 150w\" sizes=\"(max-width: 350px) 100vw, 350px\" title=\"\">\t\t\t\t\t<\/div>\n\n\t\t\t\t\t\t<\/div>\n\t\t\t\t<\/div>\n\t\t\t\t<div class=\"elementor-element elementor-element-2b8987bb elementor-widget elementor-widget-wd_text_block\" data-id=\"2b8987bb\" data-element_type=\"widget\" data-widget_type=\"wd_text_block.default\">\n\t\t\t\t<div class=\"elementor-widget-container\">\n\t\t\t\t\t\t\t<div class=\"wd-text-block reset-last-child text-left\">\n\t\t\t\n\t\t\t<p><strong>Vn\u00fatorn\u00e1 pam\u00e4\u0165 8 GB<\/strong><\/p><p>Mo\u017enos\u0165 zaznamen\u00e1va\u0165 nieko\u013eko dn\u00ed statick\u00fdch pozorovan\u00ed<\/p>\n\t\t\t\t\t<\/div>\n\t\t\t\t\t\t<\/div>\n\t\t\t\t<\/div>\n\t\t\t\t\t<\/div>\n\t\t<\/div>\n\t\t\t\t<div class=\"elementor-column elementor-col-20 elementor-top-column elementor-element elementor-element-54a71df3\" data-id=\"54a71df3\" data-element_type=\"column\">\n\t\t\t<div class=\"elementor-widget-wrap elementor-element-populated\">\n\t\t\t\t\t\t<div class=\"elementor-element elementor-element-293ab0e8 elementor-widget elementor-widget-wd_image_or_svg\" data-id=\"293ab0e8\" data-element_type=\"widget\" data-widget_type=\"wd_image_or_svg.default\">\n\t\t\t\t<div class=\"elementor-widget-container\">\n\t\t\t\t\t\n\t\t<div class=\"wd-image text-left\">\n\t\t\t\t\t\t\t\t<img loading=\"lazy\" decoding=\"async\" width=\"350\" height=\"350\" src=\"https:\/\/nivelsystem.com\/wp-content\/uploads\/2024\/04\/ikony_dokl.png\" class=\"attachment-full size-full\" alt=\"\" srcset=\"https:\/\/nivelsystem.com\/wp-content\/uploads\/2024\/04\/ikony_dokl.png 350w, https:\/\/nivelsystem.com\/wp-content\/uploads\/2024\/04\/ikony_dokl-300x300.png 300w, https:\/\/nivelsystem.com\/wp-content\/uploads\/2024\/04\/ikony_dokl-150x150.png 150w\" sizes=\"(max-width: 350px) 100vw, 350px\" title=\"\">\t\t\t\t\t<\/div>\n\n\t\t\t\t\t\t<\/div>\n\t\t\t\t<\/div>\n\t\t\t\t<div class=\"elementor-element elementor-element-197e77a8 elementor-widget elementor-widget-wd_text_block\" data-id=\"197e77a8\" data-element_type=\"widget\" data-widget_type=\"wd_text_block.default\">\n\t\t\t\t<div class=\"elementor-widget-container\">\n\t\t\t\t\t\t\t<div class=\"wd-text-block reset-last-child text-left\">\n\t\t\t\n\t\t\t<p><strong>Centimetrov\u00e1 presnos\u0165<\/strong><\/p><p>V\u010faka jedine\u010dnej funkcii automatick\u00e9ho monitorovania je v\u017edy zaru\u010den\u00e1 reprodukovate\u013enos\u0165 nameranej polohy<\/p>\n\t\t\t\t\t<\/div>\n\t\t\t\t\t\t<\/div>\n\t\t\t\t<\/div>\n\t\t\t\t\t<\/div>\n\t\t<\/div>\n\t\t\t\t<div class=\"elementor-column elementor-col-20 elementor-top-column elementor-element elementor-element-6fbb3061\" data-id=\"6fbb3061\" data-element_type=\"column\">\n\t\t\t<div class=\"elementor-widget-wrap elementor-element-populated\">\n\t\t\t\t\t\t<div class=\"elementor-element elementor-element-1bdd585e elementor-widget elementor-widget-wd_image_or_svg\" data-id=\"1bdd585e\" data-element_type=\"widget\" data-widget_type=\"wd_image_or_svg.default\">\n\t\t\t\t<div class=\"elementor-widget-container\">\n\t\t\t\t\t\n\t\t<div class=\"wd-image text-left\">\n\t\t\t\t\t\t\t\t<img loading=\"lazy\" decoding=\"async\" width=\"350\" height=\"350\" src=\"https:\/\/nivelsystem.com\/wp-content\/uploads\/2024\/04\/ikony_kabl.png\" class=\"attachment-full size-full\" alt=\"\" srcset=\"https:\/\/nivelsystem.com\/wp-content\/uploads\/2024\/04\/ikony_kabl.png 350w, https:\/\/nivelsystem.com\/wp-content\/uploads\/2024\/04\/ikony_kabl-300x300.png 300w, https:\/\/nivelsystem.com\/wp-content\/uploads\/2024\/04\/ikony_kabl-150x150.png 150w\" sizes=\"(max-width: 350px) 100vw, 350px\" title=\"\">\t\t\t\t\t<\/div>\n\n\t\t\t\t\t\t<\/div>\n\t\t\t\t<\/div>\n\t\t\t\t<div class=\"elementor-element elementor-element-4cb6a24d elementor-widget elementor-widget-wd_text_block\" data-id=\"4cb6a24d\" data-element_type=\"widget\" data-widget_type=\"wd_text_block.default\">\n\t\t\t\t<div class=\"elementor-widget-container\">\n\t\t\t\t\t\t\t<div class=\"wd-text-block reset-last-child text-left\">\n\t\t\t\n\t\t\t<p><strong>Sloboda v\u010faka bezdr\u00f4tovej technol\u00f3gii<\/strong><\/p><p>Komunika\u010dn\u00e9 moduly Bluetooth, WiFi a NFC na pohodln\u00e9 p\u00e1rovanie a synchroniz\u00e1ciu \u00fadajov<\/p>\n\t\t\t\t\t<\/div>\n\t\t\t\t\t\t<\/div>\n\t\t\t\t<\/div>\n\t\t\t\t\t<\/div>\n\t\t<\/div>\n\t\t\t\t<div class=\"elementor-column elementor-col-20 elementor-top-column elementor-element elementor-element-5ff17d94\" data-id=\"5ff17d94\" data-element_type=\"column\">\n\t\t\t<div class=\"elementor-widget-wrap elementor-element-populated\">\n\t\t\t\t\t\t<div class=\"elementor-element elementor-element-37445ebd elementor-widget elementor-widget-wd_image_or_svg\" data-id=\"37445ebd\" data-element_type=\"widget\" data-widget_type=\"wd_image_or_svg.default\">\n\t\t\t\t<div class=\"elementor-widget-container\">\n\t\t\t\t\t\n\t\t<div class=\"wd-image text-left\">\n\t\t\t\t\t\t\t\t<img loading=\"lazy\" decoding=\"async\" width=\"350\" height=\"350\" src=\"https:\/\/nivelsystem.com\/wp-content\/uploads\/2024\/04\/ikony_PL.png\" class=\"attachment-full size-full\" alt=\"\" srcset=\"https:\/\/nivelsystem.com\/wp-content\/uploads\/2024\/04\/ikony_PL.png 350w, https:\/\/nivelsystem.com\/wp-content\/uploads\/2024\/04\/ikony_PL-300x300.png 300w, https:\/\/nivelsystem.com\/wp-content\/uploads\/2024\/04\/ikony_PL-150x150.png 150w\" sizes=\"(max-width: 350px) 100vw, 350px\" title=\"\">\t\t\t\t\t<\/div>\n\n\t\t\t\t\t\t<\/div>\n\t\t\t\t<\/div>\n\t\t\t\t<div class=\"elementor-element elementor-element-7efda169 elementor-widget elementor-widget-wd_text_block\" data-id=\"7efda169\" data-element_type=\"widget\" data-widget_type=\"wd_text_block.default\">\n\t\t\t\t<div class=\"elementor-widget-container\">\n\t\t\t\t\t\t\t<div class=\"wd-text-block reset-last-child text-left\">\n\t\t\t\n\t\t\t<p><strong>Plne kompatibiln\u00fd s NSurv<\/strong><\/p><p>Softv\u00e9r je kompatibiln\u00fd s \u00fadajmi CAD<\/p>\n\t\t\t\t\t<\/div>\n\t\t\t\t\t\t<\/div>\n\t\t\t\t<\/div>\n\t\t\t\t\t<\/div>\n\t\t<\/div>\n\t\t\t\t<div class=\"elementor-column elementor-col-20 elementor-top-column elementor-element elementor-element-5c99176c\" data-id=\"5c99176c\" data-element_type=\"column\">\n\t\t\t<div class=\"elementor-widget-wrap elementor-element-populated\">\n\t\t\t\t\t\t<div class=\"elementor-element elementor-element-e676af2 elementor-widget elementor-widget-wd_image_or_svg\" data-id=\"e676af2\" data-element_type=\"widget\" data-widget_type=\"wd_image_or_svg.default\">\n\t\t\t\t<div class=\"elementor-widget-container\">\n\t\t\t\t\t\n\t\t<div class=\"wd-image text-left\">\n\t\t\t\t\t\t\t\t<img loading=\"lazy\" decoding=\"async\" width=\"350\" height=\"350\" src=\"https:\/\/nivelsystem.com\/wp-content\/uploads\/2024\/04\/ikony_tablet.png\" class=\"attachment-full size-full\" alt=\"\" srcset=\"https:\/\/nivelsystem.com\/wp-content\/uploads\/2024\/04\/ikony_tablet.png 350w, https:\/\/nivelsystem.com\/wp-content\/uploads\/2024\/04\/ikony_tablet-300x300.png 300w, https:\/\/nivelsystem.com\/wp-content\/uploads\/2024\/04\/ikony_tablet-150x150.png 150w\" sizes=\"(max-width: 350px) 100vw, 350px\" title=\"\">\t\t\t\t\t<\/div>\n\n\t\t\t\t\t\t<\/div>\n\t\t\t\t<\/div>\n\t\t\t\t<div class=\"elementor-element elementor-element-22e59226 elementor-widget elementor-widget-wd_text_block\" data-id=\"22e59226\" data-element_type=\"widget\" data-widget_type=\"wd_text_block.default\">\n\t\t\t\t<div class=\"elementor-widget-container\">\n\t\t\t\t\t\t\t<div class=\"wd-text-block reset-last-child text-left\">\n\t\t\t\n\t\t\t<p><strong>Tablet so syst\u00e9mom Android<\/strong><\/p><p>Okam\u017eit\u00e1 synchroniz\u00e1cia nameran\u00fdch \u00fadajov v cloude alebo prostredn\u00edctvom e-mailu umo\u017enen\u00e1 mo\u017enos\u0165ou pripojenia k vlastnej po\u0161tovej schr\u00e1nke<\/p>\n\t\t\t\t\t<\/div>\n\t\t\t\t\t\t<\/div>\n\t\t\t\t<\/div>\n\t\t\t\t\t<\/div>\n\t\t<\/div>\n\t\t\t\t\t<\/div>\n\t\t<\/section>\n\t\t\t\t<\/div>\n\t\t","protected":false},"excerpt":{"rendered":"<ul>\n<li><strong>1408 kan\u00e1lov GNSS<\/strong> &#8211; Kontrola v\u0161etk\u00fdch s\u00fa\u010dasn\u00fdch a bud\u00facich sign\u00e1lov<\/li>\n<li><strong>Podpora opravovania<\/strong> v oblastiach so slab\u00fdm internetov\u00fdm pokryt\u00edm<\/li>\n<li><strong>Efekt\u00edvne nap\u00e1janie<\/strong> &#8211; A\u017e 10 hod\u00edn prev\u00e1dzky<\/li>\n<li><strong>Jednoduch\u00e9 pou\u017e\u00edvanie<\/strong> intuit\u00edvny softv\u00e9r<\/li>\n<\/ul>\n","protected":false},"featured_media":102337,"template":"","meta":{"_acf_changed":false},"product_brand":[],"product_cat":[625],"product_tag":[],"branze":[],"class_list":{"0":"post-102514","1":"product","2":"type-product","3":"status-publish","4":"has-post-thumbnail","6":"product_cat-prijimac-gnss","8":"first","9":"instock","10":"shipping-taxable","11":"product-type-simple"},"acf":[],"_links":{"self":[{"href":"https:\/\/nivelsystem.com\/sk\/wp-json\/wp\/v2\/product\/102514","targetHints":{"allow":["GET"]}}],"collection":[{"href":"https:\/\/nivelsystem.com\/sk\/wp-json\/wp\/v2\/product"}],"about":[{"href":"https:\/\/nivelsystem.com\/sk\/wp-json\/wp\/v2\/types\/product"}],"version-history":[{"count":1,"href":"https:\/\/nivelsystem.com\/sk\/wp-json\/wp\/v2\/product\/102514\/revisions"}],"predecessor-version":[{"id":114798,"href":"https:\/\/nivelsystem.com\/sk\/wp-json\/wp\/v2\/product\/102514\/revisions\/114798"}],"wp:featuredmedia":[{"embeddable":true,"href":"https:\/\/nivelsystem.com\/sk\/wp-json\/wp\/v2\/media\/102337"}],"wp:attachment":[{"href":"https:\/\/nivelsystem.com\/sk\/wp-json\/wp\/v2\/media?parent=102514"}],"wp:term":[{"taxonomy":"product_brand","embeddable":true,"href":"https:\/\/nivelsystem.com\/sk\/wp-json\/wp\/v2\/product_brand?post=102514"},{"taxonomy":"product_cat","embeddable":true,"href":"https:\/\/nivelsystem.com\/sk\/wp-json\/wp\/v2\/product_cat?post=102514"},{"taxonomy":"product_tag","embeddable":true,"href":"https:\/\/nivelsystem.com\/sk\/wp-json\/wp\/v2\/product_tag?post=102514"},{"taxonomy":"branze","embeddable":true,"href":"https:\/\/nivelsystem.com\/sk\/wp-json\/wp\/v2\/branze?post=102514"}],"curies":[{"name":"wp","href":"https:\/\/api.w.org\/{rel}","templated":true}]}}