{"id":43032,"date":"2022-10-28T13:49:54","date_gmt":"2022-10-28T13:49:54","guid":{"rendered":"https:\/\/nivelsystem.com\/?page_id=43032"},"modified":"2022-10-28T13:56:55","modified_gmt":"2022-10-28T13:56:55","slug":"fotoski-onedrive","status":"publish","type":"page","link":"https:\/\/nivelsystem.com\/sk\/fotoski-onedrive\/","title":{"rendered":"Fotoski onedrive"},"content":{"rendered":"&#9888; <strong>Modul nie je mo\u017en\u00e9 vykresli\u0165, preto\u017ee po\u017eadovan\u00fd obsah nie je (u\u017e) dostupn\u00fd. Pre z\u00edskanie pr\u00edstupu kontaktujte spr\u00e1vcu.<\/strong>\n","protected":false},"excerpt":{"rendered":"","protected":false},"author":2,"featured_media":0,"parent":0,"menu_order":0,"comment_status":"closed","ping_status":"closed","template":"","meta":{"_acf_changed":false,"footnotes":""},"class_list":["post-43032","page","type-page","status-publish","hentry"],"acf":[],"_links":{"self":[{"href":"https:\/\/nivelsystem.com\/sk\/wp-json\/wp\/v2\/pages\/43032","targetHints":{"allow":["GET"]}}],"collection":[{"href":"https:\/\/nivelsystem.com\/sk\/wp-json\/wp\/v2\/pages"}],"about":[{"href":"https:\/\/nivelsystem.com\/sk\/wp-json\/wp\/v2\/types\/page"}],"author":[{"embeddable":true,"href":"https:\/\/nivelsystem.com\/sk\/wp-json\/wp\/v2\/users\/2"}],"replies":[{"embeddable":true,"href":"https:\/\/nivelsystem.com\/sk\/wp-json\/wp\/v2\/comments?post=43032"}],"version-history":[{"count":0,"href":"https:\/\/nivelsystem.com\/sk\/wp-json\/wp\/v2\/pages\/43032\/revisions"}],"wp:attachment":[{"href":"https:\/\/nivelsystem.com\/sk\/wp-json\/wp\/v2\/media?parent=43032"}],"curies":[{"name":"wp","href":"https:\/\/api.w.org\/{rel}","templated":true}]}}