{"id":41200,"date":"2021-08-29T22:47:54","date_gmt":"2021-08-29T22:47:54","guid":{"rendered":"https:\/\/nivelsystem.com\/?page_id=41200"},"modified":"2022-09-23T07:31:05","modified_gmt":"2022-09-23T07:31:05","slug":"registracia","status":"publish","type":"page","link":"https:\/\/nivelsystem.com\/sk\/registracia\/","title":{"rendered":"Registr\u00e1cia"},"content":{"rendered":"\t\t<div data-elementor-type=\"wp-page\" data-elementor-id=\"41200\" class=\"elementor elementor-41200 elementor-41198\" data-elementor-post-type=\"page\">\n\t\t\t\t\t\t<section class=\"wd-negative-gap elementor-section elementor-top-section elementor-element elementor-element-33b7255 elementor-section-boxed elementor-section-height-default elementor-section-height-default\" data-id=\"33b7255\" data-element_type=\"section\">\n\t\t\t\t\t\t<div class=\"elementor-container elementor-column-gap-default\">\n\t\t\t\t\t<div class=\"elementor-column elementor-col-25 elementor-top-column elementor-element elementor-element-2357d19\" data-id=\"2357d19\" data-element_type=\"column\">\n\t\t\t<div class=\"elementor-widget-wrap\">\n\t\t\t\t\t\t\t<\/div>\n\t\t<\/div>\n\t\t\t\t<div class=\"elementor-column elementor-col-50 elementor-top-column elementor-element elementor-element-63669ee\" data-id=\"63669ee\" data-element_type=\"column\">\n\t\t\t<div class=\"elementor-widget-wrap elementor-element-populated\">\n\t\t\t\t\t\t<div class=\"elementor-element elementor-element-496e2326 elementor-widget elementor-widget-shortcode\" data-id=\"496e2326\" data-element_type=\"widget\" data-widget_type=\"shortcode.default\">\n\t\t\t\t<div class=\"elementor-widget-container\">\n\t\t\t\t\t\t\t<div class=\"elementor-shortcode\">\t<div class='user-registration ur-frontend-form   ' id='user-registration-form-17924'>\n\t\t\t\t\t\t\t\t<form method='post' class='register' data-form-id=\"17924\"\n\t\t\t\tdata-enable-strength-password=\"1\" data-minimum-password-strength=\"2\"\n\t\t\t\t\t\t\t\t\t\t\t\t\t\t\t data-captcha-enabled=\"\">\n\n\t\t\t\t<div class=\"ur-form-row\" data-row-id=\"0\">\t\t\t\t\t\t\t<div class=\"ur-form-grid ur-grid-1\"\n\t\t\t\t\t\t\t\tstyle=\"width:48%\">\n\t\t\t\t\t\t\t\t\t\t\t\t\t\t\t\t<div  data-field-id=\"user_login\" class=\"ur-field-item field-user_login \" data-ref-id=\"user_login\" data-field-pattern-enabled=\"0\" data-field-pattern-value=\" \" data-field-pattern-message=\" \">\n\t\t\t\t\t\t\t\t\t\t<div class=\"form-row validate-required\" id=\"user_login_field\" data-priority=\"\" ><label for=\"user_login\" class=\"ur-label\">Pou\u017e\u00edvate\u013e <abbr class=\"required\" title=\"po\u017eadovan\u00e9\">*<\/abbr><\/label> <span class=\"input-wrapper\"> <input  data-rules=\"\" data-id=\"user_login\" type=\"text\" class=\"input-text   input-text ur-frontend-field  \" name=\"user_login\" id=\"user_login\" placeholder=\"\"  value=\"\" required=\"required\" data-label=\"Pou\u017e\u00edvate\u013e\" data-username-character=\"yes\"\/> <\/span> <\/div>\t\t\t\t\t\t\t\t\t<\/div>\n\t\t\t\t\t\t\t\t\t\t\t\t\t\t\t\t\t\t<div  data-field-id=\"input_box_1650352154\" class=\"ur-field-item field-text \" data-ref-id=\"input_box_1650352154\" data-field-pattern-enabled=\"0\" data-field-pattern-value=\" \" data-field-pattern-message=\" \">\n\t\t\t\t\t\t\t\t\t\t<div class=\"form-row \" id=\"input_box_1650352154_field\" data-priority=\"\" ><label for=\"input_box_1650352154\" class=\"ur-label\">Spolo\u010dnost<\/label> <span class=\"input-wrapper\"> <input  data-rules=\"\" data-id=\"input_box_1650352154\" type=\"text\" class=\"input-text   input-text ur-frontend-field  \" name=\"input_box_1650352154\" id=\"input_box_1650352154\" placeholder=\"\"  value=\"\" data-label=\"Spolo\u010dnost\" maxlength=\"20\" \/> <\/span> <\/div>\t\t\t\t\t\t\t\t\t<\/div>\n\t\t\t\t\t\t\t\t\t\t\t\t\t\t\t\t\t\t<div  data-field-id=\"user_pass\" class=\"ur-field-item field-user_pass \" data-ref-id=\"user_pass\" data-field-pattern-enabled=\"0\" data-field-pattern-value=\" \" data-field-pattern-message=\" \">\n\t\t\t\t\t\t\t\t\t\t<div class=\"form-row validate-required hide_show_password\" id=\"user_pass_field\" data-priority=\"\"><label for=\"user_pass\" class=\"ur-label\">Heslo <abbr class=\"required\" title=\"po\u017eadovan\u00e9\">*<\/abbr><\/label> <span class=\"input-wrapper\"> <span class=\"password-input-group input-form-field-icons\"><input data-rules=\"\" data-id=\"user_pass\" type=\"password\" class=\"input-text  input-password ur-frontend-field  \" name=\"user_pass\" id=\"user_pass\" placeholder=\"\"  value=\"\" required=\"required\" data-label=\"Heslo\" \/><a href=\"javaScript:void(0)\" class=\"password_preview dashicons dashicons-hidden\" title=\" Show password \"><\/a><\/span> <\/span> <\/div>\t\t\t\t\t\t\t\t\t<\/div>\n\t\t\t\t\t\t\t\t\t\t\t\t\t\t\t\t<\/div>\n\t\t\t\t\t\t\t\t\t\t\t\t\t\t<div class=\"ur-form-grid ur-grid-2\"\n\t\t\t\t\t\t\t\tstyle=\"width:48%\">\n\t\t\t\t\t\t\t\t\t\t\t\t\t\t\t\t<div  data-field-id=\"user_email\" class=\"ur-field-item field-user_email \" data-ref-id=\"user_email\" data-field-pattern-enabled=\"0\" data-field-pattern-value=\" \" data-field-pattern-message=\" \">\n\t\t\t\t\t\t\t\t\t\t<div class=\"form-row validate-required\" id=\"user_email_field\" data-priority=\"\" ><label for=\"user_email\" class=\"ur-label\">Email <abbr class=\"required\" title=\"po\u017eadovan\u00e9\">*<\/abbr><\/label> <span class=\"input-wrapper\"> <input  data-rules=\"\" data-id=\"user_email\" type=\"email\" class=\"input-text   input-email ur-frontend-field  \" name=\"user_email\" id=\"user_email\" placeholder=\"\"  value=\"\" required=\"required\" data-label=\"Email\" \/> <\/span> <\/div>\t\t\t\t\t\t\t\t\t<\/div>\n\t\t\t\t\t\t\t\t\t\t\t\t\t\t\t\t\t\t<div  data-field-id=\"number_box_1650352205\" class=\"ur-field-item field-number \" data-ref-id=\"number_box_1650352205\" data-field-pattern-enabled=\"0\" data-field-pattern-value=\" \" data-field-pattern-message=\" \">\n\t\t\t\t\t\t\t\t\t\t<div class=\"form-row \" id=\"number_box_1650352205_field\" data-priority=\"\" ><label for=\"number_box_1650352205\" class=\"ur-label\">I\u010cO\/DI\u010c<\/label> <span class=\"input-wrapper\"> <input  data-rules=\"\" data-id=\"number_box_1650352205\" type=\"number\" class=\"input-text   input-number ur-frontend-field  \" name=\"number_box_1650352205\" id=\"number_box_1650352205\" placeholder=\"\"  value=\"\" data-label=\"I\u010cO\/DI\u010c\" step=\"1\" \/> <\/span> <\/div>\t\t\t\t\t\t\t\t\t<\/div>\n\t\t\t\t\t\t\t\t\t\t\t\t\t\t\t\t\t\t<div  data-field-id=\"user_confirm_password\" class=\"ur-field-item field-user_confirm_password \" data-ref-id=\"user_confirm_password\" data-field-pattern-enabled=\"0\" data-field-pattern-value=\" \" data-field-pattern-message=\" \">\n\t\t\t\t\t\t\t\t\t\t<div class=\"form-row validate-required hide_show_password\" id=\"user_confirm_password_field\" data-priority=\"\"><label for=\"user_confirm_password\" class=\"ur-label\">Potvr\u010f svoje heslo <abbr class=\"required\" title=\"po\u017eadovan\u00e9\">*<\/abbr><\/label> <span class=\"input-wrapper\"> <span class=\"password-input-group input-form-field-icons\"><input data-rules=\"\" data-id=\"user_confirm_password\" type=\"password\" class=\"input-text  input-password ur-frontend-field  \" name=\"user_confirm_password\" id=\"user_confirm_password\" placeholder=\"\"  value=\"\" required=\"required\" data-label=\"Potvr\u010f svoje heslo\" \/><a href=\"javaScript:void(0)\" class=\"password_preview dashicons dashicons-hidden\" title=\" Show password \"><\/a><\/span> <\/span> <\/div>\t\t\t\t\t\t\t\t\t<\/div>\n\t\t\t\t\t\t\t\t\t\t\t\t\t\t\t\t<\/div>\n\t\t\t\t\t\t\t\t\t\t\t\t\t<\/div>\n\t\t\t\t\t\t<div class=\"ur-form-row\" data-row-id=\"2\">\t\t\t\t\t\t\t<div class=\"ur-form-grid ur-grid-1\"\n\t\t\t\t\t\t\t\tstyle=\"width:99%\">\n\t\t\t\t\t\t\t\t\t\t\t\t\t\t\t\t<div  data-field-id=\"privacy_policy_1650352379\" class=\"ur-field-item field-privacy_policy \" data-ref-id=\"privacy_policy_1650352379\" data-field-pattern-enabled=\"0\" data-field-pattern-value=\" \" data-field-pattern-message=\" \">\n\t\t\t\t\t\t\t\t\t\t<div class=\"form-row validate-required\" id=\"privacy_policy_1650352379_field\" data-priority=\"\" ><label class=\"ur-label checkbox\" required=\"required\" data-label=\"S\u00fahlas\u00edm so spracovan\u00edm osobn\u00fdch \u00fadajov, ktor\u00e9 som uviedol v registra\u010dnom formul\u00e1ri.\">\n\t\t\t\t\t\t\t<input data-rules=\"\" data-id=\"privacy_policy_1650352379\" required=\"required\" data-label=\"S\u00fahlas\u00edm so spracovan\u00edm osobn\u00fdch \u00fadajov, ktor\u00e9 som uviedol v registra\u010dnom formul\u00e1ri.\" data-value=\"\" type=\"checkbox\" class=\"input-checkbox ur-frontend-field \" name=\"privacy_policy_1650352379\" id=\"privacy_policy_1650352379\" value=\"1\"  \/> S\u00fahlas\u00edm so spracovan\u00edm osobn\u00fdch \u00fadajov, ktor\u00e9 som uviedol v registra\u010dnom formul\u00e1ri. <abbr class=\"required\" title=\"po\u017eadovan\u00e9\">*<\/abbr><\/label><span class=\"description\">Spr\u00e1vcom \u00fadajov, ktor\u00e9 ste poskytli vo formul\u00e1ri osobn\u00fdch \u00fadajov, bude spolo\u010dnos\u0165 3gon Slovakia s.r.o., I\u010cO: 52367339. \u00dadaje sa spracuj\u00fa na z\u00e1klade \u010dl. 6 dolo\u017eka 1 lit. b GDPR na spracovanie dotazu. D\u00e1ta sa ulo\u017eia do datab\u00e1zy spr\u00e1vcu. M\u00e1te pr\u00e1vo po\u017eiada\u0165 spr\u00e1vcu o pr\u00edstup k va\u0161im osobn\u00fdm \u00fadajom a opravi\u0165 ich, vymaza\u0165 alebo obmedzi\u0165 spracovanie alebo pr\u00e1vo namieta\u0165 proti spracovaniu, ako aj pr\u00e1vo na prenos \u00fadajov - na z\u00e1klade z\u00e1sad stanoven\u00fdch v \u010dl. 16 - 21 GDPR. Ak sa domnievate, \u017ee va\u0161e \u00fadaje sa sprac\u00favaj\u00fa v rozpore so z\u00e1konom, budete m\u00f4c\u0165 poda\u0165 dozorn\u00e9mu org\u00e1nu s\u0165a\u017enos\u0165. Poskytovanie \u00fadajov je dobrovo\u013en\u00e9, je v\u0161ak potrebn\u00e9 na spracovanie dotazu.<\/span><\/div>\t\t\t\t\t\t\t\t\t<\/div>\n\t\t\t\t\t\t\t\t\t\t\t\t\t\t\t\t<\/div>\n\t\t\t\t\t\t\t\t\t\t\t\t\t<\/div>\n\t\t\t\t\t\t\t\t\t\t\t\t\t\t\t\t\t\t<div class=\"ur-button-container \" >\n\t\t\t\t\t\t\t\t\t\t\t\t\t\t<button type=\"submit\" class=\"btn button ur-submit-button \"  conditional_rules=\"&quot;&quot;\">\n\t\t\t\t\t\t\t\t<span><\/span>\n\t\t\t\t\t\t\t\tRegistrova\u0165\t\t\t\t\t\t\t<\/button>\n\t\t\t\t\t\t\t\t\t\t\t\t\t\t\t\t\t\t\t\t<\/div>\n\t\t\t\t\t\t\n\t\t\t\t<div style=\"clear:both\"><\/div>\n\t\t\t\t\t\t\t\t<input type=\"hidden\" name=\"ur-registration-language\" value=\"sk\"\/>\n\t\t\t\t<input type=\"hidden\" name=\"ur-user-form-id\" value=\"17924\"\/>\n\t\t\t\t<input type=\"hidden\" name=\"ur-redirect-url\" value=\"\"\/>\n\t\t\t\t<input type=\"hidden\" id=\"ur_frontend_form_nonce\" name=\"ur_frontend_form_nonce\" value=\"475bdf1821\" \/>\n\t\t\t\t\n\t\t\t<\/form>\n\t\t\t\n\t\t<div style=\"clear:both\"><\/div>\n\t<\/div>\n\n<\/div>\n\t\t\t\t\t\t<\/div>\n\t\t\t\t<\/div>\n\t\t\t\t\t<\/div>\n\t\t<\/div>\n\t\t\t\t<div class=\"elementor-column elementor-col-25 elementor-top-column elementor-element elementor-element-0bbaa09\" data-id=\"0bbaa09\" data-element_type=\"column\">\n\t\t\t<div class=\"elementor-widget-wrap\">\n\t\t\t\t\t\t\t<\/div>\n\t\t<\/div>\n\t\t\t\t\t<\/div>\n\t\t<\/section>\n\t\t\t\t<\/div>\n\t\t","protected":false},"excerpt":{"rendered":"","protected":false},"author":2,"featured_media":0,"parent":0,"menu_order":0,"comment_status":"closed","ping_status":"closed","template":"","meta":{"_acf_changed":false,"footnotes":""},"class_list":["post-41200","page","type-page","status-publish","hentry"],"acf":[],"_links":{"self":[{"href":"https:\/\/nivelsystem.com\/sk\/wp-json\/wp\/v2\/pages\/41200","targetHints":{"allow":["GET"]}}],"collection":[{"href":"https:\/\/nivelsystem.com\/sk\/wp-json\/wp\/v2\/pages"}],"about":[{"href":"https:\/\/nivelsystem.com\/sk\/wp-json\/wp\/v2\/types\/page"}],"author":[{"embeddable":true,"href":"https:\/\/nivelsystem.com\/sk\/wp-json\/wp\/v2\/users\/2"}],"replies":[{"embeddable":true,"href":"https:\/\/nivelsystem.com\/sk\/wp-json\/wp\/v2\/comments?post=41200"}],"version-history":[{"count":0,"href":"https:\/\/nivelsystem.com\/sk\/wp-json\/wp\/v2\/pages\/41200\/revisions"}],"wp:attachment":[{"href":"https:\/\/nivelsystem.com\/sk\/wp-json\/wp\/v2\/media?parent=41200"}],"curies":[{"name":"wp","href":"https:\/\/api.w.org\/{rel}","templated":true}]}}