{"id":31000,"date":"2022-06-30T13:16:23","date_gmt":"2022-06-30T13:16:23","guid":{"rendered":"https:\/\/nivelsystem.com\/markenbuch-logos-und-andere\/"},"modified":"2022-08-27T18:36:03","modified_gmt":"2022-08-27T18:36:03","slug":"znackova-kniha-loga-ine","status":"publish","type":"page","link":"https:\/\/nivelsystem.com\/sk\/znackova-kniha-loga-ine\/","title":{"rendered":"Zna\u010dkov\u00e1 kniha, log\u00e1, in\u00e9"},"content":{"rendered":"<p><img decoding=\"async\" style=\"background: url(&#039;https:\/\/nivelsystem.com\/wp-content\/plugins\/wp-file-download\/app\/admin\/assets\/images\/folder_download.png&#039;) no-repeat scroll center center #D6D6D6; border: 2px dashed #888888; height: 200px; border-radius: 10px; width: 99%;\" src=\"https:\/\/nivelsystem.com\/wp-content\/plugins\/wp-file-download\/app\/admin\/assets\/images\/t.gif\" data-wpfdcategory=\"461\" data-category=\"461\" alt=\"\" title=\"\"><\/p>\n","protected":false},"excerpt":{"rendered":"","protected":false},"author":3254,"featured_media":0,"parent":0,"menu_order":0,"comment_status":"closed","ping_status":"closed","template":"","meta":{"_acf_changed":false,"footnotes":""},"class_list":["post-31000","page","type-page","status-publish","hentry"],"acf":[],"_links":{"self":[{"href":"https:\/\/nivelsystem.com\/sk\/wp-json\/wp\/v2\/pages\/31000","targetHints":{"allow":["GET"]}}],"collection":[{"href":"https:\/\/nivelsystem.com\/sk\/wp-json\/wp\/v2\/pages"}],"about":[{"href":"https:\/\/nivelsystem.com\/sk\/wp-json\/wp\/v2\/types\/page"}],"author":[{"embeddable":true,"href":"https:\/\/nivelsystem.com\/sk\/wp-json\/wp\/v2\/users\/3254"}],"replies":[{"embeddable":true,"href":"https:\/\/nivelsystem.com\/sk\/wp-json\/wp\/v2\/comments?post=31000"}],"version-history":[{"count":0,"href":"https:\/\/nivelsystem.com\/sk\/wp-json\/wp\/v2\/pages\/31000\/revisions"}],"wp:attachment":[{"href":"https:\/\/nivelsystem.com\/sk\/wp-json\/wp\/v2\/media?parent=31000"}],"curies":[{"name":"wp","href":"https:\/\/api.w.org\/{rel}","templated":true}]}}