{"id":30073,"date":"2021-07-28T06:31:50","date_gmt":"2021-07-28T06:31:50","guid":{"rendered":"https:\/\/nivelsystem.com\/terms-of-warranty\/"},"modified":"2024-08-05T09:35:41","modified_gmt":"2024-08-05T09:35:41","slug":"zarucne-podmienky","status":"publish","type":"page","link":"https:\/\/nivelsystem.com\/sk\/zarucne-podmienky\/","title":{"rendered":"Z\u00e1ru\u010dn\u00e9 podmienky"},"content":{"rendered":"\t\t<div data-elementor-type=\"wp-page\" data-elementor-id=\"30073\" class=\"elementor elementor-30073 elementor-11316\" data-elementor-post-type=\"page\">\n\t\t\t\t\t\t<section class=\"wd-negative-gap elementor-section elementor-top-section elementor-element elementor-element-23a449b elementor-section-boxed elementor-section-height-default elementor-section-height-default\" data-id=\"23a449b\" data-element_type=\"section\">\n\t\t\t\t\t\t<div class=\"elementor-container elementor-column-gap-default\">\n\t\t\t\t\t<div class=\"elementor-column elementor-col-100 elementor-top-column elementor-element elementor-element-5fb1f51\" data-id=\"5fb1f51\" data-element_type=\"column\">\n\t\t\t<div class=\"elementor-widget-wrap elementor-element-populated\">\n\t\t\t\t\t\t<div class=\"elementor-element elementor-element-ca75c83 wd-width-100 elementor-widget elementor-widget-wd_title\" data-id=\"ca75c83\" data-element_type=\"widget\" data-widget_type=\"wd_title.default\">\n\t\t\t\t<div class=\"elementor-widget-container\">\n\t\t\t\t\t\t\t<div class=\"title-wrapper wd-set-mb reset-last-child wd-title-color-default wd-title-style-default wd-title-size-medium text-center\">\n\n\t\t\t\t\t\t\t\t\t\t\t<div class=\"title-subtitle subtitle-color-default subtitle-style-background wd-fontsize-xs\">\n\t\t\t\t\tNIVEL  SYSTEM \u2013 sol\u00eddny partner\t\t\t\t<\/div>\n\t\t\t\n\t\t\t<div class=\"liner-continer\">\n\t\t\t\t<h4 class=\"woodmart-title-container title wd-fontsize-xl\">Z\u00e1ru\u010dn\u00e9 podmienky<\/h4> \n\t\t\t\t\t\t\t<\/div>\n\n\t\t\t\t\t<\/div>\n\t\t\t\t\t\t<\/div>\n\t\t\t\t<\/div>\n\t\t\t\t\t<\/div>\n\t\t<\/div>\n\t\t\t\t\t<\/div>\n\t\t<\/section>\n\t\t\t\t<section class=\"wd-negative-gap elementor-section elementor-top-section elementor-element elementor-element-2806bb5 elementor-section-boxed elementor-section-height-default elementor-section-height-default\" data-id=\"2806bb5\" data-element_type=\"section\">\n\t\t\t\t\t\t<div class=\"elementor-container elementor-column-gap-default\">\n\t\t\t\t\t<div class=\"elementor-column elementor-col-50 elementor-top-column elementor-element elementor-element-24b3115\" data-id=\"24b3115\" data-element_type=\"column\">\n\t\t\t<div class=\"elementor-widget-wrap elementor-element-populated\">\n\t\t\t\t\t\t<div class=\"elementor-element elementor-element-db4284c elementor-widget elementor-widget-wp-widget-text\" data-id=\"db4284c\" data-element_type=\"widget\" data-widget_type=\"wp-widget-text.default\">\n\t\t\t\t<div class=\"elementor-widget-container\">\n\t\t\t\t\t\t\t\t<div class=\"textwidget\"><p>1. Ru\u010dite\u013e ru\u010d\u00ed za dobr\u00fa kvalitu a efekt\u00edvnu prev\u00e1dzku v\u00fdrobku za predpokladu, \u017ee sa pou\u017e\u00edva na to, na \u010do je ur\u010den\u00fd, v prev\u00e1dzkov\u00fdch podmienkach uveden\u00fdch v n\u00e1vode na pou\u017eitie v\u00fdrobku.<\/p>\n<ul>\n<li>Z\u00e1ruka sa vz\u0165ahuje na vady v\u00fdrobkov \/ n\u00e1hradn\u00fdch dielov sp\u00f4soben\u00e9 chybami materi\u00e1lu, chybnou kon\u0161trukciou alebo chybami v mont\u00e1\u017ei.<\/li>\n<li>Ru\u010dite\u013e poskytuje u\u017e\u00edvate\u013eovi z\u00e1ruku na 12 mesiacov a z\u00e1ru\u010dn\u00e1 lehota za\u010d\u00edna d\u0148om predaja, v pr\u00edpade optick\u00fdch \u00farovn\u00ed &#8211; 60 mesiacov.<\/li>\n<li>Vady uznan\u00e9 ako pokryt\u00e9 z\u00e1rukou bud\u00fa bezplatne odstr\u00e1nen\u00e9 autorizovan\u00fdm servisn\u00fdm strediskom v \u010do najkrat\u0161om mo\u017enom \u010dase nepresahuj\u00facom 14 pracovn\u00fdch dn\u00ed po\u010d\u00edtan\u00fdch odo d\u0148a dodania produktu na opravu. V od\u00f4vodnen\u00fdch pr\u00edpadoch sa m\u00f4\u017ee lehota na opravu pred\u013a\u017ei\u0165.<\/li>\n<li>Opravy sa vykon\u00e1vaj\u00fa v s\u00eddle Warrantora alebo na miestach ur\u010den\u00fdch Warrantorom.<\/li>\n<li>Postupy, ktor\u00e9 s\u00fa potrebn\u00e9, be\u017en\u00fd prev\u00e1dzkov\u00fd servis, napr\u00edklad kontrola, n\u00e1prava, kalibr\u00e1cia, sa nepova\u017euj\u00fa za z\u00e1ru\u010dn\u00fa opravu.<\/li>\n<li>O sp\u00f4sobe odstr\u00e1nenia vady rozhodne ru\u010dite\u013e.<\/li>\n<li>Za neopr\u00e1vnen\u00e9 reklam\u00e1cie sa pou\u017e\u00edvate\u013eovi \u00fa\u010dtuje poplatok v s\u00falade s platn\u00fdmi cenn\u00edkmi.<\/li>\n<li>Z\u00e1ru\u010dn\u00e9 opravy sa vykon\u00e1vaj\u00fa iba a v\u00fdlu\u010dne na z\u00e1klade dokladu o k\u00fape, ktor\u00fd <strong><u>obsahuje s\u00e9riov\u00e9 \u010d\u00edslo produktu (POTREBN\u00c9 PODMIENKY).<\/u><\/strong><\/li>\n<li>Na z\u00e1klade z\u00e1ruky ru\u010dite\u013e nezodpoved\u00e1 za n\u00e1sledky v\u00e1d, ktor\u00e9 sp\u00f4sobuj\u00fa \u013eu\u010fom, majetku tret\u00edch os\u00f4b, u\u0161l\u00fdm ziskom at\u010f.<\/li>\n<\/ul>\n<\/div>\n\t\t\t\t\t\t<\/div>\n\t\t\t\t<\/div>\n\t\t\t\t\t<\/div>\n\t\t<\/div>\n\t\t\t\t<div class=\"elementor-column elementor-col-50 elementor-top-column elementor-element elementor-element-3e2355f\" data-id=\"3e2355f\" data-element_type=\"column\">\n\t\t\t<div class=\"elementor-widget-wrap elementor-element-populated\">\n\t\t\t\t\t\t<div class=\"elementor-element elementor-element-e521219 elementor-widget elementor-widget-wp-widget-text\" data-id=\"e521219\" data-element_type=\"widget\" data-widget_type=\"wp-widget-text.default\">\n\t\t\t\t<div class=\"elementor-widget-container\">\n\t\t\t\t\t\t\t\t<div class=\"textwidget\"><p>2. Z\u00e1ruka sa skon\u010d\u00ed, ak sa zist\u00ed nasleduj\u00face: boli prekro\u010den\u00e9 \u0161tandardy prev\u00e1dzky v\u00fdrobku, do\u0161lo k po\u0161kodeniu v d\u00f4sledku pou\u017e\u00edvania v\u00fdrobku v rozpore s jeho n\u00e1vodom na obsluhu, do\u0161lo k ur\u010dit\u00e9mu mechanick\u00e9mu po\u0161kodeniu, pou\u017e\u00edvate\u013e vykonal opravy vlastn\u00edkom alebo v neautorizovan\u00fdch zariadeniach.<\/p>\n<p>3. Ustanovenia Ob\u010dianskeho z\u00e1konn\u00edka sa vz\u0165ahuj\u00fa na v\u0161etky z\u00e1le\u017eitosti, ktor\u00e9 nie s\u00fa upraven\u00e9 v t\u00fdchto podmienkach.<\/p>\n<p>4. Strany vynalo\u017eia v\u0161etko \u00fasilie na priate\u013esk\u00e9 urovnanie sporov, ktor\u00e9 vznikn\u00fa v s\u00favislosti s plnen\u00edm tejto dohody, a ak sa uk\u00e1\u017ee, \u017ee je to nemo\u017en\u00e9, tieto spory vyrie\u0161i s\u00fad s pr\u00e1vomocou v s\u00eddle Warrantora.<\/p>\n<p>5. Ak s\u00fa potrebn\u00e9 z\u00e1ru\u010dn\u00e9 slu\u017eby poskytovan\u00e9 servisn\u00fdm strediskom, nev\u00e1hajte a kontaktujte priamo svojho predajcu alebo servisn\u00e9 stredisko Nivel System (e-mail: <a href=\"mailto:serwis@tpi.com.pl\">serwis@tpi.com.pl<\/a>, tel .: <a href=\"tel:+48226329140\">+48 22 632 91 40)<\/a>.<\/p>\n<\/div>\n\t\t\t\t\t\t<\/div>\n\t\t\t\t<\/div>\n\t\t\t\t<div class=\"elementor-element elementor-element-e232b80 elementor-widget elementor-widget-spacer\" data-id=\"e232b80\" data-element_type=\"widget\" data-widget_type=\"spacer.default\">\n\t\t\t\t<div class=\"elementor-widget-container\">\n\t\t\t\t\t\t\t<div class=\"elementor-spacer\">\n\t\t\t<div class=\"elementor-spacer-inner\"><\/div>\n\t\t<\/div>\n\t\t\t\t\t\t<\/div>\n\t\t\t\t<\/div>\n\t\t\t\t<div class=\"elementor-element elementor-element-bc21078 elementor-widget elementor-widget-wd_infobox\" data-id=\"bc21078\" data-element_type=\"widget\" data-widget_type=\"wd_infobox.default\">\n\t\t\t\t<div class=\"elementor-widget-container\">\n\t\t\t\t\t\t\t<div class=\"info-box-wrapper\">\n\t\t\t<div class=\"wd-info-box text-center box-icon-align-top box-style-base color-scheme- with-btn box-btn-static\">\n\t\t\t\t\n\t\t\t\t<div class=\"info-box-content\">\n\t\t\t\t\t\t\t\t\t\t\t\n\t\t\t\t\t\t<div class=\"info-box-subtitle subtitle-color-default subtitle-style-default wd-fontsize-s\"\n\t\t\t\t\t\t\t  data-elementor-setting-key=\"subtitle\">\n\t\t\t\t\t\t\tKontaktuj n\u00e1s:\t\t\t\t\t\t<\/div>\n\t\t\t\t\t\n\t\t\t\t\t\t\t\t\t\t\t<h4\t\t\t\t\t\tclass=\"info-box-title title box-title-style-default wd-fontsize-xl\" data-elementor-setting-key=\"title\">\n\t\t\t\t\t\t\t\tZ\u00e1ru\u010dn\u00e9 a poz\u00e1ru\u010dn\u00e9 opravy\t\t\t\t\t\t<\/h4>\n\t\t\t\t\t\n\t\t\t\t\t<div class=\"info-box-inner reset-last-child\"data-elementor-setting-key=\"content\"><div class=\"guarantee__addresses d-flex flex-column\" style=\"text-align: center;\"><strong><a class=\"address address--mail\" href=\"mailto:servis.sk@3gon.eu\">servis.sk@3gon.eu<\/a><\/strong><\/div>\n<div class=\"guarantee__addresses d-flex flex-column\" style=\"text-align: center;\"><strong><a class=\"address address--phone\" href=\"tel:+4210315501546\">+421 031 550 1546<\/a><\/strong><\/div>\n<\/div>\n\n\t\t\t\t\t\t\t\t\t\t\t<div class=\"info-btn-wrapper\">\n\t\t\t\t\t\t\t\t\t<div class=\"wd-button-wrapper text-center\" >\n\t\t\t<a class=\"btn btn-style-default btn-shape-rectangle btn-size-default btn-color-alt btn-icon-pos-right\"  href=\"https:\/\/nivelsystem.com\/en\/warranty-extension\/\">\n\t\t\t\t<span class=\"wd-btn-text\" data-elementor-setting-key=\"text\">\n\t\t\t\t\tPred\u013a\u017ete si z\u00e1ruku\t\t\t\t<\/span>\n\n\t\t\t\t\t\t\t<\/a>\n\t\t<\/div>\n\t\t\t\t\t\t\t\t<\/div>\n\t\t\t\t\t\t\t\t\t<\/div>\n\n\t\t\t\t\t\t\t<\/div>\n\t\t<\/div>\n\t\t\t\t\t\t<\/div>\n\t\t\t\t<\/div>\n\t\t\t\t\t<\/div>\n\t\t<\/div>\n\t\t\t\t\t<\/div>\n\t\t<\/section>\n\t\t\t\t<section class=\"wd-negative-gap elementor-section elementor-top-section elementor-element elementor-element-a601051 elementor-section-boxed elementor-section-height-default elementor-section-height-default\" data-id=\"a601051\" data-element_type=\"section\">\n\t\t\t\t\t\t<div class=\"elementor-container elementor-column-gap-default\">\n\t\t\t\t\t<div class=\"elementor-column elementor-col-100 elementor-top-column elementor-element elementor-element-f951ec3\" data-id=\"f951ec3\" data-element_type=\"column\">\n\t\t\t<div class=\"elementor-widget-wrap elementor-element-populated\">\n\t\t\t\t\t\t<div class=\"elementor-element elementor-element-b0533a2 elementor-widget elementor-widget-spacer\" data-id=\"b0533a2\" data-element_type=\"widget\" data-widget_type=\"spacer.default\">\n\t\t\t\t<div class=\"elementor-widget-container\">\n\t\t\t\t\t\t\t<div class=\"elementor-spacer\">\n\t\t\t<div class=\"elementor-spacer-inner\"><\/div>\n\t\t<\/div>\n\t\t\t\t\t\t<\/div>\n\t\t\t\t<\/div>\n\t\t\t\t\t<\/div>\n\t\t<\/div>\n\t\t\t\t\t<\/div>\n\t\t<\/section>\n\t\t\t\t<\/div>\n\t\t","protected":false},"excerpt":{"rendered":"<p>NIVEL SYSTEM \u2013 sol\u00eddny partner Z\u00e1ru\u010dn\u00e9 podmienky Kontaktuj n\u00e1s: Z\u00e1ru\u010dn\u00e9 a poz\u00e1ru\u010dn\u00e9 opravy servis.sk@3gon.eu +421 031 550 1546 Pred\u013a\u017ete si<\/p>\n","protected":false},"author":3254,"featured_media":0,"parent":0,"menu_order":0,"comment_status":"closed","ping_status":"closed","template":"","meta":{"_acf_changed":false,"footnotes":""},"class_list":["post-30073","page","type-page","status-publish","hentry"],"acf":[],"_links":{"self":[{"href":"https:\/\/nivelsystem.com\/sk\/wp-json\/wp\/v2\/pages\/30073","targetHints":{"allow":["GET"]}}],"collection":[{"href":"https:\/\/nivelsystem.com\/sk\/wp-json\/wp\/v2\/pages"}],"about":[{"href":"https:\/\/nivelsystem.com\/sk\/wp-json\/wp\/v2\/types\/page"}],"author":[{"embeddable":true,"href":"https:\/\/nivelsystem.com\/sk\/wp-json\/wp\/v2\/users\/3254"}],"replies":[{"embeddable":true,"href":"https:\/\/nivelsystem.com\/sk\/wp-json\/wp\/v2\/comments?post=30073"}],"version-history":[{"count":0,"href":"https:\/\/nivelsystem.com\/sk\/wp-json\/wp\/v2\/pages\/30073\/revisions"}],"wp:attachment":[{"href":"https:\/\/nivelsystem.com\/sk\/wp-json\/wp\/v2\/media?parent=30073"}],"curies":[{"name":"wp","href":"https:\/\/api.w.org\/{rel}","templated":true}]}}