{"id":114608,"date":"2025-01-13T13:41:20","date_gmt":"2025-01-13T13:41:20","guid":{"rendered":"https:\/\/nivelsystem.com\/?page_id=114608"},"modified":"2025-06-10T11:26:50","modified_gmt":"2025-06-10T11:26:50","slug":"kalibracia-a-opravy","status":"publish","type":"page","link":"https:\/\/nivelsystem.com\/sk\/kalibracia-a-opravy\/","title":{"rendered":"Kalibr\u00e1cia a opravy"},"content":{"rendered":"<h2>Kalibr\u00e1ciu a opravy laserov zabezpe\u010duje autorizovan\u00e9 servisn\u00e9 stredisko produktov Nivel System &#8211; TPI Sp. z o. o., 598 Wa\u0142 Miedzeszy\u0144ski, 03-994 Var\u0161ava, +48 22 632 91 40 ext.3<\/h2>\n<p>Ak chcete nahl\u00e1si\u0165 zariadenie na kalibr\u00e1ciu\/servis, prihl\u00e1ste sa prostredn\u00edctvom<a href=\"https:\/\/bok.tpi.com.pl\/login\" target=\"_blank\" rel=\"noopener\"> platformy BOK<\/a><\/p>\n<p><a href=\"https:\/\/bok.tpi.com.pl\/login\" target=\"_blank\" rel=\"noopener\"><img decoding=\"async\" class=\"alignnone size-medium wp-image-115131\" src=\"https:\/\/nivelsystem.com\/wp-content\/uploads\/2025\/06\/bok_platform-300x76.jpg\" alt=\"\" width=\"300\" height=\"76\" title=\"\" srcset=\"https:\/\/nivelsystem.com\/wp-content\/uploads\/2025\/06\/bok_platform-300x76.jpg 300w, https:\/\/nivelsystem.com\/wp-content\/uploads\/2025\/06\/bok_platform-150x38.jpg 150w, https:\/\/nivelsystem.com\/wp-content\/uploads\/2025\/06\/bok_platform.jpg 389w\" sizes=\"(max-width: 300px) 100vw, 300px\" \/><\/a><\/p>\n<p><img fetchpriority=\"high\" decoding=\"async\" class=\"alignnone wp-image-108776 size-full\" src=\"https:\/\/nivelsystem.com\/wp-content\/uploads\/2024\/09\/nius_serwis.jpg\" alt=\"serwis nivel System\" width=\"900\" height=\"500\" title=\"\" srcset=\"https:\/\/nivelsystem.com\/wp-content\/uploads\/2024\/09\/nius_serwis.jpg 900w, https:\/\/nivelsystem.com\/wp-content\/uploads\/2024\/09\/nius_serwis-300x167.jpg 300w, https:\/\/nivelsystem.com\/wp-content\/uploads\/2024\/09\/nius_serwis-768x427.jpg 768w, https:\/\/nivelsystem.com\/wp-content\/uploads\/2024\/09\/nius_serwis-150x83.jpg 150w\" sizes=\"(max-width: 900px) 100vw, 900px\" \/><\/p>\n","protected":false},"excerpt":{"rendered":"<p>Kalibr\u00e1ciu a opravy laserov zabezpe\u010duje autorizovan\u00e9 servisn\u00e9 stredisko produktov Nivel System &#8211; TPI Sp. z o. o., 598 Wa\u0142 Miedzeszy\u0144ski,<\/p>\n","protected":false},"author":1848,"featured_media":0,"parent":0,"menu_order":0,"comment_status":"closed","ping_status":"closed","template":"","meta":{"_acf_changed":false,"footnotes":""},"class_list":["post-114608","page","type-page","status-publish","hentry"],"acf":[],"_links":{"self":[{"href":"https:\/\/nivelsystem.com\/sk\/wp-json\/wp\/v2\/pages\/114608","targetHints":{"allow":["GET"]}}],"collection":[{"href":"https:\/\/nivelsystem.com\/sk\/wp-json\/wp\/v2\/pages"}],"about":[{"href":"https:\/\/nivelsystem.com\/sk\/wp-json\/wp\/v2\/types\/page"}],"author":[{"embeddable":true,"href":"https:\/\/nivelsystem.com\/sk\/wp-json\/wp\/v2\/users\/1848"}],"replies":[{"embeddable":true,"href":"https:\/\/nivelsystem.com\/sk\/wp-json\/wp\/v2\/comments?post=114608"}],"version-history":[{"count":3,"href":"https:\/\/nivelsystem.com\/sk\/wp-json\/wp\/v2\/pages\/114608\/revisions"}],"predecessor-version":[{"id":115134,"href":"https:\/\/nivelsystem.com\/sk\/wp-json\/wp\/v2\/pages\/114608\/revisions\/115134"}],"wp:attachment":[{"href":"https:\/\/nivelsystem.com\/sk\/wp-json\/wp\/v2\/media?parent=114608"}],"curies":[{"name":"wp","href":"https:\/\/api.w.org\/{rel}","templated":true}]}}