{"id":102355,"date":"1990-06-02T08:37:22","date_gmt":"1990-06-02T08:37:22","guid":{"rendered":"https:\/\/nivelsystem.com\/?post_type=product&#038;p=102355"},"modified":"2025-04-18T09:48:16","modified_gmt":"2025-04-18T09:48:16","slug":"point-3","status":"publish","type":"product","link":"https:\/\/nivelsystem.com\/en\/product\/point-3\/","title":{"rendered":"GNSS Reciever Point 3"},"content":{"rendered":"\t\t<div data-elementor-type=\"product-post\" data-elementor-id=\"102355\" class=\"elementor elementor-102355 elementor-102315\" data-elementor-post-type=\"product\">\n\t\t\t\t\t\t<section class=\"wd-negative-gap elementor-section elementor-top-section elementor-element elementor-element-66ab1b4c elementor-section-boxed elementor-section-height-default elementor-section-height-default\" data-id=\"66ab1b4c\" data-element_type=\"section\">\n\t\t\t\t\t\t<div class=\"elementor-container elementor-column-gap-default\">\n\t\t\t\t\t<div class=\"elementor-column elementor-col-50 elementor-top-column elementor-element elementor-element-77ea9c6e\" data-id=\"77ea9c6e\" data-element_type=\"column\">\n\t\t\t<div class=\"elementor-widget-wrap elementor-element-populated\">\n\t\t\t\t\t\t<div class=\"elementor-element elementor-element-7093d4df elementor-widget elementor-widget-wd_text_block\" data-id=\"7093d4df\" data-element_type=\"widget\" data-widget_type=\"wd_text_block.default\">\n\t\t\t\t<div class=\"elementor-widget-container\">\n\t\t\t\t\t\t\t<div class=\"wd-text-block reset-last-child text-left\">\n\t\t\t\n\t\t\t<h1><strong>A new generation of GNSS receivers with IMU for speed and convenience \u2013 it\u2019s time to buy yours <\/strong><\/h1><p>In need of a versatile GNSS receiver?<\/p><p>Need to measure or find some outdoor landmarks?<\/p><p>Not sure what an IMU is and whether you might find it useful?<\/p><p>Well, you\u2019ve come\u00a0to the\u00a0right place! We are here to answer all your questions and explain how to use a state-of-the-art GNSS receiver \u2013 the Nivel System Point 3, equipped with a proven latest-generation IMU \u2013 in the field.<\/p><h2><strong>What is IMU? And why will you make your job easier? <\/strong><\/h2><p>The latest generation IMU is an ultra-modern 9-axis inertial system that enables a rod pitch of +\/- 90 degrees. And what\u2019s it all for?<\/p><p>It allows you to measure points that are beyond the capabilities of normal receivers. These include locations where the horizon\/sky is obscured (e.g., under trees or on buildings). This system is also perfect for daily measurements \u2013 you can measure any point faster without having to accurately calibrate the rod.<\/p><p>The spirit level does not need to be constantly monitored when taking measurements at building corners and recording other data.<\/p><p>The features also work well for measuring and marking the following:<\/p><ul><li>points, e.g., under a parked car or other obstacle; hard-to-reach areas covered with lush vegetation, e.g., building facades, fences; difficult-to-reach small watercourses and ditches; loose dumps, fall areas \u2013 by increasing safety and avoiding dangerous edges; on busy roads \u2013 a quick measurement from a safe distance avoids the risk of walking on a busy stretch of road.<\/li><\/ul><p>Our IMU is resistant to magnetic interference. Thus, metal elements (e.g., fences, roofing, reinforcements) cannot interfere with the inclinometer measurement.<\/p><p>\u00a0<\/p>\n\t\t\t\t\t<\/div>\n\t\t\t\t\t\t<\/div>\n\t\t\t\t<\/div>\n\t\t\t\t\t<\/div>\n\t\t<\/div>\n\t\t\t\t<div class=\"elementor-column elementor-col-50 elementor-top-column elementor-element elementor-element-242381df\" data-id=\"242381df\" data-element_type=\"column\">\n\t\t\t<div class=\"elementor-widget-wrap elementor-element-populated\">\n\t\t\t\t\t\t<div class=\"elementor-element elementor-element-1c52227 elementor-widget elementor-widget-wd_image_or_svg\" data-id=\"1c52227\" data-element_type=\"widget\" data-widget_type=\"wd_image_or_svg.default\">\n\t\t\t\t<div class=\"elementor-widget-container\">\n\t\t\t\t\t\n\t\t<div class=\"wd-image text-left\">\n\t\t\t\t\t\t\t\t<img fetchpriority=\"high\" decoding=\"async\" width=\"1000\" height=\"1333\" src=\"https:\/\/nivelsystem.com\/wp-content\/uploads\/2024\/05\/Point3_Nivel.jpg\" class=\"attachment-full size-full\" alt=\"Point3 Nivel System\" srcset=\"https:\/\/nivelsystem.com\/wp-content\/uploads\/2024\/05\/Point3_Nivel.jpg 1000w, https:\/\/nivelsystem.com\/wp-content\/uploads\/2024\/05\/Point3_Nivel-225x300.jpg 225w, https:\/\/nivelsystem.com\/wp-content\/uploads\/2024\/05\/Point3_Nivel-768x1024.jpg 768w, https:\/\/nivelsystem.com\/wp-content\/uploads\/2024\/05\/Point3_Nivel-150x200.jpg 150w\" sizes=\"(max-width: 1000px) 100vw, 1000px\" title=\"\">\t\t\t\t\t<\/div>\n\n\t\t\t\t\t\t<\/div>\n\t\t\t\t<\/div>\n\t\t\t\t\t<\/div>\n\t\t<\/div>\n\t\t\t\t\t<\/div>\n\t\t<\/section>\n\t\t\t\t<section class=\"wd-negative-gap elementor-section elementor-top-section elementor-element elementor-element-17f1b9c4 elementor-section-boxed elementor-section-height-default elementor-section-height-default\" data-id=\"17f1b9c4\" data-element_type=\"section\">\n\t\t\t\t\t\t<div class=\"elementor-container elementor-column-gap-default\">\n\t\t\t\t\t<div class=\"elementor-column elementor-col-100 elementor-top-column elementor-element elementor-element-3260d134\" data-id=\"3260d134\" data-element_type=\"column\">\n\t\t\t<div class=\"elementor-widget-wrap elementor-element-populated\">\n\t\t\t\t\t\t<div class=\"elementor-element elementor-element-a2f23e9 elementor-widget elementor-widget-wd_text_block\" data-id=\"a2f23e9\" data-element_type=\"widget\" data-widget_type=\"wd_text_block.default\">\n\t\t\t\t<div class=\"elementor-widget-container\">\n\t\t\t\t\t\t\t<div class=\"wd-text-block reset-last-child text-left\">\n\t\t\t\n\t\t\t<h2><strong>What you gain by working with Nivel System Point 3<\/strong><\/h2>\n\t\t\t\t\t<\/div>\n\t\t\t\t\t\t<\/div>\n\t\t\t\t<\/div>\n\t\t\t\t\t<\/div>\n\t\t<\/div>\n\t\t\t\t\t<\/div>\n\t\t<\/section>\n\t\t\t\t<section class=\"wd-negative-gap elementor-section elementor-top-section elementor-element elementor-element-412ebb5f elementor-section-boxed elementor-section-height-default elementor-section-height-default\" data-id=\"412ebb5f\" data-element_type=\"section\">\n\t\t\t\t\t\t<div class=\"elementor-container elementor-column-gap-default\">\n\t\t\t\t\t<div class=\"elementor-column elementor-col-20 elementor-top-column elementor-element elementor-element-4fc5235b\" data-id=\"4fc5235b\" data-element_type=\"column\">\n\t\t\t<div class=\"elementor-widget-wrap elementor-element-populated\">\n\t\t\t\t\t\t<div class=\"elementor-element elementor-element-7dad3021 elementor-widget elementor-widget-wd_image_or_svg\" data-id=\"7dad3021\" data-element_type=\"widget\" data-widget_type=\"wd_image_or_svg.default\">\n\t\t\t\t<div class=\"elementor-widget-container\">\n\t\t\t\t\t\n\t\t<div class=\"wd-image text-left\">\n\t\t\t\t\t\t\t\t<img decoding=\"async\" width=\"350\" height=\"350\" src=\"https:\/\/nivelsystem.com\/wp-content\/uploads\/2024\/04\/ikony_kanaly.png\" class=\"attachment-full size-full\" alt=\"\" srcset=\"https:\/\/nivelsystem.com\/wp-content\/uploads\/2024\/04\/ikony_kanaly.png 350w, https:\/\/nivelsystem.com\/wp-content\/uploads\/2024\/04\/ikony_kanaly-300x300.png 300w, https:\/\/nivelsystem.com\/wp-content\/uploads\/2024\/04\/ikony_kanaly-150x150.png 150w\" sizes=\"(max-width: 350px) 100vw, 350px\" title=\"\">\t\t\t\t\t<\/div>\n\n\t\t\t\t\t\t<\/div>\n\t\t\t\t<\/div>\n\t\t\t\t<div class=\"elementor-element elementor-element-1cc1bbd4 elementor-widget elementor-widget-wd_text_block\" data-id=\"1cc1bbd4\" data-element_type=\"widget\" data-widget_type=\"wd_text_block.default\">\n\t\t\t\t<div class=\"elementor-widget-container\">\n\t\t\t\t\t\t\t<div class=\"wd-text-block reset-last-child text-left\">\n\t\t\t\n\t\t\t<p><strong>1408 GNSS channels <\/strong><\/p><p>Processing of current and future satellite signals from the 4 GNSS systems<\/p>\n\t\t\t\t\t<\/div>\n\t\t\t\t\t\t<\/div>\n\t\t\t\t<\/div>\n\t\t\t\t\t<\/div>\n\t\t<\/div>\n\t\t\t\t<div class=\"elementor-column elementor-col-20 elementor-top-column elementor-element elementor-element-17c8d23d\" data-id=\"17c8d23d\" data-element_type=\"column\">\n\t\t\t<div class=\"elementor-widget-wrap elementor-element-populated\">\n\t\t\t\t\t\t<div class=\"elementor-element elementor-element-3097051 elementor-widget elementor-widget-wd_image_or_svg\" data-id=\"3097051\" data-element_type=\"widget\" data-widget_type=\"wd_image_or_svg.default\">\n\t\t\t\t<div class=\"elementor-widget-container\">\n\t\t\t\t\t\n\t\t<div class=\"wd-image text-left\">\n\t\t\t\t\t\t\t\t<img decoding=\"async\" width=\"350\" height=\"350\" src=\"https:\/\/nivelsystem.com\/wp-content\/uploads\/2024\/04\/ikony_net.png\" class=\"attachment-full size-full\" alt=\"\" srcset=\"https:\/\/nivelsystem.com\/wp-content\/uploads\/2024\/04\/ikony_net.png 350w, https:\/\/nivelsystem.com\/wp-content\/uploads\/2024\/04\/ikony_net-300x300.png 300w, https:\/\/nivelsystem.com\/wp-content\/uploads\/2024\/04\/ikony_net-150x150.png 150w\" sizes=\"(max-width: 350px) 100vw, 350px\" title=\"\">\t\t\t\t\t<\/div>\n\n\t\t\t\t\t\t<\/div>\n\t\t\t\t<\/div>\n\t\t\t\t<div class=\"elementor-element elementor-element-5ad0c558 elementor-widget elementor-widget-wd_text_block\" data-id=\"5ad0c558\" data-element_type=\"widget\" data-widget_type=\"wd_text_block.default\">\n\t\t\t\t<div class=\"elementor-widget-container\">\n\t\t\t\t\t\t\t<div class=\"wd-text-block reset-last-child text-left\">\n\t\t\t\n\t\t\t<p><strong>Fix support<br \/><\/strong> <br \/>in areas with poor Internet coverage<\/p>\n\t\t\t\t\t<\/div>\n\t\t\t\t\t\t<\/div>\n\t\t\t\t<\/div>\n\t\t\t\t\t<\/div>\n\t\t<\/div>\n\t\t\t\t<div class=\"elementor-column elementor-col-20 elementor-top-column elementor-element elementor-element-9f83616\" data-id=\"9f83616\" data-element_type=\"column\">\n\t\t\t<div class=\"elementor-widget-wrap elementor-element-populated\">\n\t\t\t\t\t\t<div class=\"elementor-element elementor-element-4bedccfa elementor-widget elementor-widget-wd_image_or_svg\" data-id=\"4bedccfa\" data-element_type=\"widget\" data-widget_type=\"wd_image_or_svg.default\">\n\t\t\t\t<div class=\"elementor-widget-container\">\n\t\t\t\t\t\n\t\t<div class=\"wd-image text-left\">\n\t\t\t\t\t\t\t\t<img loading=\"lazy\" decoding=\"async\" width=\"350\" height=\"350\" src=\"https:\/\/nivelsystem.com\/wp-content\/uploads\/2024\/05\/ikony_strona1.png\" class=\"attachment-full size-full\" alt=\"\" srcset=\"https:\/\/nivelsystem.com\/wp-content\/uploads\/2024\/05\/ikony_strona1.png 350w, https:\/\/nivelsystem.com\/wp-content\/uploads\/2024\/05\/ikony_strona1-300x300.png 300w, https:\/\/nivelsystem.com\/wp-content\/uploads\/2024\/05\/ikony_strona1-150x150.png 150w\" sizes=\"(max-width: 350px) 100vw, 350px\" title=\"\">\t\t\t\t\t<\/div>\n\n\t\t\t\t\t\t<\/div>\n\t\t\t\t<\/div>\n\t\t\t\t<div class=\"elementor-element elementor-element-31b8c69a elementor-widget elementor-widget-wd_text_block\" data-id=\"31b8c69a\" data-element_type=\"widget\" data-widget_type=\"wd_text_block.default\">\n\t\t\t\t<div class=\"elementor-widget-container\">\n\t\t\t\t\t\t\t<div class=\"wd-text-block reset-last-child text-left\">\n\t\t\t\n\t\t\t<p><strong>Live view <\/strong><\/p><p>See all results instantly at the time of measurement<\/p>\n\t\t\t\t\t<\/div>\n\t\t\t\t\t\t<\/div>\n\t\t\t\t<\/div>\n\t\t\t\t\t<\/div>\n\t\t<\/div>\n\t\t\t\t<div class=\"elementor-column elementor-col-20 elementor-top-column elementor-element elementor-element-37499d1c\" data-id=\"37499d1c\" data-element_type=\"column\">\n\t\t\t<div class=\"elementor-widget-wrap elementor-element-populated\">\n\t\t\t\t\t\t<div class=\"elementor-element elementor-element-619c3c52 elementor-widget elementor-widget-wd_image_or_svg\" data-id=\"619c3c52\" data-element_type=\"widget\" data-widget_type=\"wd_image_or_svg.default\">\n\t\t\t\t<div class=\"elementor-widget-container\">\n\t\t\t\t\t\n\t\t<div class=\"wd-image text-left\">\n\t\t\t\t\t\t\t\t<img loading=\"lazy\" decoding=\"async\" width=\"350\" height=\"350\" src=\"https:\/\/nivelsystem.com\/wp-content\/uploads\/2024\/04\/ikony_antena.png\" class=\"attachment-full size-full\" alt=\"\" srcset=\"https:\/\/nivelsystem.com\/wp-content\/uploads\/2024\/04\/ikony_antena.png 350w, https:\/\/nivelsystem.com\/wp-content\/uploads\/2024\/04\/ikony_antena-300x300.png 300w, https:\/\/nivelsystem.com\/wp-content\/uploads\/2024\/04\/ikony_antena-150x150.png 150w\" sizes=\"(max-width: 350px) 100vw, 350px\" title=\"\">\t\t\t\t\t<\/div>\n\n\t\t\t\t\t\t<\/div>\n\t\t\t\t<\/div>\n\t\t\t\t<div class=\"elementor-element elementor-element-6df002d6 elementor-widget elementor-widget-wd_text_block\" data-id=\"6df002d6\" data-element_type=\"widget\" data-widget_type=\"wd_text_block.default\">\n\t\t\t\t<div class=\"elementor-widget-container\">\n\t\t\t\t\t\t\t<div class=\"wd-text-block reset-last-child text-left\">\n\t\t\t\n\t\t\t<p>Standardowo wyposa\u017cony jest w radiomodem UHF o mo\u017cliwo\u015bci pracy nawet do 8 km. Wsp\u00f3\u0142pracuje z innymi markami odbiornik\u00f3w i w trybie baza\/rover.<\/p>\n\t\t\t\t\t<\/div>\n\t\t\t\t\t\t<\/div>\n\t\t\t\t<\/div>\n\t\t\t\t\t<\/div>\n\t\t<\/div>\n\t\t\t\t<div class=\"elementor-column elementor-col-20 elementor-top-column elementor-element elementor-element-2009f281\" data-id=\"2009f281\" data-element_type=\"column\">\n\t\t\t<div class=\"elementor-widget-wrap elementor-element-populated\">\n\t\t\t\t\t\t<div class=\"elementor-element elementor-element-2e87ce27 elementor-widget elementor-widget-wd_image_or_svg\" data-id=\"2e87ce27\" data-element_type=\"widget\" data-widget_type=\"wd_image_or_svg.default\">\n\t\t\t\t<div class=\"elementor-widget-container\">\n\t\t\t\t\t\n\t\t<div class=\"wd-image text-left\">\n\t\t\t\t\t\t\t\t<img loading=\"lazy\" decoding=\"async\" width=\"350\" height=\"350\" src=\"https:\/\/nivelsystem.com\/wp-content\/uploads\/2024\/04\/ikony_bateria.png\" class=\"attachment-full size-full\" alt=\"\" srcset=\"https:\/\/nivelsystem.com\/wp-content\/uploads\/2024\/04\/ikony_bateria.png 350w, https:\/\/nivelsystem.com\/wp-content\/uploads\/2024\/04\/ikony_bateria-300x300.png 300w, https:\/\/nivelsystem.com\/wp-content\/uploads\/2024\/04\/ikony_bateria-150x150.png 150w\" sizes=\"(max-width: 350px) 100vw, 350px\" title=\"\">\t\t\t\t\t<\/div>\n\n\t\t\t\t\t\t<\/div>\n\t\t\t\t<\/div>\n\t\t\t\t<div class=\"elementor-element elementor-element-5ae72851 elementor-widget elementor-widget-wd_text_block\" data-id=\"5ae72851\" data-element_type=\"widget\" data-widget_type=\"wd_text_block.default\">\n\t\t\t\t<div class=\"elementor-widget-container\">\n\t\t\t\t\t\t\t<div class=\"wd-text-block reset-last-child text-left\">\n\t\t\t\n\t\t\t<p><strong>Efficient power supply\u00a0<\/strong><\/p><p>up to 10 hours of operation<\/p>\n\t\t\t\t\t<\/div>\n\t\t\t\t\t\t<\/div>\n\t\t\t\t<\/div>\n\t\t\t\t\t<\/div>\n\t\t<\/div>\n\t\t\t\t\t<\/div>\n\t\t<\/section>\n\t\t\t\t<section class=\"wd-negative-gap elementor-section elementor-top-section elementor-element elementor-element-231a7200 elementor-section-boxed elementor-section-height-default elementor-section-height-default\" data-id=\"231a7200\" data-element_type=\"section\">\n\t\t\t\t\t\t<div class=\"elementor-container elementor-column-gap-default\">\n\t\t\t\t\t<div class=\"elementor-column elementor-col-20 elementor-top-column elementor-element elementor-element-744f07\" data-id=\"744f07\" data-element_type=\"column\">\n\t\t\t<div class=\"elementor-widget-wrap elementor-element-populated\">\n\t\t\t\t\t\t<div class=\"elementor-element elementor-element-4ea4e284 elementor-widget elementor-widget-wd_image_or_svg\" data-id=\"4ea4e284\" data-element_type=\"widget\" data-widget_type=\"wd_image_or_svg.default\">\n\t\t\t\t<div class=\"elementor-widget-container\">\n\t\t\t\t\t\n\t\t<div class=\"wd-image text-left\">\n\t\t\t\t\t\t\t\t<img loading=\"lazy\" decoding=\"async\" width=\"350\" height=\"350\" src=\"https:\/\/nivelsystem.com\/wp-content\/uploads\/2024\/04\/ikony_pamiec.png\" class=\"attachment-full size-full\" alt=\"\" srcset=\"https:\/\/nivelsystem.com\/wp-content\/uploads\/2024\/04\/ikony_pamiec.png 350w, https:\/\/nivelsystem.com\/wp-content\/uploads\/2024\/04\/ikony_pamiec-300x300.png 300w, https:\/\/nivelsystem.com\/wp-content\/uploads\/2024\/04\/ikony_pamiec-150x150.png 150w\" sizes=\"(max-width: 350px) 100vw, 350px\" title=\"\">\t\t\t\t\t<\/div>\n\n\t\t\t\t\t\t<\/div>\n\t\t\t\t<\/div>\n\t\t\t\t<div class=\"elementor-element elementor-element-2b8987bb elementor-widget elementor-widget-wd_text_block\" data-id=\"2b8987bb\" data-element_type=\"widget\" data-widget_type=\"wd_text_block.default\">\n\t\t\t\t<div class=\"elementor-widget-container\">\n\t\t\t\t\t\t\t<div class=\"wd-text-block reset-last-child text-left\">\n\t\t\t\n\t\t\t<p><strong>8 GB internal memory <\/strong><\/p><p>Option to record several days of static observations<\/p>\n\t\t\t\t\t<\/div>\n\t\t\t\t\t\t<\/div>\n\t\t\t\t<\/div>\n\t\t\t\t\t<\/div>\n\t\t<\/div>\n\t\t\t\t<div class=\"elementor-column elementor-col-20 elementor-top-column elementor-element elementor-element-54a71df3\" data-id=\"54a71df3\" data-element_type=\"column\">\n\t\t\t<div class=\"elementor-widget-wrap elementor-element-populated\">\n\t\t\t\t\t\t<div class=\"elementor-element elementor-element-293ab0e8 elementor-widget elementor-widget-wd_image_or_svg\" data-id=\"293ab0e8\" data-element_type=\"widget\" data-widget_type=\"wd_image_or_svg.default\">\n\t\t\t\t<div class=\"elementor-widget-container\">\n\t\t\t\t\t\n\t\t<div class=\"wd-image text-left\">\n\t\t\t\t\t\t\t\t<img loading=\"lazy\" decoding=\"async\" width=\"350\" height=\"350\" src=\"https:\/\/nivelsystem.com\/wp-content\/uploads\/2024\/04\/ikony_dokl.png\" class=\"attachment-full size-full\" alt=\"\" srcset=\"https:\/\/nivelsystem.com\/wp-content\/uploads\/2024\/04\/ikony_dokl.png 350w, https:\/\/nivelsystem.com\/wp-content\/uploads\/2024\/04\/ikony_dokl-300x300.png 300w, https:\/\/nivelsystem.com\/wp-content\/uploads\/2024\/04\/ikony_dokl-150x150.png 150w\" sizes=\"(max-width: 350px) 100vw, 350px\" title=\"\">\t\t\t\t\t<\/div>\n\n\t\t\t\t\t\t<\/div>\n\t\t\t\t<\/div>\n\t\t\t\t<div class=\"elementor-element elementor-element-197e77a8 elementor-widget elementor-widget-wd_text_block\" data-id=\"197e77a8\" data-element_type=\"widget\" data-widget_type=\"wd_text_block.default\">\n\t\t\t\t<div class=\"elementor-widget-container\">\n\t\t\t\t\t\t\t<div class=\"wd-text-block reset-last-child text-left\">\n\t\t\t\n\t\t\t<p><strong>Centimetre accuracy <\/strong><\/p><p>Thanks to the unique automatic monitoring feature, the reproducibility of the measured position is guaranteed at all times<\/p>\n\t\t\t\t\t<\/div>\n\t\t\t\t\t\t<\/div>\n\t\t\t\t<\/div>\n\t\t\t\t\t<\/div>\n\t\t<\/div>\n\t\t\t\t<div class=\"elementor-column elementor-col-20 elementor-top-column elementor-element elementor-element-6fbb3061\" data-id=\"6fbb3061\" data-element_type=\"column\">\n\t\t\t<div class=\"elementor-widget-wrap elementor-element-populated\">\n\t\t\t\t\t\t<div class=\"elementor-element elementor-element-1bdd585e elementor-widget elementor-widget-wd_image_or_svg\" data-id=\"1bdd585e\" data-element_type=\"widget\" data-widget_type=\"wd_image_or_svg.default\">\n\t\t\t\t<div class=\"elementor-widget-container\">\n\t\t\t\t\t\n\t\t<div class=\"wd-image text-left\">\n\t\t\t\t\t\t\t\t<img loading=\"lazy\" decoding=\"async\" width=\"350\" height=\"350\" src=\"https:\/\/nivelsystem.com\/wp-content\/uploads\/2024\/04\/ikony_kabl.png\" class=\"attachment-full size-full\" alt=\"\" srcset=\"https:\/\/nivelsystem.com\/wp-content\/uploads\/2024\/04\/ikony_kabl.png 350w, https:\/\/nivelsystem.com\/wp-content\/uploads\/2024\/04\/ikony_kabl-300x300.png 300w, https:\/\/nivelsystem.com\/wp-content\/uploads\/2024\/04\/ikony_kabl-150x150.png 150w\" sizes=\"(max-width: 350px) 100vw, 350px\" title=\"\">\t\t\t\t\t<\/div>\n\n\t\t\t\t\t\t<\/div>\n\t\t\t\t<\/div>\n\t\t\t\t<div class=\"elementor-element elementor-element-4cb6a24d elementor-widget elementor-widget-wd_text_block\" data-id=\"4cb6a24d\" data-element_type=\"widget\" data-widget_type=\"wd_text_block.default\">\n\t\t\t\t<div class=\"elementor-widget-container\">\n\t\t\t\t\t\t\t<div class=\"wd-text-block reset-last-child text-left\">\n\t\t\t\n\t\t\t<p><strong>Freedom thanks to wireless technology <\/strong><\/p><p>Bluetooth, WiFi and NFC communication modules for convenient pairing and data synchronisation<\/p>\n\t\t\t\t\t<\/div>\n\t\t\t\t\t\t<\/div>\n\t\t\t\t<\/div>\n\t\t\t\t\t<\/div>\n\t\t<\/div>\n\t\t\t\t<div class=\"elementor-column elementor-col-20 elementor-top-column elementor-element elementor-element-5ff17d94\" data-id=\"5ff17d94\" data-element_type=\"column\">\n\t\t\t<div class=\"elementor-widget-wrap elementor-element-populated\">\n\t\t\t\t\t\t<div class=\"elementor-element elementor-element-37445ebd elementor-widget elementor-widget-wd_image_or_svg\" data-id=\"37445ebd\" data-element_type=\"widget\" data-widget_type=\"wd_image_or_svg.default\">\n\t\t\t\t<div class=\"elementor-widget-container\">\n\t\t\t\t\t\n\t\t<div class=\"wd-image text-left\">\n\t\t\t\t\t\t\t\t<img loading=\"lazy\" decoding=\"async\" width=\"350\" height=\"350\" src=\"https:\/\/nivelsystem.com\/wp-content\/uploads\/2024\/04\/ikony_PL.png\" class=\"attachment-full size-full\" alt=\"\" srcset=\"https:\/\/nivelsystem.com\/wp-content\/uploads\/2024\/04\/ikony_PL.png 350w, https:\/\/nivelsystem.com\/wp-content\/uploads\/2024\/04\/ikony_PL-300x300.png 300w, https:\/\/nivelsystem.com\/wp-content\/uploads\/2024\/04\/ikony_PL-150x150.png 150w\" sizes=\"(max-width: 350px) 100vw, 350px\" title=\"\">\t\t\t\t\t<\/div>\n\n\t\t\t\t\t\t<\/div>\n\t\t\t\t<\/div>\n\t\t\t\t<div class=\"elementor-element elementor-element-7efda169 elementor-widget elementor-widget-wd_text_block\" data-id=\"7efda169\" data-element_type=\"widget\" data-widget_type=\"wd_text_block.default\">\n\t\t\t\t<div class=\"elementor-widget-container\">\n\t\t\t\t\t\t\t<div class=\"wd-text-block reset-last-child text-left\">\n\t\t\t\n\t\t\t<p><strong>Fully compatible with NSurv <\/strong><\/p><p>The software is compatible with CAD data<\/p>\n\t\t\t\t\t<\/div>\n\t\t\t\t\t\t<\/div>\n\t\t\t\t<\/div>\n\t\t\t\t\t<\/div>\n\t\t<\/div>\n\t\t\t\t<div class=\"elementor-column elementor-col-20 elementor-top-column elementor-element elementor-element-5c99176c\" data-id=\"5c99176c\" data-element_type=\"column\">\n\t\t\t<div class=\"elementor-widget-wrap elementor-element-populated\">\n\t\t\t\t\t\t<div class=\"elementor-element elementor-element-e676af2 elementor-widget elementor-widget-wd_image_or_svg\" data-id=\"e676af2\" data-element_type=\"widget\" data-widget_type=\"wd_image_or_svg.default\">\n\t\t\t\t<div class=\"elementor-widget-container\">\n\t\t\t\t\t\n\t\t<div class=\"wd-image text-left\">\n\t\t\t\t\t\t\t\t<img loading=\"lazy\" decoding=\"async\" width=\"350\" height=\"350\" src=\"https:\/\/nivelsystem.com\/wp-content\/uploads\/2024\/04\/ikony_tablet.png\" class=\"attachment-full size-full\" alt=\"\" srcset=\"https:\/\/nivelsystem.com\/wp-content\/uploads\/2024\/04\/ikony_tablet.png 350w, https:\/\/nivelsystem.com\/wp-content\/uploads\/2024\/04\/ikony_tablet-300x300.png 300w, https:\/\/nivelsystem.com\/wp-content\/uploads\/2024\/04\/ikony_tablet-150x150.png 150w\" sizes=\"(max-width: 350px) 100vw, 350px\" title=\"\">\t\t\t\t\t<\/div>\n\n\t\t\t\t\t\t<\/div>\n\t\t\t\t<\/div>\n\t\t\t\t<div class=\"elementor-element elementor-element-22e59226 elementor-widget elementor-widget-wd_text_block\" data-id=\"22e59226\" data-element_type=\"widget\" data-widget_type=\"wd_text_block.default\">\n\t\t\t\t<div class=\"elementor-widget-container\">\n\t\t\t\t\t\t\t<div class=\"wd-text-block reset-last-child text-left\">\n\t\t\t\n\t\t\t<p><strong>Android tablet <\/strong><\/p><p>Instant synchronisation of measured data in the cloud or by email enabled by the option to connect to your own mailbox<\/p>\n\t\t\t\t\t<\/div>\n\t\t\t\t\t\t<\/div>\n\t\t\t\t<\/div>\n\t\t\t\t\t<\/div>\n\t\t<\/div>\n\t\t\t\t\t<\/div>\n\t\t<\/section>\n\t\t\t\t<\/div>\n\t\t","protected":false},"excerpt":{"rendered":"<ul>\n<li><strong>1408 GNSS channels<\/strong> &#8211; control of all current and future signals<\/li>\n<li><strong>Fix support<\/strong> &#8211; in areas with poor Internet coverage<\/li>\n<li><strong>Efficient power supply<\/strong>\u00a0 &#8211; up to 10 hours of operation<\/li>\n<li><strong>Easy to use<\/strong> &#8211; intuitive software<\/li>\n<\/ul>\n","protected":false},"featured_media":102335,"template":"","meta":{"_acf_changed":false},"product_brand":[],"product_cat":[623],"product_tag":[],"branze":[],"class_list":{"0":"post-102355","1":"product","2":"type-product","3":"status-publish","4":"has-post-thumbnail","6":"product_cat-gnss-receiver","8":"first","9":"instock","10":"shipping-taxable","11":"product-type-simple"},"acf":[],"_links":{"self":[{"href":"https:\/\/nivelsystem.com\/en\/wp-json\/wp\/v2\/product\/102355","targetHints":{"allow":["GET"]}}],"collection":[{"href":"https:\/\/nivelsystem.com\/en\/wp-json\/wp\/v2\/product"}],"about":[{"href":"https:\/\/nivelsystem.com\/en\/wp-json\/wp\/v2\/types\/product"}],"version-history":[{"count":2,"href":"https:\/\/nivelsystem.com\/en\/wp-json\/wp\/v2\/product\/102355\/revisions"}],"predecessor-version":[{"id":114856,"href":"https:\/\/nivelsystem.com\/en\/wp-json\/wp\/v2\/product\/102355\/revisions\/114856"}],"wp:featuredmedia":[{"embeddable":true,"href":"https:\/\/nivelsystem.com\/en\/wp-json\/wp\/v2\/media\/102335"}],"wp:attachment":[{"href":"https:\/\/nivelsystem.com\/en\/wp-json\/wp\/v2\/media?parent=102355"}],"wp:term":[{"taxonomy":"product_brand","embeddable":true,"href":"https:\/\/nivelsystem.com\/en\/wp-json\/wp\/v2\/product_brand?post=102355"},{"taxonomy":"product_cat","embeddable":true,"href":"https:\/\/nivelsystem.com\/en\/wp-json\/wp\/v2\/product_cat?post=102355"},{"taxonomy":"product_tag","embeddable":true,"href":"https:\/\/nivelsystem.com\/en\/wp-json\/wp\/v2\/product_tag?post=102355"},{"taxonomy":"branze","embeddable":true,"href":"https:\/\/nivelsystem.com\/en\/wp-json\/wp\/v2\/branze?post=102355"}],"curies":[{"name":"wp","href":"https:\/\/api.w.org\/{rel}","templated":true}]}}