{"id":98070,"date":"2024-10-23T08:06:24","date_gmt":"2024-10-23T08:06:24","guid":{"rendered":"https:\/\/nivelsystem.com\/?post_type=product&#038;p=98070"},"modified":"2025-09-02T13:14:01","modified_gmt":"2025-09-02T13:14:01","slug":"linearer-rohrlaser-pl200r","status":"publish","type":"product","link":"https:\/\/nivelsystem.com\/de\/produkt\/linearer-rohrlaser-pl200r\/","title":{"rendered":"Linearer Rohrlaser PL200R"},"content":{"rendered":"<h2><strong>Linearer Rohrlaser PL200R mit rotem Strahl<br \/>\n<\/strong><\/h2>\n<p>Nivel System PL200R mit dem roten Laserstrahl ist ein Pr\u00e4zisionsmessger\u00e4t zur Bestimmung von Richtung und Gef\u00e4lle. F\u00fcr eine Vielzahl von Bauanwendungen, einschlie\u00dflich Rohrleitungsarbeiten, ist es einfach unerl\u00e4sslich.\u00a0 Dank seiner hohen Messgenauigkeit (\u00b12,4 mm\/50 m) werden Messfehler und kostspielige Korrekturen ausgeschlossen und die Effizienz und Leistung verbessert.<\/p>\n<h2><strong>Messgenauigkeit von Rohrlasern: h\u00f6here Effizienz der Arbeit und geringere Arbeitskosten<\/strong><\/h2>\n<p>Als Hersteller des Rohrlasers Nivel System PL200R haben wir auf h\u00f6chste Messgenauigkeit geachtet, sodass das Ger\u00e4t f\u00fcr die anspruchsvollen Bedingungen beim Bau von Wasser- und Abwassernetzen geeignet ist.<\/p>\n<p>&#8211; Der Rohrlaser funktioniert bis zu einer Reichweite von 200 m und ist daher bei der Verlegung von Rohren und der Nivellierung von Abwasserkan\u00e4len \u00fcber gr\u00f6\u00dfere Entfernungen unersetzlich.<\/p>\n<p>&#8211; Die Messgenauigkeit betr\u00e4gt \u00b12.4 mm\/50 m.<\/p>\n<p>&#8211; Der Parameter Encoder erm\u00f6glicht einen Neigungsbereich von -10 % bis +30 %.<\/p>\n<p>&#8211; Ein elektronischer Kompensator unterst\u00fctzt den Betrieb unter ung\u00fcnstigen\u00a0 Bedingungen.<\/p>\n<p>Die Einstellung der Genauigkeit verbessert die Arbeitsleistung. Ferner lassen sich so Messfehler vermeiden, die kostspielige Korrekturen nach sich ziehen.<\/p>\n<h2><strong>Einfache Handhabung<\/strong><\/h2>\n<p>Wir haben die Bedienung des Rohrlasers Nivel System PL200R auf ein Minimum vereinfacht. Das Ger\u00e4t hat ein benutzerfreundliches MEN\u00dc und die gew\u00fcnschten Parameter werden mittels Tasten eingestellt. Die Daten werden \u00fcbersichtlich dargestellt. Die Einstellung der Richtung kann manuell oder per Fernbedienung erfolgen, was die Zahl der Arbeitspausen verringert. Die Fernbedienung geh\u00f6rt zum Lieferumfang.<\/p>\n<p>Die Funktion Auto-Targeting beschleunigt die Abl\u00e4ufe (z. B. bei der Wiederaufnahme der Arbeit in einer bestehenden Pipeline richtet sich der Laser automatisch auf das Ziel aus). Dank des Neigungsanzeigesystems des Rohrlasers werden Fehler beim Nivellieren von Abwasserleitungen vermieden. Leistungsstarke Li-Ionen-Akkus erm\u00f6glichen einen Dauerbetrieb von bis zu 55 Stunden.<\/p>\n<h2><strong>Die Vielseitigkeit des Nivel System Linienlasers: ein Mehrzweckger\u00e4t f\u00fcr spezielle Aufgaben<\/strong><\/h2>\n<p>Der Rohrlaser von Nivel System ist ein unverzichtbares Ger\u00e4t f\u00fcr alle Anwendungen, bei denen es auf eine pr\u00e4zise Bestimmung der Neigung ankommt. Es wird f\u00fcr alle Arbeiten im Wasser- und Abwasserbau empfohlen, beispielsweise f\u00fcr die Nivellierung von Abfl\u00fcssen oder die Verlegung von Rohren. Au\u00dferdem ist es ein unerl\u00e4ssliches Ger\u00e4t f\u00fcr Ingenieur- und Bauarbeiten: beim Verlegen von Gleisen und Bordsteinen.<\/p>\n<p>Als Spezialisten f\u00fcr Messger\u00e4te haben wir dieses Produkt bis ins kleinste Detail perfektioniert. Die Herstellung in Schweden garantiert hochwertige Komponenten, genaue Messungen und eine lange Lebensdauer der Ger\u00e4te. Die Wahl unseres Rohrlasers bedeutet auch, dass Sie vollen Zugang zur Serviceabteilung von Nivel System erhalten, die daf\u00fcr sorgt, dass die Ger\u00e4te jahrelang pr\u00e4zise funktionieren. Die unproblematische Verf\u00fcgbarkeit von Ersatzteilen ist ein Vorteil und best\u00e4tigt die Langlebigkeit des Rohrlasers.<\/p>\n<h2><strong>Anwendungen:<\/strong><\/h2>\n<p><strong>&#8211; lineare Arbeiten<\/strong> &#8211; z. B. pr\u00e4zise Rohrverlegung<\/p>\n<p><strong>&#8211; Kanalisationsarbeiten<\/strong><\/p>\n<p><strong>&#8211; Bauarbeiten<\/strong><\/p>\n","protected":false},"excerpt":{"rendered":"<ul>\n<li><strong>Vielseitig und modern<\/strong> &#8211; f\u00fcr Leitungsarbeiten<\/li>\n<li><strong>Auto-Targeting<\/strong> &#8211; schnelle Zielausrichtung<\/li>\n<li><strong>Hohe Messgenauigkei<\/strong>t von \u00b12.4 mm\/50 m (10\u2033)<\/li>\n<li><strong>Ausgezeichnetes Preis-\/Leistungsverh\u00e4ltnis,<\/strong> roter Laserstrahl<\/li>\n<li><strong>Sicherer Einsatz \u00fcber Jahre,<\/strong> robustes und bew\u00e4hrtes Design (IPX7)<\/li>\n<\/ul>\n","protected":false},"featured_media":107951,"template":"","meta":{"_acf_changed":false},"product_brand":[],"product_cat":[627],"product_tag":[],"branze":[],"class_list":{"0":"post-98070","1":"product","2":"type-product","3":"status-publish","4":"has-post-thumbnail","6":"product_cat-lineare-nivellierer","8":"first","9":"instock","10":"featured","11":"shipping-taxable","12":"product-type-simple"},"acf":[],"_links":{"self":[{"href":"https:\/\/nivelsystem.com\/de\/wp-json\/wp\/v2\/product\/98070","targetHints":{"allow":["GET"]}}],"collection":[{"href":"https:\/\/nivelsystem.com\/de\/wp-json\/wp\/v2\/product"}],"about":[{"href":"https:\/\/nivelsystem.com\/de\/wp-json\/wp\/v2\/types\/product"}],"version-history":[{"count":5,"href":"https:\/\/nivelsystem.com\/de\/wp-json\/wp\/v2\/product\/98070\/revisions"}],"predecessor-version":[{"id":116651,"href":"https:\/\/nivelsystem.com\/de\/wp-json\/wp\/v2\/product\/98070\/revisions\/116651"}],"wp:featuredmedia":[{"embeddable":true,"href":"https:\/\/nivelsystem.com\/de\/wp-json\/wp\/v2\/media\/107951"}],"wp:attachment":[{"href":"https:\/\/nivelsystem.com\/de\/wp-json\/wp\/v2\/media?parent=98070"}],"wp:term":[{"taxonomy":"product_brand","embeddable":true,"href":"https:\/\/nivelsystem.com\/de\/wp-json\/wp\/v2\/product_brand?post=98070"},{"taxonomy":"product_cat","embeddable":true,"href":"https:\/\/nivelsystem.com\/de\/wp-json\/wp\/v2\/product_cat?post=98070"},{"taxonomy":"product_tag","embeddable":true,"href":"https:\/\/nivelsystem.com\/de\/wp-json\/wp\/v2\/product_tag?post=98070"},{"taxonomy":"branze","embeddable":true,"href":"https:\/\/nivelsystem.com\/de\/wp-json\/wp\/v2\/branze?post=98070"}],"curies":[{"name":"wp","href":"https:\/\/api.w.org\/{rel}","templated":true}]}}