{"id":45365,"date":"2020-05-31T16:00:10","date_gmt":"2020-05-31T16:00:10","guid":{"rendered":"https:\/\/nivelsystem.com\/?post_type=product&#038;p=45365"},"modified":"2025-03-06T14:18:33","modified_gmt":"2025-03-06T14:18:33","slug":"cl4d-r","status":"publish","type":"product","link":"https:\/\/nivelsystem.com\/de\/produkt\/cl4d-r\/","title":{"rendered":"Baulaser CL4D-R"},"content":{"rendered":"<div class=\"elementor-element elementor-element-87eacf6 elementor-widget elementor-widget-heading\" data-id=\"87eacf6\" data-element_type=\"widget\" data-widget_type=\"heading.default\">\n<div class=\"elementor-widget-container\">\n<h2 class=\"elementor-heading-title elementor-size-default\">Nivel System CL4D-R: 4 rot Laserebenen, 2 x vertikal, 2 x horizontal<\/h2>\n<\/div>\n<\/div>\n<div class=\"elementor-element elementor-element-a87d091 elementor-widget elementor-widget-text-editor\" data-id=\"a87d091\" data-element_type=\"widget\" data-widget_type=\"text-editor.default\">\n<div class=\"elementor-widget-container\">\n<p>Der Nivel System\u00a0<strong>CL4D-R<\/strong> ist ein moderner 4D-Kreuzlinien-Multilaser. Der Multilaser projiziert 4 perfekt nivellierte Bezugslinien in der Ebene (2 vertikale und 2 horizontale), jede im 360\u00b0 Bogen. Mit dem Ger\u00e4t l\u00e4sst sich eine horizontale Laserlinie ab einer H\u00f6he von 17 mm projizieren. F\u00fcr die Praxis bedeutet das, dass mit dem Ger\u00e4t beispielsweise ein Anbringen von Sockeln und das Verlegen von Bodenfliesen m\u00f6glich sind. Mit herk\u00f6mmlichen Kreuzlinienlasern ist das nicht m\u00f6glich. Der Laser erm\u00f6glicht ein besonders genaues Arbeiten (\u00b1 1 mm \/ 10 m) und wird auf dem Bau und in der Industrie f\u00fcr alle m\u00f6glichen Konstruktions- und Endbearbeitungsarbeiten eingesetzt. Das hei\u00dft \u00fcberall dort, wo h\u00f6chste Genauigkeit gefordert ist. Der elektronische Kompensator sorgt f\u00fcr eine schnelle Nivellierung. Beseitigt das Schwanken des Strahls bei Gel\u00e4ndevibrationen und d\u00e4mpft im Vergleich zu einem klassischen Magnetkompensator wirksamer Schwingungen. Der Kompensator l\u00e4sst sich verriegeln und durch Neigen des Ger\u00e4tes sind schr\u00e4ge Linien m\u00f6glich. Das 1\/4 \u201cGewinde erm\u00f6glicht die sichere und stabile Montage des Instruments auf einem Stativ, Adapter oder einer Wandhalterung. Die verst\u00e4rkten Gummielemente des Geh\u00e4uses sch\u00fctzen das Ger\u00e4t vor Besch\u00e4digungen durch St\u00f6\u00dfe und Schl\u00e4ge.<\/p>\n<ul>\n<li><strong>Genauigkeit und Zuverl\u00e4ssigkeit<\/strong>\u00a0\u2013 Der deutlich sichtbare, gr\u00fcne Laserstrahl garantiert einen komfortablen Einsatz unter allen Bedingungen. Das Ger\u00e4t <img fetchpriority=\"high\" decoding=\"async\" class=\"size-medium wp-image-45374 alignright\" src=\"https:\/\/nivelsystem.com\/wp-content\/uploads\/2023\/01\/CL4D-R-1-300x300.jpg\" alt=\"\" width=\"300\" height=\"300\" title=\"\" srcset=\"https:\/\/nivelsystem.com\/wp-content\/uploads\/2023\/01\/CL4D-R-1-300x300.jpg 300w, https:\/\/nivelsystem.com\/wp-content\/uploads\/2023\/01\/CL4D-R-1-150x150.jpg 150w, https:\/\/nivelsystem.com\/wp-content\/uploads\/2023\/01\/CL4D-R-1-768x768.jpg 768w, https:\/\/nivelsystem.com\/wp-content\/uploads\/2023\/01\/CL4D-R-1-400x400.jpg 400w, https:\/\/nivelsystem.com\/wp-content\/uploads\/2023\/01\/CL4D-R-1-600x600.jpg 600w, https:\/\/nivelsystem.com\/wp-content\/uploads\/2023\/01\/CL4D-R-1.jpg 900w\" sizes=\"(max-width: 300px) 100vw, 300px\" \/>erm\u00f6glicht ein Arbeiten mit einer Genauigkeit von \u00b1 1 mm\/10 m<\/li>\n<li><strong>noch gr\u00f6\u00dfere Reichweite<\/strong>\u00a0\u2013 Dank der Pulsfunktion kann mit einem Lasersensor auch \u00fcber gro\u00dfe Entfernungen au\u00dferhalb von Geb\u00e4uden gearbeitet werden<\/li>\n<li><strong>pr\u00e4zise Projektion des Laserstrahls\u00a0<\/strong>\u2013 Der helle, gr\u00fcne Laserstrahl und die hochwertige Optik erzeugen besonders gut sichtbare Linien<\/li>\n<li><strong>Vielseitigkeit und Multitaskingf\u00e4higkeit<\/strong>\u00a0\u2013 Vier Laserebenen (360\u00b0) f\u00fcr eine umfassende Kontrolle von Bauarbeiten in 4D<\/li>\n<li><strong>schnelles und effizientes Nivellieren<\/strong>\u00a0\u2013 Die innovative elektronische Vibrationskompensation gew\u00e4hrleistet eine schnelle Betriebsvorbereitung auf den Einsatz. Der Laser projiziert, auch auf einer instabilen Basis, einen konstanten Strahl und nach der Verriegelung kann mit schr\u00e4gen Strahlen gearbeitet werden<\/li>\n<li><strong>intuitive Bedienung<\/strong>\u00a0\u2013 einfach und schnell zu bedienendes Bedienfeld<\/li>\n<li><strong>Laseradapter<\/strong>\u00a0\u2013 f\u00fcr eine sichere Befestigung auch unter schwierigen Bedingungen auf der Baustelle, zus\u00e4tzlich auf eine bestimmte H\u00f6he einstellbar<\/li>\n<li><strong>wirtschaftliche Stromversorgung<\/strong>\u00a0\u2013 Li-Ion-Akkus im Lieferumfang enthalten<\/li>\n<li><strong>gegen mechanische Besch\u00e4digungen unempfindliche, langlebige Ausr\u00fcstung<\/strong>\u00a0\u2013 Die Gummielemente des Geh\u00e4uses sch\u00fctzen den Laser vor Besch\u00e4digungen durch Schl\u00e4ge und St\u00f6\u00dfe, staub- und wasserdicht (IP54)<\/li>\n<\/ul>\n<\/div>\n<\/div>\n<div class=\"elementor-element elementor-element-bd3a840 elementor-widget elementor-widget-heading\" data-id=\"bd3a840\" data-element_type=\"widget\" data-widget_type=\"heading.default\">\n<div class=\"elementor-widget-container\">\n<h3 class=\"elementor-heading-title elementor-size-default\">Einsatzbereiche:<\/h3>\n<\/div>\n<\/div>\n<div class=\"elementor-element elementor-element-54b235a elementor-widget elementor-widget-text-editor\" data-id=\"54b235a\" data-element_type=\"widget\" data-widget_type=\"text-editor.default\">\n<div class=\"elementor-widget-container\">\n<ul>\n<li><span lang=\"de-DE\"><b>Ausbauarbeiten\u00a0<\/b><\/span><span lang=\"de-DE\">\u2013 vertikale und horizontale Fl\u00e4chen, Schr\u00e4gen<\/span><\/li>\n<li><span lang=\"de-DE\"><b>Verlegen von Fliesen und Terrakotta<\/b><\/span><\/li>\n<li><span lang=\"de-DE\"><b>Gipskartonarbeiten<\/b><\/span><\/li>\n<li><span lang=\"de-DE\"><b>Tragende Konstruktionen\u00a0<\/b><\/span><span lang=\"de-DE\">\u2013 Holz, Stahl, Beton<\/span><\/li>\n<li><span lang=\"de-DE\"><b>Mauererarbeiten<\/b><\/span><span lang=\"de-DE\">\u00a0\u2013 Innen- und Au\u00dfenbereich (Fundamente, Wa\u00e4nde, Treppen, Estrich, Schalung)<\/span><\/li>\n<li><span lang=\"de-DE\"><b>Installationsarbeiten\u00a0<\/b><\/span><span lang=\"de-DE\">\u2013 Kabeltrassen festlegen, Verlegen von Punkten<\/span><\/li>\n<li><span lang=\"de-DE\"><b>Schreinerarbeiten\u00a0<\/b><\/span><span lang=\"de-DE\">\u2013 M\u00f6bel, Holzelemente<\/span><\/li>\n<li><span lang=\"de-DE\"><b>Gel\u00e4ndenivellierung<\/b><\/span><\/li>\n<\/ul>\n<\/div>\n<\/div>\n","protected":false},"excerpt":{"rendered":"<div class=\"elementor-element elementor-element-c25813a elementor-widget elementor-widget-text-editor\" data-id=\"c25813a\" data-element_type=\"widget\" data-widget_type=\"text-editor.default\">\n<div class=\"elementor-widget-container\">\n<ul>\n<li><strong>Vielseitig und technisch auf dem neuesten Stand,<\/strong>\u00a04 Laserebenen (2 x V, 2 x H)<\/li>\n<li><strong>Hochgenaue Messungen<\/strong>\u00a0von 1,0mm\/10m<\/li>\n<li><strong>Benutzerfreundlich<\/strong>\u00a0\u2013 elektronischer Kompensator, gr\u00fcner Laserstrahl, Erzeugung geneigter Ebenen, auch mit Sensor<\/li>\n<li><strong>Sichere Verwendung f\u00fcr viele Jahre<\/strong>, grundsolide, bew\u00e4hrte Konstruktion (IP54)<\/li>\n<li><strong>Bluetooth<\/strong><\/li>\n<\/ul>\n[html_block id=\"30167\"]\n<\/div>\n<\/div>\n","protected":false},"featured_media":45507,"template":"","meta":{"_acf_changed":false},"product_brand":[],"product_cat":[284],"product_tag":[],"branze":[],"class_list":{"0":"post-45365","1":"product","2":"type-product","3":"status-publish","4":"has-post-thumbnail","6":"product_cat-kreuz-linienlaser","8":"first","9":"instock","10":"shipping-taxable","11":"product-type-simple"},"acf":[],"_links":{"self":[{"href":"https:\/\/nivelsystem.com\/de\/wp-json\/wp\/v2\/product\/45365","targetHints":{"allow":["GET"]}}],"collection":[{"href":"https:\/\/nivelsystem.com\/de\/wp-json\/wp\/v2\/product"}],"about":[{"href":"https:\/\/nivelsystem.com\/de\/wp-json\/wp\/v2\/types\/product"}],"version-history":[{"count":1,"href":"https:\/\/nivelsystem.com\/de\/wp-json\/wp\/v2\/product\/45365\/revisions"}],"predecessor-version":[{"id":114106,"href":"https:\/\/nivelsystem.com\/de\/wp-json\/wp\/v2\/product\/45365\/revisions\/114106"}],"wp:featuredmedia":[{"embeddable":true,"href":"https:\/\/nivelsystem.com\/de\/wp-json\/wp\/v2\/media\/45507"}],"wp:attachment":[{"href":"https:\/\/nivelsystem.com\/de\/wp-json\/wp\/v2\/media?parent=45365"}],"wp:term":[{"taxonomy":"product_brand","embeddable":true,"href":"https:\/\/nivelsystem.com\/de\/wp-json\/wp\/v2\/product_brand?post=45365"},{"taxonomy":"product_cat","embeddable":true,"href":"https:\/\/nivelsystem.com\/de\/wp-json\/wp\/v2\/product_cat?post=45365"},{"taxonomy":"product_tag","embeddable":true,"href":"https:\/\/nivelsystem.com\/de\/wp-json\/wp\/v2\/product_tag?post=45365"},{"taxonomy":"branze","embeddable":true,"href":"https:\/\/nivelsystem.com\/de\/wp-json\/wp\/v2\/branze?post=45365"}],"curies":[{"name":"wp","href":"https:\/\/api.w.org\/{rel}","templated":true}]}}