{"id":30704,"date":"1950-06-03T15:53:06","date_gmt":"1950-06-03T15:53:06","guid":{"rendered":"https:\/\/nivelsystem.com\/produkt\/rd800-digital\/"},"modified":"2024-07-03T10:29:11","modified_gmt":"2024-07-03T10:29:11","slug":"rd800-digital","status":"publish","type":"product","link":"https:\/\/nivelsystem.com\/de\/produkt\/rd800-digital\/","title":{"rendered":"Lasersensor RD800 Digital"},"content":{"rendered":"<h2>Lasersensor RD800 Digital<\/h2>\n<ul>\n<li><strong>Vielseitigkeit <\/strong>\u2013 m\u00f6glicher Einsatz mit Kreuzlinien- und Rotationslasern mit roten, gr\u00fcnen, blauen und violetten Strahl<\/li>\n<li><strong>gro\u00dfer Empfangsbereich f\u00fcr die Lasererkennung <\/strong>\u00fcber 60 mm langes Empfangsfenster<\/li>\n<li><strong>hohe Arbeitsgenauigkeit<\/strong>, je nach Bedarf angepasst (1mm, 2mm, 5mm)<\/li>\n<li><strong>noch bessere Kontrolle der Arbeit<\/strong> \u2013 Die konkreten H\u00f6hendifferenzen werden vom Sensor in Millimeter [mm] umgerechnet und angezeigt<\/li>\n<li><strong>M\u00f6gliche \u00c4nderung der Arbeitseinheit<\/strong> (mm, cm, cal)<\/li>\n<li><strong>alles im Blick<\/strong> \u2013 gro\u00dfes, gut lesbares, LCD-Display (Zweitdisplay auf der R\u00fcckseite des Sensors), zus\u00e4tzliches LED-Display zum Ablesen aus der Ferne (z. B. beim Ablesen aus der Maschinenkabine)<\/li>\n<li><strong>Tonsignale<\/strong> f\u00fcr die H\u00f6henunterschiede (unterschiedliche Lautst\u00e4rken)<\/li>\n<li><strong>automatische Abschaltung<\/strong> nach 30 min. bei fehlender Reaktion<\/li>\n<li><strong>solide Befestigung<\/strong> an der Laserlatte mittels Halterung (im Lieferumfang des Sensors enthalten)<\/li>\n<li><strong>hohe Best\u00e4ndigkeit<\/strong> gegen Wasser und Staub, bet\u00e4tigt durch Schutzklasse IP67<\/li>\n<\/ul>\n","protected":false},"excerpt":{"rendered":"<ul>\n<li><strong>universell einsetzbar <\/strong>f\u00fcr Rotations- und Kreuzlinienlaser mit rotem, gr\u00fcnem und blauem Strahl<\/li>\n<\/ul>\n[html_block id=\"30167\"]\n","protected":false},"featured_media":95206,"template":"","meta":{"_acf_changed":false},"product_brand":[],"product_cat":[289],"product_tag":[],"branze":[],"class_list":{"0":"post-30704","1":"product","2":"type-product","3":"status-publish","4":"has-post-thumbnail","6":"product_cat-laserempfanger-und-laserwandhalterung","8":"first","9":"instock","10":"shipping-taxable","11":"product-type-simple"},"acf":[],"_links":{"self":[{"href":"https:\/\/nivelsystem.com\/de\/wp-json\/wp\/v2\/product\/30704","targetHints":{"allow":["GET"]}}],"collection":[{"href":"https:\/\/nivelsystem.com\/de\/wp-json\/wp\/v2\/product"}],"about":[{"href":"https:\/\/nivelsystem.com\/de\/wp-json\/wp\/v2\/types\/product"}],"version-history":[{"count":0,"href":"https:\/\/nivelsystem.com\/de\/wp-json\/wp\/v2\/product\/30704\/revisions"}],"wp:featuredmedia":[{"embeddable":true,"href":"https:\/\/nivelsystem.com\/de\/wp-json\/wp\/v2\/media\/95206"}],"wp:attachment":[{"href":"https:\/\/nivelsystem.com\/de\/wp-json\/wp\/v2\/media?parent=30704"}],"wp:term":[{"taxonomy":"product_brand","embeddable":true,"href":"https:\/\/nivelsystem.com\/de\/wp-json\/wp\/v2\/product_brand?post=30704"},{"taxonomy":"product_cat","embeddable":true,"href":"https:\/\/nivelsystem.com\/de\/wp-json\/wp\/v2\/product_cat?post=30704"},{"taxonomy":"product_tag","embeddable":true,"href":"https:\/\/nivelsystem.com\/de\/wp-json\/wp\/v2\/product_tag?post=30704"},{"taxonomy":"branze","embeddable":true,"href":"https:\/\/nivelsystem.com\/de\/wp-json\/wp\/v2\/branze?post=30704"}],"curies":[{"name":"wp","href":"https:\/\/api.w.org\/{rel}","templated":true}]}}