{"id":30698,"date":"1950-06-05T15:29:28","date_gmt":"1950-06-05T15:29:28","guid":{"rendered":"https:\/\/nivelsystem.com\/produkt\/rd500g-digital\/"},"modified":"2025-09-18T09:57:48","modified_gmt":"2025-09-18T09:57:48","slug":"laser-sensor-rd500g-digital","status":"publish","type":"product","link":"https:\/\/nivelsystem.com\/de\/produkt\/laser-sensor-rd500g-digital\/","title":{"rendered":"Lasersensor RD500G Digital"},"content":{"rendered":"<ul>\n<li><strong>auf die Bed\u00fcrfnisse zugeschnitten <\/strong>\u2013 zum Einsatz mit den Rotationslasern NL720R\/740R mit gr\u00fcner Laserstrahl<\/li>\n<li><strong>gro\u00dfer Empfangsbereich f\u00fcr die Lasererkennung <\/strong>\u00fcber 125 mm langes Empfangsfenster<\/li>\n<li><strong>hohe Arbeitsgenauigkeit<\/strong>, je nach Bedarf angepasst (1 mm, 5 mm, 10 mm)<\/li>\n<li><strong>Funktion f\u00fcr automatische Anpassung <\/strong>\u2013 Funkkommunikation (2,4GHz) mit Rotationslaser (Einpassung in ein Gef\u00e4lle und Richtungsbestimmung auf bis zu 50m Entfernung)<\/li>\n<li><strong>noch bessere Kontrolle der Arbeit<\/strong> \u2013 Die konkreten H\u00f6hendifferenzen werden vom Sensor in Millimeter [mm] umgerechnet und angezeigt<\/li>\n<li><strong>M\u00f6gliche \u00c4nderung der Arbeitseinheit<\/strong> (mm, cm, cal)<\/li>\n<li><strong>alles im Blick<\/strong> \u2013 gro\u00dfes, gut lesbares, hinterleuchtetes LCD-Display (Zweitdisplay auf der R\u00fcckseite des Sensors), zus\u00e4tzliches LED-Display zum Ablesen aus der Ferne (z. B. beim Ablesen aus der Maschinenkabine)<\/li>\n<li><strong>Tonsignale<\/strong> f\u00fcr die H\u00f6henunterschiede (unterschiedliche Lautst\u00e4rken)<\/li>\n<li><strong>solide Befestigung<\/strong> an der Laserlatte mittels Halterung (im Lieferumfang des Sensors enthalten)<\/li>\n<li><strong>hohe Best\u00e4ndigkeit<\/strong> gegen Wasser und Staub<\/li>\n<\/ul>\n","protected":false},"excerpt":{"rendered":"<ul>\n<li><strong>solide Konstruktion<\/strong><\/li>\n<li><strong>digitale Anzeige von H\u00f6henunterschieden<\/strong><\/li>\n<li><strong>automatische Ausrichtung <\/strong>\u2013 Funkkommunikation<\/li>\n<\/ul>\n[html_block id=\"30167\"]\n","protected":false},"featured_media":116690,"template":"","meta":{"_acf_changed":false},"product_brand":[],"product_cat":[289],"product_tag":[],"branze":[],"class_list":{"0":"post-30698","1":"product","2":"type-product","3":"status-publish","4":"has-post-thumbnail","6":"product_cat-laserempfanger-und-laserwandhalterung","8":"first","9":"instock","10":"shipping-taxable","11":"product-type-simple"},"acf":[],"_links":{"self":[{"href":"https:\/\/nivelsystem.com\/de\/wp-json\/wp\/v2\/product\/30698","targetHints":{"allow":["GET"]}}],"collection":[{"href":"https:\/\/nivelsystem.com\/de\/wp-json\/wp\/v2\/product"}],"about":[{"href":"https:\/\/nivelsystem.com\/de\/wp-json\/wp\/v2\/types\/product"}],"version-history":[{"count":4,"href":"https:\/\/nivelsystem.com\/de\/wp-json\/wp\/v2\/product\/30698\/revisions"}],"predecessor-version":[{"id":116750,"href":"https:\/\/nivelsystem.com\/de\/wp-json\/wp\/v2\/product\/30698\/revisions\/116750"}],"wp:featuredmedia":[{"embeddable":true,"href":"https:\/\/nivelsystem.com\/de\/wp-json\/wp\/v2\/media\/116690"}],"wp:attachment":[{"href":"https:\/\/nivelsystem.com\/de\/wp-json\/wp\/v2\/media?parent=30698"}],"wp:term":[{"taxonomy":"product_brand","embeddable":true,"href":"https:\/\/nivelsystem.com\/de\/wp-json\/wp\/v2\/product_brand?post=30698"},{"taxonomy":"product_cat","embeddable":true,"href":"https:\/\/nivelsystem.com\/de\/wp-json\/wp\/v2\/product_cat?post=30698"},{"taxonomy":"product_tag","embeddable":true,"href":"https:\/\/nivelsystem.com\/de\/wp-json\/wp\/v2\/product_tag?post=30698"},{"taxonomy":"branze","embeddable":true,"href":"https:\/\/nivelsystem.com\/de\/wp-json\/wp\/v2\/branze?post=30698"}],"curies":[{"name":"wp","href":"https:\/\/api.w.org\/{rel}","templated":true}]}}